{"id":82,"date":"2013-09-23T20:59:08","date_gmt":"2013-09-23T17:59:08","guid":{"rendered":"https:\/\/nuts.fi\/?page_id=82"},"modified":"2025-09-01T12:34:25","modified_gmt":"2025-09-01T09:34:25","slug":"tietoa","status":"publish","type":"page","link":"https:\/\/nuts.fi\/fi\/tietoa\/","title":{"rendered":"Tietoa"},"content":{"rendered":"\n<h1 class=\"wp-block-heading has-text-align-center\">NUTS &#8211; Northern Ultra Trail Service<\/h1>\n\n\n\n<div class=\"wp-block-group\"><div class=\"wp-block-group__inner-container is-layout-constrained wp-block-group-is-layout-constrained\">\n<div class=\"wp-block-columns are-vertically-aligned-top is-layout-flex wp-container-core-columns-is-layout-9d6595d7 wp-block-columns-is-layout-flex\">\n<div class=\"wp-block-column is-vertically-aligned-top is-layout-flow wp-block-column-is-layout-flow\">\n<h2 class=\"wp-block-heading has-text-align-center\">TUOTAMME SUOMEN SUURIMPIA POLKUJUOKSUTAPAHTUMIA<\/h2>\n\n\n\n<p class=\"has-text-align-center has-small-font-size\">NUTS on suomalainen polkujuoksutapahtumien tuottaja, joka tarjoaa osallistujille unohtumattomia el\u00e4myksi\u00e4 kansallispuistoissa sek\u00e4 pohjoisen luonnon keskell\u00e4. Jokainen tapahtuma on huolella suunniteltu sek\u00e4 tarjoamaan haasteita ett\u00e4 nauttimaan luonnon kauneudesta. NUTS keskittyy erityisesti laadukkaaseen tapahtumien tuotantoon sek\u00e4 kansainv\u00e4listen polkujuoksijoiden houkutteluun ja rakentaa el\u00e4myksi\u00e4, jotka vetoavat laajempaan yleis\u00f6\u00f6n sek\u00e4 Suomesta ett\u00e4 ulkomailta.<\/p>\n\n\n\n<h2 class=\"wp-block-heading has-text-align-center\">HYPP\u00c4\u00c4 S\u00c4KIN MUKAAN NUTS POLKUJUOKSUIHIN &lt;3<\/h2>\n\n\n<style>.wp-block-kadence-advancedbtn.kb-btns82_f58c13-35{gap:var(--global-kb-gap-xs, 0.5rem );justify-content:center;align-items:center;}.kt-btns82_f58c13-35 .kt-button{font-weight:normal;font-style:normal;}.kt-btns82_f58c13-35 .kt-btn-wrap-0{margin-right:5px;}.wp-block-kadence-advancedbtn.kt-btns82_f58c13-35 .kt-btn-wrap-0 .kt-button{color:var(--global-palette9, #ffffff);background:var(--global-palette1, #3182CE);border-color:var(--global-palette1, #3182CE);box-shadow:1px 1px 2px 0px rgba(255, 255, 255, 0.2);}.wp-block-kadence-advancedbtn.kt-btns82_f58c13-35 .kt-btn-wrap-0 .kt-button:hover, .wp-block-kadence-advancedbtn.kt-btns82_f58c13-35 .kt-btn-wrap-0 .kt-button:focus{color:#ffffff;border-color:#444444;}.wp-block-kadence-advancedbtn.kt-btns82_f58c13-35 .kt-btn-wrap-0 .kt-button::before{display:none;}.wp-block-kadence-advancedbtn.kt-btns82_f58c13-35 .kt-btn-wrap-0 .kt-button:hover, .wp-block-kadence-advancedbtn.kt-btns82_f58c13-35 .kt-btn-wrap-0 .kt-button:focus{background:#20590c;}<\/style>\n<div class=\"wp-block-kadence-advancedbtn kb-buttons-wrap kb-btns82_f58c13-35\"><style>ul.menu .wp-block-kadence-advancedbtn .kb-btn82_3139e7-48.kb-button{width:initial;}<\/style><a class=\"kb-button kt-button button kb-btn82_3139e7-48 kt-btn-size-standard kt-btn-width-type-auto kb-btn-global-fill  kt-btn-has-text-true kt-btn-has-svg-false  wp-block-kadence-singlebtn\" href=\"https:\/\/nutskarhunkierros.fi\/fi\/\"><span class=\"kt-btn-inner-text\">NUTS KARHUNKIERROS<\/span><\/a><\/div>\n\n\n<style>.wp-block-kadence-advancedbtn.kb-btns82_846cb6-08{gap:var(--global-kb-gap-xs, 0.5rem );justify-content:center;align-items:center;}.kt-btns82_846cb6-08 .kt-button{font-weight:normal;font-style:normal;}.kt-btns82_846cb6-08 .kt-btn-wrap-0{margin-right:5px;}.wp-block-kadence-advancedbtn.kt-btns82_846cb6-08 .kt-btn-wrap-0 .kt-button{color:var(--global-palette9, #ffffff);background:var(--global-palette1, #3182CE);border-color:var(--global-palette1, #3182CE);box-shadow:1px 1px 2px 0px rgba(255, 255, 255, 0.2);}.wp-block-kadence-advancedbtn.kt-btns82_846cb6-08 .kt-btn-wrap-0 .kt-button:hover, .wp-block-kadence-advancedbtn.kt-btns82_846cb6-08 .kt-btn-wrap-0 .kt-button:focus{color:#ffffff;border-color:#444444;}.wp-block-kadence-advancedbtn.kt-btns82_846cb6-08 .kt-btn-wrap-0 .kt-button::before{display:none;}.wp-block-kadence-advancedbtn.kt-btns82_846cb6-08 .kt-btn-wrap-0 .kt-button:hover, .wp-block-kadence-advancedbtn.kt-btns82_846cb6-08 .kt-btn-wrap-0 .kt-button:focus{background:#20590c;}<\/style>\n<div class=\"wp-block-kadence-advancedbtn kb-buttons-wrap kb-btns82_846cb6-08\"><style>ul.menu .wp-block-kadence-advancedbtn .kb-btn82_0ae728-6e.kb-button{width:initial;}<\/style><a class=\"kb-button kt-button button kb-btn82_0ae728-6e kt-btn-size-standard kt-btn-width-type-auto kb-btn-global-fill  kt-btn-has-text-true kt-btn-has-svg-false  wp-block-kadence-singlebtn\" href=\"https:\/\/nutsyllaspallas.com\/fi\/\"><span class=\"kt-btn-inner-text\">NUTS YLL\u00c4S PALLAS<\/span><\/a><\/div>\n\n\n<style>.wp-block-kadence-advancedbtn.kb-btns82_292b48-ba{gap:var(--global-kb-gap-xs, 0.5rem );justify-content:center;align-items:center;}.kt-btns82_292b48-ba .kt-button{font-weight:normal;font-style:normal;}.kt-btns82_292b48-ba .kt-btn-wrap-0{margin-right:5px;}.wp-block-kadence-advancedbtn.kt-btns82_292b48-ba .kt-btn-wrap-0 .kt-button{color:var(--global-palette9, #ffffff);background:var(--global-palette1, #3182CE);border-color:var(--global-palette1, #3182CE);box-shadow:1px 1px 2px 0px rgba(255, 255, 255, 0.2);}.wp-block-kadence-advancedbtn.kt-btns82_292b48-ba .kt-btn-wrap-0 .kt-button:hover, .wp-block-kadence-advancedbtn.kt-btns82_292b48-ba .kt-btn-wrap-0 .kt-button:focus{color:#ffffff;border-color:#444444;}.wp-block-kadence-advancedbtn.kt-btns82_292b48-ba .kt-btn-wrap-0 .kt-button::before{display:none;}.wp-block-kadence-advancedbtn.kt-btns82_292b48-ba .kt-btn-wrap-0 .kt-button:hover, .wp-block-kadence-advancedbtn.kt-btns82_292b48-ba .kt-btn-wrap-0 .kt-button:focus{background:#20590c;}<\/style>\n<div class=\"wp-block-kadence-advancedbtn kb-buttons-wrap kb-btns82_292b48-ba\"><style>ul.menu .wp-block-kadence-advancedbtn .kb-btn82_39ade2-c4.kb-button{width:initial;}<\/style><a class=\"kb-button kt-button button kb-btn82_39ade2-c4 kt-btn-size-standard kt-btn-width-type-auto kb-btn-global-fill  kt-btn-has-text-true kt-btn-has-svg-false  wp-block-kadence-singlebtn\" href=\"https:\/\/nutssyote.fi\/fi\/\"><span class=\"kt-btn-inner-text\">NUTS SY\u00d6TE<\/span><\/a><\/div>\n\n\n<style>.wp-block-kadence-advancedbtn.kb-btns82_6840dc-ed{gap:var(--global-kb-gap-xs, 0.5rem );justify-content:center;align-items:center;}.kt-btns82_6840dc-ed .kt-button{font-weight:normal;font-style:normal;}.kt-btns82_6840dc-ed .kt-btn-wrap-0{margin-right:5px;}.wp-block-kadence-advancedbtn.kt-btns82_6840dc-ed .kt-btn-wrap-0 .kt-button{color:var(--global-palette9, #ffffff);background:var(--global-palette1, #3182CE);border-color:var(--global-palette1, #3182CE);box-shadow:1px 1px 2px 0px rgba(255, 255, 255, 0.2);}.wp-block-kadence-advancedbtn.kt-btns82_6840dc-ed .kt-btn-wrap-0 .kt-button:hover, .wp-block-kadence-advancedbtn.kt-btns82_6840dc-ed .kt-btn-wrap-0 .kt-button:focus{color:#ffffff;border-color:#444444;}.wp-block-kadence-advancedbtn.kt-btns82_6840dc-ed .kt-btn-wrap-0 .kt-button::before{display:none;}.wp-block-kadence-advancedbtn.kt-btns82_6840dc-ed .kt-btn-wrap-0 .kt-button:hover, .wp-block-kadence-advancedbtn.kt-btns82_6840dc-ed .kt-btn-wrap-0 .kt-button:focus{background:#20590c;}<\/style>\n<div class=\"wp-block-kadence-advancedbtn kb-buttons-wrap kb-btns82_6840dc-ed\"><style>ul.menu .wp-block-kadence-advancedbtn .kb-btn82_953ae5-3e.kb-button{width:initial;}<\/style><a class=\"kb-button kt-button button kb-btn82_953ae5-3e kt-btn-size-standard kt-btn-width-type-auto kb-btn-global-fill  kt-btn-has-text-true kt-btn-has-svg-false  wp-block-kadence-singlebtn\" href=\"https:\/\/nutspyha.fi\/fi\/\"><span class=\"kt-btn-inner-text\">NUTS PYH\u00c4<\/span><\/a><\/div>\n\n\n<style>.wp-block-kadence-advancedbtn.kb-btns82_269636-85{gap:var(--global-kb-gap-xs, 0.5rem );justify-content:center;align-items:center;}.kt-btns82_269636-85 .kt-button{font-weight:normal;font-style:normal;}.kt-btns82_269636-85 .kt-btn-wrap-0{margin-right:5px;}.wp-block-kadence-advancedbtn.kt-btns82_269636-85 .kt-btn-wrap-0 .kt-button{color:var(--global-palette9, #ffffff);background:var(--global-palette1, #3182CE);border-color:var(--global-palette1, #3182CE);box-shadow:1px 1px 2px 0px rgba(255, 255, 255, 0.2);}.wp-block-kadence-advancedbtn.kt-btns82_269636-85 .kt-btn-wrap-0 .kt-button:hover, .wp-block-kadence-advancedbtn.kt-btns82_269636-85 .kt-btn-wrap-0 .kt-button:focus{color:#ffffff;border-color:#444444;}.wp-block-kadence-advancedbtn.kt-btns82_269636-85 .kt-btn-wrap-0 .kt-button::before{display:none;}.wp-block-kadence-advancedbtn.kt-btns82_269636-85 .kt-btn-wrap-0 .kt-button:hover, .wp-block-kadence-advancedbtn.kt-btns82_269636-85 .kt-btn-wrap-0 .kt-button:focus{background:#20590c;}<\/style>\n<div class=\"wp-block-kadence-advancedbtn kb-buttons-wrap kb-btns82_269636-85\"><style>ul.menu .wp-block-kadence-advancedbtn .kb-btn82_cd7c54-4e.kb-button{width:initial;}<\/style><a class=\"kb-button kt-button button kb-btn82_cd7c54-4e kt-btn-size-standard kt-btn-width-type-auto kb-btn-global-fill  kt-btn-has-text-true kt-btn-has-svg-false  wp-block-kadence-singlebtn\" href=\"https:\/\/nutshel.fi\/fi\/\"><span class=\"kt-btn-inner-text\">NUTS HEL<\/span><\/a><\/div>\n<\/div>\n\n\n\n<div class=\"wp-block-column is-vertically-aligned-top is-layout-flow wp-block-column-is-layout-flow\">\n<figure class=\"wp-block-image size-large is-resized\"><a href=\"https:\/\/nuts.fi\/wp-content\/uploads\/2025\/09\/Kopio-Kopio-Yllas-Finisherkyltit-numerolaput-esimerkki-varit-5-e1756718811843.jpg\"><img loading=\"lazy\" decoding=\"async\" width=\"801\" height=\"1024\" src=\"https:\/\/nuts.fi\/wp-content\/uploads\/2025\/09\/Kopio-Kopio-Yllas-Finisherkyltit-numerolaput-esimerkki-varit-5-e1756718811843-801x1024.jpg\" alt=\"\" class=\"wp-image-6419\" style=\"width:518px;height:auto\" srcset=\"https:\/\/nuts.fi\/wp-content\/uploads\/2025\/09\/Kopio-Kopio-Yllas-Finisherkyltit-numerolaput-esimerkki-varit-5-e1756718811843-801x1024.jpg 801w, https:\/\/nuts.fi\/wp-content\/uploads\/2025\/09\/Kopio-Kopio-Yllas-Finisherkyltit-numerolaput-esimerkki-varit-5-e1756718811843-235x300.jpg 235w, https:\/\/nuts.fi\/wp-content\/uploads\/2025\/09\/Kopio-Kopio-Yllas-Finisherkyltit-numerolaput-esimerkki-varit-5-e1756718811843-768x982.jpg 768w, https:\/\/nuts.fi\/wp-content\/uploads\/2025\/09\/Kopio-Kopio-Yllas-Finisherkyltit-numerolaput-esimerkki-varit-5-e1756718811843.jpg 1103w\" sizes=\"auto, (max-width: 801px) 100vw, 801px\" \/><\/a><figcaption class=\"wp-element-caption\">NUTS nallet NUTS Sy\u00f6te KIDS &amp; JUNIOR juoksutapahtumassa vauhdittamassa starttia! Kuva: Rami Valonen<\/figcaption><\/figure>\n<\/div>\n<\/div>\n<\/div><\/div>\n","protected":false},"excerpt":{"rendered":"<p>NUTS &#8211; Northern Ultra Trail Service TUOTAMME SUOMEN SUURIMPIA POLKUJUOKSUTAPAHTUMIA NUTS on suomalainen polkujuoksutapahtumien tuottaja, joka tarjoaa osallistujille unohtumattomia el\u00e4myksi\u00e4 kansallispuistoissa sek\u00e4 pohjoisen luonnon keskell\u00e4. Jokainen tapahtuma on huolella suunniteltu sek\u00e4 tarjoamaan haasteita ett\u00e4 nauttimaan luonnon kauneudesta. NUTS keskittyy erityisesti laadukkaaseen tapahtumien tuotantoon sek\u00e4 kansainv\u00e4listen polkujuoksijoiden houkutteluun ja rakentaa el\u00e4myksi\u00e4, jotka vetoavat laajempaan yleis\u00f6\u00f6n sek\u00e4&#8230;<\/p>\n","protected":false},"author":1,"featured_media":0,"parent":0,"menu_order":0,"comment_status":"closed","ping_status":"closed","template":"","meta":{"_kad_blocks_custom_css":"","_kad_blocks_head_custom_js":"","_kad_blocks_body_custom_js":"","_kad_blocks_footer_custom_js":"","_kad_post_transparent":"","_kad_post_title":"","_kad_post_layout":"","_kad_post_sidebar_id":"","_kad_post_content_style":"","_kad_post_vertical_padding":"","_kad_post_feature":"","_kad_post_feature_position":"","_kad_post_header":false,"_kad_post_footer":false,"_kad_post_classname":"","footnotes":""},"class_list":["post-82","page","type-page","status-publish","hentry"],"yoast_head":"<!-- This site is optimized with the Yoast SEO plugin v27.3 - https:\/\/yoast.com\/product\/yoast-seo-wordpress\/ -->\n<title>Tietoa - NUTS polkujuoksut<\/title>\n<meta name=\"robots\" content=\"index, follow, max-snippet:-1, max-image-preview:large, max-video-preview:-1\" \/>\n<link rel=\"canonical\" href=\"https:\/\/nuts.fi\/fi\/tietoa\/\" \/>\n<meta property=\"og:locale\" content=\"fi_FI\" \/>\n<meta property=\"og:type\" content=\"article\" \/>\n<meta property=\"og:title\" content=\"Tietoa - NUTS polkujuoksut\" \/>\n<meta property=\"og:description\" content=\"NUTS &#8211; Northern Ultra Trail Service TUOTAMME SUOMEN SUURIMPIA POLKUJUOKSUTAPAHTUMIA NUTS on suomalainen polkujuoksutapahtumien tuottaja, joka tarjoaa osallistujille unohtumattomia el\u00e4myksi\u00e4 kansallispuistoissa sek\u00e4 pohjoisen luonnon keskell\u00e4. Jokainen tapahtuma on huolella suunniteltu sek\u00e4 tarjoamaan haasteita ett\u00e4 nauttimaan luonnon kauneudesta. NUTS keskittyy erityisesti laadukkaaseen tapahtumien tuotantoon sek\u00e4 kansainv\u00e4listen polkujuoksijoiden houkutteluun ja rakentaa el\u00e4myksi\u00e4, jotka vetoavat laajempaan yleis\u00f6\u00f6n sek\u00e4...\" \/>\n<meta property=\"og:url\" content=\"https:\/\/nuts.fi\/fi\/tietoa\/\" \/>\n<meta property=\"og:site_name\" content=\"NUTS polkujuoksut\" \/>\n<meta property=\"article:publisher\" content=\"https:\/\/www.facebook.com\/nutstrailrunning\" \/>\n<meta property=\"article:modified_time\" content=\"2025-09-01T09:34:25+00:00\" \/>\n<meta property=\"og:image\" content=\"https:\/\/nuts.fi\/wp-content\/uploads\/2025\/09\/Kopio-Kopio-Yllas-Finisherkyltit-numerolaput-esimerkki-varit-5-e1756718811843.jpg\" \/>\n\t<meta property=\"og:image:width\" content=\"1103\" \/>\n\t<meta property=\"og:image:height\" content=\"1410\" \/>\n\t<meta property=\"og:image:type\" content=\"image\/jpeg\" \/>\n<meta name=\"twitter:card\" content=\"summary_large_image\" \/>\n<meta name=\"twitter:site\" content=\"@nutsfi\" \/>\n<meta name=\"twitter:label1\" content=\"Arvioitu lukuaika\" \/>\n\t<meta name=\"twitter:data1\" content=\"1 minuutti\" \/>\n<script type=\"application\/ld+json\" class=\"yoast-schema-graph\">{\"@context\":\"https:\\\/\\\/schema.org\",\"@graph\":[{\"@type\":\"WebPage\",\"@id\":\"https:\\\/\\\/nuts.fi\\\/fi\\\/tietoa\\\/\",\"url\":\"https:\\\/\\\/nuts.fi\\\/fi\\\/tietoa\\\/\",\"name\":\"Tietoa - NUTS polkujuoksut\",\"isPartOf\":{\"@id\":\"https:\\\/\\\/nuts.fi\\\/fi\\\/#website\"},\"primaryImageOfPage\":{\"@id\":\"https:\\\/\\\/nuts.fi\\\/fi\\\/tietoa\\\/#primaryimage\"},\"image\":{\"@id\":\"https:\\\/\\\/nuts.fi\\\/fi\\\/tietoa\\\/#primaryimage\"},\"thumbnailUrl\":\"https:\\\/\\\/nuts.fi\\\/wp-content\\\/uploads\\\/2025\\\/09\\\/Kopio-Kopio-Yllas-Finisherkyltit-numerolaput-esimerkki-varit-5-e1756718811843-801x1024.jpg\",\"datePublished\":\"2013-09-23T17:59:08+00:00\",\"dateModified\":\"2025-09-01T09:34:25+00:00\",\"breadcrumb\":{\"@id\":\"https:\\\/\\\/nuts.fi\\\/fi\\\/tietoa\\\/#breadcrumb\"},\"inLanguage\":\"fi\",\"potentialAction\":[{\"@type\":\"ReadAction\",\"target\":[\"https:\\\/\\\/nuts.fi\\\/fi\\\/tietoa\\\/\"]}]},{\"@type\":\"ImageObject\",\"inLanguage\":\"fi\",\"@id\":\"https:\\\/\\\/nuts.fi\\\/fi\\\/tietoa\\\/#primaryimage\",\"url\":\"https:\\\/\\\/nuts.fi\\\/wp-content\\\/uploads\\\/2025\\\/09\\\/Kopio-Kopio-Yllas-Finisherkyltit-numerolaput-esimerkki-varit-5-e1756718811843-801x1024.jpg\",\"contentUrl\":\"https:\\\/\\\/nuts.fi\\\/wp-content\\\/uploads\\\/2025\\\/09\\\/Kopio-Kopio-Yllas-Finisherkyltit-numerolaput-esimerkki-varit-5-e1756718811843-801x1024.jpg\"},{\"@type\":\"BreadcrumbList\",\"@id\":\"https:\\\/\\\/nuts.fi\\\/fi\\\/tietoa\\\/#breadcrumb\",\"itemListElement\":[{\"@type\":\"ListItem\",\"position\":1,\"name\":\"Etusivu\",\"item\":\"https:\\\/\\\/nuts.fi\\\/fi\\\/\"},{\"@type\":\"ListItem\",\"position\":2,\"name\":\"Tietoa\"}]},{\"@type\":\"WebSite\",\"@id\":\"https:\\\/\\\/nuts.fi\\\/fi\\\/#website\",\"url\":\"https:\\\/\\\/nuts.fi\\\/fi\\\/\",\"name\":\"NUTS \u2013 Ihan parasta poluilla!\",\"description\":\"Ihan parasta poluilla!\",\"publisher\":{\"@id\":\"https:\\\/\\\/nuts.fi\\\/fi\\\/#organization\"},\"potentialAction\":[{\"@type\":\"SearchAction\",\"target\":{\"@type\":\"EntryPoint\",\"urlTemplate\":\"https:\\\/\\\/nuts.fi\\\/fi\\\/?s={search_term_string}\"},\"query-input\":{\"@type\":\"PropertyValueSpecification\",\"valueRequired\":true,\"valueName\":\"search_term_string\"}}],\"inLanguage\":\"fi\"},{\"@type\":\"Organization\",\"@id\":\"https:\\\/\\\/nuts.fi\\\/fi\\\/#organization\",\"name\":\"Northern Ultra Trail Service - NUTS oy\",\"url\":\"https:\\\/\\\/nuts.fi\\\/fi\\\/\",\"logo\":{\"@type\":\"ImageObject\",\"inLanguage\":\"fi\",\"@id\":\"https:\\\/\\\/nuts.fi\\\/fi\\\/#\\\/schema\\\/logo\\\/image\\\/\",\"url\":\"https:\\\/\\\/nuts.fi\\\/wp-content\\\/uploads\\\/2025\\\/02\\\/nuts-logo-white.svg\",\"contentUrl\":\"https:\\\/\\\/nuts.fi\\\/wp-content\\\/uploads\\\/2025\\\/02\\\/nuts-logo-white.svg\",\"caption\":\"Northern Ultra Trail Service - NUTS oy\"},\"image\":{\"@id\":\"https:\\\/\\\/nuts.fi\\\/fi\\\/#\\\/schema\\\/logo\\\/image\\\/\"},\"sameAs\":[\"https:\\\/\\\/www.facebook.com\\\/nutstrailrunning\",\"https:\\\/\\\/x.com\\\/nutsfi\",\"https:\\\/\\\/www.instagram.com\\\/nutsfi\\\/\"]}]}<\/script>\n<!-- \/ Yoast SEO plugin. -->","yoast_head_json":{"title":"Tietoa - NUTS polkujuoksut","robots":{"index":"index","follow":"follow","max-snippet":"max-snippet:-1","max-image-preview":"max-image-preview:large","max-video-preview":"max-video-preview:-1"},"canonical":"https:\/\/nuts.fi\/fi\/tietoa\/","og_locale":"fi_FI","og_type":"article","og_title":"Tietoa - NUTS polkujuoksut","og_description":"NUTS &#8211; Northern Ultra Trail Service TUOTAMME SUOMEN SUURIMPIA POLKUJUOKSUTAPAHTUMIA NUTS on suomalainen polkujuoksutapahtumien tuottaja, joka tarjoaa osallistujille unohtumattomia el\u00e4myksi\u00e4 kansallispuistoissa sek\u00e4 pohjoisen luonnon keskell\u00e4. Jokainen tapahtuma on huolella suunniteltu sek\u00e4 tarjoamaan haasteita ett\u00e4 nauttimaan luonnon kauneudesta. NUTS keskittyy erityisesti laadukkaaseen tapahtumien tuotantoon sek\u00e4 kansainv\u00e4listen polkujuoksijoiden houkutteluun ja rakentaa el\u00e4myksi\u00e4, jotka vetoavat laajempaan yleis\u00f6\u00f6n sek\u00e4...","og_url":"https:\/\/nuts.fi\/fi\/tietoa\/","og_site_name":"NUTS polkujuoksut","article_publisher":"https:\/\/www.facebook.com\/nutstrailrunning","article_modified_time":"2025-09-01T09:34:25+00:00","og_image":[{"width":1103,"height":1410,"url":"https:\/\/nuts.fi\/wp-content\/uploads\/2025\/09\/Kopio-Kopio-Yllas-Finisherkyltit-numerolaput-esimerkki-varit-5-e1756718811843.jpg","type":"image\/jpeg"}],"twitter_card":"summary_large_image","twitter_site":"@nutsfi","twitter_misc":{"Arvioitu lukuaika":"1 minuutti"},"schema":{"@context":"https:\/\/schema.org","@graph":[{"@type":"WebPage","@id":"https:\/\/nuts.fi\/fi\/tietoa\/","url":"https:\/\/nuts.fi\/fi\/tietoa\/","name":"Tietoa - NUTS polkujuoksut","isPartOf":{"@id":"https:\/\/nuts.fi\/fi\/#website"},"primaryImageOfPage":{"@id":"https:\/\/nuts.fi\/fi\/tietoa\/#primaryimage"},"image":{"@id":"https:\/\/nuts.fi\/fi\/tietoa\/#primaryimage"},"thumbnailUrl":"https:\/\/nuts.fi\/wp-content\/uploads\/2025\/09\/Kopio-Kopio-Yllas-Finisherkyltit-numerolaput-esimerkki-varit-5-e1756718811843-801x1024.jpg","datePublished":"2013-09-23T17:59:08+00:00","dateModified":"2025-09-01T09:34:25+00:00","breadcrumb":{"@id":"https:\/\/nuts.fi\/fi\/tietoa\/#breadcrumb"},"inLanguage":"fi","potentialAction":[{"@type":"ReadAction","target":["https:\/\/nuts.fi\/fi\/tietoa\/"]}]},{"@type":"ImageObject","inLanguage":"fi","@id":"https:\/\/nuts.fi\/fi\/tietoa\/#primaryimage","url":"https:\/\/nuts.fi\/wp-content\/uploads\/2025\/09\/Kopio-Kopio-Yllas-Finisherkyltit-numerolaput-esimerkki-varit-5-e1756718811843-801x1024.jpg","contentUrl":"https:\/\/nuts.fi\/wp-content\/uploads\/2025\/09\/Kopio-Kopio-Yllas-Finisherkyltit-numerolaput-esimerkki-varit-5-e1756718811843-801x1024.jpg"},{"@type":"BreadcrumbList","@id":"https:\/\/nuts.fi\/fi\/tietoa\/#breadcrumb","itemListElement":[{"@type":"ListItem","position":1,"name":"Etusivu","item":"https:\/\/nuts.fi\/fi\/"},{"@type":"ListItem","position":2,"name":"Tietoa"}]},{"@type":"WebSite","@id":"https:\/\/nuts.fi\/fi\/#website","url":"https:\/\/nuts.fi\/fi\/","name":"NUTS \u2013 Ihan parasta poluilla!","description":"Ihan parasta poluilla!","publisher":{"@id":"https:\/\/nuts.fi\/fi\/#organization"},"potentialAction":[{"@type":"SearchAction","target":{"@type":"EntryPoint","urlTemplate":"https:\/\/nuts.fi\/fi\/?s={search_term_string}"},"query-input":{"@type":"PropertyValueSpecification","valueRequired":true,"valueName":"search_term_string"}}],"inLanguage":"fi"},{"@type":"Organization","@id":"https:\/\/nuts.fi\/fi\/#organization","name":"Northern Ultra Trail Service - NUTS oy","url":"https:\/\/nuts.fi\/fi\/","logo":{"@type":"ImageObject","inLanguage":"fi","@id":"https:\/\/nuts.fi\/fi\/#\/schema\/logo\/image\/","url":"https:\/\/nuts.fi\/wp-content\/uploads\/2025\/02\/nuts-logo-white.svg","contentUrl":"https:\/\/nuts.fi\/wp-content\/uploads\/2025\/02\/nuts-logo-white.svg","caption":"Northern Ultra Trail Service - NUTS oy"},"image":{"@id":"https:\/\/nuts.fi\/fi\/#\/schema\/logo\/image\/"},"sameAs":["https:\/\/www.facebook.com\/nutstrailrunning","https:\/\/x.com\/nutsfi","https:\/\/www.instagram.com\/nutsfi\/"]}]}},"taxonomy_info":[],"featured_image_src_large":false,"author_info":{"display_name":"nuts","author_link":"https:\/\/nuts.fi\/fi\/author\/nuts\/"},"comment_info":0,"_links":{"self":[{"href":"https:\/\/nuts.fi\/fi\/wp-json\/wp\/v2\/pages\/82","targetHints":{"allow":["GET"]}}],"collection":[{"href":"https:\/\/nuts.fi\/fi\/wp-json\/wp\/v2\/pages"}],"about":[{"href":"https:\/\/nuts.fi\/fi\/wp-json\/wp\/v2\/types\/page"}],"author":[{"embeddable":true,"href":"https:\/\/nuts.fi\/fi\/wp-json\/wp\/v2\/users\/1"}],"replies":[{"embeddable":true,"href":"https:\/\/nuts.fi\/fi\/wp-json\/wp\/v2\/comments?post=82"}],"version-history":[{"count":20,"href":"https:\/\/nuts.fi\/fi\/wp-json\/wp\/v2\/pages\/82\/revisions"}],"predecessor-version":[{"id":6426,"href":"https:\/\/nuts.fi\/fi\/wp-json\/wp\/v2\/pages\/82\/revisions\/6426"}],"wp:attachment":[{"href":"https:\/\/nuts.fi\/fi\/wp-json\/wp\/v2\/media?parent=82"}],"curies":[{"name":"wp","href":"https:\/\/api.w.org\/{rel}","templated":true}]}}