{"id":5303,"date":"2025-01-03T15:36:40","date_gmt":"2025-01-03T13:36:40","guid":{"rendered":"https:\/\/nuts.fi\/?page_id=5303"},"modified":"2025-01-14T12:19:37","modified_gmt":"2025-01-14T10:19:37","slug":"nuts-hel","status":"publish","type":"page","link":"https:\/\/nuts.fi\/fi\/tapahtumat\/nuts-hel\/","title":{"rendered":"NUTS HEL"},"content":{"rendered":"\n<figure class=\"wp-block-embed is-type-video is-provider-youtube wp-block-embed-youtube wp-embed-aspect-16-9 wp-has-aspect-ratio\"><div class=\"wp-block-embed__wrapper\">\n<iframe loading=\"lazy\" title=\"NUTS HEL 2024 Tapahtumavideo\" width=\"720\" height=\"405\" src=\"https:\/\/www.youtube.com\/embed\/r87lFRM19LQ?feature=oembed\" frameborder=\"0\" allow=\"accelerometer; autoplay; clipboard-write; encrypted-media; gyroscope; picture-in-picture; web-share\" referrerpolicy=\"strict-origin-when-cross-origin\" allowfullscreen><\/iframe>\n<\/div><\/figure>\n\n\n\n<h2 class=\"wp-block-heading\">NUTS HEL \u2013 Polkujuoksua p\u00e4\u00e4kaupungin sykkeess\u00e4!<\/h2>\n\n\n\n<p>\ud83d\udcc6 Seuraavan kerran: 11.10.2025<br>\ud83d\udccd Tapahtumakeskus: El\u00e4intarhan urheilukentt\u00e4, Helsinki <a href=\"https:\/\/maps.app.goo.gl\/9zyyNP2KygiPH3UG6\">Google Maps \u203a<\/a><br>\ud83d\udcdd Ilmoittautuminen avautuu: Kev\u00e4ttalvesta 2025<\/p>\n\n\n\n<p>Koe ainutlaatuinen yhdistelm\u00e4 urbaania sykett\u00e4 ja luonnon rauhaa Helsingiss\u00e4. NUTS HEL vie sinut p\u00e4\u00e4kaupungin vihreille poluille, miss\u00e4 moderni kaupunkimaisema kohtaa vehre\u00e4t mets\u00e4polut. Valitse matkasi 6 km sprintist\u00e4 aina haastavaan 24 km lenkkiin ja koe polkujuoksun ilo yhteis\u00f6llisess\u00e4 NUTS-hengess\u00e4.<\/p>\n\n\n<style>.wp-block-kadence-advancedbtn.kb-btns5303_970cc9-16{gap:var(--global-kb-gap-xs, 0.5rem );justify-content:center;align-items:center;}.kt-btns5303_970cc9-16 .kt-button{font-weight:normal;font-style:normal;}.kt-btns5303_970cc9-16 .kt-btn-wrap-0{margin-right:5px;}.wp-block-kadence-advancedbtn.kt-btns5303_970cc9-16 .kt-btn-wrap-0 .kt-button{color:var(--global-palette9, #ffffff);background:var(--global-palette1, #3182CE);border-color:var(--global-palette1, #3182CE);box-shadow:1px 1px 2px 0px rgba(255, 255, 255, 0.2);}.wp-block-kadence-advancedbtn.kt-btns5303_970cc9-16 .kt-btn-wrap-0 .kt-button:hover, .wp-block-kadence-advancedbtn.kt-btns5303_970cc9-16 .kt-btn-wrap-0 .kt-button:focus{color:#ffffff;border-color:#444444;}.wp-block-kadence-advancedbtn.kt-btns5303_970cc9-16 .kt-btn-wrap-0 .kt-button::before{display:none;}.wp-block-kadence-advancedbtn.kt-btns5303_970cc9-16 .kt-btn-wrap-0 .kt-button:hover, .wp-block-kadence-advancedbtn.kt-btns5303_970cc9-16 .kt-btn-wrap-0 .kt-button:focus{background:#20590c;}<\/style>\n<div class=\"wp-block-kadence-advancedbtn kb-buttons-wrap kb-btns5303_970cc9-16\"><style>ul.menu .wp-block-kadence-advancedbtn .kb-btn5303_bfb15a-09.kb-button{width:initial;}<\/style><a class=\"kb-button kt-button button kb-btn5303_bfb15a-09 kt-btn-size-standard kt-btn-width-type-auto kb-btn-global-fill  kt-btn-has-text-true kt-btn-has-svg-false  wp-block-kadence-singlebtn\" href=\"https:\/\/nutshel.fi\/fi\/\"><span class=\"kt-btn-inner-text\">Lue lis\u00e4\u00e4 nutshel.fi \u203a<\/span><\/a><\/div>\n\n\n\n<div class=\"wp-block-group\"><div class=\"wp-block-group__inner-container is-layout-constrained wp-block-group-is-layout-constrained\">\n<h2 class=\"wp-block-heading\">Tapahtumiamme<\/h2>\n\n\n<ul class=\"wp-block-page-list\"><li class=\"wp-block-pages-list__item\"><a class=\"wp-block-pages-list__item__link\" href=\"https:\/\/nuts.fi\/fi\/tapahtumat\/nuts-karhunkierros\/\">NUTS Karhunkierros<\/a><\/li><li class=\"wp-block-pages-list__item\"><a class=\"wp-block-pages-list__item__link\" href=\"https:\/\/nuts.fi\/fi\/tapahtumat\/nuts-syote\/\">NUTS Sy\u00f6te<\/a><\/li><li class=\"wp-block-pages-list__item\"><a class=\"wp-block-pages-list__item__link\" href=\"https:\/\/nuts.fi\/fi\/tapahtumat\/nuts-yllas-pallas\/\">NUTS Yll\u00e4s Pallas<\/a><\/li><li class=\"wp-block-pages-list__item\"><a class=\"wp-block-pages-list__item__link\" href=\"https:\/\/nuts.fi\/fi\/tapahtumat\/nuts-pyha\/\">NUTS Pyh\u00e4<\/a><\/li><li class=\"wp-block-pages-list__item\"><a class=\"wp-block-pages-list__item__link\" href=\"https:\/\/nuts.fi\/fi\/tapahtumat\/nuts-hel\/\">NUTS HEL<\/a><\/li><li class=\"wp-block-pages-list__item\"><a class=\"wp-block-pages-list__item__link\" href=\"https:\/\/nuts.fi\/fi\/tapahtumat\/nuts-kids-juniors\/\">NUTS Kids &amp; Juniors<\/a><\/li><li class=\"wp-block-pages-list__item\"><a class=\"wp-block-pages-list__item__link\" href=\"https:\/\/nuts.fi\/fi\/tapahtumat\/nuts-koykkyri\/\">NUTS K\u00f6ykkyri<\/a><\/li><\/ul><\/div><\/div>\n","protected":false},"excerpt":{"rendered":"<p>NUTS HEL \u2013 Polkujuoksua p\u00e4\u00e4kaupungin sykkeess\u00e4! \ud83d\udcc6 Seuraavan kerran: 11.10.2025\ud83d\udccd Tapahtumakeskus: El\u00e4intarhan urheilukentt\u00e4, Helsinki Google Maps \u203a\ud83d\udcdd Ilmoittautuminen avautuu: Kev\u00e4ttalvesta 2025 Koe ainutlaatuinen yhdistelm\u00e4 urbaania sykett\u00e4 ja luonnon rauhaa Helsingiss\u00e4. NUTS HEL vie sinut p\u00e4\u00e4kaupungin vihreille poluille, miss\u00e4 moderni kaupunkimaisema kohtaa vehre\u00e4t mets\u00e4polut. Valitse matkasi 6 km sprintist\u00e4 aina haastavaan 24 km lenkkiin ja koe&#8230;<\/p>\n","protected":false},"author":1,"featured_media":5304,"parent":2295,"menu_order":6,"comment_status":"closed","ping_status":"closed","template":"","meta":{"_kad_blocks_custom_css":"","_kad_blocks_head_custom_js":"","_kad_blocks_body_custom_js":"","_kad_blocks_footer_custom_js":"","_kad_post_transparent":"","_kad_post_title":"","_kad_post_layout":"","_kad_post_sidebar_id":"","_kad_post_content_style":"","_kad_post_vertical_padding":"","_kad_post_feature":"","_kad_post_feature_position":"","_kad_post_header":false,"_kad_post_footer":false,"_kad_post_classname":"","footnotes":""},"class_list":["post-5303","page","type-page","status-publish","has-post-thumbnail","hentry"],"yoast_head":"<!-- This site is optimized with the Yoast SEO plugin v27.3 - https:\/\/yoast.com\/product\/yoast-seo-wordpress\/ -->\n<title>NUTS HEL - NUTS polkujuoksut<\/title>\n<meta name=\"robots\" content=\"index, follow, max-snippet:-1, max-image-preview:large, max-video-preview:-1\" \/>\n<link rel=\"canonical\" href=\"https:\/\/nuts.fi\/fi\/tapahtumat\/nuts-hel\/\" \/>\n<meta property=\"og:locale\" content=\"fi_FI\" \/>\n<meta property=\"og:type\" content=\"article\" \/>\n<meta property=\"og:title\" content=\"NUTS HEL - NUTS polkujuoksut\" \/>\n<meta property=\"og:description\" content=\"NUTS HEL \u2013 Polkujuoksua p\u00e4\u00e4kaupungin sykkeess\u00e4! \ud83d\udcc6 Seuraavan kerran: 11.10.2025\ud83d\udccd Tapahtumakeskus: El\u00e4intarhan urheilukentt\u00e4, Helsinki Google Maps \u203a\ud83d\udcdd Ilmoittautuminen avautuu: Kev\u00e4ttalvesta 2025 Koe ainutlaatuinen yhdistelm\u00e4 urbaania sykett\u00e4 ja luonnon rauhaa Helsingiss\u00e4. NUTS HEL vie sinut p\u00e4\u00e4kaupungin vihreille poluille, miss\u00e4 moderni kaupunkimaisema kohtaa vehre\u00e4t mets\u00e4polut. Valitse matkasi 6 km sprintist\u00e4 aina haastavaan 24 km lenkkiin ja koe...\" \/>\n<meta property=\"og:url\" content=\"https:\/\/nuts.fi\/fi\/tapahtumat\/nuts-hel\/\" \/>\n<meta property=\"og:site_name\" content=\"NUTS polkujuoksut\" \/>\n<meta property=\"article:publisher\" content=\"https:\/\/www.facebook.com\/nutstrailrunning\" \/>\n<meta property=\"article:modified_time\" content=\"2025-01-14T10:19:37+00:00\" \/>\n<meta property=\"og:image\" content=\"https:\/\/nuts.fi\/wp-content\/uploads\/2025\/01\/NUTS-HEL-2024.jpg\" \/>\n\t<meta property=\"og:image:width\" content=\"2048\" \/>\n\t<meta property=\"og:image:height\" content=\"1365\" \/>\n\t<meta property=\"og:image:type\" content=\"image\/jpeg\" \/>\n<meta name=\"twitter:card\" content=\"summary_large_image\" \/>\n<meta name=\"twitter:site\" content=\"@nutsfi\" \/>\n<meta name=\"twitter:label1\" content=\"Arvioitu lukuaika\" \/>\n\t<meta name=\"twitter:data1\" content=\"1 minuutti\" \/>\n<script type=\"application\/ld+json\" class=\"yoast-schema-graph\">{\"@context\":\"https:\\\/\\\/schema.org\",\"@graph\":[{\"@type\":\"WebPage\",\"@id\":\"https:\\\/\\\/nuts.fi\\\/fi\\\/tapahtumat\\\/nuts-hel\\\/\",\"url\":\"https:\\\/\\\/nuts.fi\\\/fi\\\/tapahtumat\\\/nuts-hel\\\/\",\"name\":\"NUTS HEL - NUTS polkujuoksut\",\"isPartOf\":{\"@id\":\"https:\\\/\\\/nuts.fi\\\/fi\\\/#website\"},\"primaryImageOfPage\":{\"@id\":\"https:\\\/\\\/nuts.fi\\\/fi\\\/tapahtumat\\\/nuts-hel\\\/#primaryimage\"},\"image\":{\"@id\":\"https:\\\/\\\/nuts.fi\\\/fi\\\/tapahtumat\\\/nuts-hel\\\/#primaryimage\"},\"thumbnailUrl\":\"https:\\\/\\\/nuts.fi\\\/wp-content\\\/uploads\\\/2025\\\/01\\\/NUTS-HEL-2024.jpg\",\"datePublished\":\"2025-01-03T13:36:40+00:00\",\"dateModified\":\"2025-01-14T10:19:37+00:00\",\"breadcrumb\":{\"@id\":\"https:\\\/\\\/nuts.fi\\\/fi\\\/tapahtumat\\\/nuts-hel\\\/#breadcrumb\"},\"inLanguage\":\"fi\",\"potentialAction\":[{\"@type\":\"ReadAction\",\"target\":[\"https:\\\/\\\/nuts.fi\\\/fi\\\/tapahtumat\\\/nuts-hel\\\/\"]}]},{\"@type\":\"ImageObject\",\"inLanguage\":\"fi\",\"@id\":\"https:\\\/\\\/nuts.fi\\\/fi\\\/tapahtumat\\\/nuts-hel\\\/#primaryimage\",\"url\":\"https:\\\/\\\/nuts.fi\\\/wp-content\\\/uploads\\\/2025\\\/01\\\/NUTS-HEL-2024.jpg\",\"contentUrl\":\"https:\\\/\\\/nuts.fi\\\/wp-content\\\/uploads\\\/2025\\\/01\\\/NUTS-HEL-2024.jpg\",\"width\":2048,\"height\":1365},{\"@type\":\"BreadcrumbList\",\"@id\":\"https:\\\/\\\/nuts.fi\\\/fi\\\/tapahtumat\\\/nuts-hel\\\/#breadcrumb\",\"itemListElement\":[{\"@type\":\"ListItem\",\"position\":1,\"name\":\"Etusivu\",\"item\":\"https:\\\/\\\/nuts.fi\\\/fi\\\/\"},{\"@type\":\"ListItem\",\"position\":2,\"name\":\"NUTS -polkujuoksutapahtumat\",\"item\":\"https:\\\/\\\/nuts.fi\\\/fi\\\/tapahtumat\\\/\"},{\"@type\":\"ListItem\",\"position\":3,\"name\":\"NUTS HEL\"}]},{\"@type\":\"WebSite\",\"@id\":\"https:\\\/\\\/nuts.fi\\\/fi\\\/#website\",\"url\":\"https:\\\/\\\/nuts.fi\\\/fi\\\/\",\"name\":\"NUTS \u2013 Ihan parasta poluilla!\",\"description\":\"Ihan parasta poluilla!\",\"publisher\":{\"@id\":\"https:\\\/\\\/nuts.fi\\\/fi\\\/#organization\"},\"potentialAction\":[{\"@type\":\"SearchAction\",\"target\":{\"@type\":\"EntryPoint\",\"urlTemplate\":\"https:\\\/\\\/nuts.fi\\\/fi\\\/?s={search_term_string}\"},\"query-input\":{\"@type\":\"PropertyValueSpecification\",\"valueRequired\":true,\"valueName\":\"search_term_string\"}}],\"inLanguage\":\"fi\"},{\"@type\":\"Organization\",\"@id\":\"https:\\\/\\\/nuts.fi\\\/fi\\\/#organization\",\"name\":\"Northern Ultra Trail Service - NUTS oy\",\"url\":\"https:\\\/\\\/nuts.fi\\\/fi\\\/\",\"logo\":{\"@type\":\"ImageObject\",\"inLanguage\":\"fi\",\"@id\":\"https:\\\/\\\/nuts.fi\\\/fi\\\/#\\\/schema\\\/logo\\\/image\\\/\",\"url\":\"https:\\\/\\\/nuts.fi\\\/wp-content\\\/uploads\\\/2025\\\/02\\\/nuts-logo-white.svg\",\"contentUrl\":\"https:\\\/\\\/nuts.fi\\\/wp-content\\\/uploads\\\/2025\\\/02\\\/nuts-logo-white.svg\",\"caption\":\"Northern Ultra Trail Service - NUTS oy\"},\"image\":{\"@id\":\"https:\\\/\\\/nuts.fi\\\/fi\\\/#\\\/schema\\\/logo\\\/image\\\/\"},\"sameAs\":[\"https:\\\/\\\/www.facebook.com\\\/nutstrailrunning\",\"https:\\\/\\\/x.com\\\/nutsfi\",\"https:\\\/\\\/www.instagram.com\\\/nutsfi\\\/\"]}]}<\/script>\n<!-- \/ Yoast SEO plugin. -->","yoast_head_json":{"title":"NUTS HEL - NUTS polkujuoksut","robots":{"index":"index","follow":"follow","max-snippet":"max-snippet:-1","max-image-preview":"max-image-preview:large","max-video-preview":"max-video-preview:-1"},"canonical":"https:\/\/nuts.fi\/fi\/tapahtumat\/nuts-hel\/","og_locale":"fi_FI","og_type":"article","og_title":"NUTS HEL - NUTS polkujuoksut","og_description":"NUTS HEL \u2013 Polkujuoksua p\u00e4\u00e4kaupungin sykkeess\u00e4! \ud83d\udcc6 Seuraavan kerran: 11.10.2025\ud83d\udccd Tapahtumakeskus: El\u00e4intarhan urheilukentt\u00e4, Helsinki Google Maps \u203a\ud83d\udcdd Ilmoittautuminen avautuu: Kev\u00e4ttalvesta 2025 Koe ainutlaatuinen yhdistelm\u00e4 urbaania sykett\u00e4 ja luonnon rauhaa Helsingiss\u00e4. NUTS HEL vie sinut p\u00e4\u00e4kaupungin vihreille poluille, miss\u00e4 moderni kaupunkimaisema kohtaa vehre\u00e4t mets\u00e4polut. Valitse matkasi 6 km sprintist\u00e4 aina haastavaan 24 km lenkkiin ja koe...","og_url":"https:\/\/nuts.fi\/fi\/tapahtumat\/nuts-hel\/","og_site_name":"NUTS polkujuoksut","article_publisher":"https:\/\/www.facebook.com\/nutstrailrunning","article_modified_time":"2025-01-14T10:19:37+00:00","og_image":[{"width":2048,"height":1365,"url":"https:\/\/nuts.fi\/wp-content\/uploads\/2025\/01\/NUTS-HEL-2024.jpg","type":"image\/jpeg"}],"twitter_card":"summary_large_image","twitter_site":"@nutsfi","twitter_misc":{"Arvioitu lukuaika":"1 minuutti"},"schema":{"@context":"https:\/\/schema.org","@graph":[{"@type":"WebPage","@id":"https:\/\/nuts.fi\/fi\/tapahtumat\/nuts-hel\/","url":"https:\/\/nuts.fi\/fi\/tapahtumat\/nuts-hel\/","name":"NUTS HEL - NUTS polkujuoksut","isPartOf":{"@id":"https:\/\/nuts.fi\/fi\/#website"},"primaryImageOfPage":{"@id":"https:\/\/nuts.fi\/fi\/tapahtumat\/nuts-hel\/#primaryimage"},"image":{"@id":"https:\/\/nuts.fi\/fi\/tapahtumat\/nuts-hel\/#primaryimage"},"thumbnailUrl":"https:\/\/nuts.fi\/wp-content\/uploads\/2025\/01\/NUTS-HEL-2024.jpg","datePublished":"2025-01-03T13:36:40+00:00","dateModified":"2025-01-14T10:19:37+00:00","breadcrumb":{"@id":"https:\/\/nuts.fi\/fi\/tapahtumat\/nuts-hel\/#breadcrumb"},"inLanguage":"fi","potentialAction":[{"@type":"ReadAction","target":["https:\/\/nuts.fi\/fi\/tapahtumat\/nuts-hel\/"]}]},{"@type":"ImageObject","inLanguage":"fi","@id":"https:\/\/nuts.fi\/fi\/tapahtumat\/nuts-hel\/#primaryimage","url":"https:\/\/nuts.fi\/wp-content\/uploads\/2025\/01\/NUTS-HEL-2024.jpg","contentUrl":"https:\/\/nuts.fi\/wp-content\/uploads\/2025\/01\/NUTS-HEL-2024.jpg","width":2048,"height":1365},{"@type":"BreadcrumbList","@id":"https:\/\/nuts.fi\/fi\/tapahtumat\/nuts-hel\/#breadcrumb","itemListElement":[{"@type":"ListItem","position":1,"name":"Etusivu","item":"https:\/\/nuts.fi\/fi\/"},{"@type":"ListItem","position":2,"name":"NUTS -polkujuoksutapahtumat","item":"https:\/\/nuts.fi\/fi\/tapahtumat\/"},{"@type":"ListItem","position":3,"name":"NUTS HEL"}]},{"@type":"WebSite","@id":"https:\/\/nuts.fi\/fi\/#website","url":"https:\/\/nuts.fi\/fi\/","name":"NUTS \u2013 Ihan parasta poluilla!","description":"Ihan parasta poluilla!","publisher":{"@id":"https:\/\/nuts.fi\/fi\/#organization"},"potentialAction":[{"@type":"SearchAction","target":{"@type":"EntryPoint","urlTemplate":"https:\/\/nuts.fi\/fi\/?s={search_term_string}"},"query-input":{"@type":"PropertyValueSpecification","valueRequired":true,"valueName":"search_term_string"}}],"inLanguage":"fi"},{"@type":"Organization","@id":"https:\/\/nuts.fi\/fi\/#organization","name":"Northern Ultra Trail Service - NUTS oy","url":"https:\/\/nuts.fi\/fi\/","logo":{"@type":"ImageObject","inLanguage":"fi","@id":"https:\/\/nuts.fi\/fi\/#\/schema\/logo\/image\/","url":"https:\/\/nuts.fi\/wp-content\/uploads\/2025\/02\/nuts-logo-white.svg","contentUrl":"https:\/\/nuts.fi\/wp-content\/uploads\/2025\/02\/nuts-logo-white.svg","caption":"Northern Ultra Trail Service - NUTS oy"},"image":{"@id":"https:\/\/nuts.fi\/fi\/#\/schema\/logo\/image\/"},"sameAs":["https:\/\/www.facebook.com\/nutstrailrunning","https:\/\/x.com\/nutsfi","https:\/\/www.instagram.com\/nutsfi\/"]}]}},"taxonomy_info":[],"featured_image_src_large":["https:\/\/nuts.fi\/wp-content\/uploads\/2025\/01\/NUTS-HEL-2024-1024x683.jpg",1024,683,true],"author_info":{"display_name":"nuts","author_link":"https:\/\/nuts.fi\/fi\/author\/nuts\/"},"comment_info":0,"_links":{"self":[{"href":"https:\/\/nuts.fi\/fi\/wp-json\/wp\/v2\/pages\/5303","targetHints":{"allow":["GET"]}}],"collection":[{"href":"https:\/\/nuts.fi\/fi\/wp-json\/wp\/v2\/pages"}],"about":[{"href":"https:\/\/nuts.fi\/fi\/wp-json\/wp\/v2\/types\/page"}],"author":[{"embeddable":true,"href":"https:\/\/nuts.fi\/fi\/wp-json\/wp\/v2\/users\/1"}],"replies":[{"embeddable":true,"href":"https:\/\/nuts.fi\/fi\/wp-json\/wp\/v2\/comments?post=5303"}],"version-history":[{"count":4,"href":"https:\/\/nuts.fi\/fi\/wp-json\/wp\/v2\/pages\/5303\/revisions"}],"predecessor-version":[{"id":5388,"href":"https:\/\/nuts.fi\/fi\/wp-json\/wp\/v2\/pages\/5303\/revisions\/5388"}],"up":[{"embeddable":true,"href":"https:\/\/nuts.fi\/fi\/wp-json\/wp\/v2\/pages\/2295"}],"wp:featuredmedia":[{"embeddable":true,"href":"https:\/\/nuts.fi\/fi\/wp-json\/wp\/v2\/media\/5304"}],"wp:attachment":[{"href":"https:\/\/nuts.fi\/fi\/wp-json\/wp\/v2\/media?parent=5303"}],"curies":[{"name":"wp","href":"https:\/\/api.w.org\/{rel}","templated":true}]}}