{"id":3965,"date":"2022-04-03T13:40:10","date_gmt":"2022-04-03T10:40:10","guid":{"rendered":"https:\/\/nuts.fi\/?page_id=3965"},"modified":"2025-01-14T12:06:58","modified_gmt":"2025-01-14T10:06:58","slug":"bussilla","status":"publish","type":"page","link":"https:\/\/nuts.fi\/fi\/bussilla\/","title":{"rendered":"Aloita polkujuoksuseikkailusi vaivattomasti \u2013 matkusta bussilla!"},"content":{"rendered":"\n<p>Unohda ajamisen stressi ja liity mukaan Pohjolan Matkan j\u00e4rjest\u00e4miin bussikuljetuksiin, jotka viev\u00e4t sinut k\u00e4tev\u00e4sti suoraan tapahtumapaikalle. Bussissa voit rentoutua, nauttia maisemista ja viritt\u00e4yty\u00e4 polkujuoksutunnelmaan jo matkalla.<\/p>\n\n\n\n<p><strong>Yhdess\u00e4 matkustaminen tekee kokemuksesta ainutlaatuisen:<\/strong> jaa odotukset, vinkit ja fiilistely muiden juoksijoiden kanssa \u2013 NUTS-henki alkaa jo bussissa!<\/p>\n\n\n\n<p>Kuljetukset ovat ymp\u00e4rist\u00f6yst\u00e4v\u00e4llinen ja turvallinen valinta, ja samalla s\u00e4\u00e4styt pys\u00e4k\u00f6intihuolilta sek\u00e4 polttoainekustannuksilta. Reitit on suunniteltu kattamaan osallistujille keskeiset l\u00e4ht\u00f6paikat jokaisen tapahtuman tarpeiden mukaan.<\/p>\n\n\n\n<p><strong>Hypp\u00e4\u00e4 mukaan ja tee matkasta osa juoksuel\u00e4myst\u00e4si!<\/strong><\/p>\n\n\n\n<h2 class=\"wp-block-heading\">Lue lis\u00e4\u00e4 kuljetuksista ja varaa paikkasi!<\/h2>\n\n\n\n<h3 class=\"wp-block-heading\">NUTS Karhunkierros<\/h3>\n\n\n\n<p>Bussikuljetus reitti\u00e4 Helsinki-Tampere-Jyv\u00e4skyl\u00e4-Oulu-Ruka. L\u00e4ht\u00f6p\u00e4iv\u00e4 torstai 22.5.2025, paluup\u00e4iv\u00e4 25.5.2025.<\/p>\n\n\n\n<div class=\"wp-block-buttons is-layout-flex wp-block-buttons-is-layout-flex\">\n<div class=\"wp-block-button\"><a class=\"wp-block-button__link wp-element-button\" href=\"https:\/\/pohjolanmatka.fi\/kohde\/#!\/nuts-karhunkierros-2025--kuljetus-to-su\/departure\/OBNUTS1\/2025-05-22\/2025-05-25\/2\/0\/0\/\">Tutustu ja varaa pohjolanmatka.fi \u203a<\/a><\/div>\n<\/div>\n\n\n\n<p>Bussikuljetus reitti\u00e4 Oulu-Ruka. L\u00e4ht\u00f6p\u00e4iv\u00e4 perjantai 23.5.2025, paluup\u00e4iv\u00e4 25.5.2025.<\/p>\n\n\n\n<div class=\"wp-block-buttons is-layout-flex wp-block-buttons-is-layout-flex\">\n<div class=\"wp-block-button\"><a class=\"wp-block-button__link wp-element-button\" href=\"https:\/\/pohjolanmatka.fi\/kohde\/#!\/nuts-karhunkierros-2025--kuljetus-pe-su\/departure\/OBNUTK1\/2025-05-23\/2025-05-25\/2\/0\/0\/\">Tutustu ja varaa pohjolanmatka.fi \u203a<\/a><\/div>\n<\/div>\n\n\n\n<h3 class=\"wp-block-heading\">NUTS Sy\u00f6te<\/h3>\n\n\n\n<p>Pohjolan Matka j\u00e4rjest\u00e4\u00e4 bussikuljetuksen Oulusta Sy\u00f6tteelle lauantaina 14.6.2025.<\/p>\n\n\n\n<div class=\"wp-block-buttons is-layout-flex wp-block-buttons-is-layout-flex\">\n<div class=\"wp-block-button\"><a class=\"wp-block-button__link wp-element-button\" href=\"https:\/\/pohjolanmatka.fi\/kohde\/#!\/nuts-syote-2025\/departure\/OBNUTY1\/2025-06-14\/2025-06-14\/2\/0\/0\/\">Tutustu ja varaa pohjolanmatka.fi \u203a<\/a><\/div>\n<\/div>\n\n\n\n<h3 class=\"wp-block-heading\">NUTS Yll\u00e4s Pallas<\/h3>\n\n\n\n<p>Pohjolan Matka j\u00e4rjest\u00e4\u00e4 bussikuljetuksen Rovaniemelt\u00e4 Yll\u00e4kselle. L\u00e4ht\u00f6p\u00e4iv\u00e4 17.7.2025, paluup\u00e4iv\u00e4 20.7.2025.<\/p>\n\n\n\n<div class=\"wp-block-buttons is-layout-flex wp-block-buttons-is-layout-flex\">\n<div class=\"wp-block-button\"><a class=\"wp-block-button__link wp-element-button\" href=\"https:\/\/pohjolanmatka.fi\/kohde\/#!\/nuts-yllas-pallas-2025\/departure\/OBNUTP1\/2025-07-17\/2025-07-20\/2\/0\/0\/\">Tutustu ja varaa pohjolanmatka.fi \u203a<\/a><\/div>\n<\/div>\n\n\n\n<p><\/p>\n","protected":false},"excerpt":{"rendered":"<p>Unohda ajamisen stressi ja liity mukaan Pohjolan Matkan j\u00e4rjest\u00e4miin bussikuljetuksiin, jotka viev\u00e4t sinut k\u00e4tev\u00e4sti suoraan tapahtumapaikalle. Bussissa voit rentoutua, nauttia maisemista ja viritt\u00e4yty\u00e4 polkujuoksutunnelmaan jo matkalla. Yhdess\u00e4 matkustaminen tekee kokemuksesta ainutlaatuisen: jaa odotukset, vinkit ja fiilistely muiden juoksijoiden kanssa \u2013 NUTS-henki alkaa jo bussissa! Kuljetukset ovat ymp\u00e4rist\u00f6yst\u00e4v\u00e4llinen ja turvallinen valinta, ja samalla s\u00e4\u00e4styt pys\u00e4k\u00f6intihuolilta sek\u00e4&#8230;<\/p>\n","protected":false},"author":1,"featured_media":5373,"parent":0,"menu_order":0,"comment_status":"closed","ping_status":"closed","template":"","meta":{"_kad_blocks_custom_css":"","_kad_blocks_head_custom_js":"","_kad_blocks_body_custom_js":"","_kad_blocks_footer_custom_js":"","_kad_post_transparent":"","_kad_post_title":"","_kad_post_layout":"","_kad_post_sidebar_id":"","_kad_post_content_style":"","_kad_post_vertical_padding":"","_kad_post_feature":"","_kad_post_feature_position":"","_kad_post_header":false,"_kad_post_footer":false,"_kad_post_classname":"","footnotes":""},"class_list":["post-3965","page","type-page","status-publish","has-post-thumbnail","hentry"],"yoast_head":"<!-- This site is optimized with the Yoast SEO plugin v27.3 - https:\/\/yoast.com\/product\/yoast-seo-wordpress\/ -->\n<title>Aloita polkujuoksuseikkailusi vaivattomasti \u2013 matkusta bussilla! - NUTS polkujuoksut<\/title>\n<meta name=\"robots\" content=\"index, follow, max-snippet:-1, max-image-preview:large, max-video-preview:-1\" \/>\n<link rel=\"canonical\" href=\"https:\/\/nuts.fi\/fi\/bussilla\/\" \/>\n<meta property=\"og:locale\" content=\"fi_FI\" \/>\n<meta property=\"og:type\" content=\"article\" \/>\n<meta property=\"og:title\" content=\"Aloita polkujuoksuseikkailusi vaivattomasti \u2013 matkusta bussilla! - NUTS polkujuoksut\" \/>\n<meta property=\"og:description\" content=\"Unohda ajamisen stressi ja liity mukaan Pohjolan Matkan j\u00e4rjest\u00e4miin bussikuljetuksiin, jotka viev\u00e4t sinut k\u00e4tev\u00e4sti suoraan tapahtumapaikalle. Bussissa voit rentoutua, nauttia maisemista ja viritt\u00e4yty\u00e4 polkujuoksutunnelmaan jo matkalla. Yhdess\u00e4 matkustaminen tekee kokemuksesta ainutlaatuisen: jaa odotukset, vinkit ja fiilistely muiden juoksijoiden kanssa \u2013 NUTS-henki alkaa jo bussissa! Kuljetukset ovat ymp\u00e4rist\u00f6yst\u00e4v\u00e4llinen ja turvallinen valinta, ja samalla s\u00e4\u00e4styt pys\u00e4k\u00f6intihuolilta sek\u00e4...\" \/>\n<meta property=\"og:url\" content=\"https:\/\/nuts.fi\/fi\/bussilla\/\" \/>\n<meta property=\"og:site_name\" content=\"NUTS polkujuoksut\" \/>\n<meta property=\"article:publisher\" content=\"https:\/\/www.facebook.com\/nutstrailrunning\" \/>\n<meta property=\"article:modified_time\" content=\"2025-01-14T10:06:58+00:00\" \/>\n<meta property=\"og:image\" content=\"https:\/\/nuts.fi\/wp-content\/uploads\/2025\/01\/pohjolan-matka-bussi-vaaka.jpg\" \/>\n\t<meta property=\"og:image:width\" content=\"2048\" \/>\n\t<meta property=\"og:image:height\" content=\"1152\" \/>\n\t<meta property=\"og:image:type\" content=\"image\/png\" \/>\n<meta name=\"twitter:card\" content=\"summary_large_image\" \/>\n<meta name=\"twitter:site\" content=\"@nutsfi\" \/>\n<meta name=\"twitter:label1\" content=\"Arvioitu lukuaika\" \/>\n\t<meta name=\"twitter:data1\" content=\"2 minuuttia\" \/>\n<script type=\"application\/ld+json\" class=\"yoast-schema-graph\">{\"@context\":\"https:\\\/\\\/schema.org\",\"@graph\":[{\"@type\":\"WebPage\",\"@id\":\"https:\\\/\\\/nuts.fi\\\/fi\\\/bussilla\\\/\",\"url\":\"https:\\\/\\\/nuts.fi\\\/fi\\\/bussilla\\\/\",\"name\":\"Aloita polkujuoksuseikkailusi vaivattomasti \u2013 matkusta bussilla! - NUTS polkujuoksut\",\"isPartOf\":{\"@id\":\"https:\\\/\\\/nuts.fi\\\/fi\\\/#website\"},\"primaryImageOfPage\":{\"@id\":\"https:\\\/\\\/nuts.fi\\\/fi\\\/bussilla\\\/#primaryimage\"},\"image\":{\"@id\":\"https:\\\/\\\/nuts.fi\\\/fi\\\/bussilla\\\/#primaryimage\"},\"thumbnailUrl\":\"https:\\\/\\\/nuts.fi\\\/wp-content\\\/uploads\\\/2025\\\/01\\\/pohjolan-matka-bussi-vaaka.jpg\",\"datePublished\":\"2022-04-03T10:40:10+00:00\",\"dateModified\":\"2025-01-14T10:06:58+00:00\",\"breadcrumb\":{\"@id\":\"https:\\\/\\\/nuts.fi\\\/fi\\\/bussilla\\\/#breadcrumb\"},\"inLanguage\":\"fi\",\"potentialAction\":[{\"@type\":\"ReadAction\",\"target\":[\"https:\\\/\\\/nuts.fi\\\/fi\\\/bussilla\\\/\"]}]},{\"@type\":\"ImageObject\",\"inLanguage\":\"fi\",\"@id\":\"https:\\\/\\\/nuts.fi\\\/fi\\\/bussilla\\\/#primaryimage\",\"url\":\"https:\\\/\\\/nuts.fi\\\/wp-content\\\/uploads\\\/2025\\\/01\\\/pohjolan-matka-bussi-vaaka.jpg\",\"contentUrl\":\"https:\\\/\\\/nuts.fi\\\/wp-content\\\/uploads\\\/2025\\\/01\\\/pohjolan-matka-bussi-vaaka.jpg\",\"width\":2048,\"height\":1152},{\"@type\":\"BreadcrumbList\",\"@id\":\"https:\\\/\\\/nuts.fi\\\/fi\\\/bussilla\\\/#breadcrumb\",\"itemListElement\":[{\"@type\":\"ListItem\",\"position\":1,\"name\":\"Etusivu\",\"item\":\"https:\\\/\\\/nuts.fi\\\/fi\\\/\"},{\"@type\":\"ListItem\",\"position\":2,\"name\":\"Aloita polkujuoksuseikkailusi vaivattomasti \u2013 matkusta bussilla!\"}]},{\"@type\":\"WebSite\",\"@id\":\"https:\\\/\\\/nuts.fi\\\/fi\\\/#website\",\"url\":\"https:\\\/\\\/nuts.fi\\\/fi\\\/\",\"name\":\"NUTS \u2013 Ihan parasta poluilla!\",\"description\":\"Ihan parasta poluilla!\",\"publisher\":{\"@id\":\"https:\\\/\\\/nuts.fi\\\/fi\\\/#organization\"},\"potentialAction\":[{\"@type\":\"SearchAction\",\"target\":{\"@type\":\"EntryPoint\",\"urlTemplate\":\"https:\\\/\\\/nuts.fi\\\/fi\\\/?s={search_term_string}\"},\"query-input\":{\"@type\":\"PropertyValueSpecification\",\"valueRequired\":true,\"valueName\":\"search_term_string\"}}],\"inLanguage\":\"fi\"},{\"@type\":\"Organization\",\"@id\":\"https:\\\/\\\/nuts.fi\\\/fi\\\/#organization\",\"name\":\"Northern Ultra Trail Service - NUTS oy\",\"url\":\"https:\\\/\\\/nuts.fi\\\/fi\\\/\",\"logo\":{\"@type\":\"ImageObject\",\"inLanguage\":\"fi\",\"@id\":\"https:\\\/\\\/nuts.fi\\\/fi\\\/#\\\/schema\\\/logo\\\/image\\\/\",\"url\":\"https:\\\/\\\/nuts.fi\\\/wp-content\\\/uploads\\\/2025\\\/02\\\/nuts-logo-white.svg\",\"contentUrl\":\"https:\\\/\\\/nuts.fi\\\/wp-content\\\/uploads\\\/2025\\\/02\\\/nuts-logo-white.svg\",\"caption\":\"Northern Ultra Trail Service - NUTS oy\"},\"image\":{\"@id\":\"https:\\\/\\\/nuts.fi\\\/fi\\\/#\\\/schema\\\/logo\\\/image\\\/\"},\"sameAs\":[\"https:\\\/\\\/www.facebook.com\\\/nutstrailrunning\",\"https:\\\/\\\/x.com\\\/nutsfi\",\"https:\\\/\\\/www.instagram.com\\\/nutsfi\\\/\"]}]}<\/script>\n<!-- \/ Yoast SEO plugin. -->","yoast_head_json":{"title":"Aloita polkujuoksuseikkailusi vaivattomasti \u2013 matkusta bussilla! - NUTS polkujuoksut","robots":{"index":"index","follow":"follow","max-snippet":"max-snippet:-1","max-image-preview":"max-image-preview:large","max-video-preview":"max-video-preview:-1"},"canonical":"https:\/\/nuts.fi\/fi\/bussilla\/","og_locale":"fi_FI","og_type":"article","og_title":"Aloita polkujuoksuseikkailusi vaivattomasti \u2013 matkusta bussilla! - NUTS polkujuoksut","og_description":"Unohda ajamisen stressi ja liity mukaan Pohjolan Matkan j\u00e4rjest\u00e4miin bussikuljetuksiin, jotka viev\u00e4t sinut k\u00e4tev\u00e4sti suoraan tapahtumapaikalle. Bussissa voit rentoutua, nauttia maisemista ja viritt\u00e4yty\u00e4 polkujuoksutunnelmaan jo matkalla. Yhdess\u00e4 matkustaminen tekee kokemuksesta ainutlaatuisen: jaa odotukset, vinkit ja fiilistely muiden juoksijoiden kanssa \u2013 NUTS-henki alkaa jo bussissa! Kuljetukset ovat ymp\u00e4rist\u00f6yst\u00e4v\u00e4llinen ja turvallinen valinta, ja samalla s\u00e4\u00e4styt pys\u00e4k\u00f6intihuolilta sek\u00e4...","og_url":"https:\/\/nuts.fi\/fi\/bussilla\/","og_site_name":"NUTS polkujuoksut","article_publisher":"https:\/\/www.facebook.com\/nutstrailrunning","article_modified_time":"2025-01-14T10:06:58+00:00","og_image":[{"width":2048,"height":1152,"url":"https:\/\/nuts.fi\/wp-content\/uploads\/2025\/01\/pohjolan-matka-bussi-vaaka.jpg","type":"image\/png"}],"twitter_card":"summary_large_image","twitter_site":"@nutsfi","twitter_misc":{"Arvioitu lukuaika":"2 minuuttia"},"schema":{"@context":"https:\/\/schema.org","@graph":[{"@type":"WebPage","@id":"https:\/\/nuts.fi\/fi\/bussilla\/","url":"https:\/\/nuts.fi\/fi\/bussilla\/","name":"Aloita polkujuoksuseikkailusi vaivattomasti \u2013 matkusta bussilla! - NUTS polkujuoksut","isPartOf":{"@id":"https:\/\/nuts.fi\/fi\/#website"},"primaryImageOfPage":{"@id":"https:\/\/nuts.fi\/fi\/bussilla\/#primaryimage"},"image":{"@id":"https:\/\/nuts.fi\/fi\/bussilla\/#primaryimage"},"thumbnailUrl":"https:\/\/nuts.fi\/wp-content\/uploads\/2025\/01\/pohjolan-matka-bussi-vaaka.jpg","datePublished":"2022-04-03T10:40:10+00:00","dateModified":"2025-01-14T10:06:58+00:00","breadcrumb":{"@id":"https:\/\/nuts.fi\/fi\/bussilla\/#breadcrumb"},"inLanguage":"fi","potentialAction":[{"@type":"ReadAction","target":["https:\/\/nuts.fi\/fi\/bussilla\/"]}]},{"@type":"ImageObject","inLanguage":"fi","@id":"https:\/\/nuts.fi\/fi\/bussilla\/#primaryimage","url":"https:\/\/nuts.fi\/wp-content\/uploads\/2025\/01\/pohjolan-matka-bussi-vaaka.jpg","contentUrl":"https:\/\/nuts.fi\/wp-content\/uploads\/2025\/01\/pohjolan-matka-bussi-vaaka.jpg","width":2048,"height":1152},{"@type":"BreadcrumbList","@id":"https:\/\/nuts.fi\/fi\/bussilla\/#breadcrumb","itemListElement":[{"@type":"ListItem","position":1,"name":"Etusivu","item":"https:\/\/nuts.fi\/fi\/"},{"@type":"ListItem","position":2,"name":"Aloita polkujuoksuseikkailusi vaivattomasti \u2013 matkusta bussilla!"}]},{"@type":"WebSite","@id":"https:\/\/nuts.fi\/fi\/#website","url":"https:\/\/nuts.fi\/fi\/","name":"NUTS \u2013 Ihan parasta poluilla!","description":"Ihan parasta poluilla!","publisher":{"@id":"https:\/\/nuts.fi\/fi\/#organization"},"potentialAction":[{"@type":"SearchAction","target":{"@type":"EntryPoint","urlTemplate":"https:\/\/nuts.fi\/fi\/?s={search_term_string}"},"query-input":{"@type":"PropertyValueSpecification","valueRequired":true,"valueName":"search_term_string"}}],"inLanguage":"fi"},{"@type":"Organization","@id":"https:\/\/nuts.fi\/fi\/#organization","name":"Northern Ultra Trail Service - NUTS oy","url":"https:\/\/nuts.fi\/fi\/","logo":{"@type":"ImageObject","inLanguage":"fi","@id":"https:\/\/nuts.fi\/fi\/#\/schema\/logo\/image\/","url":"https:\/\/nuts.fi\/wp-content\/uploads\/2025\/02\/nuts-logo-white.svg","contentUrl":"https:\/\/nuts.fi\/wp-content\/uploads\/2025\/02\/nuts-logo-white.svg","caption":"Northern Ultra Trail Service - NUTS oy"},"image":{"@id":"https:\/\/nuts.fi\/fi\/#\/schema\/logo\/image\/"},"sameAs":["https:\/\/www.facebook.com\/nutstrailrunning","https:\/\/x.com\/nutsfi","https:\/\/www.instagram.com\/nutsfi\/"]}]}},"taxonomy_info":[],"featured_image_src_large":["https:\/\/nuts.fi\/wp-content\/uploads\/2025\/01\/pohjolan-matka-bussi-vaaka-1024x576.jpg",1024,576,true],"author_info":{"display_name":"nuts","author_link":"https:\/\/nuts.fi\/fi\/author\/nuts\/"},"comment_info":0,"_links":{"self":[{"href":"https:\/\/nuts.fi\/fi\/wp-json\/wp\/v2\/pages\/3965","targetHints":{"allow":["GET"]}}],"collection":[{"href":"https:\/\/nuts.fi\/fi\/wp-json\/wp\/v2\/pages"}],"about":[{"href":"https:\/\/nuts.fi\/fi\/wp-json\/wp\/v2\/types\/page"}],"author":[{"embeddable":true,"href":"https:\/\/nuts.fi\/fi\/wp-json\/wp\/v2\/users\/1"}],"replies":[{"embeddable":true,"href":"https:\/\/nuts.fi\/fi\/wp-json\/wp\/v2\/comments?post=3965"}],"version-history":[{"count":7,"href":"https:\/\/nuts.fi\/fi\/wp-json\/wp\/v2\/pages\/3965\/revisions"}],"predecessor-version":[{"id":5384,"href":"https:\/\/nuts.fi\/fi\/wp-json\/wp\/v2\/pages\/3965\/revisions\/5384"}],"wp:featuredmedia":[{"embeddable":true,"href":"https:\/\/nuts.fi\/fi\/wp-json\/wp\/v2\/media\/5373"}],"wp:attachment":[{"href":"https:\/\/nuts.fi\/fi\/wp-json\/wp\/v2\/media?parent=3965"}],"curies":[{"name":"wp","href":"https:\/\/api.w.org\/{rel}","templated":true}]}}