{"id":3288,"date":"2021-06-30T15:19:25","date_gmt":"2021-06-30T12:19:25","guid":{"rendered":"https:\/\/nuts.fi\/?page_id=3288"},"modified":"2026-03-27T09:01:49","modified_gmt":"2026-03-27T07:01:49","slug":"nuts-kids-juniors","status":"publish","type":"page","link":"https:\/\/nuts.fi\/fi\/tapahtumat\/nuts-kids-juniors\/","title":{"rendered":"NUTS Kids &amp; Juniors"},"content":{"rendered":"\n<h2 class=\"wp-block-heading\">NUTS Kids &amp; Juniors \u2013 Liikunnan iloa ja ulkoilun riemua perheen pienimmille!<\/h2>\n\n\n\n<p>Leikkimieliset ja ilont\u00e4yteiset polkujuoksut kutsuvat kaikenik\u00e4iset ja -tasoiset lapset ja nuoret mukaan liikkumaan ja nauttimaan luonnosta.<\/p>\n\n\n\n<p>Kaikki reippaat osallistujat saavat oman henkil\u00f6kohtaisen kilpailunumeron ajanottoa varten, ja maalissa odottaa jokaiselle muistoksi mitali upeasta suorituksesta. Juoksijoille on tarjolla my\u00f6s juotavaa ja pient\u00e4 naposteltavaa \u2013 t\u00e4ydellinen tapa juhlistaa maaliinp\u00e4\u00e4sy\u00e4!<\/p>\n\n\n\n<p>NUTS Kids &amp; Juniors -tapahtumissa jokainen polulle starttaava sankari on voittaja. Sijoituksilla ei ole merkityst\u00e4, vaan t\u00e4rkeint\u00e4 on osallistuminen ja hauska kokemus.<\/p>\n\n\n\n<p>Tule mukaan koko perheen voimin nauttimaan ulkoilmasta, luonnosta ja liikkumisen riemusta!<\/p>\n\n\n\n<h3 class=\"wp-block-heading\">NUTS Kids &amp; Juniors -tapahtumat vuonna 2026<\/h3>\n\n\n\n<p><strong>\ud83d\udc9a NUTS Yll\u00e4s Pallas \ud83d\udc9a<\/strong><br>\ud83d\udd52 <strong>Torstaina 16.7.2026<\/strong><br>\ud83d\udccdL\u00e4ht\u00f6 ja maali sijaitsevat \u00c4k\u00e4slompolossa<br>\ud83d\ude4c Ilmoittautuminen KIDS juoksuun alkaa l\u00e4hemp\u00e4n\u00e4 tapahtumaa<br><br><a href=\"https:\/\/nutsyllaspallas.com\/fi\/juniors\/\">Tutustu lis\u00e4\u00e4 NUTS Yll\u00e4s Pallaksen KIDS juoksuun t\u00e4\u00e4lt\u00e4! <\/a><\/p>\n\n\n\n<p><strong>\ud83d\udc9a NUTS Sy\u00f6te \ud83d\udc9a<\/strong><br>\ud83d\udd52 <strong>Torstaina 12.6.2026<\/strong><br>\ud83d\udccdL\u00e4ht\u00f6 ja maali sijaitsevat Iso-Sy\u00f6tteell\u00e4, LumiAreenan ymp\u00e4rist\u00f6ss\u00e4<br>\ud83d\ude4c Ilmoittautuminen KIDS juoksuun alkaa l\u00e4hemp\u00e4n\u00e4 tapahtumaa<\/p>\n\n\n\n<p><a href=\"https:\/\/nutssyote.fi\/fi\/matkat\/nuts-kids-juniors\/\">Tutustu lis\u00e4\u00e4 NUTS Sy\u00f6tteen KIDS juoksuun t\u00e4\u00e4lt\u00e4!<\/a><\/p>\n\n\n\n<p><strong>\ud83d\udc9a NUTS HEL \ud83d\udc9a<\/strong><br>\ud83d\udd52 <strong>Torstaina 9.10.2026<\/strong><br>\ud83d\udccdL\u00e4ht\u00f6 ja maali sijaitsevat El\u00e4intarhan urheilukent\u00e4ll\u00e4, Helsingiss\u00e4<br>\ud83d\ude4c Ilmoittautuminen KIDS juoksuun alkaa l\u00e4hemp\u00e4n\u00e4 tapahtumaa<\/p>\n\n\n\n<p><a href=\"https:\/\/nutshel.fi\/fi\/matkat\/nuts-kids-juniors\/\">Tutustu lis\u00e4\u00e4 NUTS HEL KIDS juoksuun t\u00e4\u00e4lt\u00e4!<\/a><\/p>\n\n\n\n<figure class=\"wp-block-image size-large\"><a href=\"https:\/\/nuts.fi\/wp-content\/uploads\/2022\/01\/nuts-kids-yllas.jpg\"><img loading=\"lazy\" decoding=\"async\" width=\"1024\" height=\"576\" src=\"https:\/\/nuts.fi\/wp-content\/uploads\/2022\/01\/nuts-kids-yllas-1024x576.jpg\" alt=\"\" class=\"wp-image-3666\" srcset=\"https:\/\/nuts.fi\/wp-content\/uploads\/2022\/01\/nuts-kids-yllas-1024x576.jpg 1024w, https:\/\/nuts.fi\/wp-content\/uploads\/2022\/01\/nuts-kids-yllas-300x169.jpg 300w, https:\/\/nuts.fi\/wp-content\/uploads\/2022\/01\/nuts-kids-yllas-768x432.jpg 768w, https:\/\/nuts.fi\/wp-content\/uploads\/2022\/01\/nuts-kids-yllas-1536x864.jpg 1536w, https:\/\/nuts.fi\/wp-content\/uploads\/2022\/01\/nuts-kids-yllas.jpg 2048w\" sizes=\"auto, (max-width: 1024px) 100vw, 1024px\" \/><\/a><\/figure>\n\n\n\n<h2 class=\"wp-block-heading\">Kaikki polkujuoksu tapahtumamme<\/h2>\n\n\n<style>.wp-block-kadence-iconlist.kt-svg-icon-list-items3288_665375-9c:not(.this-stops-third-party-issues){margin-top:0px;margin-bottom:0px;}.wp-block-kadence-iconlist.kt-svg-icon-list-items3288_665375-9c ul.kt-svg-icon-list:not(.this-prevents-issues):not(.this-stops-third-party-issues):not(.tijsloc){margin-top:0px;margin-right:0px;margin-bottom:var(--global-kb-spacing-sm, 1.5rem);margin-left:0px;}.wp-block-kadence-iconlist.kt-svg-icon-list-items3288_665375-9c ul.kt-svg-icon-list{grid-row-gap:5px;}.wp-block-kadence-iconlist.kt-svg-icon-list-items3288_665375-9c ul.kt-svg-icon-list .kt-svg-icon-list-item-wrap .kt-svg-icon-list-single{margin-right:10px;}.kt-svg-icon-list-items3288_665375-9c ul.kt-svg-icon-list .kt-svg-icon-list-level-0 .kt-svg-icon-list-single svg{font-size:20px;}<\/style>\n<div class=\"wp-block-kadence-iconlist kt-svg-icon-list-items kt-svg-icon-list-items3288_665375-9c kt-svg-icon-list-columns-1 alignnone\"><ul class=\"kt-svg-icon-list\"><style>.kt-svg-icon-list-item-3288_4c4e02-36 .kt-svg-icon-list-text mark.kt-highlight{background-color:unset;font-style:normal;color:#f76a0c;-webkit-box-decoration-break:clone;box-decoration-break:clone;padding-top:0px;padding-right:0px;padding-bottom:0px;padding-left:0px;}<\/style>\n<li class=\"wp-block-kadence-listitem kt-svg-icon-list-item-wrap kt-svg-icon-list-item-3288_4c4e02-36\"><span class=\"kb-svg-icon-wrap kb-svg-icon-fas_heart kt-svg-icon-list-single\"><svg viewBox=\"0 0 512 512\"  fill=\"currentColor\" xmlns=\"http:\/\/www.w3.org\/2000\/svg\"  aria-hidden=\"true\"><path d=\"M462.3 62.6C407.5 15.9 326 24.3 275.7 76.2L256 96.5l-19.7-20.3C186.1 24.3 104.5 15.9 49.7 62.6c-62.8 53.6-66.1 149.8-9.9 207.9l193.5 199.8c12.5 12.9 32.8 12.9 45.3 0l193.5-199.8c56.3-58.1 53-154.3-9.8-207.9z\"\/><\/svg><\/span><span class=\"kt-svg-icon-list-text\"><a href=\"https:\/\/nutskarhunkierros.fi\/fi\/\">NUTS Karhunkierros<\/a><\/span><\/li>\n\n\n<style>.kt-svg-icon-list-item-3288_8860ce-ad .kt-svg-icon-list-text mark.kt-highlight{background-color:unset;font-style:normal;color:#f76a0c;-webkit-box-decoration-break:clone;box-decoration-break:clone;padding-top:0px;padding-right:0px;padding-bottom:0px;padding-left:0px;}<\/style>\n<li class=\"wp-block-kadence-listitem kt-svg-icon-list-item-wrap kt-svg-icon-list-item-3288_8860ce-ad\"><span class=\"kb-svg-icon-wrap kb-svg-icon-fas_heart kt-svg-icon-list-single\"><svg viewBox=\"0 0 512 512\"  fill=\"currentColor\" xmlns=\"http:\/\/www.w3.org\/2000\/svg\"  aria-hidden=\"true\"><path d=\"M462.3 62.6C407.5 15.9 326 24.3 275.7 76.2L256 96.5l-19.7-20.3C186.1 24.3 104.5 15.9 49.7 62.6c-62.8 53.6-66.1 149.8-9.9 207.9l193.5 199.8c12.5 12.9 32.8 12.9 45.3 0l193.5-199.8c56.3-58.1 53-154.3-9.8-207.9z\"\/><\/svg><\/span><span class=\"kt-svg-icon-list-text\"><a href=\"https:\/\/nutssyote.fi\/fi\/\">NUTS Sy\u00f6te<\/a><\/span><\/li>\n\n\n<style>.kt-svg-icon-list-item-3288_d5ab4c-03 .kt-svg-icon-list-text mark.kt-highlight{background-color:unset;font-style:normal;color:#f76a0c;-webkit-box-decoration-break:clone;box-decoration-break:clone;padding-top:0px;padding-right:0px;padding-bottom:0px;padding-left:0px;}<\/style>\n<li class=\"wp-block-kadence-listitem kt-svg-icon-list-item-wrap kt-svg-icon-list-item-3288_d5ab4c-03\"><span class=\"kb-svg-icon-wrap kb-svg-icon-fas_heart kt-svg-icon-list-single\"><svg viewBox=\"0 0 512 512\"  fill=\"currentColor\" xmlns=\"http:\/\/www.w3.org\/2000\/svg\"  aria-hidden=\"true\"><path d=\"M462.3 62.6C407.5 15.9 326 24.3 275.7 76.2L256 96.5l-19.7-20.3C186.1 24.3 104.5 15.9 49.7 62.6c-62.8 53.6-66.1 149.8-9.9 207.9l193.5 199.8c12.5 12.9 32.8 12.9 45.3 0l193.5-199.8c56.3-58.1 53-154.3-9.8-207.9z\"\/><\/svg><\/span><span class=\"kt-svg-icon-list-text\"><a href=\"https:\/\/nutsyllaspallas.com\/fi\/\">NUTS Yll\u00e4s-Pallas<\/a><\/span><\/li>\n\n\n<style>.kt-svg-icon-list-item-3288_20908b-ef .kt-svg-icon-list-text mark.kt-highlight{background-color:unset;font-style:normal;color:#f76a0c;-webkit-box-decoration-break:clone;box-decoration-break:clone;padding-top:0px;padding-right:0px;padding-bottom:0px;padding-left:0px;}<\/style>\n<li class=\"wp-block-kadence-listitem kt-svg-icon-list-item-wrap kt-svg-icon-list-item-3288_20908b-ef\"><span class=\"kb-svg-icon-wrap kb-svg-icon-fas_heart kt-svg-icon-list-single\"><svg viewBox=\"0 0 512 512\"  fill=\"currentColor\" xmlns=\"http:\/\/www.w3.org\/2000\/svg\"  aria-hidden=\"true\"><path d=\"M462.3 62.6C407.5 15.9 326 24.3 275.7 76.2L256 96.5l-19.7-20.3C186.1 24.3 104.5 15.9 49.7 62.6c-62.8 53.6-66.1 149.8-9.9 207.9l193.5 199.8c12.5 12.9 32.8 12.9 45.3 0l193.5-199.8c56.3-58.1 53-154.3-9.8-207.9z\"\/><\/svg><\/span><span class=\"kt-svg-icon-list-text\"><a href=\"https:\/\/nutspyha.fi\/fi\/\">NUTS Pyh\u00e4<\/a><\/span><\/li>\n\n\n<style>.kt-svg-icon-list-item-3288_74be82-74 .kt-svg-icon-list-text mark.kt-highlight{background-color:unset;font-style:normal;color:#f76a0c;-webkit-box-decoration-break:clone;box-decoration-break:clone;padding-top:0px;padding-right:0px;padding-bottom:0px;padding-left:0px;}<\/style>\n<li class=\"wp-block-kadence-listitem kt-svg-icon-list-item-wrap kt-svg-icon-list-item-3288_74be82-74\"><span class=\"kb-svg-icon-wrap kb-svg-icon-fas_heart kt-svg-icon-list-single\"><svg viewBox=\"0 0 512 512\"  fill=\"currentColor\" xmlns=\"http:\/\/www.w3.org\/2000\/svg\"  aria-hidden=\"true\"><path d=\"M462.3 62.6C407.5 15.9 326 24.3 275.7 76.2L256 96.5l-19.7-20.3C186.1 24.3 104.5 15.9 49.7 62.6c-62.8 53.6-66.1 149.8-9.9 207.9l193.5 199.8c12.5 12.9 32.8 12.9 45.3 0l193.5-199.8c56.3-58.1 53-154.3-9.8-207.9z\"\/><\/svg><\/span><span class=\"kt-svg-icon-list-text\"><a href=\"https:\/\/nutshel.fi\/fi\/\">NUTS HEL<\/a><\/span><\/li>\n\n\n<style>.kt-svg-icon-list-item-3288_f7c70e-33 .kt-svg-icon-list-text mark.kt-highlight{background-color:unset;font-style:normal;color:#f76a0c;-webkit-box-decoration-break:clone;box-decoration-break:clone;padding-top:0px;padding-right:0px;padding-bottom:0px;padding-left:0px;}<\/style>\n<li class=\"wp-block-kadence-listitem kt-svg-icon-list-item-wrap kt-svg-icon-list-item-3288_f7c70e-33\"><span class=\"kb-svg-icon-wrap kb-svg-icon-fas_heart kt-svg-icon-list-single\"><svg viewBox=\"0 0 512 512\"  fill=\"currentColor\" xmlns=\"http:\/\/www.w3.org\/2000\/svg\"  aria-hidden=\"true\"><path d=\"M462.3 62.6C407.5 15.9 326 24.3 275.7 76.2L256 96.5l-19.7-20.3C186.1 24.3 104.5 15.9 49.7 62.6c-62.8 53.6-66.1 149.8-9.9 207.9l193.5 199.8c12.5 12.9 32.8 12.9 45.3 0l193.5-199.8c56.3-58.1 53-154.3-9.8-207.9z\"\/><\/svg><\/span><span class=\"kt-svg-icon-list-text\"><a href=\"https:\/\/nutskoykkyri.fi\/fi\/\">NUTS K\u00f6ykkyri<\/a><\/span><\/li>\n\n\n<style>.kt-svg-icon-list-item-3288_f4e72e-90 .kt-svg-icon-list-text mark.kt-highlight{background-color:unset;font-style:normal;color:#f76a0c;-webkit-box-decoration-break:clone;box-decoration-break:clone;padding-top:0px;padding-right:0px;padding-bottom:0px;padding-left:0px;}<\/style>\n<li class=\"wp-block-kadence-listitem kt-svg-icon-list-item-wrap kt-svg-icon-list-item-3288_f4e72e-90\"><span class=\"kb-svg-icon-wrap kb-svg-icon-fas_heart kt-svg-icon-list-single\"><svg viewBox=\"0 0 512 512\"  fill=\"currentColor\" xmlns=\"http:\/\/www.w3.org\/2000\/svg\"  aria-hidden=\"true\"><path d=\"M462.3 62.6C407.5 15.9 326 24.3 275.7 76.2L256 96.5l-19.7-20.3C186.1 24.3 104.5 15.9 49.7 62.6c-62.8 53.6-66.1 149.8-9.9 207.9l193.5 199.8c12.5 12.9 32.8 12.9 45.3 0l193.5-199.8c56.3-58.1 53-154.3-9.8-207.9z\"\/><\/svg><\/span><span class=\"kt-svg-icon-list-text\"><a href=\"https:\/\/nuts.fi\/fi\/tapahtumat\/nuts-kids-juniors\/\">NUTS Kids &amp; Juniors<\/a><\/span><\/li>\n<\/ul><\/div>\n","protected":false},"excerpt":{"rendered":"<p>NUTS Kids &amp; Juniors \u2013 Liikunnan iloa ja ulkoilun riemua perheen pienimmille! Leikkimieliset ja ilont\u00e4yteiset polkujuoksut kutsuvat kaikenik\u00e4iset ja -tasoiset lapset ja nuoret mukaan liikkumaan ja nauttimaan luonnosta. Kaikki reippaat osallistujat saavat oman henkil\u00f6kohtaisen kilpailunumeron ajanottoa varten, ja maalissa odottaa jokaiselle muistoksi mitali upeasta suorituksesta. Juoksijoille on tarjolla my\u00f6s juotavaa ja pient\u00e4 naposteltavaa \u2013 t\u00e4ydellinen&#8230;<\/p>\n","protected":false},"author":1,"featured_media":3666,"parent":2295,"menu_order":10,"comment_status":"closed","ping_status":"closed","template":"","meta":{"_kad_blocks_custom_css":"","_kad_blocks_head_custom_js":"","_kad_blocks_body_custom_js":"","_kad_blocks_footer_custom_js":"","_kad_post_transparent":"","_kad_post_title":"","_kad_post_layout":"","_kad_post_sidebar_id":"","_kad_post_content_style":"","_kad_post_vertical_padding":"","_kad_post_feature":"","_kad_post_feature_position":"","_kad_post_header":false,"_kad_post_footer":false,"_kad_post_classname":"","footnotes":""},"class_list":["post-3288","page","type-page","status-publish","has-post-thumbnail","hentry"],"yoast_head":"<!-- This site is optimized with the Yoast SEO plugin v27.3 - https:\/\/yoast.com\/product\/yoast-seo-wordpress\/ -->\n<title>NUTS Kids &amp; Juniors - NUTS polkujuoksut<\/title>\n<meta name=\"robots\" content=\"index, follow, max-snippet:-1, max-image-preview:large, max-video-preview:-1\" \/>\n<link rel=\"canonical\" href=\"https:\/\/nuts.fi\/fi\/tapahtumat\/nuts-kids-juniors\/\" \/>\n<meta property=\"og:locale\" content=\"fi_FI\" \/>\n<meta property=\"og:type\" content=\"article\" \/>\n<meta property=\"og:title\" content=\"NUTS Kids &amp; Juniors - NUTS polkujuoksut\" \/>\n<meta property=\"og:description\" content=\"NUTS Kids &amp; Juniors \u2013 Liikunnan iloa ja ulkoilun riemua perheen pienimmille! Leikkimieliset ja ilont\u00e4yteiset polkujuoksut kutsuvat kaikenik\u00e4iset ja -tasoiset lapset ja nuoret mukaan liikkumaan ja nauttimaan luonnosta. Kaikki reippaat osallistujat saavat oman henkil\u00f6kohtaisen kilpailunumeron ajanottoa varten, ja maalissa odottaa jokaiselle muistoksi mitali upeasta suorituksesta. Juoksijoille on tarjolla my\u00f6s juotavaa ja pient\u00e4 naposteltavaa \u2013 t\u00e4ydellinen...\" \/>\n<meta property=\"og:url\" content=\"https:\/\/nuts.fi\/fi\/tapahtumat\/nuts-kids-juniors\/\" \/>\n<meta property=\"og:site_name\" content=\"NUTS polkujuoksut\" \/>\n<meta property=\"article:publisher\" content=\"https:\/\/www.facebook.com\/nutstrailrunning\" \/>\n<meta property=\"article:modified_time\" content=\"2026-03-27T07:01:49+00:00\" \/>\n<meta property=\"og:image\" content=\"https:\/\/nuts.fi\/wp-content\/uploads\/2022\/01\/nuts-kids-yllas.jpg\" \/>\n\t<meta property=\"og:image:width\" content=\"2048\" \/>\n\t<meta property=\"og:image:height\" content=\"1152\" \/>\n\t<meta property=\"og:image:type\" content=\"image\/jpeg\" \/>\n<meta name=\"twitter:card\" content=\"summary_large_image\" \/>\n<meta name=\"twitter:site\" content=\"@nutsfi\" \/>\n<meta name=\"twitter:label1\" content=\"Arvioitu lukuaika\" \/>\n\t<meta name=\"twitter:data1\" content=\"2 minuuttia\" \/>\n<script type=\"application\/ld+json\" class=\"yoast-schema-graph\">{\"@context\":\"https:\\\/\\\/schema.org\",\"@graph\":[{\"@type\":\"WebPage\",\"@id\":\"https:\\\/\\\/nuts.fi\\\/fi\\\/tapahtumat\\\/nuts-kids-juniors\\\/\",\"url\":\"https:\\\/\\\/nuts.fi\\\/fi\\\/tapahtumat\\\/nuts-kids-juniors\\\/\",\"name\":\"NUTS Kids &amp; Juniors - NUTS polkujuoksut\",\"isPartOf\":{\"@id\":\"https:\\\/\\\/nuts.fi\\\/fi\\\/#website\"},\"primaryImageOfPage\":{\"@id\":\"https:\\\/\\\/nuts.fi\\\/fi\\\/tapahtumat\\\/nuts-kids-juniors\\\/#primaryimage\"},\"image\":{\"@id\":\"https:\\\/\\\/nuts.fi\\\/fi\\\/tapahtumat\\\/nuts-kids-juniors\\\/#primaryimage\"},\"thumbnailUrl\":\"https:\\\/\\\/nuts.fi\\\/wp-content\\\/uploads\\\/2022\\\/01\\\/nuts-kids-yllas.jpg\",\"datePublished\":\"2021-06-30T12:19:25+00:00\",\"dateModified\":\"2026-03-27T07:01:49+00:00\",\"breadcrumb\":{\"@id\":\"https:\\\/\\\/nuts.fi\\\/fi\\\/tapahtumat\\\/nuts-kids-juniors\\\/#breadcrumb\"},\"inLanguage\":\"fi\",\"potentialAction\":[{\"@type\":\"ReadAction\",\"target\":[\"https:\\\/\\\/nuts.fi\\\/fi\\\/tapahtumat\\\/nuts-kids-juniors\\\/\"]}]},{\"@type\":\"ImageObject\",\"inLanguage\":\"fi\",\"@id\":\"https:\\\/\\\/nuts.fi\\\/fi\\\/tapahtumat\\\/nuts-kids-juniors\\\/#primaryimage\",\"url\":\"https:\\\/\\\/nuts.fi\\\/wp-content\\\/uploads\\\/2022\\\/01\\\/nuts-kids-yllas.jpg\",\"contentUrl\":\"https:\\\/\\\/nuts.fi\\\/wp-content\\\/uploads\\\/2022\\\/01\\\/nuts-kids-yllas.jpg\",\"width\":2048,\"height\":1152},{\"@type\":\"BreadcrumbList\",\"@id\":\"https:\\\/\\\/nuts.fi\\\/fi\\\/tapahtumat\\\/nuts-kids-juniors\\\/#breadcrumb\",\"itemListElement\":[{\"@type\":\"ListItem\",\"position\":1,\"name\":\"Etusivu\",\"item\":\"https:\\\/\\\/nuts.fi\\\/fi\\\/\"},{\"@type\":\"ListItem\",\"position\":2,\"name\":\"NUTS -polkujuoksutapahtumat\",\"item\":\"https:\\\/\\\/nuts.fi\\\/fi\\\/tapahtumat\\\/\"},{\"@type\":\"ListItem\",\"position\":3,\"name\":\"NUTS Kids &amp; Juniors\"}]},{\"@type\":\"WebSite\",\"@id\":\"https:\\\/\\\/nuts.fi\\\/fi\\\/#website\",\"url\":\"https:\\\/\\\/nuts.fi\\\/fi\\\/\",\"name\":\"NUTS \u2013 Ihan parasta poluilla!\",\"description\":\"Ihan parasta poluilla!\",\"publisher\":{\"@id\":\"https:\\\/\\\/nuts.fi\\\/fi\\\/#organization\"},\"potentialAction\":[{\"@type\":\"SearchAction\",\"target\":{\"@type\":\"EntryPoint\",\"urlTemplate\":\"https:\\\/\\\/nuts.fi\\\/fi\\\/?s={search_term_string}\"},\"query-input\":{\"@type\":\"PropertyValueSpecification\",\"valueRequired\":true,\"valueName\":\"search_term_string\"}}],\"inLanguage\":\"fi\"},{\"@type\":\"Organization\",\"@id\":\"https:\\\/\\\/nuts.fi\\\/fi\\\/#organization\",\"name\":\"Northern Ultra Trail Service - NUTS oy\",\"url\":\"https:\\\/\\\/nuts.fi\\\/fi\\\/\",\"logo\":{\"@type\":\"ImageObject\",\"inLanguage\":\"fi\",\"@id\":\"https:\\\/\\\/nuts.fi\\\/fi\\\/#\\\/schema\\\/logo\\\/image\\\/\",\"url\":\"https:\\\/\\\/nuts.fi\\\/wp-content\\\/uploads\\\/2025\\\/02\\\/nuts-logo-white.svg\",\"contentUrl\":\"https:\\\/\\\/nuts.fi\\\/wp-content\\\/uploads\\\/2025\\\/02\\\/nuts-logo-white.svg\",\"caption\":\"Northern Ultra Trail Service - NUTS oy\"},\"image\":{\"@id\":\"https:\\\/\\\/nuts.fi\\\/fi\\\/#\\\/schema\\\/logo\\\/image\\\/\"},\"sameAs\":[\"https:\\\/\\\/www.facebook.com\\\/nutstrailrunning\",\"https:\\\/\\\/x.com\\\/nutsfi\",\"https:\\\/\\\/www.instagram.com\\\/nutsfi\\\/\"]}]}<\/script>\n<!-- \/ Yoast SEO plugin. -->","yoast_head_json":{"title":"NUTS Kids &amp; Juniors - NUTS polkujuoksut","robots":{"index":"index","follow":"follow","max-snippet":"max-snippet:-1","max-image-preview":"max-image-preview:large","max-video-preview":"max-video-preview:-1"},"canonical":"https:\/\/nuts.fi\/fi\/tapahtumat\/nuts-kids-juniors\/","og_locale":"fi_FI","og_type":"article","og_title":"NUTS Kids &amp; Juniors - NUTS polkujuoksut","og_description":"NUTS Kids &amp; Juniors \u2013 Liikunnan iloa ja ulkoilun riemua perheen pienimmille! Leikkimieliset ja ilont\u00e4yteiset polkujuoksut kutsuvat kaikenik\u00e4iset ja -tasoiset lapset ja nuoret mukaan liikkumaan ja nauttimaan luonnosta. Kaikki reippaat osallistujat saavat oman henkil\u00f6kohtaisen kilpailunumeron ajanottoa varten, ja maalissa odottaa jokaiselle muistoksi mitali upeasta suorituksesta. Juoksijoille on tarjolla my\u00f6s juotavaa ja pient\u00e4 naposteltavaa \u2013 t\u00e4ydellinen...","og_url":"https:\/\/nuts.fi\/fi\/tapahtumat\/nuts-kids-juniors\/","og_site_name":"NUTS polkujuoksut","article_publisher":"https:\/\/www.facebook.com\/nutstrailrunning","article_modified_time":"2026-03-27T07:01:49+00:00","og_image":[{"width":2048,"height":1152,"url":"https:\/\/nuts.fi\/wp-content\/uploads\/2022\/01\/nuts-kids-yllas.jpg","type":"image\/jpeg"}],"twitter_card":"summary_large_image","twitter_site":"@nutsfi","twitter_misc":{"Arvioitu lukuaika":"2 minuuttia"},"schema":{"@context":"https:\/\/schema.org","@graph":[{"@type":"WebPage","@id":"https:\/\/nuts.fi\/fi\/tapahtumat\/nuts-kids-juniors\/","url":"https:\/\/nuts.fi\/fi\/tapahtumat\/nuts-kids-juniors\/","name":"NUTS Kids &amp; Juniors - NUTS polkujuoksut","isPartOf":{"@id":"https:\/\/nuts.fi\/fi\/#website"},"primaryImageOfPage":{"@id":"https:\/\/nuts.fi\/fi\/tapahtumat\/nuts-kids-juniors\/#primaryimage"},"image":{"@id":"https:\/\/nuts.fi\/fi\/tapahtumat\/nuts-kids-juniors\/#primaryimage"},"thumbnailUrl":"https:\/\/nuts.fi\/wp-content\/uploads\/2022\/01\/nuts-kids-yllas.jpg","datePublished":"2021-06-30T12:19:25+00:00","dateModified":"2026-03-27T07:01:49+00:00","breadcrumb":{"@id":"https:\/\/nuts.fi\/fi\/tapahtumat\/nuts-kids-juniors\/#breadcrumb"},"inLanguage":"fi","potentialAction":[{"@type":"ReadAction","target":["https:\/\/nuts.fi\/fi\/tapahtumat\/nuts-kids-juniors\/"]}]},{"@type":"ImageObject","inLanguage":"fi","@id":"https:\/\/nuts.fi\/fi\/tapahtumat\/nuts-kids-juniors\/#primaryimage","url":"https:\/\/nuts.fi\/wp-content\/uploads\/2022\/01\/nuts-kids-yllas.jpg","contentUrl":"https:\/\/nuts.fi\/wp-content\/uploads\/2022\/01\/nuts-kids-yllas.jpg","width":2048,"height":1152},{"@type":"BreadcrumbList","@id":"https:\/\/nuts.fi\/fi\/tapahtumat\/nuts-kids-juniors\/#breadcrumb","itemListElement":[{"@type":"ListItem","position":1,"name":"Etusivu","item":"https:\/\/nuts.fi\/fi\/"},{"@type":"ListItem","position":2,"name":"NUTS -polkujuoksutapahtumat","item":"https:\/\/nuts.fi\/fi\/tapahtumat\/"},{"@type":"ListItem","position":3,"name":"NUTS Kids &amp; Juniors"}]},{"@type":"WebSite","@id":"https:\/\/nuts.fi\/fi\/#website","url":"https:\/\/nuts.fi\/fi\/","name":"NUTS \u2013 Ihan parasta poluilla!","description":"Ihan parasta poluilla!","publisher":{"@id":"https:\/\/nuts.fi\/fi\/#organization"},"potentialAction":[{"@type":"SearchAction","target":{"@type":"EntryPoint","urlTemplate":"https:\/\/nuts.fi\/fi\/?s={search_term_string}"},"query-input":{"@type":"PropertyValueSpecification","valueRequired":true,"valueName":"search_term_string"}}],"inLanguage":"fi"},{"@type":"Organization","@id":"https:\/\/nuts.fi\/fi\/#organization","name":"Northern Ultra Trail Service - NUTS oy","url":"https:\/\/nuts.fi\/fi\/","logo":{"@type":"ImageObject","inLanguage":"fi","@id":"https:\/\/nuts.fi\/fi\/#\/schema\/logo\/image\/","url":"https:\/\/nuts.fi\/wp-content\/uploads\/2025\/02\/nuts-logo-white.svg","contentUrl":"https:\/\/nuts.fi\/wp-content\/uploads\/2025\/02\/nuts-logo-white.svg","caption":"Northern Ultra Trail Service - NUTS oy"},"image":{"@id":"https:\/\/nuts.fi\/fi\/#\/schema\/logo\/image\/"},"sameAs":["https:\/\/www.facebook.com\/nutstrailrunning","https:\/\/x.com\/nutsfi","https:\/\/www.instagram.com\/nutsfi\/"]}]}},"taxonomy_info":[],"featured_image_src_large":["https:\/\/nuts.fi\/wp-content\/uploads\/2022\/01\/nuts-kids-yllas-1024x576.jpg",1024,576,true],"author_info":{"display_name":"nuts","author_link":"https:\/\/nuts.fi\/fi\/author\/nuts\/"},"comment_info":0,"_links":{"self":[{"href":"https:\/\/nuts.fi\/fi\/wp-json\/wp\/v2\/pages\/3288","targetHints":{"allow":["GET"]}}],"collection":[{"href":"https:\/\/nuts.fi\/fi\/wp-json\/wp\/v2\/pages"}],"about":[{"href":"https:\/\/nuts.fi\/fi\/wp-json\/wp\/v2\/types\/page"}],"author":[{"embeddable":true,"href":"https:\/\/nuts.fi\/fi\/wp-json\/wp\/v2\/users\/1"}],"replies":[{"embeddable":true,"href":"https:\/\/nuts.fi\/fi\/wp-json\/wp\/v2\/comments?post=3288"}],"version-history":[{"count":19,"href":"https:\/\/nuts.fi\/fi\/wp-json\/wp\/v2\/pages\/3288\/revisions"}],"predecessor-version":[{"id":6957,"href":"https:\/\/nuts.fi\/fi\/wp-json\/wp\/v2\/pages\/3288\/revisions\/6957"}],"up":[{"embeddable":true,"href":"https:\/\/nuts.fi\/fi\/wp-json\/wp\/v2\/pages\/2295"}],"wp:featuredmedia":[{"embeddable":true,"href":"https:\/\/nuts.fi\/fi\/wp-json\/wp\/v2\/media\/3666"}],"wp:attachment":[{"href":"https:\/\/nuts.fi\/fi\/wp-json\/wp\/v2\/media?parent=3288"}],"curies":[{"name":"wp","href":"https:\/\/api.w.org\/{rel}","templated":true}]}}