{"id":2731,"date":"2020-02-25T11:42:02","date_gmt":"2020-02-25T09:42:02","guid":{"rendered":"https:\/\/nuts.fi\/?page_id=2731"},"modified":"2026-02-05T09:14:30","modified_gmt":"2026-02-05T07:14:30","slug":"vastuullisuus","status":"publish","type":"page","link":"https:\/\/nuts.fi\/fi\/tietoa\/vastuullisuus\/","title":{"rendered":"Vastuullisuus"},"content":{"rendered":"\n<div class=\"wp-block-columns is-layout-flex wp-container-core-columns-is-layout-9d6595d7 wp-block-columns-is-layout-flex\">\n<div class=\"wp-block-column is-layout-flow wp-block-column-is-layout-flow\">\n<h3 class=\"wp-block-heading has-text-align-left\"><strong>NUTS TUOTTAA VASTUULLISIA &amp; LUONTOA KUNNIOITTAVIA POLKUJUOKSUTAPAHTUMIA<\/strong><\/h3>\n\n\n\n<p class=\"has-text-align-left\">J\u00e4rjest\u00e4mme Suomen suurimpia NUTS -polkujuoksutapahtumia upeissa suomalaisissa kansallispuistossa &#8211; puhtaan luonnon keskell\u00e4! NUTSilaisille ymp\u00e4rist\u00f6n hyvinvointi, sen s\u00e4ilyminen ja luontoarvojen huomioiminen ovat ensisijaisia arvoja suunnitellessamme tapahtumia. Olemme laatineet vuodelle 2026 &#8211; 2028 vastuullisuussuunnitelman, jonka avulla kehit\u00e4mme vastuullisuustoimintaa ja teemme sit\u00e4 yh\u00e4 enemm\u00e4n n\u00e4kyv\u00e4ksi tapahtumissa. <\/p>\n<\/div>\n<\/div>\n\n\n\n<div class=\"wp-block-group\"><div class=\"wp-block-group__inner-container is-layout-constrained wp-block-group-is-layout-constrained\">\n<div class=\"wp-block-columns is-layout-flex wp-container-core-columns-is-layout-9d6595d7 wp-block-columns-is-layout-flex\">\n<div class=\"wp-block-column is-layout-flow wp-block-column-is-layout-flow\">\n<h3 class=\"wp-block-heading has-text-align-left\">Kansallipuistot ovat kotikentt\u00e4mme ja siksi haluammekin pit\u00e4\u00e4 niist\u00e4 hyv\u00e4\u00e4 huolta &lt;3<\/h3>\n\n\n\n<p class=\"has-text-align-left\">NUTSin p\u00e4\u00e4tavoitteena on huolehtia kansallispuistoista. Koemme t\u00e4rke\u00e4n\u00e4 teht\u00e4v\u00e4n\u00e4 tarjota ihmisille mahdollisuuden liikkua ja nauttia upeasta luonnosta, mutta ensisijaisesti kuitenkin huolehtia kotikent\u00e4st\u00e4mme.&nbsp;Tiedostamme ymp\u00e4rist\u00f6n herkkyyden ja rajoituksen, jonka vuoksi suunnittelemme jokaisen reittimme huolella k\u00e4ytt\u00e4en mets\u00e4hallituksen hyv\u00e4ksymi\u00e4 reittej\u00e4. NUTS-tapahtumissa ei rajoiteta kansallispuiston k\u00e4ytt\u00f6\u00e4 tapahtuman aikana, vaan kaikki luonnossaliikkujat ovat tervetulleita kansallispuistoon my\u00f6s NUTS tapahtumien aikana.<\/p>\n<\/div>\n<\/div>\n\n\n\n<p class=\"has-text-align-left\">Tiedostamme sen, ett\u00e4 tapahtumamme aiheuttavat kuormitusta sek\u00e4 ilmastolle, kansallispuistojen luonnolle, sek\u00e4 tapahtumissa k\u00e4ytett\u00e4ville poluille. N\u00e4emme ehdottoman t\u00e4rke\u00e4n\u00e4 sen, ett\u00e4 kuormitus saadaan minimoitua ja juoksijoiden ymp\u00e4rist\u00f6tietoisuutta lis\u00e4tty\u00e4. Tavoitteemme on saada mahdollisimman moni ihminen liikkumaan puhtaassa luonnossa ja n\u00e4in oppivan arvostamaan ja kunnioittamaan sit\u00e4 ainutlaatuista aarretta, joka meill\u00e4 suomalaisilla kotimaassamme on.<\/p>\n<\/div><\/div>\n\n\n\n<div class=\"wp-block-columns is-layout-flex wp-container-core-columns-is-layout-9d6595d7 wp-block-columns-is-layout-flex\">\n<div class=\"wp-block-column is-layout-flow wp-block-column-is-layout-flow\">\n<h3 class=\"wp-block-heading has-text-align-left\">Luomme turvallisia tapahtumia my\u00f6s keskell\u00e4 er\u00e4maata<\/h3>\n\n\n\n<p class=\"has-text-align-left\">Liikkuminen ja ajoneuvojen k\u00e4ytt\u00f6 on miettit\u00e4v\u00e4 huolella etuk\u00e4teen, eik\u00e4 m\u00f6nkk\u00e4rill\u00e4 saa miss\u00e4\u00e4n olosuhteissa rynn\u00e4t\u00e4 suinp\u00e4in mets\u00e4\u00e4n. Maastossa kulkeminen muutoin kuin jalkaisin on neuvoteltava aina erikseen Mets\u00e4hallituksen ja muiden maanomistajien kanssa. Polkujuoksijat tiedostavat, ett\u00e4 ongelmien sattuessa maastosta p\u00e4\u00e4see pois useimmiten ainoastaan k\u00e4velem\u00e4ll\u00e4. J\u00e4re\u00e4mm\u00e4t pelastusoperaatiot kansallispuistojen alueella hoidetaan aina pelastuslaitoksen toimesta.<\/p>\n\n\n\n<p class=\"has-text-align-left\">Kerromme jokaisesta tapahtumasta avoimesti reitteihin  ja turvallisuuteen liittyvist\u00e4 tekij\u00f6ist\u00e4, jotta osallistujat voivat varautua ja toimia turvallisesti.<\/p>\n\n\n\n<p><strong>Reitit ja olosuhteet<\/strong><\/p>\n\n\n\n<ul class=\"wp-block-list\">\n<li>Reiteill\u00e4 on jokien, purojen ja teiden ylityksi\u00e4, joissa edellytet\u00e4\u00e4n erityist\u00e4 varovaisuutta.<\/li>\n\n\n\n<li>Tunturiymp\u00e4rist\u00f6ss\u00e4 s\u00e4\u00e4olosuhteet voivat muuttua nopeasti, my\u00f6s kes\u00e4aikaan.<\/li>\n\n\n\n<li>Huonon n\u00e4kyvyyden aikana reittimerkint\u00f6jen seuraaminen on ensiarvoisen t\u00e4rke\u00e4\u00e4.<\/li>\n<\/ul>\n\n\n\n<p><strong>Maasto ja turvallinen eteneminen<\/strong><\/p>\n\n\n\n<ul class=\"wp-block-list\">\n<li>Reitit ovat vaativia korkeuserojen, ep\u00e4tasaisen alustan ja liukkauden vuoksi.<\/li>\n\n\n\n<li>Pitkospuut, kivet, kalliot ja puiden juuret voivat olla liukkaita, ja paikoin polku voi olla pehme\u00e4 ja mutainen.<\/li>\n\n\n\n<li>Alam\u00e4iss\u00e4 vauhti voi kiihty\u00e4, mik\u00e4 edellytt\u00e4\u00e4 erityist\u00e4 tarkkaavaisuutta.<\/li>\n\n\n\n<li>Osa pitkospoluista voi olla huonokuntoisia, jolloin turvallisempi vaihtoehto on edet\u00e4 niiden vierest\u00e4.<\/li>\n<\/ul>\n\n\n\n<p><strong>Luonnon kunnioittaminen<\/strong><\/p>\n\n\n\n<ul class=\"wp-block-list\">\n<li>Osa reiteist\u00e4 kulkee Pallas\u2013Yll\u00e4stunturin kansallispuiston alueella. Liikkuminen on sallittua ainoastaan merkityill\u00e4 reiteill\u00e4 luonnon suojelemiseksi.<\/li>\n\n\n\n<li>Pallas\u2013Hetta-v\u00e4lill\u00e4 liikkuvan, k\u00e4velem\u00e4\u00e4n kykenem\u00e4tt\u00f6m\u00e4n henkil\u00f6n evakuointi on mahdollista vain helikopterilla kansallisen pelastuspalvelun p\u00e4\u00e4t\u00f6ksest\u00e4.<\/li>\n<\/ul>\n\n\n\n<p><strong>Osallistujan vastuu ja varautuminen<\/strong><\/p>\n\n\n\n<ul class=\"wp-block-list\">\n<li>Osallistujia kannustetaan huolehtimaan riitt\u00e4v\u00e4st\u00e4 nesteytyksest\u00e4 ja suolojen saannista.<\/li>\n\n\n\n<li>Pieniss\u00e4 vammoissa, kuten nilkan nyrj\u00e4hdyksess\u00e4, ensiapuna toimivat kylm\u00e4, koho ja kompressio.<\/li>\n\n\n\n<li>Mik\u00e4li matkaa ei pysty jatkamaan, on t\u00e4rke\u00e4\u00e4 pysy\u00e4 l\u00e4mpim\u00e4n\u00e4 ja hakeutua j\u00e4rjest\u00e4j\u00e4n ohjeistamaan paikkaan.<\/li>\n<\/ul>\n\n\n\n<p><strong>Yhteinen vastuu<\/strong><\/p>\n\n\n\n<ul class=\"wp-block-list\">\n<li>Turvallinen ja onnistunut tapahtuma syntyy yhteisty\u00f6ss\u00e4. Jokaisen osallistujan vastuullinen toiminta edist\u00e4\u00e4 sek\u00e4 omaa ett\u00e4 muiden turvallisuutta.<\/li>\n<\/ul>\n\n\n\n<h3 class=\"wp-block-heading\"><strong>NUTS kantaa sosiaalisen vastuun<\/strong><\/h3>\n\n\n\n<p class=\"has-text-align-left\"><strong>NUTS polut ovat avoinna kaikille<\/strong> &lt;3 NUTSeilla yhdenvertaisuus ja tasa-arvo ovat keski\u00f6ss\u00e4. Kaikki ovat tervetulleita mukaan juuri sellaisina kuin ovat. Meill\u00e4 on nollatoleranssi syrjinn\u00e4lle ja h\u00e4irinn\u00e4lle, ja haluamme luoda turvallisen ja kunnioittavan ymp\u00e4rist\u00f6n kaikille osallistujille.  Samalla haluamme olla avoimia ja rehellisi\u00e4: tapahtuma-alueemme pyrkii olemaan mahdollisimman esteet\u00f6n, mutta valitettavasti polut eiv\u00e4t ole esteett\u00f6mi\u00e4. Toivomme, ett\u00e4 t\u00e4m\u00e4 auttaa jokaista arvioimaan omaa osallistumistaan ja l\u00f6yt\u00e4m\u00e4\u00e4n itselleen sopivan tavan olla mukana.<br><br><strong>NUTS tukee jokaisessa tapahtumassa paikallisia toimijoita<\/strong> sek\u00e4 yhdistyksi\u00e4 esimerkiksi: mahdollistamalla paikallisille talkooporukoille ty\u00f6t\u00e4 tapahtumissamme sek\u00e4 tekem\u00e4ll\u00e4 yhteisty\u00f6t\u00e4 paikallisten yritt\u00e4jien kanssa. NUTS huolehtii kaikkien osallistujien turvallisuudesta ammattitaitoisen ensiavun sek\u00e4 huolellisen reittisuunnittelun kautta. Kannustamme kaikkia juoksijoita rohkeasti l\u00e4htem\u00e4\u00e4n NUTS poluille luomalla yhteis\u00f6llisyytt\u00e4 tapahtumissamme.<br><br><\/p>\n<\/div>\n<\/div>\n\n\n\n<h3 class=\"wp-block-heading\"><strong>Tapahtumissamme noudatetaan polkujuoksijan etiketti\u00e4<\/strong><\/h3>\n\n\n\n<p>Trail Running -nettisivuilta l\u00f6ytyv\u00e4 Polkujuoksijan etiketti on yhteinen s\u00e4\u00e4nt\u00f6nuora Buff Trail Tour Finlandin ja Ultra Trail Tour Finlandin -sarjojen osakilpailuille. Osakilpailujen j\u00e4rjest\u00e4j\u00e4t suosittelevat k\u00e4ytt\u00e4m\u00e4\u00e4n samoja s\u00e4\u00e4bt\u00f6j\u00e4 kaikissa Suomessa j\u00e4rjestett\u00e4viss\u00e4 polkujuoksutapahtumissa. NUTS noudattaa polkujuoksijan etiketti\u00e4 jokaisessa tapahtumassaan.<\/p>\n\n\n\n<div class=\"wp-block-buttons is-layout-flex wp-block-buttons-is-layout-flex\">\n<div class=\"wp-block-button\"><a class=\"wp-block-button__link wp-element-button\" href=\"https:\/\/www.trailrunning.fi\/bttf-tapahtumien-kilpailusaannot\/\">Tutustu Polkujuoksijan etikettiin t\u00e4\u00e4lt\u00e4!<\/a><\/div>\n<\/div>\n\n\n\n<div class=\"wp-block-columns is-layout-flex wp-container-core-columns-is-layout-9d6595d7 wp-block-columns-is-layout-flex\">\n<div class=\"wp-block-column is-layout-flow wp-block-column-is-layout-flow\">\n<div class=\"wp-block-columns is-layout-flex wp-container-core-columns-is-layout-9d6595d7 wp-block-columns-is-layout-flex\">\n<div class=\"wp-block-column is-layout-flow wp-block-column-is-layout-flow\"><style>.kt-img-overlay2731_379acc-d9 .kt-image-overlay-wrap{max-width:2024px;overflow:hidden;}.kt-img-overlay2731_379acc-d9 .kt-image-overlay-wrap .kt-block-intrisic{padding-bottom:66.6502%;}.kt-img-overlay2731_379acc-d9 .kt-image-overlay-wrap:has(:focus-visible) .kt-image-overlay-color-wrapper{opacity:1 !important;}.kt-img-overlay2731_379acc-d9 .kt-image-overlay-wrap:hover .kt-image-overlay-color-wrapper{opacity:1 !important;}.kt-img-overlay2731_379acc-d9 .kt-image-overlay-color{background-color:#2d430d;opacity:0.68;}.kt-img-overlay2731_379acc-d9 .kt-image-overlay-message{border-top:2px solid rgba(255,255,255,0.8);border-right:2px solid rgba(255,255,255,0.8);border-bottom:2px solid rgba(255,255,255,0.8);border-left:2px solid rgba(255,255,255,0.8);inset:10px;}.wp-block-kadence-imageoverlay.kt-img-overlay2731_379acc-d9 .kt-image-overlay-message .image-overlay-title{color:#fff;background:rgba(0, 0, 0, 0);padding-top:5px;padding-right:5px;padding-bottom:5px;padding-left:5px;margin-top:0px;margin-right:0px;margin-bottom:0px;margin-left:0px;font-weight:regular;font-style:normal;}.kt-img-overlay2731_379acc-d9 .kt-image-overlay-divider{border-top-color:#fff;border-top-width:1px;width:80%;border-top-style:none;}.wp-block-kadence-imageoverlay.kt-img-overlay2731_379acc-d9 .kt-image-overlay-message .image-overlay-subtitle{color:#fff;background:rgba(0, 0, 0, 0);padding-top:5px;padding-right:5px;padding-bottom:5px;padding-left:5px;margin-top:0px;margin-right:0px;margin-bottom:0px;margin-left:0px;font-weight:regular;font-style:normal;}@media all and (max-width: 1024px){.kt-img-overlay2731_379acc-d9 .kt-image-overlay-wrap{max-width:2024px;}}@media all and (max-width: 1024px){.kt-img-overlay2731_379acc-d9 .kt-image-overlay-message{border-top:2px solid rgba(255,255,255,0.8);border-right:2px solid rgba(255,255,255,0.8);border-bottom:2px solid rgba(255,255,255,0.8);border-left:2px solid rgba(255,255,255,0.8);}}@media all and (max-width: 767px){.kt-img-overlay2731_379acc-d9 .kt-image-overlay-wrap{max-width:2024px;}.kt-img-overlay2731_379acc-d9 .kt-image-overlay-message{border-top:2px solid rgba(255,255,255,0.8);border-right:2px solid rgba(255,255,255,0.8);border-bottom:2px solid rgba(255,255,255,0.8);border-left:2px solid rgba(255,255,255,0.8);}}<\/style>\n<div class=\"kt-img-overlay2731_379acc-d9 aligncenter wp-block-kadence-imageoverlay\"><div class=\"kt-image-overlay-wrap kt-over-image-zoomin\"><div class=\"kt-block-intrisic\"><img loading=\"lazy\" decoding=\"async\" src=\"https:\/\/nuts.fi\/wp-content\/uploads\/2025\/07\/vesihanat.jpg\" alt=\"\" width=\"2024\" height=\"1349\" class=\"kt-img-overlay wp-image-6232\" srcset=\"https:\/\/nuts.fi\/wp-content\/uploads\/2025\/07\/vesihanat.jpg 2024w, https:\/\/nuts.fi\/wp-content\/uploads\/2025\/07\/vesihanat-300x200.jpg 300w, https:\/\/nuts.fi\/wp-content\/uploads\/2025\/07\/vesihanat-1024x682.jpg 1024w, https:\/\/nuts.fi\/wp-content\/uploads\/2025\/07\/vesihanat-768x512.jpg 768w, https:\/\/nuts.fi\/wp-content\/uploads\/2025\/07\/vesihanat-1536x1024.jpg 1536w\" sizes=\"auto, (max-width: 2024px) 100vw, 2024px\" \/><div class=\"kt-image-overlay-color-wrapper\"><div class=\"kt-image-overlay-color\"><\/div><\/div><a href=\"https:\/\/nuts.fi\/fi\/olemme-oikealla-polulla\/\" title=\"Olemme oikealla polulla\" class=\"kt-imageoverlay-link\"><div class=\"kt-image-overlay-message kt-over-substyle-hidden_below kt-over-valign-center kt-over-halign-center\"><div class=\"kt-image-overlay-inner\"><h3 class=\"image-overlay-title\" tabindex=\"0\">Lue artikkeli toimenpiteist\u00e4mme kuorituksen v\u00e4hent\u00e4miseksi<\/h3><p class=\"image-overlay-subtitle\" tabindex=\"0\"><\/p><\/div><\/div><\/a><\/div><\/div><\/div>\n<\/div>\n\n\n\n<div class=\"wp-block-column is-layout-flow wp-block-column-is-layout-flow\">\n<h3 class=\"wp-block-heading has-text-align-center\">Tehostamme vuosittaisia toimia kuormituksen pienent\u00e4miseksi<\/h3>\n\n\n\n<p>Vastuullisena tapahtumatuottajana tehostamme vuosittain toimiamme polkujuoksutapahtumiemme kokonaiskuormituksen pienent\u00e4miseksi. Arvioimme ja havainnoimme vuosittain tapahtumiemme vaikutuksia ymp\u00e4rist\u00f6\u00f6n, reitteihin sek\u00e4 luontoon ja k\u00e4yt\u00e4mme havaintoja seuraavan vuoden suunnittelussa. <br><br>Tavoitteenamme on vuosittain kehitt\u00e4\u00e4 reittej\u00e4 niin ett\u00e4 niiden kuluminen minimoidaan, tehostaa j\u00e4tehuoltoa, tehd\u00e4 tapahtumista viel\u00e4kin enemm\u00e4n ymp\u00e4rist\u00f6yst\u00e4v\u00e4llisi\u00e4 sek\u00e4 ohjeistaa osallistujia toimimaan ohjeistuksien mukaisesti. <br><br>Kehit\u00e4mme tapahtumiamme jatkuvasti niin, ett\u00e4 niiden ekologinen jalanj\u00e4lki pienenee ja voimme tarjota n\u00e4in osallistujille vastuullisempia ja kest\u00e4vi\u00e4 tapahtumael\u00e4myksi\u00e4.<\/p>\n<\/div>\n<\/div>\n<\/div>\n<\/div>\n\n\n\n\n\n\n\n\n\n<div data-wp-interactive=\"core\/file\" class=\"wp-block-file\"><object data-wp-bind--hidden=\"!state.hasPdfPreview\" hidden class=\"wp-block-file__embed\" data=\"https:\/\/nuts.fi\/wp-content\/uploads\/2026\/02\/Vastuullisuussuunnitelma-2026-2027-1.pdf\" type=\"application\/pdf\" style=\"width:100%;height:600px\" aria-label=\"Tiedoston Vastuullisuussuunnitelma 2026 - 2027 upotus.\"><\/object><a id=\"wp-block-file--media-6327ef50-c676-4c6e-8b00-8cd4db87f455\" href=\"https:\/\/nuts.fi\/wp-content\/uploads\/2026\/02\/Vastuullisuussuunnitelma-2026-2027-1.pdf\">Vastuullisuussuunnitelma 2026 &#8211; 2027<\/a><a href=\"https:\/\/nuts.fi\/wp-content\/uploads\/2026\/02\/Vastuullisuussuunnitelma-2026-2027-1.pdf\" class=\"wp-block-file__button wp-element-button\" download aria-describedby=\"wp-block-file--media-6327ef50-c676-4c6e-8b00-8cd4db87f455\">Lataa<\/a><\/div>\n","protected":false},"excerpt":{"rendered":"<p>NUTS TUOTTAA VASTUULLISIA &amp; LUONTOA KUNNIOITTAVIA POLKUJUOKSUTAPAHTUMIA J\u00e4rjest\u00e4mme Suomen suurimpia NUTS -polkujuoksutapahtumia upeissa suomalaisissa kansallispuistossa &#8211; puhtaan luonnon keskell\u00e4! NUTSilaisille ymp\u00e4rist\u00f6n hyvinvointi, sen s\u00e4ilyminen ja luontoarvojen huomioiminen ovat ensisijaisia arvoja suunnitellessamme tapahtumia. Olemme laatineet vuodelle 2026 &#8211; 2028 vastuullisuussuunnitelman, jonka avulla kehit\u00e4mme vastuullisuustoimintaa ja teemme sit\u00e4 yh\u00e4 enemm\u00e4n n\u00e4kyv\u00e4ksi tapahtumissa. Kansallipuistot ovat kotikentt\u00e4mme ja siksi&#8230;<\/p>\n","protected":false},"author":1,"featured_media":6172,"parent":82,"menu_order":0,"comment_status":"closed","ping_status":"closed","template":"","meta":{"_kad_blocks_custom_css":"","_kad_blocks_head_custom_js":"","_kad_blocks_body_custom_js":"","_kad_blocks_footer_custom_js":"","_kad_post_transparent":"","_kad_post_title":"","_kad_post_layout":"","_kad_post_sidebar_id":"","_kad_post_content_style":"","_kad_post_vertical_padding":"","_kad_post_feature":"","_kad_post_feature_position":"","_kad_post_header":false,"_kad_post_footer":false,"_kad_post_classname":"","footnotes":""},"class_list":["post-2731","page","type-page","status-publish","has-post-thumbnail","hentry"],"yoast_head":"<!-- This site is optimized with the Yoast SEO plugin v27.3 - https:\/\/yoast.com\/product\/yoast-seo-wordpress\/ -->\n<title>Vastuullisuus - NUTS polkujuoksut<\/title>\n<meta name=\"robots\" content=\"index, follow, max-snippet:-1, max-image-preview:large, max-video-preview:-1\" \/>\n<link rel=\"canonical\" href=\"https:\/\/nuts.fi\/fi\/tietoa\/vastuullisuus\/\" \/>\n<meta property=\"og:locale\" content=\"fi_FI\" \/>\n<meta property=\"og:type\" content=\"article\" \/>\n<meta property=\"og:title\" content=\"Vastuullisuus - NUTS polkujuoksut\" \/>\n<meta property=\"og:description\" content=\"NUTS TUOTTAA VASTUULLISIA &amp; LUONTOA KUNNIOITTAVIA POLKUJUOKSUTAPAHTUMIA J\u00e4rjest\u00e4mme Suomen suurimpia NUTS -polkujuoksutapahtumia upeissa suomalaisissa kansallispuistossa &#8211; puhtaan luonnon keskell\u00e4! NUTSilaisille ymp\u00e4rist\u00f6n hyvinvointi, sen s\u00e4ilyminen ja luontoarvojen huomioiminen ovat ensisijaisia arvoja suunnitellessamme tapahtumia. Olemme laatineet vuodelle 2026 &#8211; 2028 vastuullisuussuunnitelman, jonka avulla kehit\u00e4mme vastuullisuustoimintaa ja teemme sit\u00e4 yh\u00e4 enemm\u00e4n n\u00e4kyv\u00e4ksi tapahtumissa. Kansallipuistot ovat kotikentt\u00e4mme ja siksi...\" \/>\n<meta property=\"og:url\" content=\"https:\/\/nuts.fi\/fi\/tietoa\/vastuullisuus\/\" \/>\n<meta property=\"og:site_name\" content=\"NUTS polkujuoksut\" \/>\n<meta property=\"article:publisher\" content=\"https:\/\/www.facebook.com\/nutstrailrunning\" \/>\n<meta property=\"article:modified_time\" content=\"2026-02-05T07:14:30+00:00\" \/>\n<meta property=\"og:image\" content=\"https:\/\/nuts.fi\/wp-content\/uploads\/2025\/06\/Rami-Valonen-Syote-25-Rami-Valonen-Automaatti-129.jpg\" \/>\n\t<meta property=\"og:image:width\" content=\"2000\" \/>\n\t<meta property=\"og:image:height\" content=\"1333\" \/>\n\t<meta property=\"og:image:type\" content=\"image\/jpeg\" \/>\n<meta name=\"twitter:card\" content=\"summary_large_image\" \/>\n<meta name=\"twitter:site\" content=\"@nutsfi\" \/>\n<meta name=\"twitter:label1\" content=\"Arvioitu lukuaika\" \/>\n\t<meta name=\"twitter:data1\" content=\"5 minuuttia\" \/>\n<script type=\"application\/ld+json\" class=\"yoast-schema-graph\">{\"@context\":\"https:\\\/\\\/schema.org\",\"@graph\":[{\"@type\":\"WebPage\",\"@id\":\"https:\\\/\\\/nuts.fi\\\/fi\\\/tietoa\\\/vastuullisuus\\\/\",\"url\":\"https:\\\/\\\/nuts.fi\\\/fi\\\/tietoa\\\/vastuullisuus\\\/\",\"name\":\"Vastuullisuus - NUTS polkujuoksut\",\"isPartOf\":{\"@id\":\"https:\\\/\\\/nuts.fi\\\/fi\\\/#website\"},\"primaryImageOfPage\":{\"@id\":\"https:\\\/\\\/nuts.fi\\\/fi\\\/tietoa\\\/vastuullisuus\\\/#primaryimage\"},\"image\":{\"@id\":\"https:\\\/\\\/nuts.fi\\\/fi\\\/tietoa\\\/vastuullisuus\\\/#primaryimage\"},\"thumbnailUrl\":\"https:\\\/\\\/nuts.fi\\\/wp-content\\\/uploads\\\/2025\\\/06\\\/Rami-Valonen-Syote-25-Rami-Valonen-Automaatti-129.jpg\",\"datePublished\":\"2020-02-25T09:42:02+00:00\",\"dateModified\":\"2026-02-05T07:14:30+00:00\",\"breadcrumb\":{\"@id\":\"https:\\\/\\\/nuts.fi\\\/fi\\\/tietoa\\\/vastuullisuus\\\/#breadcrumb\"},\"inLanguage\":\"fi\",\"potentialAction\":[{\"@type\":\"ReadAction\",\"target\":[\"https:\\\/\\\/nuts.fi\\\/fi\\\/tietoa\\\/vastuullisuus\\\/\"]}]},{\"@type\":\"ImageObject\",\"inLanguage\":\"fi\",\"@id\":\"https:\\\/\\\/nuts.fi\\\/fi\\\/tietoa\\\/vastuullisuus\\\/#primaryimage\",\"url\":\"https:\\\/\\\/nuts.fi\\\/wp-content\\\/uploads\\\/2025\\\/06\\\/Rami-Valonen-Syote-25-Rami-Valonen-Automaatti-129.jpg\",\"contentUrl\":\"https:\\\/\\\/nuts.fi\\\/wp-content\\\/uploads\\\/2025\\\/06\\\/Rami-Valonen-Syote-25-Rami-Valonen-Automaatti-129.jpg\",\"width\":2000,\"height\":1333},{\"@type\":\"BreadcrumbList\",\"@id\":\"https:\\\/\\\/nuts.fi\\\/fi\\\/tietoa\\\/vastuullisuus\\\/#breadcrumb\",\"itemListElement\":[{\"@type\":\"ListItem\",\"position\":1,\"name\":\"Etusivu\",\"item\":\"https:\\\/\\\/nuts.fi\\\/fi\\\/\"},{\"@type\":\"ListItem\",\"position\":2,\"name\":\"Tietoa\",\"item\":\"https:\\\/\\\/nuts.fi\\\/fi\\\/tietoa\\\/\"},{\"@type\":\"ListItem\",\"position\":3,\"name\":\"Vastuullisuus\"}]},{\"@type\":\"WebSite\",\"@id\":\"https:\\\/\\\/nuts.fi\\\/fi\\\/#website\",\"url\":\"https:\\\/\\\/nuts.fi\\\/fi\\\/\",\"name\":\"NUTS \u2013 Ihan parasta poluilla!\",\"description\":\"Ihan parasta poluilla!\",\"publisher\":{\"@id\":\"https:\\\/\\\/nuts.fi\\\/fi\\\/#organization\"},\"potentialAction\":[{\"@type\":\"SearchAction\",\"target\":{\"@type\":\"EntryPoint\",\"urlTemplate\":\"https:\\\/\\\/nuts.fi\\\/fi\\\/?s={search_term_string}\"},\"query-input\":{\"@type\":\"PropertyValueSpecification\",\"valueRequired\":true,\"valueName\":\"search_term_string\"}}],\"inLanguage\":\"fi\"},{\"@type\":\"Organization\",\"@id\":\"https:\\\/\\\/nuts.fi\\\/fi\\\/#organization\",\"name\":\"Northern Ultra Trail Service - NUTS oy\",\"url\":\"https:\\\/\\\/nuts.fi\\\/fi\\\/\",\"logo\":{\"@type\":\"ImageObject\",\"inLanguage\":\"fi\",\"@id\":\"https:\\\/\\\/nuts.fi\\\/fi\\\/#\\\/schema\\\/logo\\\/image\\\/\",\"url\":\"https:\\\/\\\/nuts.fi\\\/wp-content\\\/uploads\\\/2025\\\/02\\\/nuts-logo-white.svg\",\"contentUrl\":\"https:\\\/\\\/nuts.fi\\\/wp-content\\\/uploads\\\/2025\\\/02\\\/nuts-logo-white.svg\",\"caption\":\"Northern Ultra Trail Service - NUTS oy\"},\"image\":{\"@id\":\"https:\\\/\\\/nuts.fi\\\/fi\\\/#\\\/schema\\\/logo\\\/image\\\/\"},\"sameAs\":[\"https:\\\/\\\/www.facebook.com\\\/nutstrailrunning\",\"https:\\\/\\\/x.com\\\/nutsfi\",\"https:\\\/\\\/www.instagram.com\\\/nutsfi\\\/\"]}]}<\/script>\n<!-- \/ Yoast SEO plugin. -->","yoast_head_json":{"title":"Vastuullisuus - NUTS polkujuoksut","robots":{"index":"index","follow":"follow","max-snippet":"max-snippet:-1","max-image-preview":"max-image-preview:large","max-video-preview":"max-video-preview:-1"},"canonical":"https:\/\/nuts.fi\/fi\/tietoa\/vastuullisuus\/","og_locale":"fi_FI","og_type":"article","og_title":"Vastuullisuus - NUTS polkujuoksut","og_description":"NUTS TUOTTAA VASTUULLISIA &amp; LUONTOA KUNNIOITTAVIA POLKUJUOKSUTAPAHTUMIA J\u00e4rjest\u00e4mme Suomen suurimpia NUTS -polkujuoksutapahtumia upeissa suomalaisissa kansallispuistossa &#8211; puhtaan luonnon keskell\u00e4! NUTSilaisille ymp\u00e4rist\u00f6n hyvinvointi, sen s\u00e4ilyminen ja luontoarvojen huomioiminen ovat ensisijaisia arvoja suunnitellessamme tapahtumia. Olemme laatineet vuodelle 2026 &#8211; 2028 vastuullisuussuunnitelman, jonka avulla kehit\u00e4mme vastuullisuustoimintaa ja teemme sit\u00e4 yh\u00e4 enemm\u00e4n n\u00e4kyv\u00e4ksi tapahtumissa. Kansallipuistot ovat kotikentt\u00e4mme ja siksi...","og_url":"https:\/\/nuts.fi\/fi\/tietoa\/vastuullisuus\/","og_site_name":"NUTS polkujuoksut","article_publisher":"https:\/\/www.facebook.com\/nutstrailrunning","article_modified_time":"2026-02-05T07:14:30+00:00","og_image":[{"width":2000,"height":1333,"url":"https:\/\/nuts.fi\/wp-content\/uploads\/2025\/06\/Rami-Valonen-Syote-25-Rami-Valonen-Automaatti-129.jpg","type":"image\/jpeg"}],"twitter_card":"summary_large_image","twitter_site":"@nutsfi","twitter_misc":{"Arvioitu lukuaika":"5 minuuttia"},"schema":{"@context":"https:\/\/schema.org","@graph":[{"@type":"WebPage","@id":"https:\/\/nuts.fi\/fi\/tietoa\/vastuullisuus\/","url":"https:\/\/nuts.fi\/fi\/tietoa\/vastuullisuus\/","name":"Vastuullisuus - NUTS polkujuoksut","isPartOf":{"@id":"https:\/\/nuts.fi\/fi\/#website"},"primaryImageOfPage":{"@id":"https:\/\/nuts.fi\/fi\/tietoa\/vastuullisuus\/#primaryimage"},"image":{"@id":"https:\/\/nuts.fi\/fi\/tietoa\/vastuullisuus\/#primaryimage"},"thumbnailUrl":"https:\/\/nuts.fi\/wp-content\/uploads\/2025\/06\/Rami-Valonen-Syote-25-Rami-Valonen-Automaatti-129.jpg","datePublished":"2020-02-25T09:42:02+00:00","dateModified":"2026-02-05T07:14:30+00:00","breadcrumb":{"@id":"https:\/\/nuts.fi\/fi\/tietoa\/vastuullisuus\/#breadcrumb"},"inLanguage":"fi","potentialAction":[{"@type":"ReadAction","target":["https:\/\/nuts.fi\/fi\/tietoa\/vastuullisuus\/"]}]},{"@type":"ImageObject","inLanguage":"fi","@id":"https:\/\/nuts.fi\/fi\/tietoa\/vastuullisuus\/#primaryimage","url":"https:\/\/nuts.fi\/wp-content\/uploads\/2025\/06\/Rami-Valonen-Syote-25-Rami-Valonen-Automaatti-129.jpg","contentUrl":"https:\/\/nuts.fi\/wp-content\/uploads\/2025\/06\/Rami-Valonen-Syote-25-Rami-Valonen-Automaatti-129.jpg","width":2000,"height":1333},{"@type":"BreadcrumbList","@id":"https:\/\/nuts.fi\/fi\/tietoa\/vastuullisuus\/#breadcrumb","itemListElement":[{"@type":"ListItem","position":1,"name":"Etusivu","item":"https:\/\/nuts.fi\/fi\/"},{"@type":"ListItem","position":2,"name":"Tietoa","item":"https:\/\/nuts.fi\/fi\/tietoa\/"},{"@type":"ListItem","position":3,"name":"Vastuullisuus"}]},{"@type":"WebSite","@id":"https:\/\/nuts.fi\/fi\/#website","url":"https:\/\/nuts.fi\/fi\/","name":"NUTS \u2013 Ihan parasta poluilla!","description":"Ihan parasta poluilla!","publisher":{"@id":"https:\/\/nuts.fi\/fi\/#organization"},"potentialAction":[{"@type":"SearchAction","target":{"@type":"EntryPoint","urlTemplate":"https:\/\/nuts.fi\/fi\/?s={search_term_string}"},"query-input":{"@type":"PropertyValueSpecification","valueRequired":true,"valueName":"search_term_string"}}],"inLanguage":"fi"},{"@type":"Organization","@id":"https:\/\/nuts.fi\/fi\/#organization","name":"Northern Ultra Trail Service - NUTS oy","url":"https:\/\/nuts.fi\/fi\/","logo":{"@type":"ImageObject","inLanguage":"fi","@id":"https:\/\/nuts.fi\/fi\/#\/schema\/logo\/image\/","url":"https:\/\/nuts.fi\/wp-content\/uploads\/2025\/02\/nuts-logo-white.svg","contentUrl":"https:\/\/nuts.fi\/wp-content\/uploads\/2025\/02\/nuts-logo-white.svg","caption":"Northern Ultra Trail Service - NUTS oy"},"image":{"@id":"https:\/\/nuts.fi\/fi\/#\/schema\/logo\/image\/"},"sameAs":["https:\/\/www.facebook.com\/nutstrailrunning","https:\/\/x.com\/nutsfi","https:\/\/www.instagram.com\/nutsfi\/"]}]}},"taxonomy_info":[],"featured_image_src_large":["https:\/\/nuts.fi\/wp-content\/uploads\/2025\/06\/Rami-Valonen-Syote-25-Rami-Valonen-Automaatti-129-1024x682.jpg",1024,682,true],"author_info":{"display_name":"nuts","author_link":"https:\/\/nuts.fi\/fi\/author\/nuts\/"},"comment_info":0,"_links":{"self":[{"href":"https:\/\/nuts.fi\/fi\/wp-json\/wp\/v2\/pages\/2731","targetHints":{"allow":["GET"]}}],"collection":[{"href":"https:\/\/nuts.fi\/fi\/wp-json\/wp\/v2\/pages"}],"about":[{"href":"https:\/\/nuts.fi\/fi\/wp-json\/wp\/v2\/types\/page"}],"author":[{"embeddable":true,"href":"https:\/\/nuts.fi\/fi\/wp-json\/wp\/v2\/users\/1"}],"replies":[{"embeddable":true,"href":"https:\/\/nuts.fi\/fi\/wp-json\/wp\/v2\/comments?post=2731"}],"version-history":[{"count":20,"href":"https:\/\/nuts.fi\/fi\/wp-json\/wp\/v2\/pages\/2731\/revisions"}],"predecessor-version":[{"id":6859,"href":"https:\/\/nuts.fi\/fi\/wp-json\/wp\/v2\/pages\/2731\/revisions\/6859"}],"up":[{"embeddable":true,"href":"https:\/\/nuts.fi\/fi\/wp-json\/wp\/v2\/pages\/82"}],"wp:featuredmedia":[{"embeddable":true,"href":"https:\/\/nuts.fi\/fi\/wp-json\/wp\/v2\/media\/6172"}],"wp:attachment":[{"href":"https:\/\/nuts.fi\/fi\/wp-json\/wp\/v2\/media?parent=2731"}],"curies":[{"name":"wp","href":"https:\/\/api.w.org\/{rel}","templated":true}]}}