{"id":2609,"date":"2019-03-17T15:11:09","date_gmt":"2019-03-17T13:11:09","guid":{"rendered":"https:\/\/nuts.fi\/?page_id=2609"},"modified":"2026-03-25T10:03:05","modified_gmt":"2026-03-25T08:03:05","slug":"muutokset-ja-siirrot","status":"publish","type":"page","link":"https:\/\/nuts.fi\/fi\/muutokset-ja-siirrot\/","title":{"rendered":"Muutokset ja siirrot tapahtumailmoittautumisiin"},"content":{"rendered":"\n<h2 class=\"wp-block-heading\">Ilmoittautumisvahvistus ja itsepalvelulinkki<\/h2>\n\n\n\n<p>Kun olet ilmoittautunut tapahtumaan, saat s\u00e4hk\u00f6postiisi <strong>ilmoittautumisvahvistuksen l\u00e4hett\u00e4j\u00e4lt\u00e4 <a href=\"mailto:info@nuts.fi\">info@nuts.fi<\/a><\/strong>. Viestiss\u00e4 on my\u00f6s henkil\u00f6kohtainen <strong>itsepalvelulinkkisi<\/strong>, jonka kautta voit:<\/p>\n\n\n\n<ul class=\"wp-block-list\">\n<li>Muokata omia tietojasi (esim. vaihtaa matkasarjaa)<\/li>\n\n\n\n<li>Ostaa lis\u00e4tuotteita ja -palveluita, kuten bussikuljetuksia<\/li>\n\n\n\n<li>Siirt\u00e4\u00e4 osallistumisoikeutesi seuraavalle vuodelle<\/li>\n\n\n\n<li>Myyd\u00e4 osallistumisesi toiselle henkil\u00f6lle<\/li>\n<\/ul>\n\n\n\n<p><strong>Jos et l\u00f6yd\u00e4 ilmoittautumisvahvistustasi<\/strong>, tarkista roskapostikansio. Mik\u00e4li viesti on hukassa, ota yhteytt\u00e4: <a href=\"mailto:info@nuts.fi\">info@nuts.fi<\/a>.<\/p>\n\n\n\n<h2 class=\"wp-block-heading\">Loukkaantumiset ja sairaustapaukset \u2013 tarkista vakuutuksesi<\/h2>\n\n\n\n<p>Monissa matkavakuutuksissa on <strong>peruutusturva<\/strong>, joka voi kattaa osallistumismaksun, jos sairastuminen tai loukkaantuminen est\u00e4\u00e4 osallistumisesi. Vastaava turva saattaa olla my\u00f6s luottokortilla maksetuissa matkoissa.<\/p>\n\n\n\n<ul class=\"wp-block-list\">\n<li><strong>Jos saat vakuutuskorvauksen<\/strong>, sinun ei tarvitse ilmoittaa asiasta meille \u2013 osallistuminen raukeaa k\u00e4ytt\u00e4m\u00e4tt\u00f6m\u00e4n\u00e4.<\/li>\n\n\n\n<li>Jos kuitenkin <strong>haluat v\u00e4ltt\u00e4\u00e4 tapahtumaan liittyv\u00e4t muistutusviestit<\/strong>, voit ilmoittaa asiasta meille osoitteeseen <a href=\"mailto:info@nuts.fi\">info@nuts.fi<\/a>.<\/li>\n<\/ul>\n\n\n\n<h2 class=\"wp-block-heading\">Osallistumisoikeuden siirto seuraavalle vuodelle<\/h2>\n\n\n\n<p>Voit siirt\u00e4\u00e4 osallistumisoikeutesi <strong>yhden kerran<\/strong> seuraavalle vuodelle. Siirtoja ei voi ketjuttaa.<\/p>\n\n\n\n<p><strong>N\u00e4in siirr\u00e4t osallistumisesi seuraavalle vuodelle:<\/strong><\/p>\n\n\n\n<ol class=\"wp-block-list\">\n<li>Avaa henkil\u00f6kohtainen <strong>itsepalvelulinkkisi<\/strong>, jonka sait ilmoittautumisvahvistuksessa.<\/li>\n\n\n\n<li>Valitse <strong>osallistumisen siirto<\/strong> ja tallenna muutokset.<\/li>\n\n\n\n<li><strong>Ennen seuraavan vuoden ilmoittautumisen alkua<\/strong>, saat s\u00e4hk\u00f6postiviestin, jossa sinua pyydet\u00e4\u00e4n vahvistamaan ja aktivoimaan osallistumisesi seuraavan vuoden tapahtumaan.<\/li>\n<\/ol>\n\n\n\n<p><strong>Muista seurata s\u00e4hk\u00f6postiasi ja toimia vahvistuspyynn\u00f6n mukaan! \ud83d\udce9<\/strong><\/p>\n\n\n\n<h2 class=\"wp-block-heading\">Osallistumisoikeuden myyminen toiselle henkil\u00f6lle<\/h2>\n\n\n\n<p>Jos et p\u00e4\u00e4se osallistumaan, voit <strong>myyd\u00e4 osallistumisesi toiselle henkil\u00f6lle<\/strong> tai siirt\u00e4\u00e4 sen seuraavalle vuodelle. NUTS ei j\u00e4lleenmyy peruutuspaikkoja.<\/p>\n\n\n\n<p><strong>N\u00e4in myyt osallistumisoikeuden eteenp\u00e4in:<\/strong><\/p>\n\n\n\n<ol class=\"wp-block-list\">\n<li><strong>Sovi maksusta<\/strong> uuden osallistujan kanssa \u2013 h\u00e4n maksaa suoraan sinulle.<\/li>\n\n\n\n<li><strong>Avaa henkil\u00f6kohtainen itsepalvelulinkkisi<\/strong> ja korvaa omat tietosi uuden osallistujan tiedoilla.<\/li>\n\n\n\n<li><strong>Kirjoita uuden osallistujan s\u00e4hk\u00f6postiosoite oikein!<\/strong><\/li>\n\n\n\n<li><strong>Tallenna muutokset<\/strong> \u2013 uusi osallistuja saa vahvistusviestin ja h\u00e4nelle siirtyy itsepalvelulinkin hallinta.<\/li>\n<\/ol>\n\n\n\n<h3 class=\"wp-block-heading\">Mist\u00e4 l\u00f6yt\u00e4\u00e4 ostaja?<\/h3>\n\n\n\n<p>Jos tuttavapiirist\u00e4 ei l\u00f6ydy halukasta ostajaa, osallistumisista k\u00e4yd\u00e4\u00e4n kauppaa mm. <strong>Facebookin <a href=\"https:\/\/www.facebook.com\/groups\/285122868763289\">Polkujuoksukeskustelu-ryhm\u00e4n<\/a> <a href=\"https:\/\/www.facebook.com\/groups\/285122868763289\/permalink\/1653970725211823\/\">osto- ja myyntipuussa<\/a><\/strong> sek\u00e4 muissa juoksuaiheisissa Facebook-ryhmiss\u00e4.<\/p>\n\n\n\n<p><strong>Muistathan, ett\u00e4 kaupank\u00e4ynti on vapaaehtoista ja tapahtuu yksityishenkil\u00f6iden v\u00e4lill\u00e4.<\/strong><\/p>\n","protected":false},"excerpt":{"rendered":"<p>Ilmoittautumisvahvistus ja itsepalvelulinkki Kun olet ilmoittautunut tapahtumaan, saat s\u00e4hk\u00f6postiisi ilmoittautumisvahvistuksen l\u00e4hett\u00e4j\u00e4lt\u00e4 info@nuts.fi. Viestiss\u00e4 on my\u00f6s henkil\u00f6kohtainen itsepalvelulinkkisi, jonka kautta voit: Jos et l\u00f6yd\u00e4 ilmoittautumisvahvistustasi, tarkista roskapostikansio. Mik\u00e4li viesti on hukassa, ota yhteytt\u00e4: info@nuts.fi. Loukkaantumiset ja sairaustapaukset \u2013 tarkista vakuutuksesi Monissa matkavakuutuksissa on peruutusturva, joka voi kattaa osallistumismaksun, jos sairastuminen tai loukkaantuminen est\u00e4\u00e4 osallistumisesi. Vastaava turva&#8230;<\/p>\n","protected":false},"author":4,"featured_media":6090,"parent":0,"menu_order":0,"comment_status":"closed","ping_status":"closed","template":"","meta":{"_kad_blocks_custom_css":"","_kad_blocks_head_custom_js":"","_kad_blocks_body_custom_js":"","_kad_blocks_footer_custom_js":"","_kad_post_transparent":"","_kad_post_title":"","_kad_post_layout":"","_kad_post_sidebar_id":"","_kad_post_content_style":"","_kad_post_vertical_padding":"","_kad_post_feature":"","_kad_post_feature_position":"","_kad_post_header":false,"_kad_post_footer":false,"_kad_post_classname":"","footnotes":""},"class_list":["post-2609","page","type-page","status-publish","has-post-thumbnail","hentry"],"yoast_head":"<!-- This site is optimized with the Yoast SEO plugin v27.3 - https:\/\/yoast.com\/product\/yoast-seo-wordpress\/ -->\n<title>Muutokset ja siirrot tapahtumailmoittautumisiin - NUTS polkujuoksut<\/title>\n<meta name=\"robots\" content=\"index, follow, max-snippet:-1, max-image-preview:large, max-video-preview:-1\" \/>\n<link rel=\"canonical\" href=\"https:\/\/nuts.fi\/fi\/muutokset-ja-siirrot\/\" \/>\n<meta property=\"og:locale\" content=\"fi_FI\" \/>\n<meta property=\"og:type\" content=\"article\" \/>\n<meta property=\"og:title\" content=\"Muutokset ja siirrot tapahtumailmoittautumisiin - NUTS polkujuoksut\" \/>\n<meta property=\"og:description\" content=\"Ilmoittautumisvahvistus ja itsepalvelulinkki Kun olet ilmoittautunut tapahtumaan, saat s\u00e4hk\u00f6postiisi ilmoittautumisvahvistuksen l\u00e4hett\u00e4j\u00e4lt\u00e4 info@nuts.fi. Viestiss\u00e4 on my\u00f6s henkil\u00f6kohtainen itsepalvelulinkkisi, jonka kautta voit: Jos et l\u00f6yd\u00e4 ilmoittautumisvahvistustasi, tarkista roskapostikansio. Mik\u00e4li viesti on hukassa, ota yhteytt\u00e4: info@nuts.fi. Loukkaantumiset ja sairaustapaukset \u2013 tarkista vakuutuksesi Monissa matkavakuutuksissa on peruutusturva, joka voi kattaa osallistumismaksun, jos sairastuminen tai loukkaantuminen est\u00e4\u00e4 osallistumisesi. Vastaava turva...\" \/>\n<meta property=\"og:url\" content=\"https:\/\/nuts.fi\/fi\/muutokset-ja-siirrot\/\" \/>\n<meta property=\"og:site_name\" content=\"NUTS polkujuoksut\" \/>\n<meta property=\"article:publisher\" content=\"https:\/\/www.facebook.com\/nutstrailrunning\" \/>\n<meta property=\"article:modified_time\" content=\"2026-03-25T08:03:05+00:00\" \/>\n<meta property=\"og:image\" content=\"https:\/\/nuts.fi\/wp-content\/uploads\/2025\/05\/NUTS-KK-25-Rami-Valonen-40.jpg\" \/>\n\t<meta property=\"og:image:width\" content=\"2024\" \/>\n\t<meta property=\"og:image:height\" content=\"1349\" \/>\n\t<meta property=\"og:image:type\" content=\"image\/jpeg\" \/>\n<meta name=\"twitter:card\" content=\"summary_large_image\" \/>\n<meta name=\"twitter:site\" content=\"@nutsfi\" \/>\n<meta name=\"twitter:label1\" content=\"Arvioitu lukuaika\" \/>\n\t<meta name=\"twitter:data1\" content=\"2 minuuttia\" \/>\n<script type=\"application\/ld+json\" class=\"yoast-schema-graph\">{\"@context\":\"https:\\\/\\\/schema.org\",\"@graph\":[{\"@type\":\"WebPage\",\"@id\":\"https:\\\/\\\/nuts.fi\\\/fi\\\/muutokset-ja-siirrot\\\/\",\"url\":\"https:\\\/\\\/nuts.fi\\\/fi\\\/muutokset-ja-siirrot\\\/\",\"name\":\"Muutokset ja siirrot tapahtumailmoittautumisiin - NUTS polkujuoksut\",\"isPartOf\":{\"@id\":\"https:\\\/\\\/nuts.fi\\\/fi\\\/#website\"},\"primaryImageOfPage\":{\"@id\":\"https:\\\/\\\/nuts.fi\\\/fi\\\/muutokset-ja-siirrot\\\/#primaryimage\"},\"image\":{\"@id\":\"https:\\\/\\\/nuts.fi\\\/fi\\\/muutokset-ja-siirrot\\\/#primaryimage\"},\"thumbnailUrl\":\"https:\\\/\\\/nuts.fi\\\/wp-content\\\/uploads\\\/2025\\\/05\\\/NUTS-KK-25-Rami-Valonen-40.jpg\",\"datePublished\":\"2019-03-17T13:11:09+00:00\",\"dateModified\":\"2026-03-25T08:03:05+00:00\",\"breadcrumb\":{\"@id\":\"https:\\\/\\\/nuts.fi\\\/fi\\\/muutokset-ja-siirrot\\\/#breadcrumb\"},\"inLanguage\":\"fi\",\"potentialAction\":[{\"@type\":\"ReadAction\",\"target\":[\"https:\\\/\\\/nuts.fi\\\/fi\\\/muutokset-ja-siirrot\\\/\"]}]},{\"@type\":\"ImageObject\",\"inLanguage\":\"fi\",\"@id\":\"https:\\\/\\\/nuts.fi\\\/fi\\\/muutokset-ja-siirrot\\\/#primaryimage\",\"url\":\"https:\\\/\\\/nuts.fi\\\/wp-content\\\/uploads\\\/2025\\\/05\\\/NUTS-KK-25-Rami-Valonen-40.jpg\",\"contentUrl\":\"https:\\\/\\\/nuts.fi\\\/wp-content\\\/uploads\\\/2025\\\/05\\\/NUTS-KK-25-Rami-Valonen-40.jpg\",\"width\":2024,\"height\":1349},{\"@type\":\"BreadcrumbList\",\"@id\":\"https:\\\/\\\/nuts.fi\\\/fi\\\/muutokset-ja-siirrot\\\/#breadcrumb\",\"itemListElement\":[{\"@type\":\"ListItem\",\"position\":1,\"name\":\"Etusivu\",\"item\":\"https:\\\/\\\/nuts.fi\\\/fi\\\/\"},{\"@type\":\"ListItem\",\"position\":2,\"name\":\"Muutokset ja siirrot tapahtumailmoittautumisiin\"}]},{\"@type\":\"WebSite\",\"@id\":\"https:\\\/\\\/nuts.fi\\\/fi\\\/#website\",\"url\":\"https:\\\/\\\/nuts.fi\\\/fi\\\/\",\"name\":\"NUTS \u2013 Ihan parasta poluilla!\",\"description\":\"Ihan parasta poluilla!\",\"publisher\":{\"@id\":\"https:\\\/\\\/nuts.fi\\\/fi\\\/#organization\"},\"potentialAction\":[{\"@type\":\"SearchAction\",\"target\":{\"@type\":\"EntryPoint\",\"urlTemplate\":\"https:\\\/\\\/nuts.fi\\\/fi\\\/?s={search_term_string}\"},\"query-input\":{\"@type\":\"PropertyValueSpecification\",\"valueRequired\":true,\"valueName\":\"search_term_string\"}}],\"inLanguage\":\"fi\"},{\"@type\":\"Organization\",\"@id\":\"https:\\\/\\\/nuts.fi\\\/fi\\\/#organization\",\"name\":\"Northern Ultra Trail Service - NUTS oy\",\"url\":\"https:\\\/\\\/nuts.fi\\\/fi\\\/\",\"logo\":{\"@type\":\"ImageObject\",\"inLanguage\":\"fi\",\"@id\":\"https:\\\/\\\/nuts.fi\\\/fi\\\/#\\\/schema\\\/logo\\\/image\\\/\",\"url\":\"https:\\\/\\\/nuts.fi\\\/wp-content\\\/uploads\\\/2025\\\/02\\\/nuts-logo-white.svg\",\"contentUrl\":\"https:\\\/\\\/nuts.fi\\\/wp-content\\\/uploads\\\/2025\\\/02\\\/nuts-logo-white.svg\",\"caption\":\"Northern Ultra Trail Service - NUTS oy\"},\"image\":{\"@id\":\"https:\\\/\\\/nuts.fi\\\/fi\\\/#\\\/schema\\\/logo\\\/image\\\/\"},\"sameAs\":[\"https:\\\/\\\/www.facebook.com\\\/nutstrailrunning\",\"https:\\\/\\\/x.com\\\/nutsfi\",\"https:\\\/\\\/www.instagram.com\\\/nutsfi\\\/\"]}]}<\/script>\n<!-- \/ Yoast SEO plugin. -->","yoast_head_json":{"title":"Muutokset ja siirrot tapahtumailmoittautumisiin - NUTS polkujuoksut","robots":{"index":"index","follow":"follow","max-snippet":"max-snippet:-1","max-image-preview":"max-image-preview:large","max-video-preview":"max-video-preview:-1"},"canonical":"https:\/\/nuts.fi\/fi\/muutokset-ja-siirrot\/","og_locale":"fi_FI","og_type":"article","og_title":"Muutokset ja siirrot tapahtumailmoittautumisiin - NUTS polkujuoksut","og_description":"Ilmoittautumisvahvistus ja itsepalvelulinkki Kun olet ilmoittautunut tapahtumaan, saat s\u00e4hk\u00f6postiisi ilmoittautumisvahvistuksen l\u00e4hett\u00e4j\u00e4lt\u00e4 info@nuts.fi. Viestiss\u00e4 on my\u00f6s henkil\u00f6kohtainen itsepalvelulinkkisi, jonka kautta voit: Jos et l\u00f6yd\u00e4 ilmoittautumisvahvistustasi, tarkista roskapostikansio. Mik\u00e4li viesti on hukassa, ota yhteytt\u00e4: info@nuts.fi. Loukkaantumiset ja sairaustapaukset \u2013 tarkista vakuutuksesi Monissa matkavakuutuksissa on peruutusturva, joka voi kattaa osallistumismaksun, jos sairastuminen tai loukkaantuminen est\u00e4\u00e4 osallistumisesi. Vastaava turva...","og_url":"https:\/\/nuts.fi\/fi\/muutokset-ja-siirrot\/","og_site_name":"NUTS polkujuoksut","article_publisher":"https:\/\/www.facebook.com\/nutstrailrunning","article_modified_time":"2026-03-25T08:03:05+00:00","og_image":[{"width":2024,"height":1349,"url":"https:\/\/nuts.fi\/wp-content\/uploads\/2025\/05\/NUTS-KK-25-Rami-Valonen-40.jpg","type":"image\/jpeg"}],"twitter_card":"summary_large_image","twitter_site":"@nutsfi","twitter_misc":{"Arvioitu lukuaika":"2 minuuttia"},"schema":{"@context":"https:\/\/schema.org","@graph":[{"@type":"WebPage","@id":"https:\/\/nuts.fi\/fi\/muutokset-ja-siirrot\/","url":"https:\/\/nuts.fi\/fi\/muutokset-ja-siirrot\/","name":"Muutokset ja siirrot tapahtumailmoittautumisiin - NUTS polkujuoksut","isPartOf":{"@id":"https:\/\/nuts.fi\/fi\/#website"},"primaryImageOfPage":{"@id":"https:\/\/nuts.fi\/fi\/muutokset-ja-siirrot\/#primaryimage"},"image":{"@id":"https:\/\/nuts.fi\/fi\/muutokset-ja-siirrot\/#primaryimage"},"thumbnailUrl":"https:\/\/nuts.fi\/wp-content\/uploads\/2025\/05\/NUTS-KK-25-Rami-Valonen-40.jpg","datePublished":"2019-03-17T13:11:09+00:00","dateModified":"2026-03-25T08:03:05+00:00","breadcrumb":{"@id":"https:\/\/nuts.fi\/fi\/muutokset-ja-siirrot\/#breadcrumb"},"inLanguage":"fi","potentialAction":[{"@type":"ReadAction","target":["https:\/\/nuts.fi\/fi\/muutokset-ja-siirrot\/"]}]},{"@type":"ImageObject","inLanguage":"fi","@id":"https:\/\/nuts.fi\/fi\/muutokset-ja-siirrot\/#primaryimage","url":"https:\/\/nuts.fi\/wp-content\/uploads\/2025\/05\/NUTS-KK-25-Rami-Valonen-40.jpg","contentUrl":"https:\/\/nuts.fi\/wp-content\/uploads\/2025\/05\/NUTS-KK-25-Rami-Valonen-40.jpg","width":2024,"height":1349},{"@type":"BreadcrumbList","@id":"https:\/\/nuts.fi\/fi\/muutokset-ja-siirrot\/#breadcrumb","itemListElement":[{"@type":"ListItem","position":1,"name":"Etusivu","item":"https:\/\/nuts.fi\/fi\/"},{"@type":"ListItem","position":2,"name":"Muutokset ja siirrot tapahtumailmoittautumisiin"}]},{"@type":"WebSite","@id":"https:\/\/nuts.fi\/fi\/#website","url":"https:\/\/nuts.fi\/fi\/","name":"NUTS \u2013 Ihan parasta poluilla!","description":"Ihan parasta poluilla!","publisher":{"@id":"https:\/\/nuts.fi\/fi\/#organization"},"potentialAction":[{"@type":"SearchAction","target":{"@type":"EntryPoint","urlTemplate":"https:\/\/nuts.fi\/fi\/?s={search_term_string}"},"query-input":{"@type":"PropertyValueSpecification","valueRequired":true,"valueName":"search_term_string"}}],"inLanguage":"fi"},{"@type":"Organization","@id":"https:\/\/nuts.fi\/fi\/#organization","name":"Northern Ultra Trail Service - NUTS oy","url":"https:\/\/nuts.fi\/fi\/","logo":{"@type":"ImageObject","inLanguage":"fi","@id":"https:\/\/nuts.fi\/fi\/#\/schema\/logo\/image\/","url":"https:\/\/nuts.fi\/wp-content\/uploads\/2025\/02\/nuts-logo-white.svg","contentUrl":"https:\/\/nuts.fi\/wp-content\/uploads\/2025\/02\/nuts-logo-white.svg","caption":"Northern Ultra Trail Service - NUTS oy"},"image":{"@id":"https:\/\/nuts.fi\/fi\/#\/schema\/logo\/image\/"},"sameAs":["https:\/\/www.facebook.com\/nutstrailrunning","https:\/\/x.com\/nutsfi","https:\/\/www.instagram.com\/nutsfi\/"]}]}},"taxonomy_info":[],"featured_image_src_large":["https:\/\/nuts.fi\/wp-content\/uploads\/2025\/05\/NUTS-KK-25-Rami-Valonen-40-1024x682.jpg",1024,682,true],"author_info":{"display_name":"Elsis","author_link":"https:\/\/nuts.fi\/fi\/author\/evarja\/"},"comment_info":0,"_links":{"self":[{"href":"https:\/\/nuts.fi\/fi\/wp-json\/wp\/v2\/pages\/2609","targetHints":{"allow":["GET"]}}],"collection":[{"href":"https:\/\/nuts.fi\/fi\/wp-json\/wp\/v2\/pages"}],"about":[{"href":"https:\/\/nuts.fi\/fi\/wp-json\/wp\/v2\/types\/page"}],"author":[{"embeddable":true,"href":"https:\/\/nuts.fi\/fi\/wp-json\/wp\/v2\/users\/4"}],"replies":[{"embeddable":true,"href":"https:\/\/nuts.fi\/fi\/wp-json\/wp\/v2\/comments?post=2609"}],"version-history":[{"count":19,"href":"https:\/\/nuts.fi\/fi\/wp-json\/wp\/v2\/pages\/2609\/revisions"}],"predecessor-version":[{"id":5507,"href":"https:\/\/nuts.fi\/fi\/wp-json\/wp\/v2\/pages\/2609\/revisions\/5507"}],"wp:featuredmedia":[{"embeddable":true,"href":"https:\/\/nuts.fi\/fi\/wp-json\/wp\/v2\/media\/6090"}],"wp:attachment":[{"href":"https:\/\/nuts.fi\/fi\/wp-json\/wp\/v2\/media?parent=2609"}],"curies":[{"name":"wp","href":"https:\/\/api.w.org\/{rel}","templated":true}]}}