{"id":2346,"date":"2019-01-05T13:17:37","date_gmt":"2019-01-05T11:17:37","guid":{"rendered":"https:\/\/nuts.fi\/?page_id=2346"},"modified":"2025-01-03T11:54:50","modified_gmt":"2025-01-03T09:54:50","slug":"nuts-koykkyri","status":"publish","type":"page","link":"https:\/\/nuts.fi\/fi\/tapahtumat\/nuts-koykkyri\/","title":{"rendered":"NUTS K\u00f6ykkyri"},"content":{"rendered":"\n<p>Koe Kempeleen &#8221;korkeanpaikan&#8221; kutina NUTS K\u00f6ykkyri -m\u00e4kijuoksussa! T\u00e4\u00e4ll\u00e4 saat tuntea todellista m\u00e4kijuoksun hurmaa &#8221;valtavien&#8221; 25 metrin korkeuserojen kera. Valmistaudu kirmaamaan Kempeleen &#8221;huipulla&#8221;, miss\u00e4 jokainen nousu on yht\u00e4 juhlaa ja jokainen alam\u00e4ki ansaitsee aplodit. Sarviaan soittava m\u00e4kiseikkailu, joka l\u00e4hett\u00e4\u00e4 adrenaliinin kattoon ja naurattaa jokaista juoksijaa!<\/p>\n\n\n\n<div class=\"wp-block-buttons is-content-justification-center is-layout-flex wp-container-core-buttons-is-layout-16018d1d wp-block-buttons-is-layout-flex\">\n<div class=\"wp-block-button\"><a class=\"wp-block-button__link wp-element-button\" href=\"https:\/\/nutskoykkyri.fi\/\">Katso nutskoykkyri.fi \u203a<\/a><\/div>\n<\/div>\n\n\n\n<div class=\"wp-block-group\"><div class=\"wp-block-group__inner-container is-layout-constrained wp-block-group-is-layout-constrained\">\n<h2 class=\"wp-block-heading\">Tapahtumiamme<\/h2>\n\n\n<ul class=\"wp-block-page-list\"><li class=\"wp-block-pages-list__item\"><a class=\"wp-block-pages-list__item__link\" href=\"https:\/\/nuts.fi\/fi\/tapahtumat\/nuts-karhunkierros\/\">NUTS Karhunkierros<\/a><\/li><li class=\"wp-block-pages-list__item\"><a class=\"wp-block-pages-list__item__link\" href=\"https:\/\/nuts.fi\/fi\/tapahtumat\/nuts-syote\/\">NUTS Sy\u00f6te<\/a><\/li><li class=\"wp-block-pages-list__item\"><a class=\"wp-block-pages-list__item__link\" href=\"https:\/\/nuts.fi\/fi\/tapahtumat\/nuts-yllas-pallas\/\">NUTS Yll\u00e4s Pallas<\/a><\/li><li class=\"wp-block-pages-list__item\"><a class=\"wp-block-pages-list__item__link\" href=\"https:\/\/nuts.fi\/fi\/tapahtumat\/nuts-pyha\/\">NUTS Pyh\u00e4<\/a><\/li><li class=\"wp-block-pages-list__item\"><a class=\"wp-block-pages-list__item__link\" href=\"https:\/\/nuts.fi\/fi\/tapahtumat\/nuts-hel\/\">NUTS HEL<\/a><\/li><li class=\"wp-block-pages-list__item\"><a class=\"wp-block-pages-list__item__link\" href=\"https:\/\/nuts.fi\/fi\/tapahtumat\/nuts-kids-juniors\/\">NUTS Kids &amp; Juniors<\/a><\/li><li class=\"wp-block-pages-list__item\"><a class=\"wp-block-pages-list__item__link\" href=\"https:\/\/nuts.fi\/fi\/tapahtumat\/nuts-koykkyri\/\">NUTS K\u00f6ykkyri<\/a><\/li><\/ul><\/div><\/div>\n","protected":false},"excerpt":{"rendered":"<p>Koe Kempeleen &#8221;korkeanpaikan&#8221; kutina NUTS K\u00f6ykkyri -m\u00e4kijuoksussa! T\u00e4\u00e4ll\u00e4 saat tuntea todellista m\u00e4kijuoksun hurmaa &#8221;valtavien&#8221; 25 metrin korkeuserojen kera. Valmistaudu kirmaamaan Kempeleen &#8221;huipulla&#8221;, miss\u00e4 jokainen nousu on yht\u00e4 juhlaa ja jokainen alam\u00e4ki ansaitsee aplodit. Sarviaan soittava m\u00e4kiseikkailu, joka l\u00e4hett\u00e4\u00e4 adrenaliinin kattoon ja naurattaa jokaista juoksijaa!<\/p>\n","protected":false},"author":1,"featured_media":4439,"parent":2295,"menu_order":22,"comment_status":"closed","ping_status":"closed","template":"","meta":{"_kad_blocks_custom_css":"","_kad_blocks_head_custom_js":"","_kad_blocks_body_custom_js":"","_kad_blocks_footer_custom_js":"","_kad_post_transparent":"","_kad_post_title":"","_kad_post_layout":"","_kad_post_sidebar_id":"","_kad_post_content_style":"","_kad_post_vertical_padding":"","_kad_post_feature":"","_kad_post_feature_position":"","_kad_post_header":false,"_kad_post_footer":false,"_kad_post_classname":"","footnotes":""},"class_list":["post-2346","page","type-page","status-publish","has-post-thumbnail","hentry"],"yoast_head":"<!-- This site is optimized with the Yoast SEO plugin v27.3 - https:\/\/yoast.com\/product\/yoast-seo-wordpress\/ -->\n<title>NUTS K\u00f6ykkyri - NUTS polkujuoksut<\/title>\n<meta name=\"robots\" content=\"index, follow, max-snippet:-1, max-image-preview:large, max-video-preview:-1\" \/>\n<link rel=\"canonical\" href=\"https:\/\/nuts.fi\/fi\/tapahtumat\/nuts-koykkyri\/\" \/>\n<meta property=\"og:locale\" content=\"fi_FI\" \/>\n<meta property=\"og:type\" content=\"article\" \/>\n<meta property=\"og:title\" content=\"NUTS K\u00f6ykkyri - NUTS polkujuoksut\" \/>\n<meta property=\"og:description\" content=\"Koe Kempeleen &#8221;korkeanpaikan&#8221; kutina NUTS K\u00f6ykkyri -m\u00e4kijuoksussa! T\u00e4\u00e4ll\u00e4 saat tuntea todellista m\u00e4kijuoksun hurmaa &#8221;valtavien&#8221; 25 metrin korkeuserojen kera. Valmistaudu kirmaamaan Kempeleen &#8221;huipulla&#8221;, miss\u00e4 jokainen nousu on yht\u00e4 juhlaa ja jokainen alam\u00e4ki ansaitsee aplodit. Sarviaan soittava m\u00e4kiseikkailu, joka l\u00e4hett\u00e4\u00e4 adrenaliinin kattoon ja naurattaa jokaista juoksijaa!\" \/>\n<meta property=\"og:url\" content=\"https:\/\/nuts.fi\/fi\/tapahtumat\/nuts-koykkyri\/\" \/>\n<meta property=\"og:site_name\" content=\"NUTS polkujuoksut\" \/>\n<meta property=\"article:publisher\" content=\"https:\/\/www.facebook.com\/nutstrailrunning\" \/>\n<meta property=\"article:modified_time\" content=\"2025-01-03T09:54:50+00:00\" \/>\n<meta property=\"og:image\" content=\"https:\/\/nuts.fi\/wp-content\/uploads\/2023\/11\/nuts-koykkyri-1.jpg\" \/>\n\t<meta property=\"og:image:width\" content=\"2048\" \/>\n\t<meta property=\"og:image:height\" content=\"1365\" \/>\n\t<meta property=\"og:image:type\" content=\"image\/jpeg\" \/>\n<meta name=\"twitter:card\" content=\"summary_large_image\" \/>\n<meta name=\"twitter:site\" content=\"@nutsfi\" \/>\n<meta name=\"twitter:label1\" content=\"Arvioitu lukuaika\" \/>\n\t<meta name=\"twitter:data1\" content=\"1 minuutti\" \/>\n<script type=\"application\/ld+json\" class=\"yoast-schema-graph\">{\"@context\":\"https:\\\/\\\/schema.org\",\"@graph\":[{\"@type\":\"WebPage\",\"@id\":\"https:\\\/\\\/nuts.fi\\\/fi\\\/tapahtumat\\\/nuts-koykkyri\\\/\",\"url\":\"https:\\\/\\\/nuts.fi\\\/fi\\\/tapahtumat\\\/nuts-koykkyri\\\/\",\"name\":\"NUTS K\u00f6ykkyri - NUTS polkujuoksut\",\"isPartOf\":{\"@id\":\"https:\\\/\\\/nuts.fi\\\/fi\\\/#website\"},\"primaryImageOfPage\":{\"@id\":\"https:\\\/\\\/nuts.fi\\\/fi\\\/tapahtumat\\\/nuts-koykkyri\\\/#primaryimage\"},\"image\":{\"@id\":\"https:\\\/\\\/nuts.fi\\\/fi\\\/tapahtumat\\\/nuts-koykkyri\\\/#primaryimage\"},\"thumbnailUrl\":\"https:\\\/\\\/nuts.fi\\\/wp-content\\\/uploads\\\/2023\\\/11\\\/nuts-koykkyri-1.jpg\",\"datePublished\":\"2019-01-05T11:17:37+00:00\",\"dateModified\":\"2025-01-03T09:54:50+00:00\",\"breadcrumb\":{\"@id\":\"https:\\\/\\\/nuts.fi\\\/fi\\\/tapahtumat\\\/nuts-koykkyri\\\/#breadcrumb\"},\"inLanguage\":\"fi\",\"potentialAction\":[{\"@type\":\"ReadAction\",\"target\":[\"https:\\\/\\\/nuts.fi\\\/fi\\\/tapahtumat\\\/nuts-koykkyri\\\/\"]}]},{\"@type\":\"ImageObject\",\"inLanguage\":\"fi\",\"@id\":\"https:\\\/\\\/nuts.fi\\\/fi\\\/tapahtumat\\\/nuts-koykkyri\\\/#primaryimage\",\"url\":\"https:\\\/\\\/nuts.fi\\\/wp-content\\\/uploads\\\/2023\\\/11\\\/nuts-koykkyri-1.jpg\",\"contentUrl\":\"https:\\\/\\\/nuts.fi\\\/wp-content\\\/uploads\\\/2023\\\/11\\\/nuts-koykkyri-1.jpg\",\"width\":2048,\"height\":1365},{\"@type\":\"BreadcrumbList\",\"@id\":\"https:\\\/\\\/nuts.fi\\\/fi\\\/tapahtumat\\\/nuts-koykkyri\\\/#breadcrumb\",\"itemListElement\":[{\"@type\":\"ListItem\",\"position\":1,\"name\":\"Etusivu\",\"item\":\"https:\\\/\\\/nuts.fi\\\/fi\\\/\"},{\"@type\":\"ListItem\",\"position\":2,\"name\":\"NUTS -polkujuoksutapahtumat\",\"item\":\"https:\\\/\\\/nuts.fi\\\/fi\\\/tapahtumat\\\/\"},{\"@type\":\"ListItem\",\"position\":3,\"name\":\"NUTS K\u00f6ykkyri\"}]},{\"@type\":\"WebSite\",\"@id\":\"https:\\\/\\\/nuts.fi\\\/fi\\\/#website\",\"url\":\"https:\\\/\\\/nuts.fi\\\/fi\\\/\",\"name\":\"NUTS \u2013 Ihan parasta poluilla!\",\"description\":\"Ihan parasta poluilla!\",\"publisher\":{\"@id\":\"https:\\\/\\\/nuts.fi\\\/fi\\\/#organization\"},\"potentialAction\":[{\"@type\":\"SearchAction\",\"target\":{\"@type\":\"EntryPoint\",\"urlTemplate\":\"https:\\\/\\\/nuts.fi\\\/fi\\\/?s={search_term_string}\"},\"query-input\":{\"@type\":\"PropertyValueSpecification\",\"valueRequired\":true,\"valueName\":\"search_term_string\"}}],\"inLanguage\":\"fi\"},{\"@type\":\"Organization\",\"@id\":\"https:\\\/\\\/nuts.fi\\\/fi\\\/#organization\",\"name\":\"Northern Ultra Trail Service - NUTS oy\",\"url\":\"https:\\\/\\\/nuts.fi\\\/fi\\\/\",\"logo\":{\"@type\":\"ImageObject\",\"inLanguage\":\"fi\",\"@id\":\"https:\\\/\\\/nuts.fi\\\/fi\\\/#\\\/schema\\\/logo\\\/image\\\/\",\"url\":\"https:\\\/\\\/nuts.fi\\\/wp-content\\\/uploads\\\/2025\\\/02\\\/nuts-logo-white.svg\",\"contentUrl\":\"https:\\\/\\\/nuts.fi\\\/wp-content\\\/uploads\\\/2025\\\/02\\\/nuts-logo-white.svg\",\"caption\":\"Northern Ultra Trail Service - NUTS oy\"},\"image\":{\"@id\":\"https:\\\/\\\/nuts.fi\\\/fi\\\/#\\\/schema\\\/logo\\\/image\\\/\"},\"sameAs\":[\"https:\\\/\\\/www.facebook.com\\\/nutstrailrunning\",\"https:\\\/\\\/x.com\\\/nutsfi\",\"https:\\\/\\\/www.instagram.com\\\/nutsfi\\\/\"]}]}<\/script>\n<!-- \/ Yoast SEO plugin. -->","yoast_head_json":{"title":"NUTS K\u00f6ykkyri - NUTS polkujuoksut","robots":{"index":"index","follow":"follow","max-snippet":"max-snippet:-1","max-image-preview":"max-image-preview:large","max-video-preview":"max-video-preview:-1"},"canonical":"https:\/\/nuts.fi\/fi\/tapahtumat\/nuts-koykkyri\/","og_locale":"fi_FI","og_type":"article","og_title":"NUTS K\u00f6ykkyri - NUTS polkujuoksut","og_description":"Koe Kempeleen &#8221;korkeanpaikan&#8221; kutina NUTS K\u00f6ykkyri -m\u00e4kijuoksussa! T\u00e4\u00e4ll\u00e4 saat tuntea todellista m\u00e4kijuoksun hurmaa &#8221;valtavien&#8221; 25 metrin korkeuserojen kera. Valmistaudu kirmaamaan Kempeleen &#8221;huipulla&#8221;, miss\u00e4 jokainen nousu on yht\u00e4 juhlaa ja jokainen alam\u00e4ki ansaitsee aplodit. Sarviaan soittava m\u00e4kiseikkailu, joka l\u00e4hett\u00e4\u00e4 adrenaliinin kattoon ja naurattaa jokaista juoksijaa!","og_url":"https:\/\/nuts.fi\/fi\/tapahtumat\/nuts-koykkyri\/","og_site_name":"NUTS polkujuoksut","article_publisher":"https:\/\/www.facebook.com\/nutstrailrunning","article_modified_time":"2025-01-03T09:54:50+00:00","og_image":[{"width":2048,"height":1365,"url":"https:\/\/nuts.fi\/wp-content\/uploads\/2023\/11\/nuts-koykkyri-1.jpg","type":"image\/jpeg"}],"twitter_card":"summary_large_image","twitter_site":"@nutsfi","twitter_misc":{"Arvioitu lukuaika":"1 minuutti"},"schema":{"@context":"https:\/\/schema.org","@graph":[{"@type":"WebPage","@id":"https:\/\/nuts.fi\/fi\/tapahtumat\/nuts-koykkyri\/","url":"https:\/\/nuts.fi\/fi\/tapahtumat\/nuts-koykkyri\/","name":"NUTS K\u00f6ykkyri - NUTS polkujuoksut","isPartOf":{"@id":"https:\/\/nuts.fi\/fi\/#website"},"primaryImageOfPage":{"@id":"https:\/\/nuts.fi\/fi\/tapahtumat\/nuts-koykkyri\/#primaryimage"},"image":{"@id":"https:\/\/nuts.fi\/fi\/tapahtumat\/nuts-koykkyri\/#primaryimage"},"thumbnailUrl":"https:\/\/nuts.fi\/wp-content\/uploads\/2023\/11\/nuts-koykkyri-1.jpg","datePublished":"2019-01-05T11:17:37+00:00","dateModified":"2025-01-03T09:54:50+00:00","breadcrumb":{"@id":"https:\/\/nuts.fi\/fi\/tapahtumat\/nuts-koykkyri\/#breadcrumb"},"inLanguage":"fi","potentialAction":[{"@type":"ReadAction","target":["https:\/\/nuts.fi\/fi\/tapahtumat\/nuts-koykkyri\/"]}]},{"@type":"ImageObject","inLanguage":"fi","@id":"https:\/\/nuts.fi\/fi\/tapahtumat\/nuts-koykkyri\/#primaryimage","url":"https:\/\/nuts.fi\/wp-content\/uploads\/2023\/11\/nuts-koykkyri-1.jpg","contentUrl":"https:\/\/nuts.fi\/wp-content\/uploads\/2023\/11\/nuts-koykkyri-1.jpg","width":2048,"height":1365},{"@type":"BreadcrumbList","@id":"https:\/\/nuts.fi\/fi\/tapahtumat\/nuts-koykkyri\/#breadcrumb","itemListElement":[{"@type":"ListItem","position":1,"name":"Etusivu","item":"https:\/\/nuts.fi\/fi\/"},{"@type":"ListItem","position":2,"name":"NUTS -polkujuoksutapahtumat","item":"https:\/\/nuts.fi\/fi\/tapahtumat\/"},{"@type":"ListItem","position":3,"name":"NUTS K\u00f6ykkyri"}]},{"@type":"WebSite","@id":"https:\/\/nuts.fi\/fi\/#website","url":"https:\/\/nuts.fi\/fi\/","name":"NUTS \u2013 Ihan parasta poluilla!","description":"Ihan parasta poluilla!","publisher":{"@id":"https:\/\/nuts.fi\/fi\/#organization"},"potentialAction":[{"@type":"SearchAction","target":{"@type":"EntryPoint","urlTemplate":"https:\/\/nuts.fi\/fi\/?s={search_term_string}"},"query-input":{"@type":"PropertyValueSpecification","valueRequired":true,"valueName":"search_term_string"}}],"inLanguage":"fi"},{"@type":"Organization","@id":"https:\/\/nuts.fi\/fi\/#organization","name":"Northern Ultra Trail Service - NUTS oy","url":"https:\/\/nuts.fi\/fi\/","logo":{"@type":"ImageObject","inLanguage":"fi","@id":"https:\/\/nuts.fi\/fi\/#\/schema\/logo\/image\/","url":"https:\/\/nuts.fi\/wp-content\/uploads\/2025\/02\/nuts-logo-white.svg","contentUrl":"https:\/\/nuts.fi\/wp-content\/uploads\/2025\/02\/nuts-logo-white.svg","caption":"Northern Ultra Trail Service - NUTS oy"},"image":{"@id":"https:\/\/nuts.fi\/fi\/#\/schema\/logo\/image\/"},"sameAs":["https:\/\/www.facebook.com\/nutstrailrunning","https:\/\/x.com\/nutsfi","https:\/\/www.instagram.com\/nutsfi\/"]}]}},"taxonomy_info":[],"featured_image_src_large":["https:\/\/nuts.fi\/wp-content\/uploads\/2023\/11\/nuts-koykkyri-1-1024x683.jpg",1024,683,true],"author_info":{"display_name":"nuts","author_link":"https:\/\/nuts.fi\/fi\/author\/nuts\/"},"comment_info":0,"_links":{"self":[{"href":"https:\/\/nuts.fi\/fi\/wp-json\/wp\/v2\/pages\/2346","targetHints":{"allow":["GET"]}}],"collection":[{"href":"https:\/\/nuts.fi\/fi\/wp-json\/wp\/v2\/pages"}],"about":[{"href":"https:\/\/nuts.fi\/fi\/wp-json\/wp\/v2\/types\/page"}],"author":[{"embeddable":true,"href":"https:\/\/nuts.fi\/fi\/wp-json\/wp\/v2\/users\/1"}],"replies":[{"embeddable":true,"href":"https:\/\/nuts.fi\/fi\/wp-json\/wp\/v2\/comments?post=2346"}],"version-history":[{"count":6,"href":"https:\/\/nuts.fi\/fi\/wp-json\/wp\/v2\/pages\/2346\/revisions"}],"predecessor-version":[{"id":5228,"href":"https:\/\/nuts.fi\/fi\/wp-json\/wp\/v2\/pages\/2346\/revisions\/5228"}],"up":[{"embeddable":true,"href":"https:\/\/nuts.fi\/fi\/wp-json\/wp\/v2\/pages\/2295"}],"wp:featuredmedia":[{"embeddable":true,"href":"https:\/\/nuts.fi\/fi\/wp-json\/wp\/v2\/media\/4439"}],"wp:attachment":[{"href":"https:\/\/nuts.fi\/fi\/wp-json\/wp\/v2\/media?parent=2346"}],"curies":[{"name":"wp","href":"https:\/\/api.w.org\/{rel}","templated":true}]}}