{"id":2235,"date":"2018-09-17T18:46:11","date_gmt":"2018-09-17T15:46:11","guid":{"rendered":"https:\/\/nuts.fi\/?page_id=2235"},"modified":"2025-01-02T22:14:15","modified_gmt":"2025-01-02T20:14:15","slug":"tietosuojaseloste","status":"publish","type":"page","link":"https:\/\/nuts.fi\/fi\/tietosuojaseloste\/","title":{"rendered":"Tietosuojaseloste"},"content":{"rendered":"\n<h2 class=\"wp-block-heading\">Northern Ultra Trail Service &#8211; NUTS oy tietosuojaseloste<\/h2>\n\n\n\n<p>Rekisterinpit\u00e4j\u00e4ll\u00e4 on tietosuoja-asetuksen mukaan velvollisuus informoida selke\u00e4ll\u00e4 tavalla rekister\u00f6ityj\u00e4. T\u00e4m\u00e4 seloste t\u00e4ytt\u00e4\u00e4 informointivelvoitteen.<\/p>\n\n\n\n<h3 class=\"wp-block-heading\">Rekisterinpit\u00e4j\u00e4<\/h3>\n\n\n\n<p>Northern Ultra Trail Service &#8211; NUTS oy<\/p>\n\n\n\n<p>Yhteystiedot:<br>V\u00e4ltinper\u00e4ntie 121<br>91980 Lumijoki<\/p>\n\n\n\n<p>Yhteystiedot rekisteri\u00e4 koskevissa asioissa<\/p>\n\n\n\n<p>Jouko Kaarteenaho<br>Kentt\u00e4tie 20 B22<br>90130 Oulu<\/p>\n\n\n\n<p>info@nuts.fi<\/p>\n\n\n\n<h3 class=\"wp-block-heading\">Rekister\u00f6idyt<\/h3>\n\n\n\n<p>Tietosi tallentuvat rekistereihimme, kun ilmoittaudut tapahtumiimme. Voit my\u00f6s tilata uutiskirjeemme nuts.fi -sivulla sek\u00e4 Facebookissa.<\/p>\n\n\n\n<h3 class=\"wp-block-heading\">Rekisterin pit\u00e4misen peruste ja k\u00e4ytt\u00f6tarkoitus<\/h3>\n\n\n\n<p>Ker\u00e4\u00e4mme henkil\u00f6tietoja tapahtumiemme j\u00e4rjest\u00e4mist\u00e4 sek\u00e4 tapahtumien tulosten julkaisua varten. S\u00e4hk\u00f6postilistaa ker\u00e4\u00e4mme tapahtumien ja oheistuotteiden markkinointia ja tiedottamista varten.<\/p>\n\n\n\n<p>Henkil\u00f6tietojen k\u00e4sittelyn ja rekisterin k\u00e4ytt\u00f6tarkoitus<\/p>\n\n\n\n<p>Henkil\u00f6tietoja k\u00e4sitell\u00e4\u00e4n vain ennalta m\u00e4\u00e4riteltyihin tarkoituksiin, jotka ovat seuraavat:<\/p>\n\n\n\n<ul class=\"wp-block-list\"><li>asiakassuhteen hoitaminen<\/li><li>palveluistamme kertominen<\/li><\/ul>\n\n\n\n<h3 class=\"wp-block-heading\">Rekisteriin tallennettavat henkil\u00f6tiedot<\/h3>\n\n\n\n<p>Osallistujarekisterit sis\u00e4lt\u00e4v\u00e4t seuraavat tiedot:<\/p>\n\n\n\n<ul class=\"wp-block-list\"><li>nimi<\/li><li>osoite<\/li><li>s\u00e4hk\u00f6posti<\/li><li>puhelinnumero<\/li><li>syntym\u00e4aika<\/li><li>Matka tms. johon osallistuu<\/li><\/ul>\n\n\n\n<ul class=\"wp-block-list\"><li>mahdollisesti tiedot ostetuista oheistuotteista ja palveluista<\/li><li>Tapahtuman aikana kertyv\u00e4t tulostiedot<\/li><\/ul>\n\n\n\n<h3 class=\"wp-block-heading\">Rekister\u00f6idyn oikeudet<\/h3>\n\n\n\n<p>Rekister\u00f6idyll\u00e4 on seuraavat oikeudet, joiden k\u00e4ytt\u00e4mist\u00e4 koskevat pyynn\u00f6t tulee tehd\u00e4 kohdan 1 yhteystietoihin.<\/p>\n\n\n\n<h4 class=\"wp-block-heading\">Tarkastusoikeus<\/h4>\n\n\n\n<p>Rekister\u00f6ity voi tarkistaa tallentamamme henkil\u00f6tiedot. Tyypillisesti ilmoittautumispalvelumme l\u00e4hett\u00e4\u00e4 rekister\u00f6idylle henkil\u00f6kohtaisen tietojen tarkistus- ja muutoslinkin, poislukien ryhm\u00e4ilmoittautumiset.<\/p>\n\n\n\n<h4 class=\"wp-block-heading\">Oikeus tietojen oikaisemiseen<\/h4>\n\n\n\n<p>Rekister\u00f6ity voi pyyt\u00e4\u00e4 oikaisemaan virheelliset tai puutteelliset tiedot.<\/p>\n\n\n\n<h4 class=\"wp-block-heading\">Vastustamisoikeus<\/h4>\n\n\n\n<p>Rekister\u00f6ity voi vastustaa henkil\u00f6tietojen k\u00e4sittely\u00e4, mik\u00e4li koet, ett\u00e4 henkil\u00f6tietoja on k\u00e4sitelty lainvastaisesti.<\/p>\n\n\n\n<h4 class=\"wp-block-heading\">Suoramarkkinointikielto<\/h4>\n\n\n\n<p>Rekister\u00f6ity voi kielt\u00e4\u00e4 tietojesi k\u00e4ytt\u00e4misen suoramarkkinointiin. K\u00e4yt\u00e4mme vain nuts.fi -postilistan tietoja suoramarkkinointiin. Rekister\u00f6ity voi antaa ilmoittautumisen yhteydess\u00e4 erikseen suostumuksen listalle liitt\u00e4misest\u00e4.<\/p>\n\n\n\n<h4 class=\"wp-block-heading\">Poisto-oikeus<\/h4>\n\n\n\n<p>Rekister\u00f6idyll\u00e4 on oikeus pyyt\u00e4\u00e4 tietojen poistamista, jos tietojen k\u00e4sittely ei ole tarpeen. K\u00e4sittelemme poistopyynn\u00f6n, jonka j\u00e4lkeen joko poistamme tiedot tai ilmoitamme perustellun syyn, miksi tietoja ei voida poistaa.<\/p>\n\n\n\n<h4 class=\"wp-block-heading\">Suostumuksen peruuttaminen<\/h4>\n\n\n\n<p>Uutiskirjeemme tilaaminen perustuu rekister\u00f6idyn suostumukseen. Jokainen uutiskirje sis\u00e4lt\u00e4\u00e4 linkin suostumuksen perumiseen.<\/p>\n\n\n\n<h4 class=\"wp-block-heading\">Rekister\u00f6ity voi valittaa p\u00e4\u00e4t\u00f6ksest\u00e4 tietosuojavaltuutetulle<\/h4>\n\n\n\n<p>Rekister\u00f6idyll\u00e4 on oikeus vaatia, ett\u00e4 rajoitamme kiistanalaisten tietojen k\u00e4sittely\u00e4 siksi aikaa, kunnes asia saadaan ratkaistua.<\/p>\n\n\n\n<h4 class=\"wp-block-heading\">Valitusoikeus<\/h4>\n\n\n\n<p>Rekister\u00f6idyll\u00e4 on oikeus tehd\u00e4 valitus tietosuojavaltuutetulle kantelu, jos h\u00e4n kokee, ett\u00e4 rikomme henkil\u00f6tietoja k\u00e4sitelless\u00e4mme voimassa olevaa tietosuojalains\u00e4\u00e4d\u00e4nt\u00f6\u00e4.<\/p>\n\n\n\n<p>Tietosuojavaltuutetun yhteystiedot: &nbsp;<a href=\"http:\/\/www.tietosuoja.fi\/fi\/index\/yhteystiedot.html\">www.tietosuoja.fi\/fi\/index\/yhteystiedot.html<\/a><\/p>\n\n\n\n<h3 class=\"wp-block-heading\">S\u00e4\u00e4nn\u00f6nmukaiset tietol\u00e4hteet<\/h3>\n\n\n\n<p>Asiakastiedot saadaan s\u00e4\u00e4nn\u00f6nmukaisesti asiakkaan ilmoittautuessa tapahtumiimme.<\/p>\n\n\n\n<h3 class=\"wp-block-heading\">S\u00e4\u00e4nn\u00f6nmukaiset tietojen luovutukset<\/h3>\n\n\n\n<p>Olemme varmistaneet, ett\u00e4 kaikki palveluntarjoajamme noudattavat tietosuojalains\u00e4\u00e4d\u00e4nt\u00f6\u00e4. K\u00e4yt\u00e4mme s\u00e4\u00e4nn\u00f6nmukaisesti seuraavia palvelutarjoajia:<\/p>\n\n\n\n<ul class=\"wp-block-list\"><li>race result AG<\/li><li>MailChimp<\/li><\/ul>\n\n\n\n<p>Lis\u00e4ksi luovutamme tulostilastoja s\u00e4\u00e4nn\u00f6llisesti seuraaviin rekistereihin:<\/p>\n\n\n\n<ul class=\"wp-block-list\"><li>International Trail-Running Association (ITRA)<\/li><li>Deutsche Ultramarathon-Vereinigung e.V. (DUV)<\/li><li>UTMB\u00ae World Series<\/li><li>Juoksija-lehti<\/li><li>Muut tiedotusv\u00e4lineet<\/li><\/ul>\n\n\n\n<h3 class=\"wp-block-heading\">K\u00e4sittelyn kesto<\/h3>\n\n\n\n<ul class=\"wp-block-list\"><li>Tulosten esitt\u00e4miseen tarvittavat tiedot s\u00e4ilyt\u00e4mme \u201cikuisesti\u201d.<\/li><li>Nuts-fi -s\u00e4hk\u00f6postilistalta rekister\u00f6ity p\u00e4\u00e4see poistumaan itse jokaisessa l\u00e4hett\u00e4m\u00e4ss\u00e4mme markkinointis\u00e4hk\u00f6postissamme olevan linkin kautta.<\/li><\/ul>\n\n\n\n<h3 class=\"wp-block-heading\">Henkil\u00f6tietojen k\u00e4sittelij\u00e4t<\/h3>\n\n\n\n<p>Rekisterinpit\u00e4j\u00e4 ja t\u00e4m\u00e4n ty\u00f6ntekij\u00e4t k\u00e4sittelev\u00e4t henkil\u00f6tietoja. Voimme my\u00f6s ulkoistaa henkil\u00f6tietojen k\u00e4sittelyn osittain kolmannelle osapuolelle, jolloin takaamme sopimusj\u00e4rjestelyin, ett\u00e4 henkil\u00f6tietoja k\u00e4sitell\u00e4\u00e4n voimassa olevan tietosuojalains\u00e4\u00e4d\u00e4nn\u00f6n mukaisesti ja muutoin asianmukaisesti.<\/p>\n\n\n\n<h3 class=\"wp-block-heading\">Tietojen siirto EU:n ulkopuolelle<\/h3>\n\n\n\n<p>Tietoja siirret\u00e4\u00e4n s\u00e4\u00e4nn\u00f6nmukaisesti EU:n tai Euroopan talousalueen ulkopuolelle. Kun tietoja siirret\u00e4\u00e4n EU:n ja ETA:n ulkopuolelle, huolehdimme henkil\u00f6tietojen suojan riitt\u00e4v\u00e4st\u00e4 tasosta muun muassa sopimalla henkil\u00f6tietojen luottamuksellisuuteen ja k\u00e4sittelyyn liittyvist\u00e4 asioista lains\u00e4\u00e4d\u00e4nn\u00f6n edellytt\u00e4m\u00e4ll\u00e4 tavalla.<\/p>\n\n\n\n<h3 class=\"wp-block-heading\">Automaattinen p\u00e4\u00e4t\u00f6ksenteko ja profilointi<\/h3>\n\n\n\n<p>Emme k\u00e4yt\u00e4 tietoja automaattiseen p\u00e4\u00e4t\u00f6ksentekoon tai profilointiin.<\/p>\n","protected":false},"excerpt":{"rendered":"<p>Northern Ultra Trail Service &#8211; NUTS oy tietosuojaseloste Rekisterinpit\u00e4j\u00e4ll\u00e4 on tietosuoja-asetuksen mukaan velvollisuus informoida selke\u00e4ll\u00e4 tavalla rekister\u00f6ityj\u00e4. T\u00e4m\u00e4 seloste t\u00e4ytt\u00e4\u00e4 informointivelvoitteen. Rekisterinpit\u00e4j\u00e4 Northern Ultra Trail Service &#8211; NUTS oy Yhteystiedot:V\u00e4ltinper\u00e4ntie 12191980 Lumijoki Yhteystiedot rekisteri\u00e4 koskevissa asioissa Jouko KaarteenahoKentt\u00e4tie 20 B2290130 Oulu info@nuts.fi Rekister\u00f6idyt Tietosi tallentuvat rekistereihimme, kun ilmoittaudut tapahtumiimme. Voit my\u00f6s tilata uutiskirjeemme nuts.fi -sivulla&#8230;<\/p>\n","protected":false},"author":1,"featured_media":0,"parent":0,"menu_order":0,"comment_status":"closed","ping_status":"closed","template":"","meta":{"_kad_blocks_custom_css":"","_kad_blocks_head_custom_js":"","_kad_blocks_body_custom_js":"","_kad_blocks_footer_custom_js":"","_kad_post_transparent":"","_kad_post_title":"","_kad_post_layout":"","_kad_post_sidebar_id":"","_kad_post_content_style":"","_kad_post_vertical_padding":"","_kad_post_feature":"","_kad_post_feature_position":"","_kad_post_header":false,"_kad_post_footer":false,"_kad_post_classname":"","footnotes":""},"class_list":["post-2235","page","type-page","status-publish","hentry"],"yoast_head":"<!-- This site is optimized with the Yoast SEO plugin v27.3 - https:\/\/yoast.com\/product\/yoast-seo-wordpress\/ -->\n<title>Tietosuojaseloste - NUTS polkujuoksut<\/title>\n<meta name=\"robots\" content=\"index, follow, max-snippet:-1, max-image-preview:large, max-video-preview:-1\" \/>\n<link rel=\"canonical\" href=\"https:\/\/nuts.fi\/fi\/tietosuojaseloste\/\" \/>\n<meta property=\"og:locale\" content=\"fi_FI\" \/>\n<meta property=\"og:type\" content=\"article\" \/>\n<meta property=\"og:title\" content=\"Tietosuojaseloste - NUTS polkujuoksut\" \/>\n<meta property=\"og:description\" content=\"Northern Ultra Trail Service &#8211; NUTS oy tietosuojaseloste Rekisterinpit\u00e4j\u00e4ll\u00e4 on tietosuoja-asetuksen mukaan velvollisuus informoida selke\u00e4ll\u00e4 tavalla rekister\u00f6ityj\u00e4. T\u00e4m\u00e4 seloste t\u00e4ytt\u00e4\u00e4 informointivelvoitteen. Rekisterinpit\u00e4j\u00e4 Northern Ultra Trail Service &#8211; NUTS oy Yhteystiedot:V\u00e4ltinper\u00e4ntie 12191980 Lumijoki Yhteystiedot rekisteri\u00e4 koskevissa asioissa Jouko KaarteenahoKentt\u00e4tie 20 B2290130 Oulu info@nuts.fi Rekister\u00f6idyt Tietosi tallentuvat rekistereihimme, kun ilmoittaudut tapahtumiimme. Voit my\u00f6s tilata uutiskirjeemme nuts.fi -sivulla...\" \/>\n<meta property=\"og:url\" content=\"https:\/\/nuts.fi\/fi\/tietosuojaseloste\/\" \/>\n<meta property=\"og:site_name\" content=\"NUTS polkujuoksut\" \/>\n<meta property=\"article:publisher\" content=\"https:\/\/www.facebook.com\/nutstrailrunning\" \/>\n<meta property=\"article:modified_time\" content=\"2025-01-02T20:14:15+00:00\" \/>\n<meta name=\"twitter:card\" content=\"summary_large_image\" \/>\n<meta name=\"twitter:site\" content=\"@nutsfi\" \/>\n<meta name=\"twitter:label1\" content=\"Arvioitu lukuaika\" \/>\n\t<meta name=\"twitter:data1\" content=\"3 minuuttia\" \/>\n<script type=\"application\/ld+json\" class=\"yoast-schema-graph\">{\"@context\":\"https:\\\/\\\/schema.org\",\"@graph\":[{\"@type\":\"WebPage\",\"@id\":\"https:\\\/\\\/nuts.fi\\\/fi\\\/tietosuojaseloste\\\/\",\"url\":\"https:\\\/\\\/nuts.fi\\\/fi\\\/tietosuojaseloste\\\/\",\"name\":\"Tietosuojaseloste - NUTS polkujuoksut\",\"isPartOf\":{\"@id\":\"https:\\\/\\\/nuts.fi\\\/fi\\\/#website\"},\"datePublished\":\"2018-09-17T15:46:11+00:00\",\"dateModified\":\"2025-01-02T20:14:15+00:00\",\"breadcrumb\":{\"@id\":\"https:\\\/\\\/nuts.fi\\\/fi\\\/tietosuojaseloste\\\/#breadcrumb\"},\"inLanguage\":\"fi\",\"potentialAction\":[{\"@type\":\"ReadAction\",\"target\":[\"https:\\\/\\\/nuts.fi\\\/fi\\\/tietosuojaseloste\\\/\"]}]},{\"@type\":\"BreadcrumbList\",\"@id\":\"https:\\\/\\\/nuts.fi\\\/fi\\\/tietosuojaseloste\\\/#breadcrumb\",\"itemListElement\":[{\"@type\":\"ListItem\",\"position\":1,\"name\":\"Etusivu\",\"item\":\"https:\\\/\\\/nuts.fi\\\/fi\\\/\"},{\"@type\":\"ListItem\",\"position\":2,\"name\":\"Tietosuojaseloste\"}]},{\"@type\":\"WebSite\",\"@id\":\"https:\\\/\\\/nuts.fi\\\/fi\\\/#website\",\"url\":\"https:\\\/\\\/nuts.fi\\\/fi\\\/\",\"name\":\"NUTS \u2013 Ihan parasta poluilla!\",\"description\":\"Ihan parasta poluilla!\",\"publisher\":{\"@id\":\"https:\\\/\\\/nuts.fi\\\/fi\\\/#organization\"},\"potentialAction\":[{\"@type\":\"SearchAction\",\"target\":{\"@type\":\"EntryPoint\",\"urlTemplate\":\"https:\\\/\\\/nuts.fi\\\/fi\\\/?s={search_term_string}\"},\"query-input\":{\"@type\":\"PropertyValueSpecification\",\"valueRequired\":true,\"valueName\":\"search_term_string\"}}],\"inLanguage\":\"fi\"},{\"@type\":\"Organization\",\"@id\":\"https:\\\/\\\/nuts.fi\\\/fi\\\/#organization\",\"name\":\"Northern Ultra Trail Service - NUTS oy\",\"url\":\"https:\\\/\\\/nuts.fi\\\/fi\\\/\",\"logo\":{\"@type\":\"ImageObject\",\"inLanguage\":\"fi\",\"@id\":\"https:\\\/\\\/nuts.fi\\\/fi\\\/#\\\/schema\\\/logo\\\/image\\\/\",\"url\":\"https:\\\/\\\/nuts.fi\\\/wp-content\\\/uploads\\\/2025\\\/02\\\/nuts-logo-white.svg\",\"contentUrl\":\"https:\\\/\\\/nuts.fi\\\/wp-content\\\/uploads\\\/2025\\\/02\\\/nuts-logo-white.svg\",\"caption\":\"Northern Ultra Trail Service - NUTS oy\"},\"image\":{\"@id\":\"https:\\\/\\\/nuts.fi\\\/fi\\\/#\\\/schema\\\/logo\\\/image\\\/\"},\"sameAs\":[\"https:\\\/\\\/www.facebook.com\\\/nutstrailrunning\",\"https:\\\/\\\/x.com\\\/nutsfi\",\"https:\\\/\\\/www.instagram.com\\\/nutsfi\\\/\"]}]}<\/script>\n<!-- \/ Yoast SEO plugin. -->","yoast_head_json":{"title":"Tietosuojaseloste - NUTS polkujuoksut","robots":{"index":"index","follow":"follow","max-snippet":"max-snippet:-1","max-image-preview":"max-image-preview:large","max-video-preview":"max-video-preview:-1"},"canonical":"https:\/\/nuts.fi\/fi\/tietosuojaseloste\/","og_locale":"fi_FI","og_type":"article","og_title":"Tietosuojaseloste - NUTS polkujuoksut","og_description":"Northern Ultra Trail Service &#8211; NUTS oy tietosuojaseloste Rekisterinpit\u00e4j\u00e4ll\u00e4 on tietosuoja-asetuksen mukaan velvollisuus informoida selke\u00e4ll\u00e4 tavalla rekister\u00f6ityj\u00e4. T\u00e4m\u00e4 seloste t\u00e4ytt\u00e4\u00e4 informointivelvoitteen. Rekisterinpit\u00e4j\u00e4 Northern Ultra Trail Service &#8211; NUTS oy Yhteystiedot:V\u00e4ltinper\u00e4ntie 12191980 Lumijoki Yhteystiedot rekisteri\u00e4 koskevissa asioissa Jouko KaarteenahoKentt\u00e4tie 20 B2290130 Oulu info@nuts.fi Rekister\u00f6idyt Tietosi tallentuvat rekistereihimme, kun ilmoittaudut tapahtumiimme. Voit my\u00f6s tilata uutiskirjeemme nuts.fi -sivulla...","og_url":"https:\/\/nuts.fi\/fi\/tietosuojaseloste\/","og_site_name":"NUTS polkujuoksut","article_publisher":"https:\/\/www.facebook.com\/nutstrailrunning","article_modified_time":"2025-01-02T20:14:15+00:00","twitter_card":"summary_large_image","twitter_site":"@nutsfi","twitter_misc":{"Arvioitu lukuaika":"3 minuuttia"},"schema":{"@context":"https:\/\/schema.org","@graph":[{"@type":"WebPage","@id":"https:\/\/nuts.fi\/fi\/tietosuojaseloste\/","url":"https:\/\/nuts.fi\/fi\/tietosuojaseloste\/","name":"Tietosuojaseloste - NUTS polkujuoksut","isPartOf":{"@id":"https:\/\/nuts.fi\/fi\/#website"},"datePublished":"2018-09-17T15:46:11+00:00","dateModified":"2025-01-02T20:14:15+00:00","breadcrumb":{"@id":"https:\/\/nuts.fi\/fi\/tietosuojaseloste\/#breadcrumb"},"inLanguage":"fi","potentialAction":[{"@type":"ReadAction","target":["https:\/\/nuts.fi\/fi\/tietosuojaseloste\/"]}]},{"@type":"BreadcrumbList","@id":"https:\/\/nuts.fi\/fi\/tietosuojaseloste\/#breadcrumb","itemListElement":[{"@type":"ListItem","position":1,"name":"Etusivu","item":"https:\/\/nuts.fi\/fi\/"},{"@type":"ListItem","position":2,"name":"Tietosuojaseloste"}]},{"@type":"WebSite","@id":"https:\/\/nuts.fi\/fi\/#website","url":"https:\/\/nuts.fi\/fi\/","name":"NUTS \u2013 Ihan parasta poluilla!","description":"Ihan parasta poluilla!","publisher":{"@id":"https:\/\/nuts.fi\/fi\/#organization"},"potentialAction":[{"@type":"SearchAction","target":{"@type":"EntryPoint","urlTemplate":"https:\/\/nuts.fi\/fi\/?s={search_term_string}"},"query-input":{"@type":"PropertyValueSpecification","valueRequired":true,"valueName":"search_term_string"}}],"inLanguage":"fi"},{"@type":"Organization","@id":"https:\/\/nuts.fi\/fi\/#organization","name":"Northern Ultra Trail Service - NUTS oy","url":"https:\/\/nuts.fi\/fi\/","logo":{"@type":"ImageObject","inLanguage":"fi","@id":"https:\/\/nuts.fi\/fi\/#\/schema\/logo\/image\/","url":"https:\/\/nuts.fi\/wp-content\/uploads\/2025\/02\/nuts-logo-white.svg","contentUrl":"https:\/\/nuts.fi\/wp-content\/uploads\/2025\/02\/nuts-logo-white.svg","caption":"Northern Ultra Trail Service - NUTS oy"},"image":{"@id":"https:\/\/nuts.fi\/fi\/#\/schema\/logo\/image\/"},"sameAs":["https:\/\/www.facebook.com\/nutstrailrunning","https:\/\/x.com\/nutsfi","https:\/\/www.instagram.com\/nutsfi\/"]}]}},"taxonomy_info":[],"featured_image_src_large":false,"author_info":{"display_name":"nuts","author_link":"https:\/\/nuts.fi\/fi\/author\/nuts\/"},"comment_info":0,"_links":{"self":[{"href":"https:\/\/nuts.fi\/fi\/wp-json\/wp\/v2\/pages\/2235","targetHints":{"allow":["GET"]}}],"collection":[{"href":"https:\/\/nuts.fi\/fi\/wp-json\/wp\/v2\/pages"}],"about":[{"href":"https:\/\/nuts.fi\/fi\/wp-json\/wp\/v2\/types\/page"}],"author":[{"embeddable":true,"href":"https:\/\/nuts.fi\/fi\/wp-json\/wp\/v2\/users\/1"}],"replies":[{"embeddable":true,"href":"https:\/\/nuts.fi\/fi\/wp-json\/wp\/v2\/comments?post=2235"}],"version-history":[{"count":4,"href":"https:\/\/nuts.fi\/fi\/wp-json\/wp\/v2\/pages\/2235\/revisions"}],"predecessor-version":[{"id":5046,"href":"https:\/\/nuts.fi\/fi\/wp-json\/wp\/v2\/pages\/2235\/revisions\/5046"}],"wp:attachment":[{"href":"https:\/\/nuts.fi\/fi\/wp-json\/wp\/v2\/media?parent=2235"}],"curies":[{"name":"wp","href":"https:\/\/api.w.org\/{rel}","templated":true}]}}