{"id":2039,"date":"2018-01-15T11:36:10","date_gmt":"2018-01-15T09:36:10","guid":{"rendered":"https:\/\/nuts.fi\/?page_id=2039"},"modified":"2025-09-02T10:48:02","modified_gmt":"2025-09-02T07:48:02","slug":"nuts-pyha","status":"publish","type":"page","link":"https:\/\/nuts.fi\/fi\/tapahtumat\/nuts-pyha\/","title":{"rendered":"NUTS Pyh\u00e4"},"content":{"rendered":"\n<figure class=\"wp-block-embed is-type-video is-provider-youtube wp-block-embed-youtube wp-embed-aspect-16-9 wp-has-aspect-ratio\"><div class=\"wp-block-embed__wrapper\">\n<iframe loading=\"lazy\" title=\"NUTS Pyh\u00e4 2025 Aftermovie\" width=\"720\" height=\"405\" src=\"https:\/\/www.youtube.com\/embed\/OBWnU7jL7sg?feature=oembed\" frameborder=\"0\" allow=\"accelerometer; autoplay; clipboard-write; encrypted-media; gyroscope; picture-in-picture; web-share\" referrerpolicy=\"strict-origin-when-cross-origin\" allowfullscreen><\/iframe>\n<\/div><\/figure>\n\n\n\n<p>Elokuussa Pyh\u00e4tunturilla. Astu syrj\u00e4\u00e4n arjesta ja koe Pyh\u00e4n kauneus juoksujalkineissasi! Polkujuoksu Pyh\u00e4ll\u00e4 on t\u00e4ydellinen yhdistelm\u00e4 luonnon rauhaa ja juoksujuhlan riemua, tarjoten matkoja sunnuntaisprintterist\u00e4 kokeneeseen polun tallaajaan. L\u00e4hde mukaan kokoamaan voimia yhteis\u00f6st\u00e4, l\u00f6yt\u00e4m\u00e4\u00e4n uusia seikkailuja ja el\u00e4m\u00e4\u00e4n tarinaa, jonka kirjoitat jokaisella askeleella ruskan v\u00e4riloistoa enteilev\u00e4ss\u00e4 luonnossa.<\/p>\n\n\n<style>.wp-block-kadence-advancedbtn.kb-btns2039_0e19c7-74{gap:var(--global-kb-gap-xs, 0.5rem );justify-content:center;align-items:center;}.kt-btns2039_0e19c7-74 .kt-button{font-weight:normal;font-style:normal;}<\/style>\n<div class=\"wp-block-kadence-advancedbtn kb-buttons-wrap kb-btns2039_0e19c7-74\"><style>ul.menu .wp-block-kadence-advancedbtn .kb-btn2039_e22535-53.kb-button{width:initial;}.wp-block-kadence-advancedbtn .kb-btn2039_e22535-53.kb-button{color:var(--global-palette9, #ffffff);background:var(--global-palette1, #3182CE);border-top-color:var(--global-palette1, #3182CE);border-top-style:solid;border-right-color:var(--global-palette1, #3182CE);border-right-style:solid;border-bottom-color:var(--global-palette1, #3182CE);border-bottom-style:solid;border-left-color:var(--global-palette1, #3182CE);border-left-style:solid;box-shadow:1px 1px 2px 0px rgba(255, 255, 255, 0.2);}.wp-block-kadence-advancedbtn .kb-btn2039_e22535-53.kb-button:hover, .wp-block-kadence-advancedbtn .kb-btn2039_e22535-53.kb-button:focus{color:#ffffff;background:#20590c;border-top-color:#444444;border-top-style:solid;border-right-color:#444444;border-right-style:solid;border-bottom-color:#444444;border-bottom-style:solid;border-left-color:#444444;border-left-style:solid;}@media all and (max-width: 1024px){.wp-block-kadence-advancedbtn .kb-btn2039_e22535-53.kb-button{border-top-color:var(--global-palette1, #3182CE);border-top-style:solid;border-right-color:var(--global-palette1, #3182CE);border-right-style:solid;border-bottom-color:var(--global-palette1, #3182CE);border-bottom-style:solid;border-left-color:var(--global-palette1, #3182CE);border-left-style:solid;}}@media all and (max-width: 1024px){.wp-block-kadence-advancedbtn .kb-btn2039_e22535-53.kb-button:hover, .wp-block-kadence-advancedbtn .kb-btn2039_e22535-53.kb-button:focus{border-top-color:#444444;border-top-style:solid;border-right-color:#444444;border-right-style:solid;border-bottom-color:#444444;border-bottom-style:solid;border-left-color:#444444;border-left-style:solid;}}@media all and (max-width: 767px){.wp-block-kadence-advancedbtn .kb-btn2039_e22535-53.kb-button{border-top-color:var(--global-palette1, #3182CE);border-top-style:solid;border-right-color:var(--global-palette1, #3182CE);border-right-style:solid;border-bottom-color:var(--global-palette1, #3182CE);border-bottom-style:solid;border-left-color:var(--global-palette1, #3182CE);border-left-style:solid;}.wp-block-kadence-advancedbtn .kb-btn2039_e22535-53.kb-button:hover, .wp-block-kadence-advancedbtn .kb-btn2039_e22535-53.kb-button:focus{border-top-color:#444444;border-top-style:solid;border-right-color:#444444;border-right-style:solid;border-bottom-color:#444444;border-bottom-style:solid;border-left-color:#444444;border-left-style:solid;}}<\/style><a class=\"kb-button kt-button button kb-btn2039_e22535-53 kt-btn-size-large kt-btn-width-type-auto kb-btn-global-outline  kt-btn-has-text-true kt-btn-has-svg-false  wp-block-kadence-singlebtn\" href=\"https:\/\/nutspyha.fi\/fi\/\"><span class=\"kt-btn-inner-text\">Katso lis\u00e4\u00e4 nutspyha.fi \u203a<\/span><\/a><\/div>\n\n\n\n<div class=\"wp-block-group\"><div class=\"wp-block-group__inner-container is-layout-constrained wp-block-group-is-layout-constrained\">\n<h2 class=\"wp-block-heading\">Tapahtumiamme<\/h2>\n\n\n<ul class=\"wp-block-page-list\"><li class=\"wp-block-pages-list__item\"><a class=\"wp-block-pages-list__item__link\" href=\"https:\/\/nuts.fi\/fi\/tapahtumat\/nuts-karhunkierros\/\">NUTS Karhunkierros<\/a><\/li><li class=\"wp-block-pages-list__item\"><a class=\"wp-block-pages-list__item__link\" href=\"https:\/\/nuts.fi\/fi\/tapahtumat\/nuts-syote\/\">NUTS Sy\u00f6te<\/a><\/li><li class=\"wp-block-pages-list__item\"><a class=\"wp-block-pages-list__item__link\" href=\"https:\/\/nuts.fi\/fi\/tapahtumat\/nuts-yllas-pallas\/\">NUTS Yll\u00e4s Pallas<\/a><\/li><li class=\"wp-block-pages-list__item\"><a class=\"wp-block-pages-list__item__link\" href=\"https:\/\/nuts.fi\/fi\/tapahtumat\/nuts-pyha\/\">NUTS Pyh\u00e4<\/a><\/li><li class=\"wp-block-pages-list__item\"><a class=\"wp-block-pages-list__item__link\" href=\"https:\/\/nuts.fi\/fi\/tapahtumat\/nuts-hel\/\">NUTS HEL<\/a><\/li><li class=\"wp-block-pages-list__item\"><a class=\"wp-block-pages-list__item__link\" href=\"https:\/\/nuts.fi\/fi\/tapahtumat\/nuts-kids-juniors\/\">NUTS Kids &amp; Juniors<\/a><\/li><li class=\"wp-block-pages-list__item\"><a class=\"wp-block-pages-list__item__link\" href=\"https:\/\/nuts.fi\/fi\/tapahtumat\/nuts-koykkyri\/\">NUTS K\u00f6ykkyri<\/a><\/li><\/ul><\/div><\/div>\n\n\n\n<p><\/p>\n","protected":false},"excerpt":{"rendered":"<p>Elokuussa Pyh\u00e4tunturilla. Astu syrj\u00e4\u00e4n arjesta ja koe Pyh\u00e4n kauneus juoksujalkineissasi! Polkujuoksu Pyh\u00e4ll\u00e4 on t\u00e4ydellinen yhdistelm\u00e4 luonnon rauhaa ja juoksujuhlan riemua, tarjoten matkoja sunnuntaisprintterist\u00e4 kokeneeseen polun tallaajaan. L\u00e4hde mukaan kokoamaan voimia yhteis\u00f6st\u00e4, l\u00f6yt\u00e4m\u00e4\u00e4n uusia seikkailuja ja el\u00e4m\u00e4\u00e4n tarinaa, jonka kirjoitat jokaisella askeleella ruskan v\u00e4riloistoa enteilev\u00e4ss\u00e4 luonnossa.<\/p>\n","protected":false},"author":1,"featured_media":4490,"parent":2295,"menu_order":5,"comment_status":"closed","ping_status":"closed","template":"","meta":{"_kad_blocks_custom_css":"","_kad_blocks_head_custom_js":"","_kad_blocks_body_custom_js":"","_kad_blocks_footer_custom_js":"","_kad_post_transparent":"default","_kad_post_title":"default","_kad_post_layout":"default","_kad_post_sidebar_id":"","_kad_post_content_style":"default","_kad_post_vertical_padding":"default","_kad_post_feature":"default","_kad_post_feature_position":"","_kad_post_header":false,"_kad_post_footer":false,"_kad_post_classname":"","footnotes":""},"class_list":["post-2039","page","type-page","status-publish","has-post-thumbnail","hentry"],"yoast_head":"<!-- This site is optimized with the Yoast SEO plugin v27.3 - https:\/\/yoast.com\/product\/yoast-seo-wordpress\/ -->\n<title>NUTS Pyh\u00e4 - NUTS polkujuoksut<\/title>\n<meta name=\"robots\" content=\"index, follow, max-snippet:-1, max-image-preview:large, max-video-preview:-1\" \/>\n<link rel=\"canonical\" href=\"https:\/\/nuts.fi\/fi\/tapahtumat\/nuts-pyha\/\" \/>\n<meta property=\"og:locale\" content=\"fi_FI\" \/>\n<meta property=\"og:type\" content=\"article\" \/>\n<meta property=\"og:title\" content=\"NUTS Pyh\u00e4 - NUTS polkujuoksut\" \/>\n<meta property=\"og:description\" content=\"Elokuussa Pyh\u00e4tunturilla. Astu syrj\u00e4\u00e4n arjesta ja koe Pyh\u00e4n kauneus juoksujalkineissasi! Polkujuoksu Pyh\u00e4ll\u00e4 on t\u00e4ydellinen yhdistelm\u00e4 luonnon rauhaa ja juoksujuhlan riemua, tarjoten matkoja sunnuntaisprintterist\u00e4 kokeneeseen polun tallaajaan. L\u00e4hde mukaan kokoamaan voimia yhteis\u00f6st\u00e4, l\u00f6yt\u00e4m\u00e4\u00e4n uusia seikkailuja ja el\u00e4m\u00e4\u00e4n tarinaa, jonka kirjoitat jokaisella askeleella ruskan v\u00e4riloistoa enteilev\u00e4ss\u00e4 luonnossa.\" \/>\n<meta property=\"og:url\" content=\"https:\/\/nuts.fi\/fi\/tapahtumat\/nuts-pyha\/\" \/>\n<meta property=\"og:site_name\" content=\"NUTS polkujuoksut\" \/>\n<meta property=\"article:publisher\" content=\"https:\/\/www.facebook.com\/nutstrailrunning\" \/>\n<meta property=\"article:modified_time\" content=\"2025-09-02T07:48:02+00:00\" \/>\n<meta property=\"og:image\" content=\"https:\/\/nuts.fi\/wp-content\/uploads\/2023\/11\/NUTS-Pyha.jpg\" \/>\n\t<meta property=\"og:image:width\" content=\"2048\" \/>\n\t<meta property=\"og:image:height\" content=\"1365\" \/>\n\t<meta property=\"og:image:type\" content=\"image\/jpeg\" \/>\n<meta name=\"twitter:card\" content=\"summary_large_image\" \/>\n<meta name=\"twitter:site\" content=\"@nutsfi\" \/>\n<meta name=\"twitter:label1\" content=\"Arvioitu lukuaika\" \/>\n\t<meta name=\"twitter:data1\" content=\"1 minuutti\" \/>\n<script type=\"application\/ld+json\" class=\"yoast-schema-graph\">{\"@context\":\"https:\\\/\\\/schema.org\",\"@graph\":[{\"@type\":\"WebPage\",\"@id\":\"https:\\\/\\\/nuts.fi\\\/fi\\\/tapahtumat\\\/nuts-pyha\\\/\",\"url\":\"https:\\\/\\\/nuts.fi\\\/fi\\\/tapahtumat\\\/nuts-pyha\\\/\",\"name\":\"NUTS Pyh\u00e4 - NUTS polkujuoksut\",\"isPartOf\":{\"@id\":\"https:\\\/\\\/nuts.fi\\\/fi\\\/#website\"},\"primaryImageOfPage\":{\"@id\":\"https:\\\/\\\/nuts.fi\\\/fi\\\/tapahtumat\\\/nuts-pyha\\\/#primaryimage\"},\"image\":{\"@id\":\"https:\\\/\\\/nuts.fi\\\/fi\\\/tapahtumat\\\/nuts-pyha\\\/#primaryimage\"},\"thumbnailUrl\":\"https:\\\/\\\/nuts.fi\\\/wp-content\\\/uploads\\\/2023\\\/11\\\/NUTS-Pyha.jpg\",\"datePublished\":\"2018-01-15T09:36:10+00:00\",\"dateModified\":\"2025-09-02T07:48:02+00:00\",\"breadcrumb\":{\"@id\":\"https:\\\/\\\/nuts.fi\\\/fi\\\/tapahtumat\\\/nuts-pyha\\\/#breadcrumb\"},\"inLanguage\":\"fi\",\"potentialAction\":[{\"@type\":\"ReadAction\",\"target\":[\"https:\\\/\\\/nuts.fi\\\/fi\\\/tapahtumat\\\/nuts-pyha\\\/\"]}]},{\"@type\":\"ImageObject\",\"inLanguage\":\"fi\",\"@id\":\"https:\\\/\\\/nuts.fi\\\/fi\\\/tapahtumat\\\/nuts-pyha\\\/#primaryimage\",\"url\":\"https:\\\/\\\/nuts.fi\\\/wp-content\\\/uploads\\\/2023\\\/11\\\/NUTS-Pyha.jpg\",\"contentUrl\":\"https:\\\/\\\/nuts.fi\\\/wp-content\\\/uploads\\\/2023\\\/11\\\/NUTS-Pyha.jpg\",\"width\":2048,\"height\":1365},{\"@type\":\"BreadcrumbList\",\"@id\":\"https:\\\/\\\/nuts.fi\\\/fi\\\/tapahtumat\\\/nuts-pyha\\\/#breadcrumb\",\"itemListElement\":[{\"@type\":\"ListItem\",\"position\":1,\"name\":\"Etusivu\",\"item\":\"https:\\\/\\\/nuts.fi\\\/fi\\\/\"},{\"@type\":\"ListItem\",\"position\":2,\"name\":\"NUTS -polkujuoksutapahtumat\",\"item\":\"https:\\\/\\\/nuts.fi\\\/fi\\\/tapahtumat\\\/\"},{\"@type\":\"ListItem\",\"position\":3,\"name\":\"NUTS Pyh\u00e4\"}]},{\"@type\":\"WebSite\",\"@id\":\"https:\\\/\\\/nuts.fi\\\/fi\\\/#website\",\"url\":\"https:\\\/\\\/nuts.fi\\\/fi\\\/\",\"name\":\"NUTS \u2013 Ihan parasta poluilla!\",\"description\":\"Ihan parasta poluilla!\",\"publisher\":{\"@id\":\"https:\\\/\\\/nuts.fi\\\/fi\\\/#organization\"},\"potentialAction\":[{\"@type\":\"SearchAction\",\"target\":{\"@type\":\"EntryPoint\",\"urlTemplate\":\"https:\\\/\\\/nuts.fi\\\/fi\\\/?s={search_term_string}\"},\"query-input\":{\"@type\":\"PropertyValueSpecification\",\"valueRequired\":true,\"valueName\":\"search_term_string\"}}],\"inLanguage\":\"fi\"},{\"@type\":\"Organization\",\"@id\":\"https:\\\/\\\/nuts.fi\\\/fi\\\/#organization\",\"name\":\"Northern Ultra Trail Service - NUTS oy\",\"url\":\"https:\\\/\\\/nuts.fi\\\/fi\\\/\",\"logo\":{\"@type\":\"ImageObject\",\"inLanguage\":\"fi\",\"@id\":\"https:\\\/\\\/nuts.fi\\\/fi\\\/#\\\/schema\\\/logo\\\/image\\\/\",\"url\":\"https:\\\/\\\/nuts.fi\\\/wp-content\\\/uploads\\\/2025\\\/02\\\/nuts-logo-white.svg\",\"contentUrl\":\"https:\\\/\\\/nuts.fi\\\/wp-content\\\/uploads\\\/2025\\\/02\\\/nuts-logo-white.svg\",\"caption\":\"Northern Ultra Trail Service - NUTS oy\"},\"image\":{\"@id\":\"https:\\\/\\\/nuts.fi\\\/fi\\\/#\\\/schema\\\/logo\\\/image\\\/\"},\"sameAs\":[\"https:\\\/\\\/www.facebook.com\\\/nutstrailrunning\",\"https:\\\/\\\/x.com\\\/nutsfi\",\"https:\\\/\\\/www.instagram.com\\\/nutsfi\\\/\"]}]}<\/script>\n<!-- \/ Yoast SEO plugin. -->","yoast_head_json":{"title":"NUTS Pyh\u00e4 - NUTS polkujuoksut","robots":{"index":"index","follow":"follow","max-snippet":"max-snippet:-1","max-image-preview":"max-image-preview:large","max-video-preview":"max-video-preview:-1"},"canonical":"https:\/\/nuts.fi\/fi\/tapahtumat\/nuts-pyha\/","og_locale":"fi_FI","og_type":"article","og_title":"NUTS Pyh\u00e4 - NUTS polkujuoksut","og_description":"Elokuussa Pyh\u00e4tunturilla. Astu syrj\u00e4\u00e4n arjesta ja koe Pyh\u00e4n kauneus juoksujalkineissasi! Polkujuoksu Pyh\u00e4ll\u00e4 on t\u00e4ydellinen yhdistelm\u00e4 luonnon rauhaa ja juoksujuhlan riemua, tarjoten matkoja sunnuntaisprintterist\u00e4 kokeneeseen polun tallaajaan. L\u00e4hde mukaan kokoamaan voimia yhteis\u00f6st\u00e4, l\u00f6yt\u00e4m\u00e4\u00e4n uusia seikkailuja ja el\u00e4m\u00e4\u00e4n tarinaa, jonka kirjoitat jokaisella askeleella ruskan v\u00e4riloistoa enteilev\u00e4ss\u00e4 luonnossa.","og_url":"https:\/\/nuts.fi\/fi\/tapahtumat\/nuts-pyha\/","og_site_name":"NUTS polkujuoksut","article_publisher":"https:\/\/www.facebook.com\/nutstrailrunning","article_modified_time":"2025-09-02T07:48:02+00:00","og_image":[{"width":2048,"height":1365,"url":"https:\/\/nuts.fi\/wp-content\/uploads\/2023\/11\/NUTS-Pyha.jpg","type":"image\/jpeg"}],"twitter_card":"summary_large_image","twitter_site":"@nutsfi","twitter_misc":{"Arvioitu lukuaika":"1 minuutti"},"schema":{"@context":"https:\/\/schema.org","@graph":[{"@type":"WebPage","@id":"https:\/\/nuts.fi\/fi\/tapahtumat\/nuts-pyha\/","url":"https:\/\/nuts.fi\/fi\/tapahtumat\/nuts-pyha\/","name":"NUTS Pyh\u00e4 - NUTS polkujuoksut","isPartOf":{"@id":"https:\/\/nuts.fi\/fi\/#website"},"primaryImageOfPage":{"@id":"https:\/\/nuts.fi\/fi\/tapahtumat\/nuts-pyha\/#primaryimage"},"image":{"@id":"https:\/\/nuts.fi\/fi\/tapahtumat\/nuts-pyha\/#primaryimage"},"thumbnailUrl":"https:\/\/nuts.fi\/wp-content\/uploads\/2023\/11\/NUTS-Pyha.jpg","datePublished":"2018-01-15T09:36:10+00:00","dateModified":"2025-09-02T07:48:02+00:00","breadcrumb":{"@id":"https:\/\/nuts.fi\/fi\/tapahtumat\/nuts-pyha\/#breadcrumb"},"inLanguage":"fi","potentialAction":[{"@type":"ReadAction","target":["https:\/\/nuts.fi\/fi\/tapahtumat\/nuts-pyha\/"]}]},{"@type":"ImageObject","inLanguage":"fi","@id":"https:\/\/nuts.fi\/fi\/tapahtumat\/nuts-pyha\/#primaryimage","url":"https:\/\/nuts.fi\/wp-content\/uploads\/2023\/11\/NUTS-Pyha.jpg","contentUrl":"https:\/\/nuts.fi\/wp-content\/uploads\/2023\/11\/NUTS-Pyha.jpg","width":2048,"height":1365},{"@type":"BreadcrumbList","@id":"https:\/\/nuts.fi\/fi\/tapahtumat\/nuts-pyha\/#breadcrumb","itemListElement":[{"@type":"ListItem","position":1,"name":"Etusivu","item":"https:\/\/nuts.fi\/fi\/"},{"@type":"ListItem","position":2,"name":"NUTS -polkujuoksutapahtumat","item":"https:\/\/nuts.fi\/fi\/tapahtumat\/"},{"@type":"ListItem","position":3,"name":"NUTS Pyh\u00e4"}]},{"@type":"WebSite","@id":"https:\/\/nuts.fi\/fi\/#website","url":"https:\/\/nuts.fi\/fi\/","name":"NUTS \u2013 Ihan parasta poluilla!","description":"Ihan parasta poluilla!","publisher":{"@id":"https:\/\/nuts.fi\/fi\/#organization"},"potentialAction":[{"@type":"SearchAction","target":{"@type":"EntryPoint","urlTemplate":"https:\/\/nuts.fi\/fi\/?s={search_term_string}"},"query-input":{"@type":"PropertyValueSpecification","valueRequired":true,"valueName":"search_term_string"}}],"inLanguage":"fi"},{"@type":"Organization","@id":"https:\/\/nuts.fi\/fi\/#organization","name":"Northern Ultra Trail Service - NUTS oy","url":"https:\/\/nuts.fi\/fi\/","logo":{"@type":"ImageObject","inLanguage":"fi","@id":"https:\/\/nuts.fi\/fi\/#\/schema\/logo\/image\/","url":"https:\/\/nuts.fi\/wp-content\/uploads\/2025\/02\/nuts-logo-white.svg","contentUrl":"https:\/\/nuts.fi\/wp-content\/uploads\/2025\/02\/nuts-logo-white.svg","caption":"Northern Ultra Trail Service - NUTS oy"},"image":{"@id":"https:\/\/nuts.fi\/fi\/#\/schema\/logo\/image\/"},"sameAs":["https:\/\/www.facebook.com\/nutstrailrunning","https:\/\/x.com\/nutsfi","https:\/\/www.instagram.com\/nutsfi\/"]}]}},"taxonomy_info":[],"featured_image_src_large":["https:\/\/nuts.fi\/wp-content\/uploads\/2023\/11\/NUTS-Pyha-1024x683.jpg",1024,683,true],"author_info":{"display_name":"nuts","author_link":"https:\/\/nuts.fi\/fi\/author\/nuts\/"},"comment_info":0,"_links":{"self":[{"href":"https:\/\/nuts.fi\/fi\/wp-json\/wp\/v2\/pages\/2039","targetHints":{"allow":["GET"]}}],"collection":[{"href":"https:\/\/nuts.fi\/fi\/wp-json\/wp\/v2\/pages"}],"about":[{"href":"https:\/\/nuts.fi\/fi\/wp-json\/wp\/v2\/types\/page"}],"author":[{"embeddable":true,"href":"https:\/\/nuts.fi\/fi\/wp-json\/wp\/v2\/users\/1"}],"replies":[{"embeddable":true,"href":"https:\/\/nuts.fi\/fi\/wp-json\/wp\/v2\/comments?post=2039"}],"version-history":[{"count":20,"href":"https:\/\/nuts.fi\/fi\/wp-json\/wp\/v2\/pages\/2039\/revisions"}],"predecessor-version":[{"id":6509,"href":"https:\/\/nuts.fi\/fi\/wp-json\/wp\/v2\/pages\/2039\/revisions\/6509"}],"up":[{"embeddable":true,"href":"https:\/\/nuts.fi\/fi\/wp-json\/wp\/v2\/pages\/2295"}],"wp:featuredmedia":[{"embeddable":true,"href":"https:\/\/nuts.fi\/fi\/wp-json\/wp\/v2\/media\/4490"}],"wp:attachment":[{"href":"https:\/\/nuts.fi\/fi\/wp-json\/wp\/v2\/media?parent=2039"}],"curies":[{"name":"wp","href":"https:\/\/api.w.org\/{rel}","templated":true}]}}