{"id":1926,"date":"2017-04-03T16:30:53","date_gmt":"2017-04-03T13:30:53","guid":{"rendered":"https:\/\/nuts.fi\/?page_id=1926"},"modified":"2025-09-02T10:58:09","modified_gmt":"2025-09-02T07:58:09","slug":"nuts-yllas-pallas","status":"publish","type":"page","link":"https:\/\/nuts.fi\/fi\/tapahtumat\/nuts-yllas-pallas\/","title":{"rendered":"NUTS Yll\u00e4s Pallas"},"content":{"rendered":"\n<figure class=\"wp-block-embed is-type-video is-provider-youtube wp-block-embed-youtube wp-embed-aspect-16-9 wp-has-aspect-ratio\"><div class=\"wp-block-embed__wrapper\">\n<iframe loading=\"lazy\" title=\"NUTS Yll\u00e4s Pallas 2025 \u2013 After Movie | Y\u00f6tt\u00f6m\u00e4n y\u00f6n polkujuoksun tunnelmat\" width=\"720\" height=\"405\" src=\"https:\/\/www.youtube.com\/embed\/czXN_6R_YJA?feature=oembed\" frameborder=\"0\" allow=\"accelerometer; autoplay; clipboard-write; encrypted-media; gyroscope; picture-in-picture; web-share\" referrerpolicy=\"strict-origin-when-cross-origin\" allowfullscreen><\/iframe>\n<\/div><\/figure>\n\n\n\n<p>Hein\u00e4kuussa Tunturi-Lapissa. Liid\u00e4 l\u00e4pi keskiy\u00f6n auringon s\u00e4ihkyviss\u00e4 maisemissa Yll\u00e4s- ja Pallastunturien huipulta toiselle! Valitse polkusi \u2013 lyhyest\u00e4 sprintist\u00e4 ultrahaasteeseen \u2013 ja anna taianomaisten tunturien vied\u00e4 sinut juoksuseikkailuun, joka kaikuu tarinoita menneisyydest\u00e4 ja kuiskii kutsua tulevaisuuteen. L\u00e4hde mukaan, miss\u00e4 jokainen huippu kutsuu ylitt\u00e4m\u00e4\u00e4n itsesi ja jokainen askel on osa suurempaa seikkailua.<\/p>\n\n\n\n<p><img decoding=\"async\" src=\"https:\/\/fonts.gstatic.com\/s\/e\/notoemoji\/15.0\/1f4c5\/32.png\" alt=\"\ud83d\udcc5\">\u00a0Seuraavan kerran 17.\u201318.7.2026<br><img decoding=\"async\" src=\"https:\/\/fonts.gstatic.com\/s\/e\/notoemoji\/15.0\/1f4cd\/32.png\" alt=\"\ud83d\udccd\">Tapahtumakeskus \u00c4k\u00e4slompolo, Yll\u00e4s<\/p>\n\n\n\n<p>Ilmoittautuminen avautuu: 25.11.2025<\/p>\n\n\n<style>.wp-block-kadence-advancedbtn.kb-btns1926_73cf03-32{gap:var(--global-kb-gap-xs, 0.5rem );justify-content:center;align-items:center;}.kt-btns1926_73cf03-32 .kt-button{font-weight:normal;font-style:normal;}<\/style>\n<div class=\"wp-block-kadence-advancedbtn kb-buttons-wrap kb-btns1926_73cf03-32\"><style>ul.menu .wp-block-kadence-advancedbtn .kb-btn1926_aefb88-f5.kb-button{width:initial;}.wp-block-kadence-advancedbtn .kb-btn1926_aefb88-f5.kb-button{color:var(--global-palette9, #ffffff);background:var(--global-palette1, #3182CE);border-top-color:var(--global-palette1, #3182CE);border-top-style:solid;border-right-color:var(--global-palette1, #3182CE);border-right-style:solid;border-bottom-color:var(--global-palette1, #3182CE);border-bottom-style:solid;border-left-color:var(--global-palette1, #3182CE);border-left-style:solid;box-shadow:1px 1px 2px 0px rgba(255, 255, 255, 0.2);}.wp-block-kadence-advancedbtn .kb-btn1926_aefb88-f5.kb-button:hover, .wp-block-kadence-advancedbtn .kb-btn1926_aefb88-f5.kb-button:focus{color:#ffffff;background:#20590c;border-top-color:#444444;border-top-style:solid;border-right-color:#444444;border-right-style:solid;border-bottom-color:#444444;border-bottom-style:solid;border-left-color:#444444;border-left-style:solid;}@media all and (max-width: 1024px){.wp-block-kadence-advancedbtn .kb-btn1926_aefb88-f5.kb-button{border-top-color:var(--global-palette1, #3182CE);border-top-style:solid;border-right-color:var(--global-palette1, #3182CE);border-right-style:solid;border-bottom-color:var(--global-palette1, #3182CE);border-bottom-style:solid;border-left-color:var(--global-palette1, #3182CE);border-left-style:solid;}}@media all and (max-width: 1024px){.wp-block-kadence-advancedbtn .kb-btn1926_aefb88-f5.kb-button:hover, .wp-block-kadence-advancedbtn .kb-btn1926_aefb88-f5.kb-button:focus{border-top-color:#444444;border-top-style:solid;border-right-color:#444444;border-right-style:solid;border-bottom-color:#444444;border-bottom-style:solid;border-left-color:#444444;border-left-style:solid;}}@media all and (max-width: 767px){.wp-block-kadence-advancedbtn .kb-btn1926_aefb88-f5.kb-button{border-top-color:var(--global-palette1, #3182CE);border-top-style:solid;border-right-color:var(--global-palette1, #3182CE);border-right-style:solid;border-bottom-color:var(--global-palette1, #3182CE);border-bottom-style:solid;border-left-color:var(--global-palette1, #3182CE);border-left-style:solid;}.wp-block-kadence-advancedbtn .kb-btn1926_aefb88-f5.kb-button:hover, .wp-block-kadence-advancedbtn .kb-btn1926_aefb88-f5.kb-button:focus{border-top-color:#444444;border-top-style:solid;border-right-color:#444444;border-right-style:solid;border-bottom-color:#444444;border-bottom-style:solid;border-left-color:#444444;border-left-style:solid;}}<\/style><a class=\"kb-button kt-button button kb-btn1926_aefb88-f5 kt-btn-size-large kt-btn-width-type-auto kb-btn-global-outline  kt-btn-has-text-true kt-btn-has-svg-false  wp-block-kadence-singlebtn\" href=\"https:\/\/nutsyllaspallas.com\/fi\/\"><span class=\"kt-btn-inner-text\">Katso lis\u00e4\u00e4 nutsyllaspallas.com \u203a<\/span><\/a><\/div>\n\n\n\n<div class=\"wp-block-group\"><div class=\"wp-block-group__inner-container is-layout-constrained wp-block-group-is-layout-constrained\">\n<h2 class=\"wp-block-heading\">Tapahtumiamme<\/h2>\n\n\n<ul class=\"wp-block-page-list\"><li class=\"wp-block-pages-list__item\"><a class=\"wp-block-pages-list__item__link\" href=\"https:\/\/nuts.fi\/fi\/tapahtumat\/nuts-karhunkierros\/\">NUTS Karhunkierros<\/a><\/li><li class=\"wp-block-pages-list__item\"><a class=\"wp-block-pages-list__item__link\" href=\"https:\/\/nuts.fi\/fi\/tapahtumat\/nuts-syote\/\">NUTS Sy\u00f6te<\/a><\/li><li class=\"wp-block-pages-list__item\"><a class=\"wp-block-pages-list__item__link\" href=\"https:\/\/nuts.fi\/fi\/tapahtumat\/nuts-yllas-pallas\/\">NUTS Yll\u00e4s Pallas<\/a><\/li><li class=\"wp-block-pages-list__item\"><a class=\"wp-block-pages-list__item__link\" href=\"https:\/\/nuts.fi\/fi\/tapahtumat\/nuts-pyha\/\">NUTS Pyh\u00e4<\/a><\/li><li class=\"wp-block-pages-list__item\"><a class=\"wp-block-pages-list__item__link\" href=\"https:\/\/nuts.fi\/fi\/tapahtumat\/nuts-hel\/\">NUTS HEL<\/a><\/li><li class=\"wp-block-pages-list__item\"><a class=\"wp-block-pages-list__item__link\" href=\"https:\/\/nuts.fi\/fi\/tapahtumat\/nuts-kids-juniors\/\">NUTS Kids &amp; Juniors<\/a><\/li><li class=\"wp-block-pages-list__item\"><a class=\"wp-block-pages-list__item__link\" href=\"https:\/\/nuts.fi\/fi\/tapahtumat\/nuts-koykkyri\/\">NUTS K\u00f6ykkyri<\/a><\/li><\/ul><\/div><\/div>\n\n\n\n<p><\/p>\n","protected":false},"excerpt":{"rendered":"<p>Hein\u00e4kuussa Tunturi-Lapissa. Liid\u00e4 l\u00e4pi keskiy\u00f6n auringon s\u00e4ihkyviss\u00e4 maisemissa Yll\u00e4s- ja Pallastunturien huipulta toiselle! Valitse polkusi \u2013 lyhyest\u00e4 sprintist\u00e4 ultrahaasteeseen \u2013 ja anna taianomaisten tunturien vied\u00e4 sinut juoksuseikkailuun, joka kaikuu tarinoita menneisyydest\u00e4 ja kuiskii kutsua tulevaisuuteen. L\u00e4hde mukaan, miss\u00e4 jokainen huippu kutsuu ylitt\u00e4m\u00e4\u00e4n itsesi ja jokainen askel on osa suurempaa seikkailua. \u00a0Seuraavan kerran 17.\u201318.7.2026Tapahtumakeskus \u00c4k\u00e4slompolo, Yll\u00e4s&#8230;<\/p>\n","protected":false},"author":1,"featured_media":4487,"parent":2295,"menu_order":3,"comment_status":"closed","ping_status":"closed","template":"","meta":{"_kad_blocks_custom_css":"","_kad_blocks_head_custom_js":"","_kad_blocks_body_custom_js":"","_kad_blocks_footer_custom_js":"","_kad_post_transparent":"default","_kad_post_title":"default","_kad_post_layout":"default","_kad_post_sidebar_id":"","_kad_post_content_style":"default","_kad_post_vertical_padding":"default","_kad_post_feature":"default","_kad_post_feature_position":"","_kad_post_header":false,"_kad_post_footer":false,"_kad_post_classname":"","footnotes":""},"class_list":["post-1926","page","type-page","status-publish","has-post-thumbnail","hentry"],"yoast_head":"<!-- This site is optimized with the Yoast SEO plugin v27.3 - https:\/\/yoast.com\/product\/yoast-seo-wordpress\/ -->\n<title>NUTS Yll\u00e4s Pallas - NUTS polkujuoksut<\/title>\n<meta name=\"robots\" content=\"index, follow, max-snippet:-1, max-image-preview:large, max-video-preview:-1\" \/>\n<link rel=\"canonical\" href=\"https:\/\/nuts.fi\/fi\/tapahtumat\/nuts-yllas-pallas\/\" \/>\n<meta property=\"og:locale\" content=\"fi_FI\" \/>\n<meta property=\"og:type\" content=\"article\" \/>\n<meta property=\"og:title\" content=\"NUTS Yll\u00e4s Pallas - NUTS polkujuoksut\" \/>\n<meta property=\"og:description\" content=\"Hein\u00e4kuussa Tunturi-Lapissa. Liid\u00e4 l\u00e4pi keskiy\u00f6n auringon s\u00e4ihkyviss\u00e4 maisemissa Yll\u00e4s- ja Pallastunturien huipulta toiselle! Valitse polkusi \u2013 lyhyest\u00e4 sprintist\u00e4 ultrahaasteeseen \u2013 ja anna taianomaisten tunturien vied\u00e4 sinut juoksuseikkailuun, joka kaikuu tarinoita menneisyydest\u00e4 ja kuiskii kutsua tulevaisuuteen. L\u00e4hde mukaan, miss\u00e4 jokainen huippu kutsuu ylitt\u00e4m\u00e4\u00e4n itsesi ja jokainen askel on osa suurempaa seikkailua. \u00a0Seuraavan kerran 17.\u201318.7.2026Tapahtumakeskus \u00c4k\u00e4slompolo, Yll\u00e4s...\" \/>\n<meta property=\"og:url\" content=\"https:\/\/nuts.fi\/fi\/tapahtumat\/nuts-yllas-pallas\/\" \/>\n<meta property=\"og:site_name\" content=\"NUTS polkujuoksut\" \/>\n<meta property=\"article:publisher\" content=\"https:\/\/www.facebook.com\/nutstrailrunning\" \/>\n<meta property=\"article:modified_time\" content=\"2025-09-02T07:58:09+00:00\" \/>\n<meta property=\"og:image\" content=\"https:\/\/nuts.fi\/wp-content\/uploads\/2023\/11\/nuts-yllas-pallas-iltarusko.jpg\" \/>\n\t<meta property=\"og:image:width\" content=\"2048\" \/>\n\t<meta property=\"og:image:height\" content=\"1366\" \/>\n\t<meta property=\"og:image:type\" content=\"image\/jpeg\" \/>\n<meta name=\"twitter:card\" content=\"summary_large_image\" \/>\n<meta name=\"twitter:site\" content=\"@nutsfi\" \/>\n<meta name=\"twitter:label1\" content=\"Arvioitu lukuaika\" \/>\n\t<meta name=\"twitter:data1\" content=\"1 minuutti\" \/>\n<script type=\"application\/ld+json\" class=\"yoast-schema-graph\">{\"@context\":\"https:\\\/\\\/schema.org\",\"@graph\":[{\"@type\":\"WebPage\",\"@id\":\"https:\\\/\\\/nuts.fi\\\/fi\\\/tapahtumat\\\/nuts-yllas-pallas\\\/\",\"url\":\"https:\\\/\\\/nuts.fi\\\/fi\\\/tapahtumat\\\/nuts-yllas-pallas\\\/\",\"name\":\"NUTS Yll\u00e4s Pallas - NUTS polkujuoksut\",\"isPartOf\":{\"@id\":\"https:\\\/\\\/nuts.fi\\\/fi\\\/#website\"},\"primaryImageOfPage\":{\"@id\":\"https:\\\/\\\/nuts.fi\\\/fi\\\/tapahtumat\\\/nuts-yllas-pallas\\\/#primaryimage\"},\"image\":{\"@id\":\"https:\\\/\\\/nuts.fi\\\/fi\\\/tapahtumat\\\/nuts-yllas-pallas\\\/#primaryimage\"},\"thumbnailUrl\":\"https:\\\/\\\/nuts.fi\\\/wp-content\\\/uploads\\\/2023\\\/11\\\/nuts-yllas-pallas-iltarusko.jpg\",\"datePublished\":\"2017-04-03T13:30:53+00:00\",\"dateModified\":\"2025-09-02T07:58:09+00:00\",\"breadcrumb\":{\"@id\":\"https:\\\/\\\/nuts.fi\\\/fi\\\/tapahtumat\\\/nuts-yllas-pallas\\\/#breadcrumb\"},\"inLanguage\":\"fi\",\"potentialAction\":[{\"@type\":\"ReadAction\",\"target\":[\"https:\\\/\\\/nuts.fi\\\/fi\\\/tapahtumat\\\/nuts-yllas-pallas\\\/\"]}]},{\"@type\":\"ImageObject\",\"inLanguage\":\"fi\",\"@id\":\"https:\\\/\\\/nuts.fi\\\/fi\\\/tapahtumat\\\/nuts-yllas-pallas\\\/#primaryimage\",\"url\":\"https:\\\/\\\/nuts.fi\\\/wp-content\\\/uploads\\\/2023\\\/11\\\/nuts-yllas-pallas-iltarusko.jpg\",\"contentUrl\":\"https:\\\/\\\/nuts.fi\\\/wp-content\\\/uploads\\\/2023\\\/11\\\/nuts-yllas-pallas-iltarusko.jpg\",\"width\":2048,\"height\":1366},{\"@type\":\"BreadcrumbList\",\"@id\":\"https:\\\/\\\/nuts.fi\\\/fi\\\/tapahtumat\\\/nuts-yllas-pallas\\\/#breadcrumb\",\"itemListElement\":[{\"@type\":\"ListItem\",\"position\":1,\"name\":\"Etusivu\",\"item\":\"https:\\\/\\\/nuts.fi\\\/fi\\\/\"},{\"@type\":\"ListItem\",\"position\":2,\"name\":\"NUTS -polkujuoksutapahtumat\",\"item\":\"https:\\\/\\\/nuts.fi\\\/fi\\\/tapahtumat\\\/\"},{\"@type\":\"ListItem\",\"position\":3,\"name\":\"NUTS Yll\u00e4s Pallas\"}]},{\"@type\":\"WebSite\",\"@id\":\"https:\\\/\\\/nuts.fi\\\/fi\\\/#website\",\"url\":\"https:\\\/\\\/nuts.fi\\\/fi\\\/\",\"name\":\"NUTS \u2013 Ihan parasta poluilla!\",\"description\":\"Ihan parasta poluilla!\",\"publisher\":{\"@id\":\"https:\\\/\\\/nuts.fi\\\/fi\\\/#organization\"},\"potentialAction\":[{\"@type\":\"SearchAction\",\"target\":{\"@type\":\"EntryPoint\",\"urlTemplate\":\"https:\\\/\\\/nuts.fi\\\/fi\\\/?s={search_term_string}\"},\"query-input\":{\"@type\":\"PropertyValueSpecification\",\"valueRequired\":true,\"valueName\":\"search_term_string\"}}],\"inLanguage\":\"fi\"},{\"@type\":\"Organization\",\"@id\":\"https:\\\/\\\/nuts.fi\\\/fi\\\/#organization\",\"name\":\"Northern Ultra Trail Service - NUTS oy\",\"url\":\"https:\\\/\\\/nuts.fi\\\/fi\\\/\",\"logo\":{\"@type\":\"ImageObject\",\"inLanguage\":\"fi\",\"@id\":\"https:\\\/\\\/nuts.fi\\\/fi\\\/#\\\/schema\\\/logo\\\/image\\\/\",\"url\":\"https:\\\/\\\/nuts.fi\\\/wp-content\\\/uploads\\\/2025\\\/02\\\/nuts-logo-white.svg\",\"contentUrl\":\"https:\\\/\\\/nuts.fi\\\/wp-content\\\/uploads\\\/2025\\\/02\\\/nuts-logo-white.svg\",\"caption\":\"Northern Ultra Trail Service - NUTS oy\"},\"image\":{\"@id\":\"https:\\\/\\\/nuts.fi\\\/fi\\\/#\\\/schema\\\/logo\\\/image\\\/\"},\"sameAs\":[\"https:\\\/\\\/www.facebook.com\\\/nutstrailrunning\",\"https:\\\/\\\/x.com\\\/nutsfi\",\"https:\\\/\\\/www.instagram.com\\\/nutsfi\\\/\"]}]}<\/script>\n<!-- \/ Yoast SEO plugin. -->","yoast_head_json":{"title":"NUTS Yll\u00e4s Pallas - NUTS polkujuoksut","robots":{"index":"index","follow":"follow","max-snippet":"max-snippet:-1","max-image-preview":"max-image-preview:large","max-video-preview":"max-video-preview:-1"},"canonical":"https:\/\/nuts.fi\/fi\/tapahtumat\/nuts-yllas-pallas\/","og_locale":"fi_FI","og_type":"article","og_title":"NUTS Yll\u00e4s Pallas - NUTS polkujuoksut","og_description":"Hein\u00e4kuussa Tunturi-Lapissa. Liid\u00e4 l\u00e4pi keskiy\u00f6n auringon s\u00e4ihkyviss\u00e4 maisemissa Yll\u00e4s- ja Pallastunturien huipulta toiselle! Valitse polkusi \u2013 lyhyest\u00e4 sprintist\u00e4 ultrahaasteeseen \u2013 ja anna taianomaisten tunturien vied\u00e4 sinut juoksuseikkailuun, joka kaikuu tarinoita menneisyydest\u00e4 ja kuiskii kutsua tulevaisuuteen. L\u00e4hde mukaan, miss\u00e4 jokainen huippu kutsuu ylitt\u00e4m\u00e4\u00e4n itsesi ja jokainen askel on osa suurempaa seikkailua. \u00a0Seuraavan kerran 17.\u201318.7.2026Tapahtumakeskus \u00c4k\u00e4slompolo, Yll\u00e4s...","og_url":"https:\/\/nuts.fi\/fi\/tapahtumat\/nuts-yllas-pallas\/","og_site_name":"NUTS polkujuoksut","article_publisher":"https:\/\/www.facebook.com\/nutstrailrunning","article_modified_time":"2025-09-02T07:58:09+00:00","og_image":[{"width":2048,"height":1366,"url":"https:\/\/nuts.fi\/wp-content\/uploads\/2023\/11\/nuts-yllas-pallas-iltarusko.jpg","type":"image\/jpeg"}],"twitter_card":"summary_large_image","twitter_site":"@nutsfi","twitter_misc":{"Arvioitu lukuaika":"1 minuutti"},"schema":{"@context":"https:\/\/schema.org","@graph":[{"@type":"WebPage","@id":"https:\/\/nuts.fi\/fi\/tapahtumat\/nuts-yllas-pallas\/","url":"https:\/\/nuts.fi\/fi\/tapahtumat\/nuts-yllas-pallas\/","name":"NUTS Yll\u00e4s Pallas - NUTS polkujuoksut","isPartOf":{"@id":"https:\/\/nuts.fi\/fi\/#website"},"primaryImageOfPage":{"@id":"https:\/\/nuts.fi\/fi\/tapahtumat\/nuts-yllas-pallas\/#primaryimage"},"image":{"@id":"https:\/\/nuts.fi\/fi\/tapahtumat\/nuts-yllas-pallas\/#primaryimage"},"thumbnailUrl":"https:\/\/nuts.fi\/wp-content\/uploads\/2023\/11\/nuts-yllas-pallas-iltarusko.jpg","datePublished":"2017-04-03T13:30:53+00:00","dateModified":"2025-09-02T07:58:09+00:00","breadcrumb":{"@id":"https:\/\/nuts.fi\/fi\/tapahtumat\/nuts-yllas-pallas\/#breadcrumb"},"inLanguage":"fi","potentialAction":[{"@type":"ReadAction","target":["https:\/\/nuts.fi\/fi\/tapahtumat\/nuts-yllas-pallas\/"]}]},{"@type":"ImageObject","inLanguage":"fi","@id":"https:\/\/nuts.fi\/fi\/tapahtumat\/nuts-yllas-pallas\/#primaryimage","url":"https:\/\/nuts.fi\/wp-content\/uploads\/2023\/11\/nuts-yllas-pallas-iltarusko.jpg","contentUrl":"https:\/\/nuts.fi\/wp-content\/uploads\/2023\/11\/nuts-yllas-pallas-iltarusko.jpg","width":2048,"height":1366},{"@type":"BreadcrumbList","@id":"https:\/\/nuts.fi\/fi\/tapahtumat\/nuts-yllas-pallas\/#breadcrumb","itemListElement":[{"@type":"ListItem","position":1,"name":"Etusivu","item":"https:\/\/nuts.fi\/fi\/"},{"@type":"ListItem","position":2,"name":"NUTS -polkujuoksutapahtumat","item":"https:\/\/nuts.fi\/fi\/tapahtumat\/"},{"@type":"ListItem","position":3,"name":"NUTS Yll\u00e4s Pallas"}]},{"@type":"WebSite","@id":"https:\/\/nuts.fi\/fi\/#website","url":"https:\/\/nuts.fi\/fi\/","name":"NUTS \u2013 Ihan parasta poluilla!","description":"Ihan parasta poluilla!","publisher":{"@id":"https:\/\/nuts.fi\/fi\/#organization"},"potentialAction":[{"@type":"SearchAction","target":{"@type":"EntryPoint","urlTemplate":"https:\/\/nuts.fi\/fi\/?s={search_term_string}"},"query-input":{"@type":"PropertyValueSpecification","valueRequired":true,"valueName":"search_term_string"}}],"inLanguage":"fi"},{"@type":"Organization","@id":"https:\/\/nuts.fi\/fi\/#organization","name":"Northern Ultra Trail Service - NUTS oy","url":"https:\/\/nuts.fi\/fi\/","logo":{"@type":"ImageObject","inLanguage":"fi","@id":"https:\/\/nuts.fi\/fi\/#\/schema\/logo\/image\/","url":"https:\/\/nuts.fi\/wp-content\/uploads\/2025\/02\/nuts-logo-white.svg","contentUrl":"https:\/\/nuts.fi\/wp-content\/uploads\/2025\/02\/nuts-logo-white.svg","caption":"Northern Ultra Trail Service - NUTS oy"},"image":{"@id":"https:\/\/nuts.fi\/fi\/#\/schema\/logo\/image\/"},"sameAs":["https:\/\/www.facebook.com\/nutstrailrunning","https:\/\/x.com\/nutsfi","https:\/\/www.instagram.com\/nutsfi\/"]}]}},"taxonomy_info":[],"featured_image_src_large":["https:\/\/nuts.fi\/wp-content\/uploads\/2023\/11\/nuts-yllas-pallas-iltarusko-1024x683.jpg",1024,683,true],"author_info":{"display_name":"nuts","author_link":"https:\/\/nuts.fi\/fi\/author\/nuts\/"},"comment_info":0,"_links":{"self":[{"href":"https:\/\/nuts.fi\/fi\/wp-json\/wp\/v2\/pages\/1926","targetHints":{"allow":["GET"]}}],"collection":[{"href":"https:\/\/nuts.fi\/fi\/wp-json\/wp\/v2\/pages"}],"about":[{"href":"https:\/\/nuts.fi\/fi\/wp-json\/wp\/v2\/types\/page"}],"author":[{"embeddable":true,"href":"https:\/\/nuts.fi\/fi\/wp-json\/wp\/v2\/users\/1"}],"replies":[{"embeddable":true,"href":"https:\/\/nuts.fi\/fi\/wp-json\/wp\/v2\/comments?post=1926"}],"version-history":[{"count":20,"href":"https:\/\/nuts.fi\/fi\/wp-json\/wp\/v2\/pages\/1926\/revisions"}],"predecessor-version":[{"id":6517,"href":"https:\/\/nuts.fi\/fi\/wp-json\/wp\/v2\/pages\/1926\/revisions\/6517"}],"up":[{"embeddable":true,"href":"https:\/\/nuts.fi\/fi\/wp-json\/wp\/v2\/pages\/2295"}],"wp:featuredmedia":[{"embeddable":true,"href":"https:\/\/nuts.fi\/fi\/wp-json\/wp\/v2\/media\/4487"}],"wp:attachment":[{"href":"https:\/\/nuts.fi\/fi\/wp-json\/wp\/v2\/media?parent=1926"}],"curies":[{"name":"wp","href":"https:\/\/api.w.org\/{rel}","templated":true}]}}