{"id":7174,"date":"2026-04-15T16:07:39","date_gmt":"2026-04-15T13:07:39","guid":{"rendered":"https:\/\/nuts.fi\/?page_id=7174"},"modified":"2026-04-15T16:27:51","modified_gmt":"2026-04-15T13:27:51","slug":"nuts-expo","status":"publish","type":"page","link":"https:\/\/nuts.fi\/en\/nuts-expo\/","title":{"rendered":"NUTS Expo"},"content":{"rendered":"\n<p><strong>Tuo br\u00e4ndisi sinne, miss\u00e4 kohderyhm\u00e4si jo on.<\/strong><br>Tarjoamme ainutlaatuisen n\u00e4kyvyyspaikan jokaisen tapahtumamme yhteydess\u00e4 j\u00e4rjestett\u00e4v\u00e4ss\u00e4 Expossa. Tule mukaan kohtaamaan asiakkaasi kasvotusten ja kasvattamaan liiketoimintaasi vaikuttavassa ymp\u00e4rist\u00f6ss\u00e4!<\/p>\n\n\n\n<h3 class=\"wp-block-heading\">Miksi NUTS Expo on paras paikka br\u00e4ndillesi?<\/h3>\n\n\n\n<div class=\"wp-block-columns is-layout-flex wp-container-core-columns-is-layout-9d6595d7 wp-block-columns-is-layout-flex\">\n<div class=\"wp-block-column is-layout-flow wp-block-column-is-layout-flow\">\n<p class=\"has-text-align-left\">\ud83d\udc9a <strong>Tavoite oikea kohderyhm\u00e4.<\/strong> <br><br>Expo-alueella tuotteesi kohtaavat k\u00e4ytt\u00e4j\u00e4ns\u00e4 juuri silloin, kun tarve on suurin: ennen l\u00e4ht\u00f6viivaa. Moni p\u00e4ivitt\u00e4\u00e4 varusteitaan viel\u00e4 viime hetkell\u00e4 \u2013 luottosukat puuttuu tai juoksuliivi tarvitsisi p\u00e4ivityst\u00e4.  Tarjoa testikenki\u00e4 tositoimiin tai auta juoksijaa l\u00f6yt\u00e4m\u00e4\u00e4n juuri ne oikeat energiat, jolla jaksaa maaliin saakka. Osa juoksijoista havahtuu puuttuviin pakollisiin varusteisiin vasta numerolapun haun yhteydess\u00e4 \u2013 t\u00e4m\u00e4 on sinun tilaisuutesi olla p\u00e4iv\u00e4n pelastaja ja tarjota juuri se puuttuva avaruuslakana, pilli tai vedenpit\u00e4v\u00e4 takki suoraan hyllyst\u00e4.<\/p>\n<\/div>\n\n\n\n<div class=\"wp-block-column is-layout-flow wp-block-column-is-layout-flow\">\n<p>\ud83d\udc9a <strong>Paranna kannustajien fiilist\u00e4.<\/strong> <br><br>Kun juoksijat valloittavat tuntureita, heid\u00e4n tukijoukkonsa viihtyv\u00e4t kisakyl\u00e4ss\u00e4. Kannustajat ovat intohimoista ja ostovoimaista yleis\u00f6\u00e4, jolla on aikaa tutustua tarjontaasi. Tarjoa heille shoppailun iloa, vastustamattomia messutarjouksia tai vaikkapa t\u00e4ydellinen paikka nauttia auringosta ja kisatunnelmasta hyv\u00e4n ruoan ja juoman \u00e4\u00e4rell\u00e4. Luomalla el\u00e4myksi\u00e4 huoltojoukoille, j\u00e4\u00e4t mieleen koko perheen suosikkibr\u00e4ndin\u00e4.<\/p>\n<\/div>\n\n\n\n<div class=\"wp-block-column is-layout-flow wp-block-column-is-layout-flow\">\n<p>\ud83d\udc9a <strong>Vahvista br\u00e4ndi\u00e4.<\/strong> <br><br>NUTS Expo on paikka, jossa polkujuoksuyhteis\u00f6 kohtaa. Tuo br\u00e4ndisi sinne, miss\u00e4 alan huiput ja lajin vasta-alkajat vaihtavat kuulumisiaan. Ole l\u00e4sn\u00e4, kasvata tunnettuuttasi ja vakiinnuta paikkasi osana t\u00e4t\u00e4 ainutlaatuista heimoa.<\/p>\n<\/div>\n<\/div>\n\n\n\n<h3 class=\"wp-block-heading\">Toimivuutta &amp; tiivist\u00e4 tunnelmaa<\/h3>\n\n\n\n<p>Meille on kunnia-asia rakentaa jokaisesta Exposta mahdollisimman palveleva kokonaisuus, jossa viihtyv\u00e4t niin n\u00e4ytteilleasettajat kuin vierailijatkin. Suunnittelumme l\u00e4ht\u00f6kohtana on aina kolme kovaa koota: <strong>k\u00e4vij\u00e4virrat, kumppanit ja k\u00e4yt\u00e4nn\u00f6llisyys.<\/strong><\/p>\n\n\n\n<div class=\"wp-block-columns is-layout-flex wp-container-core-columns-is-layout-9d6595d7 wp-block-columns-is-layout-flex\">\n<div class=\"wp-block-column is-layout-flow wp-block-column-is-layout-flow\">\n<p>\ud83d\udc9a <strong>Palveleva kokonaisuus.<\/strong><br><br>Sijoitamme Expon paikkaan, jossa juoksijat ja kannustajat luonnollisesti liikkuvat. Huomioimme jokaisen kumppanin alue suunnitelussa.<br><\/p>\n<\/div>\n\n\n\n<div class=\"wp-block-column is-layout-flow wp-block-column-is-layout-flow\">\n<p><strong>\ud83d\udc9aTiivis tunnelma ja turvallisuus<\/strong><br><br>Tapahtuma-alueemme ovat usein tunturikylien syd\u00e4mess\u00e4, miss\u00e4 tunnelma on tiivis ja tilaa on rajallisesti. Suunnittelemme alueen tiiviiksi kokonaisuudeksi, tinkim\u00e4tt\u00e4 tippaakaan turvallisuudesta tai sujuvasta kulkemisesta.<\/p>\n<\/div>\n\n\n\n<div class=\"wp-block-column is-layout-flow wp-block-column-is-layout-flow\">\n<p><strong>\ud83d\udc9a Joustavaa yhteisty\u00f6t\u00e4<\/strong><br><br>Luomme puitteet, joissa myyj\u00e4n on helppo operoida ja ostajan miellytt\u00e4v\u00e4 asioida. Pid\u00e4mme huolen siit\u00e4, ett\u00e4 Expo-alue on  houkutteleva ja osa NUTS-tapahtumael\u00e4myst\u00e4. Teemme yhteisty\u00f6t\u00e4 aina joustavasti.<\/p>\n<\/div>\n<\/div>\n\n\n\n<h3 class=\"wp-block-heading\">Mit\u00e4 saavutat kanssamme?<\/h3>\n\n\n\n<div class=\"wp-block-columns is-layout-flex wp-container-core-columns-is-layout-9d6595d7 wp-block-columns-is-layout-flex\">\n<div class=\"wp-block-column is-layout-flow wp-block-column-is-layout-flow\">\n<p><strong>\ud83d\udc9a Tuhansia kontakteja<\/strong><br><br>Tapahtumasta riippuen kisakyl\u00e4ss\u00e4 vierailee viikonlopun aikana <br><strong>1 000 \u2013 5 000 k\u00e4vij\u00e4\u00e4<\/strong>. T\u00e4m\u00e4 sis\u00e4lt\u00e4\u00e4 osallistujat, heid\u00e4n huoltojoukkonsa sek\u00e4 matkailijat, jotka saapuvat nauttimaan tuntureiden tunnelmasta.<\/p>\n<\/div>\n\n\n\n<div class=\"wp-block-column is-layout-flow wp-block-column-is-layout-flow\">\n<p><strong>\ud83d\udc9a<\/strong> <strong>Toistuva saavutettavuus ja n\u00e4kyvyys<\/strong><br><br>Tapahtumakeskuksemme toimivat tapahtuman keskuksena, jossa on numeroiden haku, l\u00e4ht\u00f6, maaliintulo, maaliruokailu &amp; palkintojen jako. Sama asiakas vierailee expo-alueella useamman kerran viikonlopun aikana.<\/p>\n<\/div>\n\n\n\n<div class=\"wp-block-column is-layout-flow wp-block-column-is-layout-flow\">\n<p><strong>\ud83d\udc9a Mahdollisuus jatkuvaan kumppanuuteen<\/strong><br><br>NUTS Expo on usein vasta alkusoittoa. Meille on t\u00e4rke\u00e4\u00e4 rakentaa pitk\u00e4aikaisia yhteist\u00f6it\u00e4, jotka kantavat koko kauden yli. Tarjoamme mahdollisuuden kasvaa kanssamme &amp; l\u00f6yt\u00e4\u00e4 paikka NUTS-yhteis\u00f6n luottokumppanina.<br><\/p>\n<\/div>\n<\/div>\n\n\n\n<h3 class=\"wp-block-heading\">Sin\u00e4 p\u00e4\u00e4t\u00e4t, me tuemme<\/h3>\n\n\n\n<p>Haluamme, ett\u00e4 osallistuminen NUTS Expoon on yrityksellesi mahdollisimman vaivatonta ja tuloksekasta. Siksi olemme karsineet turhan byrokratian ja panostaneet joustavuuteen:<br><br><strong>\ud83d\udc9aVapaus p\u00e4\u00e4tt\u00e4\u00e4 aikataulusi. <\/strong> Saat itse p\u00e4\u00e4tt\u00e4\u00e4 oman pisteesi aukioloajoista tapahtuman sis\u00e4ll\u00e4 \u2013 voit olla paikalla silloin, kun uskot kaupan k\u00e4yv\u00e4n kuumimmillaan.<br><strong>\ud83d\udc9aEi rajoituksia myynnille<\/strong>. Me emme rajoita myynti\u00e4si tai tuotevalikoimaasi. Me tarjoamme puitteet, ja sin\u00e4 hoidat kaupank\u00e4ynnin juuri niin kuin yrityksellesi parhaiten sopii.<br><strong>\ud83d\udc9aLis\u00e4n\u00e4kyvyytt\u00e4 kohderyhm\u00e4n keski\u00f6ss\u00e4<\/strong>. Haluatko br\u00e4ndisi n\u00e4kyv\u00e4n viel\u00e4kin vahvemmin? Tarjoamme lis\u00e4palveluna kohdennettua n\u00e4kyvyytt\u00e4 suoraan osallistujien silmien eteen esimerkiksi somenostojen, uutiskirjeiden tai kisakeskuksen screenien kautta.<br><strong>\ud83d\udc9aOma yhteyshenkil\u00f6 tukenasi<\/strong>. Sinun ei tarvitse murehtia yksin. K\u00e4yt\u00f6ss\u00e4si on nimetty yhteyshenkil\u00f6, joka on tavoitettavissa koko viikonlopun ajan auttaen kaikissa k\u00e4yt\u00e4nn\u00f6n kysymyksiss\u00e4 pystytyksest\u00e4 purkuun.<\/p>\n\n\n\n<div class=\"wp-block-media-text is-stacked-on-mobile\" style=\"grid-template-columns:28% auto\"><figure class=\"wp-block-media-text__media\"><img loading=\"lazy\" decoding=\"async\" width=\"1024\" height=\"1024\" src=\"https:\/\/nuts.fi\/wp-content\/uploads\/2026\/04\/Rekrytointi-sivustolle-nuts.fi_-1024x1024.jpg\" alt=\"\" class=\"wp-image-7083 size-full\" srcset=\"https:\/\/nuts.fi\/wp-content\/uploads\/2026\/04\/Rekrytointi-sivustolle-nuts.fi_-1024x1024.jpg 1024w, https:\/\/nuts.fi\/wp-content\/uploads\/2026\/04\/Rekrytointi-sivustolle-nuts.fi_-300x300.jpg 300w, https:\/\/nuts.fi\/wp-content\/uploads\/2026\/04\/Rekrytointi-sivustolle-nuts.fi_-150x150.jpg 150w, https:\/\/nuts.fi\/wp-content\/uploads\/2026\/04\/Rekrytointi-sivustolle-nuts.fi_-768x768.jpg 768w, https:\/\/nuts.fi\/wp-content\/uploads\/2026\/04\/Rekrytointi-sivustolle-nuts.fi_.jpg 1080w\" sizes=\"auto, (max-width: 1024px) 100vw, 1024px\" \/><\/figure><div class=\"wp-block-media-text__content\">\n<h3 class=\"wp-block-heading\">Rakennetaan yhdess\u00e4 kauden hienoin Expo! \ud83d\udc9a<\/h3>\n\n\n\n<p><strong>Ota yhteytt\u00e4<\/strong><br>B2B Tuottaja <br>Sanna Hirvonen<br><br>\ud83d\udcde +358 44 330 2895<br>\ud83d\udce7sanna@nuts.fi<\/p>\n<\/div><\/div>\n\n\n\n<div class=\"wp-block-columns is-layout-flex wp-container-core-columns-is-layout-9d6595d7 wp-block-columns-is-layout-flex\">\n<div class=\"wp-block-column is-layout-flow wp-block-column-is-layout-flow\">\n<figure class=\"wp-block-image size-large\"><a href=\"https:\/\/nuts.fi\/wp-content\/uploads\/2026\/04\/Kumppani-sivustolle-nuts.fi-12.jpg\"><img loading=\"lazy\" decoding=\"async\" width=\"1024\" height=\"1024\" src=\"https:\/\/nuts.fi\/wp-content\/uploads\/2026\/04\/Kumppani-sivustolle-nuts.fi-12-1024x1024.jpg\" alt=\"\" class=\"wp-image-7192\" srcset=\"https:\/\/nuts.fi\/wp-content\/uploads\/2026\/04\/Kumppani-sivustolle-nuts.fi-12-1024x1024.jpg 1024w, https:\/\/nuts.fi\/wp-content\/uploads\/2026\/04\/Kumppani-sivustolle-nuts.fi-12-300x300.jpg 300w, https:\/\/nuts.fi\/wp-content\/uploads\/2026\/04\/Kumppani-sivustolle-nuts.fi-12-150x150.jpg 150w, https:\/\/nuts.fi\/wp-content\/uploads\/2026\/04\/Kumppani-sivustolle-nuts.fi-12-768x768.jpg 768w, https:\/\/nuts.fi\/wp-content\/uploads\/2026\/04\/Kumppani-sivustolle-nuts.fi-12.jpg 1080w\" sizes=\"auto, (max-width: 1024px) 100vw, 1024px\" \/><\/a><\/figure>\n<\/div>\n\n\n\n<div class=\"wp-block-column is-layout-flow wp-block-column-is-layout-flow\">\n<figure class=\"wp-block-image size-large\"><a href=\"https:\/\/nuts.fi\/wp-content\/uploads\/2026\/04\/Kumppani-sivustolle-nuts.fi-10.jpg\"><img loading=\"lazy\" decoding=\"async\" width=\"1024\" height=\"1024\" src=\"https:\/\/nuts.fi\/wp-content\/uploads\/2026\/04\/Kumppani-sivustolle-nuts.fi-10-1024x1024.jpg\" alt=\"\" class=\"wp-image-7186\" srcset=\"https:\/\/nuts.fi\/wp-content\/uploads\/2026\/04\/Kumppani-sivustolle-nuts.fi-10-1024x1024.jpg 1024w, https:\/\/nuts.fi\/wp-content\/uploads\/2026\/04\/Kumppani-sivustolle-nuts.fi-10-300x300.jpg 300w, https:\/\/nuts.fi\/wp-content\/uploads\/2026\/04\/Kumppani-sivustolle-nuts.fi-10-150x150.jpg 150w, https:\/\/nuts.fi\/wp-content\/uploads\/2026\/04\/Kumppani-sivustolle-nuts.fi-10-768x768.jpg 768w, https:\/\/nuts.fi\/wp-content\/uploads\/2026\/04\/Kumppani-sivustolle-nuts.fi-10.jpg 1080w\" sizes=\"auto, (max-width: 1024px) 100vw, 1024px\" \/><\/a><\/figure>\n<\/div>\n\n\n\n<div class=\"wp-block-column is-layout-flow wp-block-column-is-layout-flow\">\n<figure class=\"wp-block-image size-large\"><a href=\"https:\/\/nuts.fi\/wp-content\/uploads\/2026\/04\/Kumppani-sivustolle-nuts.fi-14.jpg\"><img loading=\"lazy\" decoding=\"async\" width=\"1024\" height=\"1024\" src=\"https:\/\/nuts.fi\/wp-content\/uploads\/2026\/04\/Kumppani-sivustolle-nuts.fi-14-1024x1024.jpg\" alt=\"\" class=\"wp-image-7188\" srcset=\"https:\/\/nuts.fi\/wp-content\/uploads\/2026\/04\/Kumppani-sivustolle-nuts.fi-14-1024x1024.jpg 1024w, https:\/\/nuts.fi\/wp-content\/uploads\/2026\/04\/Kumppani-sivustolle-nuts.fi-14-300x300.jpg 300w, https:\/\/nuts.fi\/wp-content\/uploads\/2026\/04\/Kumppani-sivustolle-nuts.fi-14-150x150.jpg 150w, https:\/\/nuts.fi\/wp-content\/uploads\/2026\/04\/Kumppani-sivustolle-nuts.fi-14-768x768.jpg 768w, https:\/\/nuts.fi\/wp-content\/uploads\/2026\/04\/Kumppani-sivustolle-nuts.fi-14.jpg 1080w\" sizes=\"auto, (max-width: 1024px) 100vw, 1024px\" \/><\/a><\/figure>\n<\/div>\n<\/div>\n\n\n\n<div class=\"wp-block-columns is-layout-flex wp-container-core-columns-is-layout-9d6595d7 wp-block-columns-is-layout-flex\">\n<div class=\"wp-block-column is-layout-flow wp-block-column-is-layout-flow\">\n<figure class=\"wp-block-image size-large\"><a href=\"https:\/\/nuts.fi\/wp-content\/uploads\/2026\/04\/Kumppani-sivustolle-nuts.fi-11.jpg\"><img loading=\"lazy\" decoding=\"async\" width=\"1024\" height=\"1024\" src=\"https:\/\/nuts.fi\/wp-content\/uploads\/2026\/04\/Kumppani-sivustolle-nuts.fi-11-1024x1024.jpg\" alt=\"\" class=\"wp-image-7194\" srcset=\"https:\/\/nuts.fi\/wp-content\/uploads\/2026\/04\/Kumppani-sivustolle-nuts.fi-11-1024x1024.jpg 1024w, https:\/\/nuts.fi\/wp-content\/uploads\/2026\/04\/Kumppani-sivustolle-nuts.fi-11-300x300.jpg 300w, https:\/\/nuts.fi\/wp-content\/uploads\/2026\/04\/Kumppani-sivustolle-nuts.fi-11-150x150.jpg 150w, https:\/\/nuts.fi\/wp-content\/uploads\/2026\/04\/Kumppani-sivustolle-nuts.fi-11-768x768.jpg 768w, https:\/\/nuts.fi\/wp-content\/uploads\/2026\/04\/Kumppani-sivustolle-nuts.fi-11.jpg 1080w\" sizes=\"auto, (max-width: 1024px) 100vw, 1024px\" \/><\/a><\/figure>\n<\/div>\n\n\n\n<div class=\"wp-block-column is-layout-flow wp-block-column-is-layout-flow\">\n<figure class=\"wp-block-image size-large\"><a href=\"https:\/\/nuts.fi\/wp-content\/uploads\/2026\/04\/Kumppani-sivustolle-nuts.fi-13.jpg\"><img loading=\"lazy\" decoding=\"async\" width=\"1024\" height=\"1024\" src=\"https:\/\/nuts.fi\/wp-content\/uploads\/2026\/04\/Kumppani-sivustolle-nuts.fi-13-1024x1024.jpg\" alt=\"\" class=\"wp-image-7190\" srcset=\"https:\/\/nuts.fi\/wp-content\/uploads\/2026\/04\/Kumppani-sivustolle-nuts.fi-13-1024x1024.jpg 1024w, https:\/\/nuts.fi\/wp-content\/uploads\/2026\/04\/Kumppani-sivustolle-nuts.fi-13-300x300.jpg 300w, https:\/\/nuts.fi\/wp-content\/uploads\/2026\/04\/Kumppani-sivustolle-nuts.fi-13-150x150.jpg 150w, https:\/\/nuts.fi\/wp-content\/uploads\/2026\/04\/Kumppani-sivustolle-nuts.fi-13-768x768.jpg 768w, https:\/\/nuts.fi\/wp-content\/uploads\/2026\/04\/Kumppani-sivustolle-nuts.fi-13.jpg 1080w\" sizes=\"auto, (max-width: 1024px) 100vw, 1024px\" \/><\/a><\/figure>\n<\/div>\n\n\n\n<div class=\"wp-block-column is-layout-flow wp-block-column-is-layout-flow\">\n<figure class=\"wp-block-image size-large\"><a href=\"https:\/\/nuts.fi\/wp-content\/uploads\/2026\/04\/Expo-sivulle.jpg\"><img loading=\"lazy\" decoding=\"async\" width=\"1024\" height=\"1024\" src=\"https:\/\/nuts.fi\/wp-content\/uploads\/2026\/04\/Expo-sivulle-1024x1024.jpg\" alt=\"\" class=\"wp-image-7184\" srcset=\"https:\/\/nuts.fi\/wp-content\/uploads\/2026\/04\/Expo-sivulle-1024x1024.jpg 1024w, https:\/\/nuts.fi\/wp-content\/uploads\/2026\/04\/Expo-sivulle-300x300.jpg 300w, https:\/\/nuts.fi\/wp-content\/uploads\/2026\/04\/Expo-sivulle-150x150.jpg 150w, https:\/\/nuts.fi\/wp-content\/uploads\/2026\/04\/Expo-sivulle-768x768.jpg 768w, https:\/\/nuts.fi\/wp-content\/uploads\/2026\/04\/Expo-sivulle.jpg 1080w\" sizes=\"auto, (max-width: 1024px) 100vw, 1024px\" \/><\/a><\/figure>\n<\/div>\n<\/div>\n\n\n\n<p><\/p>\n","protected":false},"excerpt":{"rendered":"<p>Tuo br\u00e4ndisi sinne, miss\u00e4 kohderyhm\u00e4si jo on.Tarjoamme ainutlaatuisen n\u00e4kyvyyspaikan jokaisen tapahtumamme yhteydess\u00e4 j\u00e4rjestett\u00e4v\u00e4ss\u00e4 Expossa. Tule mukaan kohtaamaan asiakkaasi kasvotusten ja kasvattamaan liiketoimintaasi vaikuttavassa ymp\u00e4rist\u00f6ss\u00e4! Miksi NUTS Expo on paras paikka br\u00e4ndillesi? \ud83d\udc9a Tavoite oikea kohderyhm\u00e4. Expo-alueella tuotteesi kohtaavat k\u00e4ytt\u00e4j\u00e4ns\u00e4 juuri silloin, kun tarve on suurin: ennen l\u00e4ht\u00f6viivaa. Moni p\u00e4ivitt\u00e4\u00e4 varusteitaan viel\u00e4 viime hetkell\u00e4 \u2013 luottosukat&#8230;<\/p>\n","protected":false},"author":11,"featured_media":7175,"parent":0,"menu_order":0,"comment_status":"closed","ping_status":"closed","template":"","meta":{"_kad_blocks_custom_css":"","_kad_blocks_head_custom_js":"","_kad_blocks_body_custom_js":"","_kad_blocks_footer_custom_js":"","_kad_post_transparent":"","_kad_post_title":"","_kad_post_layout":"","_kad_post_sidebar_id":"","_kad_post_content_style":"","_kad_post_vertical_padding":"","_kad_post_feature":"","_kad_post_feature_position":"","_kad_post_header":false,"_kad_post_footer":false,"_kad_post_classname":"","footnotes":""},"class_list":["post-7174","page","type-page","status-publish","has-post-thumbnail","hentry"],"yoast_head":"<!-- This site is optimized with the Yoast SEO plugin v27.4 - https:\/\/yoast.com\/product\/yoast-seo-wordpress\/ -->\n<title>NUTS Expo - NUTS Trail Running<\/title>\n<meta name=\"robots\" content=\"index, follow, max-snippet:-1, max-image-preview:large, max-video-preview:-1\" \/>\n<link rel=\"canonical\" href=\"https:\/\/nuts.fi\/en\/nuts-expo\/\" \/>\n<meta property=\"og:locale\" content=\"en_US\" \/>\n<meta property=\"og:type\" content=\"article\" \/>\n<meta property=\"og:title\" content=\"NUTS Expo - NUTS Trail Running\" \/>\n<meta property=\"og:description\" content=\"Tuo br\u00e4ndisi sinne, miss\u00e4 kohderyhm\u00e4si jo on.Tarjoamme ainutlaatuisen n\u00e4kyvyyspaikan jokaisen tapahtumamme yhteydess\u00e4 j\u00e4rjestett\u00e4v\u00e4ss\u00e4 Expossa. Tule mukaan kohtaamaan asiakkaasi kasvotusten ja kasvattamaan liiketoimintaasi vaikuttavassa ymp\u00e4rist\u00f6ss\u00e4! Miksi NUTS Expo on paras paikka br\u00e4ndillesi? \ud83d\udc9a Tavoite oikea kohderyhm\u00e4. Expo-alueella tuotteesi kohtaavat k\u00e4ytt\u00e4j\u00e4ns\u00e4 juuri silloin, kun tarve on suurin: ennen l\u00e4ht\u00f6viivaa. Moni p\u00e4ivitt\u00e4\u00e4 varusteitaan viel\u00e4 viime hetkell\u00e4 \u2013 luottosukat...\" \/>\n<meta property=\"og:url\" content=\"https:\/\/nuts.fi\/en\/nuts-expo\/\" \/>\n<meta property=\"og:site_name\" content=\"NUTS Trail Running\" \/>\n<meta property=\"article:publisher\" content=\"https:\/\/www.facebook.com\/nutstrailrunning\" \/>\n<meta property=\"article:modified_time\" content=\"2026-04-15T13:27:51+00:00\" \/>\n<meta property=\"og:image\" content=\"https:\/\/nuts.fi\/wp-content\/uploads\/2026\/04\/Expo-nettisivut-e1776255272600.jpg\" \/>\n\t<meta property=\"og:image:width\" content=\"1990\" \/>\n\t<meta property=\"og:image:height\" content=\"963\" \/>\n\t<meta property=\"og:image:type\" content=\"image\/jpeg\" \/>\n<meta name=\"twitter:card\" content=\"summary_large_image\" \/>\n<meta name=\"twitter:site\" content=\"@nutsfi\" \/>\n<meta name=\"twitter:label1\" content=\"Est. reading time\" \/>\n\t<meta name=\"twitter:data1\" content=\"5 minutes\" \/>\n<script type=\"application\/ld+json\" class=\"yoast-schema-graph\">{\"@context\":\"https:\\\/\\\/schema.org\",\"@graph\":[{\"@type\":\"WebPage\",\"@id\":\"https:\\\/\\\/nuts.fi\\\/en\\\/nuts-expo\\\/\",\"url\":\"https:\\\/\\\/nuts.fi\\\/en\\\/nuts-expo\\\/\",\"name\":\"NUTS Expo - NUTS Trail Running\",\"isPartOf\":{\"@id\":\"https:\\\/\\\/nuts.fi\\\/en\\\/#website\"},\"primaryImageOfPage\":{\"@id\":\"https:\\\/\\\/nuts.fi\\\/en\\\/nuts-expo\\\/#primaryimage\"},\"image\":{\"@id\":\"https:\\\/\\\/nuts.fi\\\/en\\\/nuts-expo\\\/#primaryimage\"},\"thumbnailUrl\":\"https:\\\/\\\/nuts.fi\\\/wp-content\\\/uploads\\\/2026\\\/04\\\/Expo-nettisivut-e1776255272600.jpg\",\"datePublished\":\"2026-04-15T13:07:39+00:00\",\"dateModified\":\"2026-04-15T13:27:51+00:00\",\"breadcrumb\":{\"@id\":\"https:\\\/\\\/nuts.fi\\\/en\\\/nuts-expo\\\/#breadcrumb\"},\"inLanguage\":\"en-US\",\"potentialAction\":[{\"@type\":\"ReadAction\",\"target\":[\"https:\\\/\\\/nuts.fi\\\/en\\\/nuts-expo\\\/\"]}]},{\"@type\":\"ImageObject\",\"inLanguage\":\"en-US\",\"@id\":\"https:\\\/\\\/nuts.fi\\\/en\\\/nuts-expo\\\/#primaryimage\",\"url\":\"https:\\\/\\\/nuts.fi\\\/wp-content\\\/uploads\\\/2026\\\/04\\\/Expo-nettisivut-e1776255272600.jpg\",\"contentUrl\":\"https:\\\/\\\/nuts.fi\\\/wp-content\\\/uploads\\\/2026\\\/04\\\/Expo-nettisivut-e1776255272600.jpg\",\"width\":1990,\"height\":963},{\"@type\":\"BreadcrumbList\",\"@id\":\"https:\\\/\\\/nuts.fi\\\/en\\\/nuts-expo\\\/#breadcrumb\",\"itemListElement\":[{\"@type\":\"ListItem\",\"position\":1,\"name\":\"Etusivu\",\"item\":\"https:\\\/\\\/nuts.fi\\\/en\\\/\"},{\"@type\":\"ListItem\",\"position\":2,\"name\":\"NUTS Expo\"}]},{\"@type\":\"WebSite\",\"@id\":\"https:\\\/\\\/nuts.fi\\\/en\\\/#website\",\"url\":\"https:\\\/\\\/nuts.fi\\\/en\\\/\",\"name\":\"NUTS \u2013 Ihan parasta poluilla!\",\"description\":\"Your best run ever!\",\"publisher\":{\"@id\":\"https:\\\/\\\/nuts.fi\\\/en\\\/#organization\"},\"potentialAction\":[{\"@type\":\"SearchAction\",\"target\":{\"@type\":\"EntryPoint\",\"urlTemplate\":\"https:\\\/\\\/nuts.fi\\\/en\\\/?s={search_term_string}\"},\"query-input\":{\"@type\":\"PropertyValueSpecification\",\"valueRequired\":true,\"valueName\":\"search_term_string\"}}],\"inLanguage\":\"en-US\"},{\"@type\":\"Organization\",\"@id\":\"https:\\\/\\\/nuts.fi\\\/en\\\/#organization\",\"name\":\"Northern Ultra Trail Service - NUTS oy\",\"url\":\"https:\\\/\\\/nuts.fi\\\/en\\\/\",\"logo\":{\"@type\":\"ImageObject\",\"inLanguage\":\"en-US\",\"@id\":\"https:\\\/\\\/nuts.fi\\\/en\\\/#\\\/schema\\\/logo\\\/image\\\/\",\"url\":\"https:\\\/\\\/nuts.fi\\\/wp-content\\\/uploads\\\/2025\\\/02\\\/nuts-logo-white.svg\",\"contentUrl\":\"https:\\\/\\\/nuts.fi\\\/wp-content\\\/uploads\\\/2025\\\/02\\\/nuts-logo-white.svg\",\"caption\":\"Northern Ultra Trail Service - NUTS oy\"},\"image\":{\"@id\":\"https:\\\/\\\/nuts.fi\\\/en\\\/#\\\/schema\\\/logo\\\/image\\\/\"},\"sameAs\":[\"https:\\\/\\\/www.facebook.com\\\/nutstrailrunning\",\"https:\\\/\\\/x.com\\\/nutsfi\",\"https:\\\/\\\/www.instagram.com\\\/nutsfi\\\/\"]}]}<\/script>\n<!-- \/ Yoast SEO plugin. -->","yoast_head_json":{"title":"NUTS Expo - NUTS Trail Running","robots":{"index":"index","follow":"follow","max-snippet":"max-snippet:-1","max-image-preview":"max-image-preview:large","max-video-preview":"max-video-preview:-1"},"canonical":"https:\/\/nuts.fi\/en\/nuts-expo\/","og_locale":"en_US","og_type":"article","og_title":"NUTS Expo - NUTS Trail Running","og_description":"Tuo br\u00e4ndisi sinne, miss\u00e4 kohderyhm\u00e4si jo on.Tarjoamme ainutlaatuisen n\u00e4kyvyyspaikan jokaisen tapahtumamme yhteydess\u00e4 j\u00e4rjestett\u00e4v\u00e4ss\u00e4 Expossa. Tule mukaan kohtaamaan asiakkaasi kasvotusten ja kasvattamaan liiketoimintaasi vaikuttavassa ymp\u00e4rist\u00f6ss\u00e4! Miksi NUTS Expo on paras paikka br\u00e4ndillesi? \ud83d\udc9a Tavoite oikea kohderyhm\u00e4. Expo-alueella tuotteesi kohtaavat k\u00e4ytt\u00e4j\u00e4ns\u00e4 juuri silloin, kun tarve on suurin: ennen l\u00e4ht\u00f6viivaa. Moni p\u00e4ivitt\u00e4\u00e4 varusteitaan viel\u00e4 viime hetkell\u00e4 \u2013 luottosukat...","og_url":"https:\/\/nuts.fi\/en\/nuts-expo\/","og_site_name":"NUTS Trail Running","article_publisher":"https:\/\/www.facebook.com\/nutstrailrunning","article_modified_time":"2026-04-15T13:27:51+00:00","og_image":[{"width":1990,"height":963,"url":"https:\/\/nuts.fi\/wp-content\/uploads\/2026\/04\/Expo-nettisivut-e1776255272600.jpg","type":"image\/jpeg"}],"twitter_card":"summary_large_image","twitter_site":"@nutsfi","twitter_misc":{"Est. reading time":"5 minutes"},"schema":{"@context":"https:\/\/schema.org","@graph":[{"@type":"WebPage","@id":"https:\/\/nuts.fi\/en\/nuts-expo\/","url":"https:\/\/nuts.fi\/en\/nuts-expo\/","name":"NUTS Expo - NUTS Trail Running","isPartOf":{"@id":"https:\/\/nuts.fi\/en\/#website"},"primaryImageOfPage":{"@id":"https:\/\/nuts.fi\/en\/nuts-expo\/#primaryimage"},"image":{"@id":"https:\/\/nuts.fi\/en\/nuts-expo\/#primaryimage"},"thumbnailUrl":"https:\/\/nuts.fi\/wp-content\/uploads\/2026\/04\/Expo-nettisivut-e1776255272600.jpg","datePublished":"2026-04-15T13:07:39+00:00","dateModified":"2026-04-15T13:27:51+00:00","breadcrumb":{"@id":"https:\/\/nuts.fi\/en\/nuts-expo\/#breadcrumb"},"inLanguage":"en-US","potentialAction":[{"@type":"ReadAction","target":["https:\/\/nuts.fi\/en\/nuts-expo\/"]}]},{"@type":"ImageObject","inLanguage":"en-US","@id":"https:\/\/nuts.fi\/en\/nuts-expo\/#primaryimage","url":"https:\/\/nuts.fi\/wp-content\/uploads\/2026\/04\/Expo-nettisivut-e1776255272600.jpg","contentUrl":"https:\/\/nuts.fi\/wp-content\/uploads\/2026\/04\/Expo-nettisivut-e1776255272600.jpg","width":1990,"height":963},{"@type":"BreadcrumbList","@id":"https:\/\/nuts.fi\/en\/nuts-expo\/#breadcrumb","itemListElement":[{"@type":"ListItem","position":1,"name":"Etusivu","item":"https:\/\/nuts.fi\/en\/"},{"@type":"ListItem","position":2,"name":"NUTS Expo"}]},{"@type":"WebSite","@id":"https:\/\/nuts.fi\/en\/#website","url":"https:\/\/nuts.fi\/en\/","name":"NUTS \u2013 Ihan parasta poluilla!","description":"Your best run ever!","publisher":{"@id":"https:\/\/nuts.fi\/en\/#organization"},"potentialAction":[{"@type":"SearchAction","target":{"@type":"EntryPoint","urlTemplate":"https:\/\/nuts.fi\/en\/?s={search_term_string}"},"query-input":{"@type":"PropertyValueSpecification","valueRequired":true,"valueName":"search_term_string"}}],"inLanguage":"en-US"},{"@type":"Organization","@id":"https:\/\/nuts.fi\/en\/#organization","name":"Northern Ultra Trail Service - NUTS oy","url":"https:\/\/nuts.fi\/en\/","logo":{"@type":"ImageObject","inLanguage":"en-US","@id":"https:\/\/nuts.fi\/en\/#\/schema\/logo\/image\/","url":"https:\/\/nuts.fi\/wp-content\/uploads\/2025\/02\/nuts-logo-white.svg","contentUrl":"https:\/\/nuts.fi\/wp-content\/uploads\/2025\/02\/nuts-logo-white.svg","caption":"Northern Ultra Trail Service - NUTS oy"},"image":{"@id":"https:\/\/nuts.fi\/en\/#\/schema\/logo\/image\/"},"sameAs":["https:\/\/www.facebook.com\/nutstrailrunning","https:\/\/x.com\/nutsfi","https:\/\/www.instagram.com\/nutsfi\/"]}]}},"taxonomy_info":[],"featured_image_src_large":["https:\/\/nuts.fi\/wp-content\/uploads\/2026\/04\/Expo-nettisivut-e1776255272600-1024x496.jpg",1024,496,true],"author_info":{"display_name":"Sanna Hirvonen","author_link":"https:\/\/nuts.fi\/en\/author\/sanna\/"},"comment_info":0,"_links":{"self":[{"href":"https:\/\/nuts.fi\/en\/wp-json\/wp\/v2\/pages\/7174","targetHints":{"allow":["GET"]}}],"collection":[{"href":"https:\/\/nuts.fi\/en\/wp-json\/wp\/v2\/pages"}],"about":[{"href":"https:\/\/nuts.fi\/en\/wp-json\/wp\/v2\/types\/page"}],"author":[{"embeddable":true,"href":"https:\/\/nuts.fi\/en\/wp-json\/wp\/v2\/users\/11"}],"replies":[{"embeddable":true,"href":"https:\/\/nuts.fi\/en\/wp-json\/wp\/v2\/comments?post=7174"}],"version-history":[{"count":9,"href":"https:\/\/nuts.fi\/en\/wp-json\/wp\/v2\/pages\/7174\/revisions"}],"predecessor-version":[{"id":7208,"href":"https:\/\/nuts.fi\/en\/wp-json\/wp\/v2\/pages\/7174\/revisions\/7208"}],"wp:featuredmedia":[{"embeddable":true,"href":"https:\/\/nuts.fi\/en\/wp-json\/wp\/v2\/media\/7175"}],"wp:attachment":[{"href":"https:\/\/nuts.fi\/en\/wp-json\/wp\/v2\/media?parent=7174"}],"curies":[{"name":"wp","href":"https:\/\/api.w.org\/{rel}","templated":true}]}}