{"id":7102,"date":"2026-03-09T12:39:17","date_gmt":"2026-03-09T10:39:17","guid":{"rendered":"https:\/\/nuts.fi\/?page_id=7102"},"modified":"2026-04-02T10:24:27","modified_gmt":"2026-04-02T07:24:27","slug":"hiring","status":"publish","type":"page","link":"https:\/\/nuts.fi\/en\/hiring\/","title":{"rendered":"Hiring"},"content":{"rendered":"\n<p>Northern Ultra Trail Service \u2013 NUTS \u2013 is an event organizer specializing in trail running events. We produce high-quality and unforgettable trail running events in Ruka, Yll\u00e4s, Sy\u00f6te, Pyh\u00e4, &amp; Helsinki. Finland\u2019s largest trail running event, NUTS Karhunkierros, will take place again in Ruka this May! Come join the NUTSest crew ever! &lt;3<\/p>\n\n\n\n<h3 class=\"wp-block-heading\">INTERNSHIPS<\/h3>\n\n\n\n<p>Are you interested in an internship in trail running events? Internship periods mainly take place in the spring and summer, when our events are happening.<\/p>\n\n\n\n<p><strong>Send an open internship application to: <a href=\"mailto:sanna@nuts.fi\">sanna@nuts.fi<\/a><\/strong><\/p>\n\n\n\n<h3 class=\"wp-block-heading\"><strong>STAFF &amp; VOLUNTEERS<\/strong><\/h3>\n\n\n\n<p>Recruitment of staff for the summer trail running events is now open! Submit your information through the forms below, and we will get in touch with you:<\/p>\n\n\n\n<div class=\"wp-block-columns is-layout-flex wp-container-core-columns-is-layout-9d6595d7 wp-block-columns-is-layout-flex\">\n<div class=\"wp-block-column is-layout-flow wp-block-column-is-layout-flow\">\n<div class=\"wp-block-buttons is-content-justification-center is-layout-flex wp-container-core-buttons-is-layout-16018d1d wp-block-buttons-is-layout-flex\">\n<div class=\"wp-block-button\"><a class=\"wp-block-button__link has-small-font-size has-custom-font-size wp-element-button\" href=\"https:\/\/docs.google.com\/forms\/d\/e\/1FAIpQLSfLwVwZRhImpjXB0Z_nHspFd8QhOp6NYEeR26NdGzQ-6Iikmw\/viewform\">NUTS Karhunkierros<\/a><\/div>\n<\/div>\n<\/div>\n\n\n\n<div class=\"wp-block-column is-vertically-aligned-center is-layout-flow wp-block-column-is-layout-flow\">\n<div class=\"wp-block-buttons is-content-justification-center is-layout-flex wp-container-core-buttons-is-layout-16018d1d wp-block-buttons-is-layout-flex\">\n<div class=\"wp-block-button\"><a class=\"wp-block-button__link has-small-font-size has-custom-font-size wp-element-button\" href=\"https:\/\/docs.google.com\/forms\/d\/e\/1FAIpQLSd0NxWuhAtmQxvcPrRDJhR2yFm7ycZhRCL6m_hNgqqvSAofwA\/viewform\">NUTS Yll\u00e4s Pallas<\/a><\/div>\n<\/div>\n<\/div>\n\n\n\n<div class=\"wp-block-column is-vertically-aligned-center has-small-font-size is-layout-flow wp-block-column-is-layout-flow\">\n<div class=\"wp-block-buttons is-content-justification-center is-layout-flex wp-container-core-buttons-is-layout-16018d1d wp-block-buttons-is-layout-flex\">\n<div class=\"wp-block-button\"><a class=\"wp-block-button__link has-small-font-size has-custom-font-size wp-element-button\" href=\"https:\/\/docs.google.com\/forms\/d\/e\/1FAIpQLSf7qpb2uVbHyxrUqoR2alFrHT16FX1HOW-eGW6xQhV9dIwyuQ\/viewform\">NUTS Sy\u00f6te<\/a><\/div>\n<\/div>\n<\/div>\n\n\n\n<div class=\"wp-block-column is-vertically-aligned-center has-small-font-size is-layout-flow wp-block-column-is-layout-flow\">\n<div class=\"wp-block-buttons is-content-justification-center is-layout-flex wp-container-core-buttons-is-layout-16018d1d wp-block-buttons-is-layout-flex\">\n<div class=\"wp-block-button\"><a class=\"wp-block-button__link has-small-font-size has-custom-font-size wp-element-button\" href=\"https:\/\/docs.google.com\/forms\/d\/e\/1FAIpQLScAznxPDxqjwgMWxOTnrpxbtj3A3Y5TqfZpd4KHtDW92MlwGw\/viewform\">NUTS Pyh\u00e4<\/a><\/div>\n<\/div>\n<\/div>\n\n\n\n<div class=\"wp-block-column is-vertically-aligned-center is-layout-flow wp-block-column-is-layout-flow\">\n<div class=\"wp-block-buttons is-content-justification-center is-layout-flex wp-container-core-buttons-is-layout-16018d1d wp-block-buttons-is-layout-flex\">\n<div class=\"wp-block-button\"><a class=\"wp-block-button__link has-small-font-size has-custom-font-size wp-element-button\" href=\"https:\/\/docs.google.com\/forms\/d\/e\/1FAIpQLSdXk3xejKc6kHjTiGXSkJP_G942Qz4Ujp_PAIkkSkODYqBfDg\/viewform\">NUTS HEL<\/a><\/div>\n<\/div>\n<\/div>\n<\/div>\n\n\n\n<h3 class=\"wp-block-heading\"><strong>FUNDRAISING, CLUBS &amp; VOLUNTEERS<\/strong><\/h3>\n\n\n\n<p>Is your club, association, or organization looking for fundraising opportunities?<\/p>\n\n\n\n<p>Club volunteers are an important part of our events, contributing both their work and enthusiasm. They can fundraise at NUTS events through a variety of tasks. At our events your group can, for example, run aid stations, manage the finish line kitchen, mark the trail, and reward runners as they cross the finish line.<\/p>\n\n\n\n<p><strong>Contact: <a href=\"mailto:sanna@nuts.fi\">sanna@nuts.f<\/a><\/strong>i<\/p>\n\n\n\n<p><\/p>\n\n\n\n<div class=\"wp-block-columns is-layout-flex wp-container-core-columns-is-layout-9d6595d7 wp-block-columns-is-layout-flex\">\n<div class=\"wp-block-column is-layout-flow wp-block-column-is-layout-flow\">\n<figure class=\"wp-block-image size-large\"><a href=\"https:\/\/nuts.fi\/wp-content\/uploads\/2026\/04\/Rekrytointi-sivustolle-nuts.fi-6-1024x1024.jpg\"><img loading=\"lazy\" decoding=\"async\" width=\"1024\" height=\"1024\" src=\"https:\/\/nuts.fi\/wp-content\/uploads\/2026\/04\/Rekrytointi-sivustolle-nuts.fi-6-1024x1024.jpg\" alt=\"\" class=\"wp-image-7069\" srcset=\"https:\/\/nuts.fi\/wp-content\/uploads\/2026\/04\/Rekrytointi-sivustolle-nuts.fi-6-1024x1024.jpg 1024w, https:\/\/nuts.fi\/wp-content\/uploads\/2026\/04\/Rekrytointi-sivustolle-nuts.fi-6-300x300.jpg 300w, https:\/\/nuts.fi\/wp-content\/uploads\/2026\/04\/Rekrytointi-sivustolle-nuts.fi-6-150x150.jpg 150w, https:\/\/nuts.fi\/wp-content\/uploads\/2026\/04\/Rekrytointi-sivustolle-nuts.fi-6-768x768.jpg 768w, https:\/\/nuts.fi\/wp-content\/uploads\/2026\/04\/Rekrytointi-sivustolle-nuts.fi-6.jpg 1080w\" sizes=\"auto, (max-width: 1024px) 100vw, 1024px\" \/><\/a><figcaption class=\"wp-element-caption\">Put up the signs for the NUTS Yll\u00e4s Pallas Kids run<\/figcaption><\/figure>\n<\/div>\n\n\n\n<div class=\"wp-block-column is-layout-flow wp-block-column-is-layout-flow\">\n<figure class=\"wp-block-image size-large\"><a href=\"https:\/\/nuts.fi\/wp-content\/uploads\/2026\/04\/Rekrytointi-sivustolle-nuts.fi-4-1024x1024.jpg\"><img loading=\"lazy\" decoding=\"async\" width=\"1024\" height=\"1024\" src=\"https:\/\/nuts.fi\/wp-content\/uploads\/2026\/04\/Rekrytointi-sivustolle-nuts.fi-4-1024x1024.jpg\" alt=\"\" class=\"wp-image-7071\" srcset=\"https:\/\/nuts.fi\/wp-content\/uploads\/2026\/04\/Rekrytointi-sivustolle-nuts.fi-4-1024x1024.jpg 1024w, https:\/\/nuts.fi\/wp-content\/uploads\/2026\/04\/Rekrytointi-sivustolle-nuts.fi-4-300x300.jpg 300w, https:\/\/nuts.fi\/wp-content\/uploads\/2026\/04\/Rekrytointi-sivustolle-nuts.fi-4-150x150.jpg 150w, https:\/\/nuts.fi\/wp-content\/uploads\/2026\/04\/Rekrytointi-sivustolle-nuts.fi-4-768x768.jpg 768w, https:\/\/nuts.fi\/wp-content\/uploads\/2026\/04\/Rekrytointi-sivustolle-nuts.fi-4.jpg 1080w\" sizes=\"auto, (max-width: 1024px) 100vw, 1024px\" \/><\/a><figcaption class=\"wp-element-caption\">Foodin\u2019s warm-up is in progress<\/figcaption><\/figure>\n<\/div>\n\n\n\n<div class=\"wp-block-column is-layout-flow wp-block-column-is-layout-flow\">\n<figure class=\"wp-block-image size-large\"><a href=\"https:\/\/nuts.fi\/wp-content\/uploads\/2026\/04\/Rekrytointi-sivustolle-nuts.fi-3-1024x1024.jpg\"><img loading=\"lazy\" decoding=\"async\" width=\"1024\" height=\"1024\" src=\"https:\/\/nuts.fi\/wp-content\/uploads\/2026\/04\/Rekrytointi-sivustolle-nuts.fi-3-1024x1024.jpg\" alt=\"\" class=\"wp-image-7073\" srcset=\"https:\/\/nuts.fi\/wp-content\/uploads\/2026\/04\/Rekrytointi-sivustolle-nuts.fi-3-1024x1024.jpg 1024w, https:\/\/nuts.fi\/wp-content\/uploads\/2026\/04\/Rekrytointi-sivustolle-nuts.fi-3-300x300.jpg 300w, https:\/\/nuts.fi\/wp-content\/uploads\/2026\/04\/Rekrytointi-sivustolle-nuts.fi-3-150x150.jpg 150w, https:\/\/nuts.fi\/wp-content\/uploads\/2026\/04\/Rekrytointi-sivustolle-nuts.fi-3-768x768.jpg 768w, https:\/\/nuts.fi\/wp-content\/uploads\/2026\/04\/Rekrytointi-sivustolle-nuts.fi-3.jpg 1080w\" sizes=\"auto, (max-width: 1024px) 100vw, 1024px\" \/><\/a><figcaption class=\"wp-element-caption\">Medal around the neck at the finish line<\/figcaption><\/figure>\n<\/div>\n<\/div>\n\n\n\n<div class=\"wp-block-columns is-layout-flex wp-container-core-columns-is-layout-9d6595d7 wp-block-columns-is-layout-flex\">\n<div class=\"wp-block-column is-layout-flow wp-block-column-is-layout-flow\">\n<figure class=\"wp-block-image size-large\"><a href=\"https:\/\/nuts.fi\/wp-content\/uploads\/2026\/04\/Rekrytointi-sivustolle-nuts.fi-1-1024x1024.jpg\"><img loading=\"lazy\" decoding=\"async\" width=\"1024\" height=\"1024\" src=\"https:\/\/nuts.fi\/wp-content\/uploads\/2026\/04\/Rekrytointi-sivustolle-nuts.fi-1-1024x1024.jpg\" alt=\"\" class=\"wp-image-7075\" srcset=\"https:\/\/nuts.fi\/wp-content\/uploads\/2026\/04\/Rekrytointi-sivustolle-nuts.fi-1-1024x1024.jpg 1024w, https:\/\/nuts.fi\/wp-content\/uploads\/2026\/04\/Rekrytointi-sivustolle-nuts.fi-1-300x300.jpg 300w, https:\/\/nuts.fi\/wp-content\/uploads\/2026\/04\/Rekrytointi-sivustolle-nuts.fi-1-150x150.jpg 150w, https:\/\/nuts.fi\/wp-content\/uploads\/2026\/04\/Rekrytointi-sivustolle-nuts.fi-1-768x768.jpg 768w, https:\/\/nuts.fi\/wp-content\/uploads\/2026\/04\/Rekrytointi-sivustolle-nuts.fi-1.jpg 1080w\" sizes=\"auto, (max-width: 1024px) 100vw, 1024px\" \/><\/a><figcaption class=\"wp-element-caption\">Enjoying the safety run<\/figcaption><\/figure>\n<\/div>\n\n\n\n<div class=\"wp-block-column is-layout-flow wp-block-column-is-layout-flow\">\n<figure class=\"wp-block-image size-large\"><a href=\"https:\/\/nuts.fi\/wp-content\/uploads\/2026\/04\/Rekrytointi-sivustolle-nuts.fi-8-1024x1024.jpg\"><img loading=\"lazy\" decoding=\"async\" width=\"1024\" height=\"1024\" src=\"https:\/\/nuts.fi\/wp-content\/uploads\/2026\/04\/Rekrytointi-sivustolle-nuts.fi-8-1024x1024.jpg\" alt=\"\" class=\"wp-image-7077\" srcset=\"https:\/\/nuts.fi\/wp-content\/uploads\/2026\/04\/Rekrytointi-sivustolle-nuts.fi-8-1024x1024.jpg 1024w, https:\/\/nuts.fi\/wp-content\/uploads\/2026\/04\/Rekrytointi-sivustolle-nuts.fi-8-300x300.jpg 300w, https:\/\/nuts.fi\/wp-content\/uploads\/2026\/04\/Rekrytointi-sivustolle-nuts.fi-8-150x150.jpg 150w, https:\/\/nuts.fi\/wp-content\/uploads\/2026\/04\/Rekrytointi-sivustolle-nuts.fi-8-768x768.jpg 768w, https:\/\/nuts.fi\/wp-content\/uploads\/2026\/04\/Rekrytointi-sivustolle-nuts.fi-8.jpg 1080w\" sizes=\"auto, (max-width: 1024px) 100vw, 1024px\" \/><\/a><figcaption class=\"wp-element-caption\">Trail marking<\/figcaption><\/figure>\n<\/div>\n\n\n\n<div class=\"wp-block-column is-layout-flow wp-block-column-is-layout-flow\">\n<figure class=\"wp-block-image size-large\"><a href=\"https:\/\/nuts.fi\/wp-content\/uploads\/2026\/04\/Rekrytointi-sivustolle-nuts.fi-7-1024x1024.jpg\"><img loading=\"lazy\" decoding=\"async\" width=\"1024\" height=\"1024\" src=\"https:\/\/nuts.fi\/wp-content\/uploads\/2026\/04\/Rekrytointi-sivustolle-nuts.fi-7-1024x1024.jpg\" alt=\"\" class=\"wp-image-7079\" srcset=\"https:\/\/nuts.fi\/wp-content\/uploads\/2026\/04\/Rekrytointi-sivustolle-nuts.fi-7-1024x1024.jpg 1024w, https:\/\/nuts.fi\/wp-content\/uploads\/2026\/04\/Rekrytointi-sivustolle-nuts.fi-7-300x300.jpg 300w, https:\/\/nuts.fi\/wp-content\/uploads\/2026\/04\/Rekrytointi-sivustolle-nuts.fi-7-150x150.jpg 150w, https:\/\/nuts.fi\/wp-content\/uploads\/2026\/04\/Rekrytointi-sivustolle-nuts.fi-7-768x768.jpg 768w, https:\/\/nuts.fi\/wp-content\/uploads\/2026\/04\/Rekrytointi-sivustolle-nuts.fi-7.jpg 1080w\" sizes=\"auto, (max-width: 1024px) 100vw, 1024px\" \/><\/a><figcaption class=\"wp-element-caption\">Finish line interview<\/figcaption><\/figure>\n<\/div>\n<\/div>\n\n\n\n<div class=\"wp-block-columns is-layout-flex wp-container-core-columns-is-layout-9d6595d7 wp-block-columns-is-layout-flex\">\n<div class=\"wp-block-column is-layout-flow wp-block-column-is-layout-flow\">\n<figure class=\"wp-block-image size-large\"><a href=\"https:\/\/nuts.fi\/wp-content\/uploads\/2026\/04\/Rekrytointi-sivustolle-nuts.fi-2-1024x1024.jpg\"><img loading=\"lazy\" decoding=\"async\" width=\"1024\" height=\"1024\" src=\"https:\/\/nuts.fi\/wp-content\/uploads\/2026\/04\/Rekrytointi-sivustolle-nuts.fi-2-1024x1024.jpg\" alt=\"\" class=\"wp-image-7081\" srcset=\"https:\/\/nuts.fi\/wp-content\/uploads\/2026\/04\/Rekrytointi-sivustolle-nuts.fi-2-1024x1024.jpg 1024w, https:\/\/nuts.fi\/wp-content\/uploads\/2026\/04\/Rekrytointi-sivustolle-nuts.fi-2-300x300.jpg 300w, https:\/\/nuts.fi\/wp-content\/uploads\/2026\/04\/Rekrytointi-sivustolle-nuts.fi-2-150x150.jpg 150w, https:\/\/nuts.fi\/wp-content\/uploads\/2026\/04\/Rekrytointi-sivustolle-nuts.fi-2-768x768.jpg 768w, https:\/\/nuts.fi\/wp-content\/uploads\/2026\/04\/Rekrytointi-sivustolle-nuts.fi-2.jpg 1080w\" sizes=\"auto, (max-width: 1024px) 100vw, 1024px\" \/><\/a><figcaption class=\"wp-element-caption\">Photographers ready for action<\/figcaption><\/figure>\n<\/div>\n\n\n\n<div class=\"wp-block-column is-layout-flow wp-block-column-is-layout-flow\">\n<figure class=\"wp-block-image size-large\"><a href=\"https:\/\/nuts.fi\/wp-content\/uploads\/2026\/04\/Rekrytointi-sivustolle-nuts.fi_-1024x1024.jpg\"><img loading=\"lazy\" decoding=\"async\" width=\"1024\" height=\"1024\" src=\"https:\/\/nuts.fi\/wp-content\/uploads\/2026\/04\/Rekrytointi-sivustolle-nuts.fi_-1024x1024.jpg\" alt=\"\" class=\"wp-image-7083\" srcset=\"https:\/\/nuts.fi\/wp-content\/uploads\/2026\/04\/Rekrytointi-sivustolle-nuts.fi_-1024x1024.jpg 1024w, https:\/\/nuts.fi\/wp-content\/uploads\/2026\/04\/Rekrytointi-sivustolle-nuts.fi_-300x300.jpg 300w, https:\/\/nuts.fi\/wp-content\/uploads\/2026\/04\/Rekrytointi-sivustolle-nuts.fi_-150x150.jpg 150w, https:\/\/nuts.fi\/wp-content\/uploads\/2026\/04\/Rekrytointi-sivustolle-nuts.fi_-768x768.jpg 768w, https:\/\/nuts.fi\/wp-content\/uploads\/2026\/04\/Rekrytointi-sivustolle-nuts.fi_.jpg 1080w\" sizes=\"auto, (max-width: 1024px) 100vw, 1024px\" \/><\/a><figcaption class=\"wp-element-caption\">Remember, you paid for this \ud83d\ude09<\/figcaption><\/figure>\n<\/div>\n\n\n\n<div class=\"wp-block-column is-layout-flow wp-block-column-is-layout-flow\">\n<figure class=\"wp-block-image size-large\"><a href=\"https:\/\/nuts.fi\/wp-content\/uploads\/2026\/04\/Rekrytointi-sivustolle-nuts.fi-9-1024x1024.jpg\"><img loading=\"lazy\" decoding=\"async\" width=\"1024\" height=\"1024\" src=\"https:\/\/nuts.fi\/wp-content\/uploads\/2026\/04\/Rekrytointi-sivustolle-nuts.fi-9-1024x1024.jpg\" alt=\"\" class=\"wp-image-7085\" srcset=\"https:\/\/nuts.fi\/wp-content\/uploads\/2026\/04\/Rekrytointi-sivustolle-nuts.fi-9-1024x1024.jpg 1024w, https:\/\/nuts.fi\/wp-content\/uploads\/2026\/04\/Rekrytointi-sivustolle-nuts.fi-9-300x300.jpg 300w, https:\/\/nuts.fi\/wp-content\/uploads\/2026\/04\/Rekrytointi-sivustolle-nuts.fi-9-150x150.jpg 150w, https:\/\/nuts.fi\/wp-content\/uploads\/2026\/04\/Rekrytointi-sivustolle-nuts.fi-9-768x768.jpg 768w, https:\/\/nuts.fi\/wp-content\/uploads\/2026\/04\/Rekrytointi-sivustolle-nuts.fi-9.jpg 1080w\" sizes=\"auto, (max-width: 1024px) 100vw, 1024px\" \/><\/a><figcaption class=\"wp-element-caption\">Start line interview<\/figcaption><\/figure>\n<\/div>\n<\/div>\n","protected":false},"excerpt":{"rendered":"<p>Northern Ultra Trail Service \u2013 NUTS \u2013 is an event organizer specializing in trail running events. We produce high-quality and unforgettable trail running events in Ruka, Yll\u00e4s, Sy\u00f6te, Pyh\u00e4, &amp; Helsinki. Finland\u2019s largest trail running event, NUTS Karhunkierros, will take place again in Ruka this May! Come join the NUTSest crew ever! &lt;3 INTERNSHIPS Are&#8230;<\/p>\n","protected":false},"author":11,"featured_media":6910,"parent":0,"menu_order":0,"comment_status":"closed","ping_status":"closed","template":"","meta":{"_kad_blocks_custom_css":"","_kad_blocks_head_custom_js":"","_kad_blocks_body_custom_js":"","_kad_blocks_footer_custom_js":"","_kad_post_transparent":"","_kad_post_title":"","_kad_post_layout":"","_kad_post_sidebar_id":"","_kad_post_content_style":"","_kad_post_vertical_padding":"","_kad_post_feature":"","_kad_post_feature_position":"","_kad_post_header":false,"_kad_post_footer":false,"_kad_post_classname":"","footnotes":""},"class_list":["post-7102","page","type-page","status-publish","has-post-thumbnail","hentry"],"yoast_head":"<!-- This site is optimized with the Yoast SEO plugin v27.4 - https:\/\/yoast.com\/product\/yoast-seo-wordpress\/ -->\n<title>Hiring - NUTS Trail Running<\/title>\n<meta name=\"robots\" content=\"index, follow, max-snippet:-1, max-image-preview:large, max-video-preview:-1\" \/>\n<link rel=\"canonical\" href=\"https:\/\/nuts.fi\/en\/hiring\/\" \/>\n<meta property=\"og:locale\" content=\"en_US\" \/>\n<meta property=\"og:type\" content=\"article\" \/>\n<meta property=\"og:title\" content=\"Hiring - NUTS Trail Running\" \/>\n<meta property=\"og:description\" content=\"Northern Ultra Trail Service \u2013 NUTS \u2013 is an event organizer specializing in trail running events. We produce high-quality and unforgettable trail running events in Ruka, Yll\u00e4s, Sy\u00f6te, Pyh\u00e4, &amp; Helsinki. Finland\u2019s largest trail running event, NUTS Karhunkierros, will take place again in Ruka this May! Come join the NUTSest crew ever! &lt;3 INTERNSHIPS Are...\" \/>\n<meta property=\"og:url\" content=\"https:\/\/nuts.fi\/en\/hiring\/\" \/>\n<meta property=\"og:site_name\" content=\"NUTS Trail Running\" \/>\n<meta property=\"article:publisher\" content=\"https:\/\/www.facebook.com\/nutstrailrunning\" \/>\n<meta property=\"article:modified_time\" content=\"2026-04-02T07:24:27+00:00\" \/>\n<meta property=\"og:image\" content=\"https:\/\/nuts.fi\/wp-content\/uploads\/2026\/03\/Nettisivuille-Sanna-11.jpg\" \/>\n\t<meta property=\"og:image:width\" content=\"2000\" \/>\n\t<meta property=\"og:image:height\" content=\"1414\" \/>\n\t<meta property=\"og:image:type\" content=\"image\/jpeg\" \/>\n<meta name=\"twitter:card\" content=\"summary_large_image\" \/>\n<meta name=\"twitter:site\" content=\"@nutsfi\" \/>\n<meta name=\"twitter:label1\" content=\"Est. reading time\" \/>\n\t<meta name=\"twitter:data1\" content=\"4 minutes\" \/>\n<script type=\"application\/ld+json\" class=\"yoast-schema-graph\">{\"@context\":\"https:\\\/\\\/schema.org\",\"@graph\":[{\"@type\":\"WebPage\",\"@id\":\"https:\\\/\\\/nuts.fi\\\/en\\\/hiring\\\/\",\"url\":\"https:\\\/\\\/nuts.fi\\\/en\\\/hiring\\\/\",\"name\":\"Hiring - NUTS Trail Running\",\"isPartOf\":{\"@id\":\"https:\\\/\\\/nuts.fi\\\/en\\\/#website\"},\"primaryImageOfPage\":{\"@id\":\"https:\\\/\\\/nuts.fi\\\/en\\\/hiring\\\/#primaryimage\"},\"image\":{\"@id\":\"https:\\\/\\\/nuts.fi\\\/en\\\/hiring\\\/#primaryimage\"},\"thumbnailUrl\":\"https:\\\/\\\/nuts.fi\\\/wp-content\\\/uploads\\\/2026\\\/03\\\/Nettisivuille-Sanna-11.jpg\",\"datePublished\":\"2026-03-09T10:39:17+00:00\",\"dateModified\":\"2026-04-02T07:24:27+00:00\",\"breadcrumb\":{\"@id\":\"https:\\\/\\\/nuts.fi\\\/en\\\/hiring\\\/#breadcrumb\"},\"inLanguage\":\"en-US\",\"potentialAction\":[{\"@type\":\"ReadAction\",\"target\":[\"https:\\\/\\\/nuts.fi\\\/en\\\/hiring\\\/\"]}]},{\"@type\":\"ImageObject\",\"inLanguage\":\"en-US\",\"@id\":\"https:\\\/\\\/nuts.fi\\\/en\\\/hiring\\\/#primaryimage\",\"url\":\"https:\\\/\\\/nuts.fi\\\/wp-content\\\/uploads\\\/2026\\\/03\\\/Nettisivuille-Sanna-11.jpg\",\"contentUrl\":\"https:\\\/\\\/nuts.fi\\\/wp-content\\\/uploads\\\/2026\\\/03\\\/Nettisivuille-Sanna-11.jpg\",\"width\":2000,\"height\":1414},{\"@type\":\"BreadcrumbList\",\"@id\":\"https:\\\/\\\/nuts.fi\\\/en\\\/hiring\\\/#breadcrumb\",\"itemListElement\":[{\"@type\":\"ListItem\",\"position\":1,\"name\":\"Etusivu\",\"item\":\"https:\\\/\\\/nuts.fi\\\/en\\\/\"},{\"@type\":\"ListItem\",\"position\":2,\"name\":\"Hiring\"}]},{\"@type\":\"WebSite\",\"@id\":\"https:\\\/\\\/nuts.fi\\\/en\\\/#website\",\"url\":\"https:\\\/\\\/nuts.fi\\\/en\\\/\",\"name\":\"NUTS \u2013 Ihan parasta poluilla!\",\"description\":\"Your best run ever!\",\"publisher\":{\"@id\":\"https:\\\/\\\/nuts.fi\\\/en\\\/#organization\"},\"potentialAction\":[{\"@type\":\"SearchAction\",\"target\":{\"@type\":\"EntryPoint\",\"urlTemplate\":\"https:\\\/\\\/nuts.fi\\\/en\\\/?s={search_term_string}\"},\"query-input\":{\"@type\":\"PropertyValueSpecification\",\"valueRequired\":true,\"valueName\":\"search_term_string\"}}],\"inLanguage\":\"en-US\"},{\"@type\":\"Organization\",\"@id\":\"https:\\\/\\\/nuts.fi\\\/en\\\/#organization\",\"name\":\"Northern Ultra Trail Service - NUTS oy\",\"url\":\"https:\\\/\\\/nuts.fi\\\/en\\\/\",\"logo\":{\"@type\":\"ImageObject\",\"inLanguage\":\"en-US\",\"@id\":\"https:\\\/\\\/nuts.fi\\\/en\\\/#\\\/schema\\\/logo\\\/image\\\/\",\"url\":\"https:\\\/\\\/nuts.fi\\\/wp-content\\\/uploads\\\/2025\\\/02\\\/nuts-logo-white.svg\",\"contentUrl\":\"https:\\\/\\\/nuts.fi\\\/wp-content\\\/uploads\\\/2025\\\/02\\\/nuts-logo-white.svg\",\"caption\":\"Northern Ultra Trail Service - NUTS oy\"},\"image\":{\"@id\":\"https:\\\/\\\/nuts.fi\\\/en\\\/#\\\/schema\\\/logo\\\/image\\\/\"},\"sameAs\":[\"https:\\\/\\\/www.facebook.com\\\/nutstrailrunning\",\"https:\\\/\\\/x.com\\\/nutsfi\",\"https:\\\/\\\/www.instagram.com\\\/nutsfi\\\/\"]}]}<\/script>\n<!-- \/ Yoast SEO plugin. -->","yoast_head_json":{"title":"Hiring - NUTS Trail Running","robots":{"index":"index","follow":"follow","max-snippet":"max-snippet:-1","max-image-preview":"max-image-preview:large","max-video-preview":"max-video-preview:-1"},"canonical":"https:\/\/nuts.fi\/en\/hiring\/","og_locale":"en_US","og_type":"article","og_title":"Hiring - NUTS Trail Running","og_description":"Northern Ultra Trail Service \u2013 NUTS \u2013 is an event organizer specializing in trail running events. We produce high-quality and unforgettable trail running events in Ruka, Yll\u00e4s, Sy\u00f6te, Pyh\u00e4, &amp; Helsinki. Finland\u2019s largest trail running event, NUTS Karhunkierros, will take place again in Ruka this May! Come join the NUTSest crew ever! &lt;3 INTERNSHIPS Are...","og_url":"https:\/\/nuts.fi\/en\/hiring\/","og_site_name":"NUTS Trail Running","article_publisher":"https:\/\/www.facebook.com\/nutstrailrunning","article_modified_time":"2026-04-02T07:24:27+00:00","og_image":[{"width":2000,"height":1414,"url":"https:\/\/nuts.fi\/wp-content\/uploads\/2026\/03\/Nettisivuille-Sanna-11.jpg","type":"image\/jpeg"}],"twitter_card":"summary_large_image","twitter_site":"@nutsfi","twitter_misc":{"Est. reading time":"4 minutes"},"schema":{"@context":"https:\/\/schema.org","@graph":[{"@type":"WebPage","@id":"https:\/\/nuts.fi\/en\/hiring\/","url":"https:\/\/nuts.fi\/en\/hiring\/","name":"Hiring - NUTS Trail Running","isPartOf":{"@id":"https:\/\/nuts.fi\/en\/#website"},"primaryImageOfPage":{"@id":"https:\/\/nuts.fi\/en\/hiring\/#primaryimage"},"image":{"@id":"https:\/\/nuts.fi\/en\/hiring\/#primaryimage"},"thumbnailUrl":"https:\/\/nuts.fi\/wp-content\/uploads\/2026\/03\/Nettisivuille-Sanna-11.jpg","datePublished":"2026-03-09T10:39:17+00:00","dateModified":"2026-04-02T07:24:27+00:00","breadcrumb":{"@id":"https:\/\/nuts.fi\/en\/hiring\/#breadcrumb"},"inLanguage":"en-US","potentialAction":[{"@type":"ReadAction","target":["https:\/\/nuts.fi\/en\/hiring\/"]}]},{"@type":"ImageObject","inLanguage":"en-US","@id":"https:\/\/nuts.fi\/en\/hiring\/#primaryimage","url":"https:\/\/nuts.fi\/wp-content\/uploads\/2026\/03\/Nettisivuille-Sanna-11.jpg","contentUrl":"https:\/\/nuts.fi\/wp-content\/uploads\/2026\/03\/Nettisivuille-Sanna-11.jpg","width":2000,"height":1414},{"@type":"BreadcrumbList","@id":"https:\/\/nuts.fi\/en\/hiring\/#breadcrumb","itemListElement":[{"@type":"ListItem","position":1,"name":"Etusivu","item":"https:\/\/nuts.fi\/en\/"},{"@type":"ListItem","position":2,"name":"Hiring"}]},{"@type":"WebSite","@id":"https:\/\/nuts.fi\/en\/#website","url":"https:\/\/nuts.fi\/en\/","name":"NUTS \u2013 Ihan parasta poluilla!","description":"Your best run ever!","publisher":{"@id":"https:\/\/nuts.fi\/en\/#organization"},"potentialAction":[{"@type":"SearchAction","target":{"@type":"EntryPoint","urlTemplate":"https:\/\/nuts.fi\/en\/?s={search_term_string}"},"query-input":{"@type":"PropertyValueSpecification","valueRequired":true,"valueName":"search_term_string"}}],"inLanguage":"en-US"},{"@type":"Organization","@id":"https:\/\/nuts.fi\/en\/#organization","name":"Northern Ultra Trail Service - NUTS oy","url":"https:\/\/nuts.fi\/en\/","logo":{"@type":"ImageObject","inLanguage":"en-US","@id":"https:\/\/nuts.fi\/en\/#\/schema\/logo\/image\/","url":"https:\/\/nuts.fi\/wp-content\/uploads\/2025\/02\/nuts-logo-white.svg","contentUrl":"https:\/\/nuts.fi\/wp-content\/uploads\/2025\/02\/nuts-logo-white.svg","caption":"Northern Ultra Trail Service - NUTS oy"},"image":{"@id":"https:\/\/nuts.fi\/en\/#\/schema\/logo\/image\/"},"sameAs":["https:\/\/www.facebook.com\/nutstrailrunning","https:\/\/x.com\/nutsfi","https:\/\/www.instagram.com\/nutsfi\/"]}]}},"taxonomy_info":[],"featured_image_src_large":["https:\/\/nuts.fi\/wp-content\/uploads\/2026\/03\/Nettisivuille-Sanna-11-1024x724.jpg",1024,724,true],"author_info":{"display_name":"Sanna Hirvonen","author_link":"https:\/\/nuts.fi\/en\/author\/sanna\/"},"comment_info":0,"_links":{"self":[{"href":"https:\/\/nuts.fi\/en\/wp-json\/wp\/v2\/pages\/7102","targetHints":{"allow":["GET"]}}],"collection":[{"href":"https:\/\/nuts.fi\/en\/wp-json\/wp\/v2\/pages"}],"about":[{"href":"https:\/\/nuts.fi\/en\/wp-json\/wp\/v2\/types\/page"}],"author":[{"embeddable":true,"href":"https:\/\/nuts.fi\/en\/wp-json\/wp\/v2\/users\/11"}],"replies":[{"embeddable":true,"href":"https:\/\/nuts.fi\/en\/wp-json\/wp\/v2\/comments?post=7102"}],"version-history":[{"count":7,"href":"https:\/\/nuts.fi\/en\/wp-json\/wp\/v2\/pages\/7102\/revisions"}],"predecessor-version":[{"id":7118,"href":"https:\/\/nuts.fi\/en\/wp-json\/wp\/v2\/pages\/7102\/revisions\/7118"}],"wp:featuredmedia":[{"embeddable":true,"href":"https:\/\/nuts.fi\/en\/wp-json\/wp\/v2\/media\/6910"}],"wp:attachment":[{"href":"https:\/\/nuts.fi\/en\/wp-json\/wp\/v2\/media?parent=7102"}],"curies":[{"name":"wp","href":"https:\/\/api.w.org\/{rel}","templated":true}]}}