{"id":6811,"date":"2026-01-20T13:52:18","date_gmt":"2026-01-20T11:52:18","guid":{"rendered":"https:\/\/nuts.fi\/?page_id=6811"},"modified":"2026-01-20T14:00:10","modified_gmt":"2026-01-20T12:00:10","slug":"janka-resort","status":"publish","type":"page","link":"https:\/\/nuts.fi\/en\/janka-resort\/","title":{"rendered":"Book an unforgettable stay at J\u00e4nk\u00e4 Resort for NUTS Yll\u00e4s\u2013Pallas"},"content":{"rendered":"\n<p><strong>The perfect base for Lapland\u2019s iconic trails \u2014 recover, relax and perform.<\/strong><\/p>\n\n\n\n<p>Book now an unforgettable stay for the NUTS Yll\u00e4s\u2013Pallas trail running event! When you aim for Lapland\u2019s most iconic trails, you deserve accommodation that supports your performance \u2014 and rewards you afterwards. J\u00e4nk\u00e4 Resort\u2019s stunning Villas provide the perfect base for the NUTS Yll\u00e4s\u2013Pallas weekend \u2014 or even for the whole event week.<\/p>\n\n\n\n<h2 class=\"wp-block-heading\">Before &amp; after the race<\/h2>\n\n\n\n<p>Arrive early in the week to acclimatize to the fell landscape and enjoy Lapland activities before the start. After race day you can dry your running kit in the washing machine and dryer, recover in peace and relax in your private sauna or outdoor hot tub. Let your body recover and your mind rest \u2014 here it\u2019s possible.<\/p>\n\n\n\n<h2 class=\"wp-block-heading\">What the Villas include<\/h2>\n\n\n\n<ul class=\"wp-block-list\">\n<li>Private sauna and outdoor hot tub \u2014 perfect for recovery<\/li>\n\n\n\n<li>Washing machine and tumble dryer \u2014 ready for the next day<\/li>\n\n\n\n<li>Breakfast for two to start the day strong<\/li>\n\n\n\n<li>Fully equipped kitchen and minibar<\/li>\n<\/ul>\n\n\n\n<p>After the run you don\u2019t have to rush or compromise on comfort. Return straight from top performance to top-class accommodation.<\/p>\n\n\n\n<h2 class=\"wp-block-heading\">Book now<\/h2>\n\n\n\n<p><strong>\u2728 Book a J\u00e4nk\u00e4 Resort Villa and make your NUTS Yll\u00e4s\u2013Pallas experience complete<\/strong><\/p>\n\n\n\n<div class=\"wp-block-buttons is-layout-flex wp-block-buttons-is-layout-flex\">\n<div class=\"wp-block-button\"><a class=\"wp-block-button__link wp-element-button\" href=\"https:\/\/jankaresort.com\/resort\/?utm_source=nuts&amp;utm_medium=referral&amp;utm_campaign=jankaresort_booking&amp;utm_content=hero_button\" target=\"_blank\" rel=\"noopener noreferrer noopener\">Book now<\/a><\/div>\n<\/div>\n\n\n\n<h3 class=\"wp-block-heading\">Practical information<\/h3>\n\n\n\n<ul class=\"wp-block-list\">\n<li><strong>Price:<\/strong> \u20ac390 \/ night per Villa<\/li>\n\n\n\n<li><strong>Price includes:<\/strong> accommodation and breakfast for two<\/li>\n\n\n\n<li><strong>Facilities:<\/strong> private sauna, outdoor hot tub, private kitchen, minibar, washing machine &amp; tumble dryer<\/li>\n<\/ul>\n\n\n\n<p>Useful links: <a href=\"https:\/\/jankaresort.com\/resort\/\">Resort<\/a> \u00b7 <a href=\"https:\/\/jankaresort.com\/experiences\/?utm_source=nuts&amp;utm_medium=referral&amp;utm_campaign=jankaresort_activities\">Activities<\/a><\/p>\n\n\n\n<p><\/p>\n","protected":false},"excerpt":{"rendered":"<p>The perfect base for Lapland\u2019s iconic trails \u2014 recover, relax and perform. Book now an unforgettable stay for the NUTS Yll\u00e4s\u2013Pallas trail running event! When you aim for Lapland\u2019s most iconic trails, you deserve accommodation that supports your performance \u2014 and rewards you afterwards. J\u00e4nk\u00e4 Resort\u2019s stunning Villas provide the perfect base for the NUTS&#8230;<\/p>\n","protected":false},"author":2,"featured_media":0,"parent":0,"menu_order":0,"comment_status":"closed","ping_status":"closed","template":"","meta":{"_kad_blocks_custom_css":"","_kad_blocks_head_custom_js":"","_kad_blocks_body_custom_js":"","_kad_blocks_footer_custom_js":"","_kad_post_transparent":"","_kad_post_title":"","_kad_post_layout":"","_kad_post_sidebar_id":"","_kad_post_content_style":"","_kad_post_vertical_padding":"","_kad_post_feature":"","_kad_post_feature_position":"","_kad_post_header":false,"_kad_post_footer":false,"_kad_post_classname":"","footnotes":""},"class_list":["post-6811","page","type-page","status-publish","hentry"],"yoast_head":"<!-- This site is optimized with the Yoast SEO plugin v27.3 - https:\/\/yoast.com\/product\/yoast-seo-wordpress\/ -->\n<title>J\u00e4nk\u00e4 Resort Villas \u2014 Accommodation for NUTS Yll\u00e4s\u2013Pallas<\/title>\n<meta name=\"description\" content=\"Private sauna, outdoor hot tub and breakfast included. Villas \u20ac390\/night. Book your J\u00e4nk\u00e4 Resort Villa for NUTS Yll\u00e4s\u2013Pallas.\" \/>\n<meta name=\"robots\" content=\"index, follow, max-snippet:-1, max-image-preview:large, max-video-preview:-1\" \/>\n<link rel=\"canonical\" href=\"https:\/\/nuts.fi\/en\/janka-resort\/\" \/>\n<meta property=\"og:locale\" content=\"en_US\" \/>\n<meta property=\"og:type\" content=\"article\" \/>\n<meta property=\"og:title\" content=\"J\u00e4nk\u00e4 Resort Villas \u2014 Accommodation for NUTS Yll\u00e4s\u2013Pallas\" \/>\n<meta property=\"og:description\" content=\"Private sauna, outdoor hot tub and breakfast included. Villas \u20ac390\/night. Book your J\u00e4nk\u00e4 Resort Villa for NUTS Yll\u00e4s\u2013Pallas.\" \/>\n<meta property=\"og:url\" content=\"https:\/\/nuts.fi\/en\/janka-resort\/\" \/>\n<meta property=\"og:site_name\" content=\"NUTS Trail Running\" \/>\n<meta property=\"article:publisher\" content=\"https:\/\/www.facebook.com\/nutstrailrunning\" \/>\n<meta property=\"article:modified_time\" content=\"2026-01-20T12:00:10+00:00\" \/>\n<meta name=\"twitter:card\" content=\"summary_large_image\" \/>\n<meta name=\"twitter:site\" content=\"@nutsfi\" \/>\n<meta name=\"twitter:label1\" content=\"Est. reading time\" \/>\n\t<meta name=\"twitter:data1\" content=\"2 minutes\" \/>\n<script type=\"application\/ld+json\" class=\"yoast-schema-graph\">{\"@context\":\"https:\\\/\\\/schema.org\",\"@graph\":[{\"@type\":\"WebPage\",\"@id\":\"https:\\\/\\\/nuts.fi\\\/en\\\/janka-resort\\\/\",\"url\":\"https:\\\/\\\/nuts.fi\\\/en\\\/janka-resort\\\/\",\"name\":\"J\u00e4nk\u00e4 Resort Villas \u2014 Accommodation for NUTS Yll\u00e4s\u2013Pallas\",\"isPartOf\":{\"@id\":\"https:\\\/\\\/nuts.fi\\\/en\\\/#website\"},\"datePublished\":\"2026-01-20T11:52:18+00:00\",\"dateModified\":\"2026-01-20T12:00:10+00:00\",\"description\":\"Private sauna, outdoor hot tub and breakfast included. Villas \u20ac390\\\/night. Book your J\u00e4nk\u00e4 Resort Villa for NUTS Yll\u00e4s\u2013Pallas.\",\"breadcrumb\":{\"@id\":\"https:\\\/\\\/nuts.fi\\\/en\\\/janka-resort\\\/#breadcrumb\"},\"inLanguage\":\"en-US\",\"potentialAction\":[{\"@type\":\"ReadAction\",\"target\":[\"https:\\\/\\\/nuts.fi\\\/en\\\/janka-resort\\\/\"]}]},{\"@type\":\"BreadcrumbList\",\"@id\":\"https:\\\/\\\/nuts.fi\\\/en\\\/janka-resort\\\/#breadcrumb\",\"itemListElement\":[{\"@type\":\"ListItem\",\"position\":1,\"name\":\"Etusivu\",\"item\":\"https:\\\/\\\/nuts.fi\\\/en\\\/\"},{\"@type\":\"ListItem\",\"position\":2,\"name\":\"Book an unforgettable stay at J\u00e4nk\u00e4 Resort for NUTS Yll\u00e4s\u2013Pallas\"}]},{\"@type\":\"WebSite\",\"@id\":\"https:\\\/\\\/nuts.fi\\\/en\\\/#website\",\"url\":\"https:\\\/\\\/nuts.fi\\\/en\\\/\",\"name\":\"NUTS \u2013 Ihan parasta poluilla!\",\"description\":\"Your best run ever!\",\"publisher\":{\"@id\":\"https:\\\/\\\/nuts.fi\\\/en\\\/#organization\"},\"potentialAction\":[{\"@type\":\"SearchAction\",\"target\":{\"@type\":\"EntryPoint\",\"urlTemplate\":\"https:\\\/\\\/nuts.fi\\\/en\\\/?s={search_term_string}\"},\"query-input\":{\"@type\":\"PropertyValueSpecification\",\"valueRequired\":true,\"valueName\":\"search_term_string\"}}],\"inLanguage\":\"en-US\"},{\"@type\":\"Organization\",\"@id\":\"https:\\\/\\\/nuts.fi\\\/en\\\/#organization\",\"name\":\"Northern Ultra Trail Service - NUTS oy\",\"url\":\"https:\\\/\\\/nuts.fi\\\/en\\\/\",\"logo\":{\"@type\":\"ImageObject\",\"inLanguage\":\"en-US\",\"@id\":\"https:\\\/\\\/nuts.fi\\\/en\\\/#\\\/schema\\\/logo\\\/image\\\/\",\"url\":\"https:\\\/\\\/nuts.fi\\\/wp-content\\\/uploads\\\/2025\\\/02\\\/nuts-logo-white.svg\",\"contentUrl\":\"https:\\\/\\\/nuts.fi\\\/wp-content\\\/uploads\\\/2025\\\/02\\\/nuts-logo-white.svg\",\"caption\":\"Northern Ultra Trail Service - NUTS oy\"},\"image\":{\"@id\":\"https:\\\/\\\/nuts.fi\\\/en\\\/#\\\/schema\\\/logo\\\/image\\\/\"},\"sameAs\":[\"https:\\\/\\\/www.facebook.com\\\/nutstrailrunning\",\"https:\\\/\\\/x.com\\\/nutsfi\",\"https:\\\/\\\/www.instagram.com\\\/nutsfi\\\/\"]}]}<\/script>\n<!-- \/ Yoast SEO plugin. -->","yoast_head_json":{"title":"J\u00e4nk\u00e4 Resort Villas \u2014 Accommodation for NUTS Yll\u00e4s\u2013Pallas","description":"Private sauna, outdoor hot tub and breakfast included. Villas \u20ac390\/night. Book your J\u00e4nk\u00e4 Resort Villa for NUTS Yll\u00e4s\u2013Pallas.","robots":{"index":"index","follow":"follow","max-snippet":"max-snippet:-1","max-image-preview":"max-image-preview:large","max-video-preview":"max-video-preview:-1"},"canonical":"https:\/\/nuts.fi\/en\/janka-resort\/","og_locale":"en_US","og_type":"article","og_title":"J\u00e4nk\u00e4 Resort Villas \u2014 Accommodation for NUTS Yll\u00e4s\u2013Pallas","og_description":"Private sauna, outdoor hot tub and breakfast included. Villas \u20ac390\/night. Book your J\u00e4nk\u00e4 Resort Villa for NUTS Yll\u00e4s\u2013Pallas.","og_url":"https:\/\/nuts.fi\/en\/janka-resort\/","og_site_name":"NUTS Trail Running","article_publisher":"https:\/\/www.facebook.com\/nutstrailrunning","article_modified_time":"2026-01-20T12:00:10+00:00","twitter_card":"summary_large_image","twitter_site":"@nutsfi","twitter_misc":{"Est. reading time":"2 minutes"},"schema":{"@context":"https:\/\/schema.org","@graph":[{"@type":"WebPage","@id":"https:\/\/nuts.fi\/en\/janka-resort\/","url":"https:\/\/nuts.fi\/en\/janka-resort\/","name":"J\u00e4nk\u00e4 Resort Villas \u2014 Accommodation for NUTS Yll\u00e4s\u2013Pallas","isPartOf":{"@id":"https:\/\/nuts.fi\/en\/#website"},"datePublished":"2026-01-20T11:52:18+00:00","dateModified":"2026-01-20T12:00:10+00:00","description":"Private sauna, outdoor hot tub and breakfast included. Villas \u20ac390\/night. Book your J\u00e4nk\u00e4 Resort Villa for NUTS Yll\u00e4s\u2013Pallas.","breadcrumb":{"@id":"https:\/\/nuts.fi\/en\/janka-resort\/#breadcrumb"},"inLanguage":"en-US","potentialAction":[{"@type":"ReadAction","target":["https:\/\/nuts.fi\/en\/janka-resort\/"]}]},{"@type":"BreadcrumbList","@id":"https:\/\/nuts.fi\/en\/janka-resort\/#breadcrumb","itemListElement":[{"@type":"ListItem","position":1,"name":"Etusivu","item":"https:\/\/nuts.fi\/en\/"},{"@type":"ListItem","position":2,"name":"Book an unforgettable stay at J\u00e4nk\u00e4 Resort for NUTS Yll\u00e4s\u2013Pallas"}]},{"@type":"WebSite","@id":"https:\/\/nuts.fi\/en\/#website","url":"https:\/\/nuts.fi\/en\/","name":"NUTS \u2013 Ihan parasta poluilla!","description":"Your best run ever!","publisher":{"@id":"https:\/\/nuts.fi\/en\/#organization"},"potentialAction":[{"@type":"SearchAction","target":{"@type":"EntryPoint","urlTemplate":"https:\/\/nuts.fi\/en\/?s={search_term_string}"},"query-input":{"@type":"PropertyValueSpecification","valueRequired":true,"valueName":"search_term_string"}}],"inLanguage":"en-US"},{"@type":"Organization","@id":"https:\/\/nuts.fi\/en\/#organization","name":"Northern Ultra Trail Service - NUTS oy","url":"https:\/\/nuts.fi\/en\/","logo":{"@type":"ImageObject","inLanguage":"en-US","@id":"https:\/\/nuts.fi\/en\/#\/schema\/logo\/image\/","url":"https:\/\/nuts.fi\/wp-content\/uploads\/2025\/02\/nuts-logo-white.svg","contentUrl":"https:\/\/nuts.fi\/wp-content\/uploads\/2025\/02\/nuts-logo-white.svg","caption":"Northern Ultra Trail Service - NUTS oy"},"image":{"@id":"https:\/\/nuts.fi\/en\/#\/schema\/logo\/image\/"},"sameAs":["https:\/\/www.facebook.com\/nutstrailrunning","https:\/\/x.com\/nutsfi","https:\/\/www.instagram.com\/nutsfi\/"]}]}},"taxonomy_info":[],"featured_image_src_large":false,"author_info":{"display_name":"Jokke","author_link":"https:\/\/nuts.fi\/en\/author\/jokkek\/"},"comment_info":0,"_links":{"self":[{"href":"https:\/\/nuts.fi\/en\/wp-json\/wp\/v2\/pages\/6811","targetHints":{"allow":["GET"]}}],"collection":[{"href":"https:\/\/nuts.fi\/en\/wp-json\/wp\/v2\/pages"}],"about":[{"href":"https:\/\/nuts.fi\/en\/wp-json\/wp\/v2\/types\/page"}],"author":[{"embeddable":true,"href":"https:\/\/nuts.fi\/en\/wp-json\/wp\/v2\/users\/2"}],"replies":[{"embeddable":true,"href":"https:\/\/nuts.fi\/en\/wp-json\/wp\/v2\/comments?post=6811"}],"version-history":[{"count":2,"href":"https:\/\/nuts.fi\/en\/wp-json\/wp\/v2\/pages\/6811\/revisions"}],"predecessor-version":[{"id":6814,"href":"https:\/\/nuts.fi\/en\/wp-json\/wp\/v2\/pages\/6811\/revisions\/6814"}],"wp:attachment":[{"href":"https:\/\/nuts.fi\/en\/wp-json\/wp\/v2\/media?parent=6811"}],"curies":[{"name":"wp","href":"https:\/\/api.w.org\/{rel}","templated":true}]}}