{"id":5524,"date":"2025-03-10T18:14:05","date_gmt":"2025-03-10T16:14:05","guid":{"rendered":"https:\/\/nuts.fi\/?page_id=5524"},"modified":"2025-03-10T18:14:05","modified_gmt":"2025-03-10T16:14:05","slug":"nutseimmat","status":"publish","type":"page","link":"https:\/\/nuts.fi\/en\/nutseimmat\/","title":{"rendered":"Nutseimmat"},"content":{"rendered":"\n<p>T\u00e4nne tulee toimitsijasis\u00e4lt\u00f6\u00e4<\/p>\n","protected":false},"excerpt":{"rendered":"<p>T\u00e4nne tulee toimitsijasis\u00e4lt\u00f6\u00e4<\/p>\n","protected":false},"author":2,"featured_media":0,"parent":0,"menu_order":0,"comment_status":"closed","ping_status":"closed","template":"","meta":{"_kad_blocks_custom_css":"","_kad_blocks_head_custom_js":"","_kad_blocks_body_custom_js":"","_kad_blocks_footer_custom_js":"","_kad_post_transparent":"","_kad_post_title":"","_kad_post_layout":"","_kad_post_sidebar_id":"","_kad_post_content_style":"","_kad_post_vertical_padding":"","_kad_post_feature":"","_kad_post_feature_position":"","_kad_post_header":false,"_kad_post_footer":false,"_kad_post_classname":"","footnotes":""},"class_list":["post-5524","page","type-page","status-publish","hentry"],"yoast_head":"<!-- This site is optimized with the Yoast SEO plugin v27.3 - https:\/\/yoast.com\/product\/yoast-seo-wordpress\/ -->\n<title>Nutseimmat - NUTS Trail Running<\/title>\n<meta name=\"robots\" content=\"index, follow, max-snippet:-1, max-image-preview:large, max-video-preview:-1\" \/>\n<link rel=\"canonical\" href=\"https:\/\/nuts.fi\/en\/nutseimmat\/\" \/>\n<meta property=\"og:locale\" content=\"en_US\" \/>\n<meta property=\"og:type\" content=\"article\" \/>\n<meta property=\"og:title\" content=\"Nutseimmat - NUTS Trail Running\" \/>\n<meta property=\"og:description\" content=\"T\u00e4nne tulee toimitsijasis\u00e4lt\u00f6\u00e4\" \/>\n<meta property=\"og:url\" content=\"https:\/\/nuts.fi\/en\/nutseimmat\/\" \/>\n<meta property=\"og:site_name\" content=\"NUTS Trail Running\" \/>\n<meta property=\"article:publisher\" content=\"https:\/\/www.facebook.com\/nutstrailrunning\" \/>\n<meta name=\"twitter:card\" content=\"summary_large_image\" \/>\n<meta name=\"twitter:site\" content=\"@nutsfi\" \/>\n<meta name=\"twitter:label1\" content=\"Est. reading time\" \/>\n\t<meta name=\"twitter:data1\" content=\"1 minute\" \/>\n<script type=\"application\/ld+json\" class=\"yoast-schema-graph\">{\"@context\":\"https:\\\/\\\/schema.org\",\"@graph\":[{\"@type\":\"WebPage\",\"@id\":\"https:\\\/\\\/nuts.fi\\\/en\\\/nutseimmat\\\/\",\"url\":\"https:\\\/\\\/nuts.fi\\\/en\\\/nutseimmat\\\/\",\"name\":\"Nutseimmat - NUTS Trail Running\",\"isPartOf\":{\"@id\":\"https:\\\/\\\/nuts.fi\\\/en\\\/#website\"},\"datePublished\":\"2025-03-10T16:14:05+00:00\",\"breadcrumb\":{\"@id\":\"https:\\\/\\\/nuts.fi\\\/en\\\/nutseimmat\\\/#breadcrumb\"},\"inLanguage\":\"en-US\",\"potentialAction\":[{\"@type\":\"ReadAction\",\"target\":[\"https:\\\/\\\/nuts.fi\\\/en\\\/nutseimmat\\\/\"]}]},{\"@type\":\"BreadcrumbList\",\"@id\":\"https:\\\/\\\/nuts.fi\\\/en\\\/nutseimmat\\\/#breadcrumb\",\"itemListElement\":[{\"@type\":\"ListItem\",\"position\":1,\"name\":\"Etusivu\",\"item\":\"https:\\\/\\\/nuts.fi\\\/en\\\/\"},{\"@type\":\"ListItem\",\"position\":2,\"name\":\"Nutseimmat\"}]},{\"@type\":\"WebSite\",\"@id\":\"https:\\\/\\\/nuts.fi\\\/en\\\/#website\",\"url\":\"https:\\\/\\\/nuts.fi\\\/en\\\/\",\"name\":\"NUTS \u2013 Ihan parasta poluilla!\",\"description\":\"Your best run ever!\",\"publisher\":{\"@id\":\"https:\\\/\\\/nuts.fi\\\/en\\\/#organization\"},\"potentialAction\":[{\"@type\":\"SearchAction\",\"target\":{\"@type\":\"EntryPoint\",\"urlTemplate\":\"https:\\\/\\\/nuts.fi\\\/en\\\/?s={search_term_string}\"},\"query-input\":{\"@type\":\"PropertyValueSpecification\",\"valueRequired\":true,\"valueName\":\"search_term_string\"}}],\"inLanguage\":\"en-US\"},{\"@type\":\"Organization\",\"@id\":\"https:\\\/\\\/nuts.fi\\\/en\\\/#organization\",\"name\":\"Northern Ultra Trail Service - NUTS oy\",\"url\":\"https:\\\/\\\/nuts.fi\\\/en\\\/\",\"logo\":{\"@type\":\"ImageObject\",\"inLanguage\":\"en-US\",\"@id\":\"https:\\\/\\\/nuts.fi\\\/en\\\/#\\\/schema\\\/logo\\\/image\\\/\",\"url\":\"https:\\\/\\\/nuts.fi\\\/wp-content\\\/uploads\\\/2025\\\/02\\\/nuts-logo-white.svg\",\"contentUrl\":\"https:\\\/\\\/nuts.fi\\\/wp-content\\\/uploads\\\/2025\\\/02\\\/nuts-logo-white.svg\",\"caption\":\"Northern Ultra Trail Service - NUTS oy\"},\"image\":{\"@id\":\"https:\\\/\\\/nuts.fi\\\/en\\\/#\\\/schema\\\/logo\\\/image\\\/\"},\"sameAs\":[\"https:\\\/\\\/www.facebook.com\\\/nutstrailrunning\",\"https:\\\/\\\/x.com\\\/nutsfi\",\"https:\\\/\\\/www.instagram.com\\\/nutsfi\\\/\"]}]}<\/script>\n<!-- \/ Yoast SEO plugin. -->","yoast_head_json":{"title":"Nutseimmat - NUTS Trail Running","robots":{"index":"index","follow":"follow","max-snippet":"max-snippet:-1","max-image-preview":"max-image-preview:large","max-video-preview":"max-video-preview:-1"},"canonical":"https:\/\/nuts.fi\/en\/nutseimmat\/","og_locale":"en_US","og_type":"article","og_title":"Nutseimmat - NUTS Trail Running","og_description":"T\u00e4nne tulee toimitsijasis\u00e4lt\u00f6\u00e4","og_url":"https:\/\/nuts.fi\/en\/nutseimmat\/","og_site_name":"NUTS Trail Running","article_publisher":"https:\/\/www.facebook.com\/nutstrailrunning","twitter_card":"summary_large_image","twitter_site":"@nutsfi","twitter_misc":{"Est. reading time":"1 minute"},"schema":{"@context":"https:\/\/schema.org","@graph":[{"@type":"WebPage","@id":"https:\/\/nuts.fi\/en\/nutseimmat\/","url":"https:\/\/nuts.fi\/en\/nutseimmat\/","name":"Nutseimmat - NUTS Trail Running","isPartOf":{"@id":"https:\/\/nuts.fi\/en\/#website"},"datePublished":"2025-03-10T16:14:05+00:00","breadcrumb":{"@id":"https:\/\/nuts.fi\/en\/nutseimmat\/#breadcrumb"},"inLanguage":"en-US","potentialAction":[{"@type":"ReadAction","target":["https:\/\/nuts.fi\/en\/nutseimmat\/"]}]},{"@type":"BreadcrumbList","@id":"https:\/\/nuts.fi\/en\/nutseimmat\/#breadcrumb","itemListElement":[{"@type":"ListItem","position":1,"name":"Etusivu","item":"https:\/\/nuts.fi\/en\/"},{"@type":"ListItem","position":2,"name":"Nutseimmat"}]},{"@type":"WebSite","@id":"https:\/\/nuts.fi\/en\/#website","url":"https:\/\/nuts.fi\/en\/","name":"NUTS \u2013 Ihan parasta poluilla!","description":"Your best run ever!","publisher":{"@id":"https:\/\/nuts.fi\/en\/#organization"},"potentialAction":[{"@type":"SearchAction","target":{"@type":"EntryPoint","urlTemplate":"https:\/\/nuts.fi\/en\/?s={search_term_string}"},"query-input":{"@type":"PropertyValueSpecification","valueRequired":true,"valueName":"search_term_string"}}],"inLanguage":"en-US"},{"@type":"Organization","@id":"https:\/\/nuts.fi\/en\/#organization","name":"Northern Ultra Trail Service - NUTS oy","url":"https:\/\/nuts.fi\/en\/","logo":{"@type":"ImageObject","inLanguage":"en-US","@id":"https:\/\/nuts.fi\/en\/#\/schema\/logo\/image\/","url":"https:\/\/nuts.fi\/wp-content\/uploads\/2025\/02\/nuts-logo-white.svg","contentUrl":"https:\/\/nuts.fi\/wp-content\/uploads\/2025\/02\/nuts-logo-white.svg","caption":"Northern Ultra Trail Service - NUTS oy"},"image":{"@id":"https:\/\/nuts.fi\/en\/#\/schema\/logo\/image\/"},"sameAs":["https:\/\/www.facebook.com\/nutstrailrunning","https:\/\/x.com\/nutsfi","https:\/\/www.instagram.com\/nutsfi\/"]}]}},"taxonomy_info":[],"featured_image_src_large":false,"author_info":{"display_name":"Jokke","author_link":"https:\/\/nuts.fi\/en\/author\/jokkek\/"},"comment_info":0,"_links":{"self":[{"href":"https:\/\/nuts.fi\/en\/wp-json\/wp\/v2\/pages\/5524","targetHints":{"allow":["GET"]}}],"collection":[{"href":"https:\/\/nuts.fi\/en\/wp-json\/wp\/v2\/pages"}],"about":[{"href":"https:\/\/nuts.fi\/en\/wp-json\/wp\/v2\/types\/page"}],"author":[{"embeddable":true,"href":"https:\/\/nuts.fi\/en\/wp-json\/wp\/v2\/users\/2"}],"replies":[{"embeddable":true,"href":"https:\/\/nuts.fi\/en\/wp-json\/wp\/v2\/comments?post=5524"}],"version-history":[{"count":1,"href":"https:\/\/nuts.fi\/en\/wp-json\/wp\/v2\/pages\/5524\/revisions"}],"predecessor-version":[{"id":5525,"href":"https:\/\/nuts.fi\/en\/wp-json\/wp\/v2\/pages\/5524\/revisions\/5525"}],"wp:attachment":[{"href":"https:\/\/nuts.fi\/en\/wp-json\/wp\/v2\/media?parent=5524"}],"curies":[{"name":"wp","href":"https:\/\/api.w.org\/{rel}","templated":true}]}}