{"id":5045,"date":"2018-01-15T11:36:10","date_gmt":"2018-01-15T09:36:10","guid":{"rendered":"https:\/\/nuts.fi\/nuts-pyha\/"},"modified":"2025-09-02T11:01:13","modified_gmt":"2025-09-02T08:01:13","slug":"nuts-pyha","status":"publish","type":"page","link":"https:\/\/nuts.fi\/en\/events\/nuts-pyha\/","title":{"rendered":"NUTS Pyh\u00e4"},"content":{"rendered":"\n<figure class=\"wp-block-embed is-type-video is-provider-youtube wp-block-embed-youtube wp-embed-aspect-16-9 wp-has-aspect-ratio\"><div class=\"wp-block-embed__wrapper\">\n<iframe loading=\"lazy\" title=\"NUTS Pyh\u00e4 2025 Aftermovie\" width=\"720\" height=\"405\" src=\"https:\/\/www.youtube.com\/embed\/OBWnU7jL7sg?feature=oembed\" frameborder=\"0\" allow=\"accelerometer; autoplay; clipboard-write; encrypted-media; gyroscope; picture-in-picture; web-share\" referrerpolicy=\"strict-origin-when-cross-origin\" allowfullscreen><\/iframe>\n<\/div><\/figure>\n\n\n\n<p>In August at Pyh\u00e4tunturi. Step out of the mundane and into the beauty of Pyh\u00e4 with your running shoes strapped on! Trail running at Pyh\u00e4 is the perfect fusion of nature\u2019s tranquility and the ecstasy of a running fest, offering distances for the Sunday sprinter to the seasoned trail veteran. Join us to gather strength from the community, to discover new adventures, and to live the story you write with every step in nature\u2019s impending tapestry of autumn hues.<\/p>\n\n\n<style>.wp-block-kadence-advancedbtn.kb-btns5045_b90981-10{gap:var(--global-kb-gap-xs, 0.5rem );justify-content:center;align-items:center;}.kt-btns5045_b90981-10 .kt-button{font-weight:normal;font-style:normal;}<\/style>\n<div class=\"wp-block-kadence-advancedbtn kb-buttons-wrap kb-btns5045_b90981-10\"><style>ul.menu .wp-block-kadence-advancedbtn .kb-btn5045_b0a3fe-70.kb-button{width:initial;}.wp-block-kadence-advancedbtn .kb-btn5045_b0a3fe-70.kb-button{color:var(--global-palette9, #ffffff);background:var(--global-palette1, #3182CE);border-top-color:var(--global-palette1, #3182CE);border-top-style:solid;border-right-color:var(--global-palette1, #3182CE);border-right-style:solid;border-bottom-color:var(--global-palette1, #3182CE);border-bottom-style:solid;border-left-color:var(--global-palette1, #3182CE);border-left-style:solid;box-shadow:1px 1px 2px 0px rgba(255, 255, 255, 0.2);}.wp-block-kadence-advancedbtn .kb-btn5045_b0a3fe-70.kb-button:hover, .wp-block-kadence-advancedbtn .kb-btn5045_b0a3fe-70.kb-button:focus{color:#ffffff;background:#20590c;border-top-color:#444444;border-top-style:solid;border-right-color:#444444;border-right-style:solid;border-bottom-color:#444444;border-bottom-style:solid;border-left-color:#444444;border-left-style:solid;}@media all and (max-width: 1024px){.wp-block-kadence-advancedbtn .kb-btn5045_b0a3fe-70.kb-button{border-top-color:var(--global-palette1, #3182CE);border-top-style:solid;border-right-color:var(--global-palette1, #3182CE);border-right-style:solid;border-bottom-color:var(--global-palette1, #3182CE);border-bottom-style:solid;border-left-color:var(--global-palette1, #3182CE);border-left-style:solid;}}@media all and (max-width: 1024px){.wp-block-kadence-advancedbtn .kb-btn5045_b0a3fe-70.kb-button:hover, .wp-block-kadence-advancedbtn .kb-btn5045_b0a3fe-70.kb-button:focus{border-top-color:#444444;border-top-style:solid;border-right-color:#444444;border-right-style:solid;border-bottom-color:#444444;border-bottom-style:solid;border-left-color:#444444;border-left-style:solid;}}@media all and (max-width: 767px){.wp-block-kadence-advancedbtn .kb-btn5045_b0a3fe-70.kb-button{border-top-color:var(--global-palette1, #3182CE);border-top-style:solid;border-right-color:var(--global-palette1, #3182CE);border-right-style:solid;border-bottom-color:var(--global-palette1, #3182CE);border-bottom-style:solid;border-left-color:var(--global-palette1, #3182CE);border-left-style:solid;}.wp-block-kadence-advancedbtn .kb-btn5045_b0a3fe-70.kb-button:hover, .wp-block-kadence-advancedbtn .kb-btn5045_b0a3fe-70.kb-button:focus{border-top-color:#444444;border-top-style:solid;border-right-color:#444444;border-right-style:solid;border-bottom-color:#444444;border-bottom-style:solid;border-left-color:#444444;border-left-style:solid;}}<\/style><a class=\"kb-button kt-button button kb-btn5045_b0a3fe-70 kt-btn-size-large kt-btn-width-type-auto kb-btn-global-outline  kt-btn-has-text-true kt-btn-has-svg-false  wp-block-kadence-singlebtn\" href=\"https:\/\/nutspyha.fi\/en\/\"><span class=\"kt-btn-inner-text\">See more nutspyha.fi \u203a<\/span><\/a><\/div>\n\n\n\n<div class=\"wp-block-group\"><div class=\"wp-block-group__inner-container is-layout-constrained wp-block-group-is-layout-constrained\">\n<h2 class=\"wp-block-heading\">Our Trail Running Events<\/h2>\n\n\n<ul class=\"wp-block-page-list\"><li class=\"wp-block-pages-list__item\"><a class=\"wp-block-pages-list__item__link\" href=\"https:\/\/nuts.fi\/en\/events\/nuts-karhunkierros\/\">NUTS Karhunkierros<\/a><\/li><li class=\"wp-block-pages-list__item\"><a class=\"wp-block-pages-list__item__link\" href=\"https:\/\/nuts.fi\/en\/events\/nuts-syote\/\">NUTS Sy\u00f6te<\/a><\/li><li class=\"wp-block-pages-list__item\"><a class=\"wp-block-pages-list__item__link\" href=\"https:\/\/nuts.fi\/en\/events\/nuts-yllas-pallas\/\">NUTS Yll\u00e4s Pallas<\/a><\/li><li class=\"wp-block-pages-list__item\"><a class=\"wp-block-pages-list__item__link\" href=\"https:\/\/nuts.fi\/en\/events\/nuts-pyha\/\">NUTS Pyh\u00e4<\/a><\/li><li class=\"wp-block-pages-list__item\"><a class=\"wp-block-pages-list__item__link\" href=\"https:\/\/nuts.fi\/en\/events\/nuts-kids-juniors\/\">NUTS Kids &amp; Juniors<\/a><\/li><li class=\"wp-block-pages-list__item\"><a class=\"wp-block-pages-list__item__link\" href=\"https:\/\/nuts.fi\/en\/events\/nuts-koykkyri\/\">NUTS K\u00f6ykkyri<\/a><\/li><\/ul><\/div><\/div>\n","protected":false},"excerpt":{"rendered":"<p>In August at Pyh\u00e4tunturi. Step out of the mundane and into the beauty of Pyh\u00e4 with your running shoes strapped on! Trail running at Pyh\u00e4 is the perfect fusion of nature\u2019s tranquility and the ecstasy of a running fest, offering distances for the Sunday sprinter to the seasoned trail veteran. Join us to gather strength&#8230;<\/p>\n","protected":false},"author":1,"featured_media":5201,"parent":5050,"menu_order":5,"comment_status":"closed","ping_status":"closed","template":"","meta":{"_kad_blocks_custom_css":"","_kad_blocks_head_custom_js":"","_kad_blocks_body_custom_js":"","_kad_blocks_footer_custom_js":"","_kad_post_transparent":"","_kad_post_title":"","_kad_post_layout":"","_kad_post_sidebar_id":"","_kad_post_content_style":"","_kad_post_vertical_padding":"","_kad_post_feature":"","_kad_post_feature_position":"","_kad_post_header":false,"_kad_post_footer":false,"_kad_post_classname":"","footnotes":""},"class_list":["post-5045","page","type-page","status-publish","has-post-thumbnail","hentry"],"yoast_head":"<!-- This site is optimized with the Yoast SEO plugin v27.3 - https:\/\/yoast.com\/product\/yoast-seo-wordpress\/ -->\n<title>NUTS Pyh\u00e4 - NUTS Trail Running<\/title>\n<meta name=\"robots\" content=\"index, follow, max-snippet:-1, max-image-preview:large, max-video-preview:-1\" \/>\n<link rel=\"canonical\" href=\"https:\/\/nuts.fi\/en\/events\/nuts-pyha\/\" \/>\n<meta property=\"og:locale\" content=\"en_US\" \/>\n<meta property=\"og:type\" content=\"article\" \/>\n<meta property=\"og:title\" content=\"NUTS Pyh\u00e4 - NUTS Trail Running\" \/>\n<meta property=\"og:description\" content=\"In August at Pyh\u00e4tunturi. Step out of the mundane and into the beauty of Pyh\u00e4 with your running shoes strapped on! Trail running at Pyh\u00e4 is the perfect fusion of nature\u2019s tranquility and the ecstasy of a running fest, offering distances for the Sunday sprinter to the seasoned trail veteran. Join us to gather strength...\" \/>\n<meta property=\"og:url\" content=\"https:\/\/nuts.fi\/en\/events\/nuts-pyha\/\" \/>\n<meta property=\"og:site_name\" content=\"NUTS Trail Running\" \/>\n<meta property=\"article:publisher\" content=\"https:\/\/www.facebook.com\/nutstrailrunning\" \/>\n<meta property=\"article:modified_time\" content=\"2025-09-02T08:01:13+00:00\" \/>\n<meta property=\"og:image\" content=\"https:\/\/nuts.fi\/wp-content\/uploads\/2023\/11\/NUTS-Pyha.jpg\" \/>\n\t<meta property=\"og:image:width\" content=\"2048\" \/>\n\t<meta property=\"og:image:height\" content=\"1365\" \/>\n\t<meta property=\"og:image:type\" content=\"image\/jpeg\" \/>\n<meta name=\"twitter:card\" content=\"summary_large_image\" \/>\n<meta name=\"twitter:site\" content=\"@nutsfi\" \/>\n<meta name=\"twitter:label1\" content=\"Est. reading time\" \/>\n\t<meta name=\"twitter:data1\" content=\"2 minutes\" \/>\n<script type=\"application\/ld+json\" class=\"yoast-schema-graph\">{\"@context\":\"https:\\\/\\\/schema.org\",\"@graph\":[{\"@type\":\"WebPage\",\"@id\":\"https:\\\/\\\/nuts.fi\\\/en\\\/events\\\/nuts-pyha\\\/\",\"url\":\"https:\\\/\\\/nuts.fi\\\/en\\\/events\\\/nuts-pyha\\\/\",\"name\":\"NUTS Pyh\u00e4 - NUTS Trail Running\",\"isPartOf\":{\"@id\":\"https:\\\/\\\/nuts.fi\\\/en\\\/#website\"},\"primaryImageOfPage\":{\"@id\":\"https:\\\/\\\/nuts.fi\\\/en\\\/events\\\/nuts-pyha\\\/#primaryimage\"},\"image\":{\"@id\":\"https:\\\/\\\/nuts.fi\\\/en\\\/events\\\/nuts-pyha\\\/#primaryimage\"},\"thumbnailUrl\":\"https:\\\/\\\/nuts.fi\\\/wp-content\\\/uploads\\\/2023\\\/11\\\/NUTS-Pyha.jpg\",\"datePublished\":\"2018-01-15T09:36:10+00:00\",\"dateModified\":\"2025-09-02T08:01:13+00:00\",\"breadcrumb\":{\"@id\":\"https:\\\/\\\/nuts.fi\\\/en\\\/events\\\/nuts-pyha\\\/#breadcrumb\"},\"inLanguage\":\"en-US\",\"potentialAction\":[{\"@type\":\"ReadAction\",\"target\":[\"https:\\\/\\\/nuts.fi\\\/en\\\/events\\\/nuts-pyha\\\/\"]}]},{\"@type\":\"ImageObject\",\"inLanguage\":\"en-US\",\"@id\":\"https:\\\/\\\/nuts.fi\\\/en\\\/events\\\/nuts-pyha\\\/#primaryimage\",\"url\":\"https:\\\/\\\/nuts.fi\\\/wp-content\\\/uploads\\\/2023\\\/11\\\/NUTS-Pyha.jpg\",\"contentUrl\":\"https:\\\/\\\/nuts.fi\\\/wp-content\\\/uploads\\\/2023\\\/11\\\/NUTS-Pyha.jpg\",\"width\":2048,\"height\":1365},{\"@type\":\"BreadcrumbList\",\"@id\":\"https:\\\/\\\/nuts.fi\\\/en\\\/events\\\/nuts-pyha\\\/#breadcrumb\",\"itemListElement\":[{\"@type\":\"ListItem\",\"position\":1,\"name\":\"Etusivu\",\"item\":\"https:\\\/\\\/nuts.fi\\\/en\\\/\"},{\"@type\":\"ListItem\",\"position\":2,\"name\":\"NUTS Trail Running Events\",\"item\":\"https:\\\/\\\/nuts.fi\\\/en\\\/events\\\/\"},{\"@type\":\"ListItem\",\"position\":3,\"name\":\"NUTS Pyh\u00e4\"}]},{\"@type\":\"WebSite\",\"@id\":\"https:\\\/\\\/nuts.fi\\\/en\\\/#website\",\"url\":\"https:\\\/\\\/nuts.fi\\\/en\\\/\",\"name\":\"NUTS \u2013 Ihan parasta poluilla!\",\"description\":\"Your best run ever!\",\"publisher\":{\"@id\":\"https:\\\/\\\/nuts.fi\\\/en\\\/#organization\"},\"potentialAction\":[{\"@type\":\"SearchAction\",\"target\":{\"@type\":\"EntryPoint\",\"urlTemplate\":\"https:\\\/\\\/nuts.fi\\\/en\\\/?s={search_term_string}\"},\"query-input\":{\"@type\":\"PropertyValueSpecification\",\"valueRequired\":true,\"valueName\":\"search_term_string\"}}],\"inLanguage\":\"en-US\"},{\"@type\":\"Organization\",\"@id\":\"https:\\\/\\\/nuts.fi\\\/en\\\/#organization\",\"name\":\"Northern Ultra Trail Service - NUTS oy\",\"url\":\"https:\\\/\\\/nuts.fi\\\/en\\\/\",\"logo\":{\"@type\":\"ImageObject\",\"inLanguage\":\"en-US\",\"@id\":\"https:\\\/\\\/nuts.fi\\\/en\\\/#\\\/schema\\\/logo\\\/image\\\/\",\"url\":\"https:\\\/\\\/nuts.fi\\\/wp-content\\\/uploads\\\/2025\\\/02\\\/nuts-logo-white.svg\",\"contentUrl\":\"https:\\\/\\\/nuts.fi\\\/wp-content\\\/uploads\\\/2025\\\/02\\\/nuts-logo-white.svg\",\"caption\":\"Northern Ultra Trail Service - NUTS oy\"},\"image\":{\"@id\":\"https:\\\/\\\/nuts.fi\\\/en\\\/#\\\/schema\\\/logo\\\/image\\\/\"},\"sameAs\":[\"https:\\\/\\\/www.facebook.com\\\/nutstrailrunning\",\"https:\\\/\\\/x.com\\\/nutsfi\",\"https:\\\/\\\/www.instagram.com\\\/nutsfi\\\/\"]}]}<\/script>\n<!-- \/ Yoast SEO plugin. -->","yoast_head_json":{"title":"NUTS Pyh\u00e4 - NUTS Trail Running","robots":{"index":"index","follow":"follow","max-snippet":"max-snippet:-1","max-image-preview":"max-image-preview:large","max-video-preview":"max-video-preview:-1"},"canonical":"https:\/\/nuts.fi\/en\/events\/nuts-pyha\/","og_locale":"en_US","og_type":"article","og_title":"NUTS Pyh\u00e4 - NUTS Trail Running","og_description":"In August at Pyh\u00e4tunturi. Step out of the mundane and into the beauty of Pyh\u00e4 with your running shoes strapped on! Trail running at Pyh\u00e4 is the perfect fusion of nature\u2019s tranquility and the ecstasy of a running fest, offering distances for the Sunday sprinter to the seasoned trail veteran. Join us to gather strength...","og_url":"https:\/\/nuts.fi\/en\/events\/nuts-pyha\/","og_site_name":"NUTS Trail Running","article_publisher":"https:\/\/www.facebook.com\/nutstrailrunning","article_modified_time":"2025-09-02T08:01:13+00:00","og_image":[{"width":2048,"height":1365,"url":"https:\/\/nuts.fi\/wp-content\/uploads\/2023\/11\/NUTS-Pyha.jpg","type":"image\/jpeg"}],"twitter_card":"summary_large_image","twitter_site":"@nutsfi","twitter_misc":{"Est. reading time":"2 minutes"},"schema":{"@context":"https:\/\/schema.org","@graph":[{"@type":"WebPage","@id":"https:\/\/nuts.fi\/en\/events\/nuts-pyha\/","url":"https:\/\/nuts.fi\/en\/events\/nuts-pyha\/","name":"NUTS Pyh\u00e4 - NUTS Trail Running","isPartOf":{"@id":"https:\/\/nuts.fi\/en\/#website"},"primaryImageOfPage":{"@id":"https:\/\/nuts.fi\/en\/events\/nuts-pyha\/#primaryimage"},"image":{"@id":"https:\/\/nuts.fi\/en\/events\/nuts-pyha\/#primaryimage"},"thumbnailUrl":"https:\/\/nuts.fi\/wp-content\/uploads\/2023\/11\/NUTS-Pyha.jpg","datePublished":"2018-01-15T09:36:10+00:00","dateModified":"2025-09-02T08:01:13+00:00","breadcrumb":{"@id":"https:\/\/nuts.fi\/en\/events\/nuts-pyha\/#breadcrumb"},"inLanguage":"en-US","potentialAction":[{"@type":"ReadAction","target":["https:\/\/nuts.fi\/en\/events\/nuts-pyha\/"]}]},{"@type":"ImageObject","inLanguage":"en-US","@id":"https:\/\/nuts.fi\/en\/events\/nuts-pyha\/#primaryimage","url":"https:\/\/nuts.fi\/wp-content\/uploads\/2023\/11\/NUTS-Pyha.jpg","contentUrl":"https:\/\/nuts.fi\/wp-content\/uploads\/2023\/11\/NUTS-Pyha.jpg","width":2048,"height":1365},{"@type":"BreadcrumbList","@id":"https:\/\/nuts.fi\/en\/events\/nuts-pyha\/#breadcrumb","itemListElement":[{"@type":"ListItem","position":1,"name":"Etusivu","item":"https:\/\/nuts.fi\/en\/"},{"@type":"ListItem","position":2,"name":"NUTS Trail Running Events","item":"https:\/\/nuts.fi\/en\/events\/"},{"@type":"ListItem","position":3,"name":"NUTS Pyh\u00e4"}]},{"@type":"WebSite","@id":"https:\/\/nuts.fi\/en\/#website","url":"https:\/\/nuts.fi\/en\/","name":"NUTS \u2013 Ihan parasta poluilla!","description":"Your best run ever!","publisher":{"@id":"https:\/\/nuts.fi\/en\/#organization"},"potentialAction":[{"@type":"SearchAction","target":{"@type":"EntryPoint","urlTemplate":"https:\/\/nuts.fi\/en\/?s={search_term_string}"},"query-input":{"@type":"PropertyValueSpecification","valueRequired":true,"valueName":"search_term_string"}}],"inLanguage":"en-US"},{"@type":"Organization","@id":"https:\/\/nuts.fi\/en\/#organization","name":"Northern Ultra Trail Service - NUTS oy","url":"https:\/\/nuts.fi\/en\/","logo":{"@type":"ImageObject","inLanguage":"en-US","@id":"https:\/\/nuts.fi\/en\/#\/schema\/logo\/image\/","url":"https:\/\/nuts.fi\/wp-content\/uploads\/2025\/02\/nuts-logo-white.svg","contentUrl":"https:\/\/nuts.fi\/wp-content\/uploads\/2025\/02\/nuts-logo-white.svg","caption":"Northern Ultra Trail Service - NUTS oy"},"image":{"@id":"https:\/\/nuts.fi\/en\/#\/schema\/logo\/image\/"},"sameAs":["https:\/\/www.facebook.com\/nutstrailrunning","https:\/\/x.com\/nutsfi","https:\/\/www.instagram.com\/nutsfi\/"]}]}},"taxonomy_info":[],"featured_image_src_large":["https:\/\/nuts.fi\/wp-content\/uploads\/2023\/11\/NUTS-Pyha-1024x683.jpg",1024,683,true],"author_info":{"display_name":"nuts","author_link":"https:\/\/nuts.fi\/en\/author\/nuts\/"},"comment_info":0,"_links":{"self":[{"href":"https:\/\/nuts.fi\/en\/wp-json\/wp\/v2\/pages\/5045","targetHints":{"allow":["GET"]}}],"collection":[{"href":"https:\/\/nuts.fi\/en\/wp-json\/wp\/v2\/pages"}],"about":[{"href":"https:\/\/nuts.fi\/en\/wp-json\/wp\/v2\/types\/page"}],"author":[{"embeddable":true,"href":"https:\/\/nuts.fi\/en\/wp-json\/wp\/v2\/users\/1"}],"replies":[{"embeddable":true,"href":"https:\/\/nuts.fi\/en\/wp-json\/wp\/v2\/comments?post=5045"}],"version-history":[{"count":4,"href":"https:\/\/nuts.fi\/en\/wp-json\/wp\/v2\/pages\/5045\/revisions"}],"predecessor-version":[{"id":6520,"href":"https:\/\/nuts.fi\/en\/wp-json\/wp\/v2\/pages\/5045\/revisions\/6520"}],"up":[{"embeddable":true,"href":"https:\/\/nuts.fi\/en\/wp-json\/wp\/v2\/pages\/5050"}],"wp:featuredmedia":[{"embeddable":true,"href":"https:\/\/nuts.fi\/en\/wp-json\/wp\/v2\/media\/5201"}],"wp:attachment":[{"href":"https:\/\/nuts.fi\/en\/wp-json\/wp\/v2\/media?parent=5045"}],"curies":[{"name":"wp","href":"https:\/\/api.w.org\/{rel}","templated":true}]}}