{"id":5041,"date":"2017-04-03T16:30:53","date_gmt":"2017-04-03T13:30:53","guid":{"rendered":"https:\/\/nuts.fi\/nuts-yllas-pallas\/"},"modified":"2025-09-02T11:00:29","modified_gmt":"2025-09-02T08:00:29","slug":"nuts-yllas-pallas","status":"publish","type":"page","link":"https:\/\/nuts.fi\/en\/events\/nuts-yllas-pallas\/","title":{"rendered":"NUTS Yll\u00e4s Pallas"},"content":{"rendered":"\n<figure class=\"wp-block-embed is-type-video is-provider-youtube wp-block-embed-youtube wp-embed-aspect-16-9 wp-has-aspect-ratio\"><div class=\"wp-block-embed__wrapper\">\n<iframe loading=\"lazy\" title=\"NUTS Yll\u00e4s Pallas 2025 \u2013 After Movie | Y\u00f6tt\u00f6m\u00e4n y\u00f6n polkujuoksun tunnelmat\" width=\"720\" height=\"405\" src=\"https:\/\/www.youtube.com\/embed\/czXN_6R_YJA?feature=oembed\" frameborder=\"0\" allow=\"accelerometer; autoplay; clipboard-write; encrypted-media; gyroscope; picture-in-picture; web-share\" referrerpolicy=\"strict-origin-when-cross-origin\" allowfullscreen><\/iframe>\n<\/div><\/figure>\n\n\n\n<p>In July amidst the fells of Finnish Lapland. Soar through the shimmering scapes under the midnight sun from Yll\u00e4s to Pallas! Pick your path \u2013 from a swift sprint to an ultra challenge \u2013 and let the enchanting fells lead you on a legendary run steeped in tales of yore and whispers of adventures yet to come. Join us where every peak dares you to surpass yourself, and every stride is part of a greater journey.<\/p>\n\n\n\n<p><img decoding=\"async\" src=\"https:\/\/fonts.gstatic.com\/s\/e\/notoemoji\/15.0\/1f4c5\/32.png\" alt=\"\ud83d\udcc5\">\u00a0Next time 17.\u201318.7.2026<br><img decoding=\"async\" src=\"https:\/\/fonts.gstatic.com\/s\/e\/notoemoji\/15.0\/1f4cd\/32.png\" alt=\"\ud83d\udccd\">\u00a0Event Center \u00c4k\u00e4slompolo, Yll\u00e4s<\/p>\n\n\n\n<p>Registration opens: 25.11.2025<\/p>\n\n\n<style>.wp-block-kadence-advancedbtn.kb-btns5041_5c3215-39{gap:var(--global-kb-gap-xs, 0.5rem );justify-content:center;align-items:center;}.kt-btns5041_5c3215-39 .kt-button{font-weight:normal;font-style:normal;}<\/style>\n<div class=\"wp-block-kadence-advancedbtn kb-buttons-wrap kb-btns5041_5c3215-39\"><style>ul.menu .wp-block-kadence-advancedbtn .kb-btn5041_debf1a-47.kb-button{width:initial;}.wp-block-kadence-advancedbtn .kb-btn5041_debf1a-47.kb-button{color:var(--global-palette9, #ffffff);background:var(--global-palette1, #3182CE);border-top-color:var(--global-palette1, #3182CE);border-top-style:solid;border-right-color:var(--global-palette1, #3182CE);border-right-style:solid;border-bottom-color:var(--global-palette1, #3182CE);border-bottom-style:solid;border-left-color:var(--global-palette1, #3182CE);border-left-style:solid;box-shadow:1px 1px 2px 0px rgba(255, 255, 255, 0.2);}.wp-block-kadence-advancedbtn .kb-btn5041_debf1a-47.kb-button:hover, .wp-block-kadence-advancedbtn .kb-btn5041_debf1a-47.kb-button:focus{color:#ffffff;background:#20590c;border-top-color:#444444;border-top-style:solid;border-right-color:#444444;border-right-style:solid;border-bottom-color:#444444;border-bottom-style:solid;border-left-color:#444444;border-left-style:solid;}@media all and (max-width: 1024px){.wp-block-kadence-advancedbtn .kb-btn5041_debf1a-47.kb-button{border-top-color:var(--global-palette1, #3182CE);border-top-style:solid;border-right-color:var(--global-palette1, #3182CE);border-right-style:solid;border-bottom-color:var(--global-palette1, #3182CE);border-bottom-style:solid;border-left-color:var(--global-palette1, #3182CE);border-left-style:solid;}}@media all and (max-width: 1024px){.wp-block-kadence-advancedbtn .kb-btn5041_debf1a-47.kb-button:hover, .wp-block-kadence-advancedbtn .kb-btn5041_debf1a-47.kb-button:focus{border-top-color:#444444;border-top-style:solid;border-right-color:#444444;border-right-style:solid;border-bottom-color:#444444;border-bottom-style:solid;border-left-color:#444444;border-left-style:solid;}}@media all and (max-width: 767px){.wp-block-kadence-advancedbtn .kb-btn5041_debf1a-47.kb-button{border-top-color:var(--global-palette1, #3182CE);border-top-style:solid;border-right-color:var(--global-palette1, #3182CE);border-right-style:solid;border-bottom-color:var(--global-palette1, #3182CE);border-bottom-style:solid;border-left-color:var(--global-palette1, #3182CE);border-left-style:solid;}.wp-block-kadence-advancedbtn .kb-btn5041_debf1a-47.kb-button:hover, .wp-block-kadence-advancedbtn .kb-btn5041_debf1a-47.kb-button:focus{border-top-color:#444444;border-top-style:solid;border-right-color:#444444;border-right-style:solid;border-bottom-color:#444444;border-bottom-style:solid;border-left-color:#444444;border-left-style:solid;}}<\/style><a class=\"kb-button kt-button button kb-btn5041_debf1a-47 kt-btn-size-large kt-btn-width-type-auto kb-btn-global-outline  kt-btn-has-text-true kt-btn-has-svg-false  wp-block-kadence-singlebtn\" href=\"https:\/\/nutsyllaspallas.com\/en\/\"><span class=\"kt-btn-inner-text\">See More nutsyllaspallas.com \u203a<\/span><\/a><\/div>\n\n\n\n<div class=\"wp-block-group\"><div class=\"wp-block-group__inner-container is-layout-constrained wp-block-group-is-layout-constrained\">\n<h2 class=\"wp-block-heading\">Our Trail Running Events<\/h2>\n\n\n<ul class=\"wp-block-page-list\"><li class=\"wp-block-pages-list__item\"><a class=\"wp-block-pages-list__item__link\" href=\"https:\/\/nuts.fi\/en\/events\/nuts-karhunkierros\/\">NUTS Karhunkierros<\/a><\/li><li class=\"wp-block-pages-list__item\"><a class=\"wp-block-pages-list__item__link\" href=\"https:\/\/nuts.fi\/en\/events\/nuts-syote\/\">NUTS Sy\u00f6te<\/a><\/li><li class=\"wp-block-pages-list__item\"><a class=\"wp-block-pages-list__item__link\" href=\"https:\/\/nuts.fi\/en\/events\/nuts-yllas-pallas\/\">NUTS Yll\u00e4s Pallas<\/a><\/li><li class=\"wp-block-pages-list__item\"><a class=\"wp-block-pages-list__item__link\" href=\"https:\/\/nuts.fi\/en\/events\/nuts-pyha\/\">NUTS Pyh\u00e4<\/a><\/li><li class=\"wp-block-pages-list__item\"><a class=\"wp-block-pages-list__item__link\" href=\"https:\/\/nuts.fi\/en\/events\/nuts-kids-juniors\/\">NUTS Kids &amp; Juniors<\/a><\/li><li class=\"wp-block-pages-list__item\"><a class=\"wp-block-pages-list__item__link\" href=\"https:\/\/nuts.fi\/en\/events\/nuts-koykkyri\/\">NUTS K\u00f6ykkyri<\/a><\/li><\/ul><\/div><\/div>\n","protected":false},"excerpt":{"rendered":"<p>In July amidst the fells of Finnish Lapland. Soar through the shimmering scapes under the midnight sun from Yll\u00e4s to Pallas! Pick your path \u2013 from a swift sprint to an ultra challenge \u2013 and let the enchanting fells lead you on a legendary run steeped in tales of yore and whispers of adventures yet&#8230;<\/p>\n","protected":false},"author":1,"featured_media":5190,"parent":5050,"menu_order":3,"comment_status":"closed","ping_status":"closed","template":"","meta":{"_kad_blocks_custom_css":"","_kad_blocks_head_custom_js":"","_kad_blocks_body_custom_js":"","_kad_blocks_footer_custom_js":"","_kad_post_transparent":"","_kad_post_title":"","_kad_post_layout":"","_kad_post_sidebar_id":"","_kad_post_content_style":"","_kad_post_vertical_padding":"","_kad_post_feature":"","_kad_post_feature_position":"","_kad_post_header":false,"_kad_post_footer":false,"_kad_post_classname":"","footnotes":""},"class_list":["post-5041","page","type-page","status-publish","has-post-thumbnail","hentry"],"yoast_head":"<!-- This site is optimized with the Yoast SEO plugin v27.3 - https:\/\/yoast.com\/product\/yoast-seo-wordpress\/ -->\n<title>NUTS Yll\u00e4s Pallas - NUTS Trail Running<\/title>\n<meta name=\"robots\" content=\"index, follow, max-snippet:-1, max-image-preview:large, max-video-preview:-1\" \/>\n<link rel=\"canonical\" href=\"https:\/\/nuts.fi\/en\/events\/nuts-yllas-pallas\/\" \/>\n<meta property=\"og:locale\" content=\"en_US\" \/>\n<meta property=\"og:type\" content=\"article\" \/>\n<meta property=\"og:title\" content=\"NUTS Yll\u00e4s Pallas - NUTS Trail Running\" \/>\n<meta property=\"og:description\" content=\"In July amidst the fells of Finnish Lapland. Soar through the shimmering scapes under the midnight sun from Yll\u00e4s to Pallas! Pick your path \u2013 from a swift sprint to an ultra challenge \u2013 and let the enchanting fells lead you on a legendary run steeped in tales of yore and whispers of adventures yet...\" \/>\n<meta property=\"og:url\" content=\"https:\/\/nuts.fi\/en\/events\/nuts-yllas-pallas\/\" \/>\n<meta property=\"og:site_name\" content=\"NUTS Trail Running\" \/>\n<meta property=\"article:publisher\" content=\"https:\/\/www.facebook.com\/nutstrailrunning\" \/>\n<meta property=\"article:modified_time\" content=\"2025-09-02T08:00:29+00:00\" \/>\n<meta property=\"og:image\" content=\"https:\/\/nuts.fi\/wp-content\/uploads\/2023\/11\/nuts-yllas-pallas-iltarusko.jpg\" \/>\n\t<meta property=\"og:image:width\" content=\"2048\" \/>\n\t<meta property=\"og:image:height\" content=\"1366\" \/>\n\t<meta property=\"og:image:type\" content=\"image\/jpeg\" \/>\n<meta name=\"twitter:card\" content=\"summary_large_image\" \/>\n<meta name=\"twitter:site\" content=\"@nutsfi\" \/>\n<meta name=\"twitter:label1\" content=\"Est. reading time\" \/>\n\t<meta name=\"twitter:data1\" content=\"2 minutes\" \/>\n<script type=\"application\/ld+json\" class=\"yoast-schema-graph\">{\"@context\":\"https:\\\/\\\/schema.org\",\"@graph\":[{\"@type\":\"WebPage\",\"@id\":\"https:\\\/\\\/nuts.fi\\\/en\\\/events\\\/nuts-yllas-pallas\\\/\",\"url\":\"https:\\\/\\\/nuts.fi\\\/en\\\/events\\\/nuts-yllas-pallas\\\/\",\"name\":\"NUTS Yll\u00e4s Pallas - NUTS Trail Running\",\"isPartOf\":{\"@id\":\"https:\\\/\\\/nuts.fi\\\/en\\\/#website\"},\"primaryImageOfPage\":{\"@id\":\"https:\\\/\\\/nuts.fi\\\/en\\\/events\\\/nuts-yllas-pallas\\\/#primaryimage\"},\"image\":{\"@id\":\"https:\\\/\\\/nuts.fi\\\/en\\\/events\\\/nuts-yllas-pallas\\\/#primaryimage\"},\"thumbnailUrl\":\"https:\\\/\\\/nuts.fi\\\/wp-content\\\/uploads\\\/2023\\\/11\\\/nuts-yllas-pallas-iltarusko.jpg\",\"datePublished\":\"2017-04-03T13:30:53+00:00\",\"dateModified\":\"2025-09-02T08:00:29+00:00\",\"breadcrumb\":{\"@id\":\"https:\\\/\\\/nuts.fi\\\/en\\\/events\\\/nuts-yllas-pallas\\\/#breadcrumb\"},\"inLanguage\":\"en-US\",\"potentialAction\":[{\"@type\":\"ReadAction\",\"target\":[\"https:\\\/\\\/nuts.fi\\\/en\\\/events\\\/nuts-yllas-pallas\\\/\"]}]},{\"@type\":\"ImageObject\",\"inLanguage\":\"en-US\",\"@id\":\"https:\\\/\\\/nuts.fi\\\/en\\\/events\\\/nuts-yllas-pallas\\\/#primaryimage\",\"url\":\"https:\\\/\\\/nuts.fi\\\/wp-content\\\/uploads\\\/2023\\\/11\\\/nuts-yllas-pallas-iltarusko.jpg\",\"contentUrl\":\"https:\\\/\\\/nuts.fi\\\/wp-content\\\/uploads\\\/2023\\\/11\\\/nuts-yllas-pallas-iltarusko.jpg\",\"width\":2048,\"height\":1366},{\"@type\":\"BreadcrumbList\",\"@id\":\"https:\\\/\\\/nuts.fi\\\/en\\\/events\\\/nuts-yllas-pallas\\\/#breadcrumb\",\"itemListElement\":[{\"@type\":\"ListItem\",\"position\":1,\"name\":\"Etusivu\",\"item\":\"https:\\\/\\\/nuts.fi\\\/en\\\/\"},{\"@type\":\"ListItem\",\"position\":2,\"name\":\"NUTS Trail Running Events\",\"item\":\"https:\\\/\\\/nuts.fi\\\/en\\\/events\\\/\"},{\"@type\":\"ListItem\",\"position\":3,\"name\":\"NUTS Yll\u00e4s Pallas\"}]},{\"@type\":\"WebSite\",\"@id\":\"https:\\\/\\\/nuts.fi\\\/en\\\/#website\",\"url\":\"https:\\\/\\\/nuts.fi\\\/en\\\/\",\"name\":\"NUTS \u2013 Ihan parasta poluilla!\",\"description\":\"Your best run ever!\",\"publisher\":{\"@id\":\"https:\\\/\\\/nuts.fi\\\/en\\\/#organization\"},\"potentialAction\":[{\"@type\":\"SearchAction\",\"target\":{\"@type\":\"EntryPoint\",\"urlTemplate\":\"https:\\\/\\\/nuts.fi\\\/en\\\/?s={search_term_string}\"},\"query-input\":{\"@type\":\"PropertyValueSpecification\",\"valueRequired\":true,\"valueName\":\"search_term_string\"}}],\"inLanguage\":\"en-US\"},{\"@type\":\"Organization\",\"@id\":\"https:\\\/\\\/nuts.fi\\\/en\\\/#organization\",\"name\":\"Northern Ultra Trail Service - NUTS oy\",\"url\":\"https:\\\/\\\/nuts.fi\\\/en\\\/\",\"logo\":{\"@type\":\"ImageObject\",\"inLanguage\":\"en-US\",\"@id\":\"https:\\\/\\\/nuts.fi\\\/en\\\/#\\\/schema\\\/logo\\\/image\\\/\",\"url\":\"https:\\\/\\\/nuts.fi\\\/wp-content\\\/uploads\\\/2025\\\/02\\\/nuts-logo-white.svg\",\"contentUrl\":\"https:\\\/\\\/nuts.fi\\\/wp-content\\\/uploads\\\/2025\\\/02\\\/nuts-logo-white.svg\",\"caption\":\"Northern Ultra Trail Service - NUTS oy\"},\"image\":{\"@id\":\"https:\\\/\\\/nuts.fi\\\/en\\\/#\\\/schema\\\/logo\\\/image\\\/\"},\"sameAs\":[\"https:\\\/\\\/www.facebook.com\\\/nutstrailrunning\",\"https:\\\/\\\/x.com\\\/nutsfi\",\"https:\\\/\\\/www.instagram.com\\\/nutsfi\\\/\"]}]}<\/script>\n<!-- \/ Yoast SEO plugin. -->","yoast_head_json":{"title":"NUTS Yll\u00e4s Pallas - NUTS Trail Running","robots":{"index":"index","follow":"follow","max-snippet":"max-snippet:-1","max-image-preview":"max-image-preview:large","max-video-preview":"max-video-preview:-1"},"canonical":"https:\/\/nuts.fi\/en\/events\/nuts-yllas-pallas\/","og_locale":"en_US","og_type":"article","og_title":"NUTS Yll\u00e4s Pallas - NUTS Trail Running","og_description":"In July amidst the fells of Finnish Lapland. Soar through the shimmering scapes under the midnight sun from Yll\u00e4s to Pallas! Pick your path \u2013 from a swift sprint to an ultra challenge \u2013 and let the enchanting fells lead you on a legendary run steeped in tales of yore and whispers of adventures yet...","og_url":"https:\/\/nuts.fi\/en\/events\/nuts-yllas-pallas\/","og_site_name":"NUTS Trail Running","article_publisher":"https:\/\/www.facebook.com\/nutstrailrunning","article_modified_time":"2025-09-02T08:00:29+00:00","og_image":[{"width":2048,"height":1366,"url":"https:\/\/nuts.fi\/wp-content\/uploads\/2023\/11\/nuts-yllas-pallas-iltarusko.jpg","type":"image\/jpeg"}],"twitter_card":"summary_large_image","twitter_site":"@nutsfi","twitter_misc":{"Est. reading time":"2 minutes"},"schema":{"@context":"https:\/\/schema.org","@graph":[{"@type":"WebPage","@id":"https:\/\/nuts.fi\/en\/events\/nuts-yllas-pallas\/","url":"https:\/\/nuts.fi\/en\/events\/nuts-yllas-pallas\/","name":"NUTS Yll\u00e4s Pallas - NUTS Trail Running","isPartOf":{"@id":"https:\/\/nuts.fi\/en\/#website"},"primaryImageOfPage":{"@id":"https:\/\/nuts.fi\/en\/events\/nuts-yllas-pallas\/#primaryimage"},"image":{"@id":"https:\/\/nuts.fi\/en\/events\/nuts-yllas-pallas\/#primaryimage"},"thumbnailUrl":"https:\/\/nuts.fi\/wp-content\/uploads\/2023\/11\/nuts-yllas-pallas-iltarusko.jpg","datePublished":"2017-04-03T13:30:53+00:00","dateModified":"2025-09-02T08:00:29+00:00","breadcrumb":{"@id":"https:\/\/nuts.fi\/en\/events\/nuts-yllas-pallas\/#breadcrumb"},"inLanguage":"en-US","potentialAction":[{"@type":"ReadAction","target":["https:\/\/nuts.fi\/en\/events\/nuts-yllas-pallas\/"]}]},{"@type":"ImageObject","inLanguage":"en-US","@id":"https:\/\/nuts.fi\/en\/events\/nuts-yllas-pallas\/#primaryimage","url":"https:\/\/nuts.fi\/wp-content\/uploads\/2023\/11\/nuts-yllas-pallas-iltarusko.jpg","contentUrl":"https:\/\/nuts.fi\/wp-content\/uploads\/2023\/11\/nuts-yllas-pallas-iltarusko.jpg","width":2048,"height":1366},{"@type":"BreadcrumbList","@id":"https:\/\/nuts.fi\/en\/events\/nuts-yllas-pallas\/#breadcrumb","itemListElement":[{"@type":"ListItem","position":1,"name":"Etusivu","item":"https:\/\/nuts.fi\/en\/"},{"@type":"ListItem","position":2,"name":"NUTS Trail Running Events","item":"https:\/\/nuts.fi\/en\/events\/"},{"@type":"ListItem","position":3,"name":"NUTS Yll\u00e4s Pallas"}]},{"@type":"WebSite","@id":"https:\/\/nuts.fi\/en\/#website","url":"https:\/\/nuts.fi\/en\/","name":"NUTS \u2013 Ihan parasta poluilla!","description":"Your best run ever!","publisher":{"@id":"https:\/\/nuts.fi\/en\/#organization"},"potentialAction":[{"@type":"SearchAction","target":{"@type":"EntryPoint","urlTemplate":"https:\/\/nuts.fi\/en\/?s={search_term_string}"},"query-input":{"@type":"PropertyValueSpecification","valueRequired":true,"valueName":"search_term_string"}}],"inLanguage":"en-US"},{"@type":"Organization","@id":"https:\/\/nuts.fi\/en\/#organization","name":"Northern Ultra Trail Service - NUTS oy","url":"https:\/\/nuts.fi\/en\/","logo":{"@type":"ImageObject","inLanguage":"en-US","@id":"https:\/\/nuts.fi\/en\/#\/schema\/logo\/image\/","url":"https:\/\/nuts.fi\/wp-content\/uploads\/2025\/02\/nuts-logo-white.svg","contentUrl":"https:\/\/nuts.fi\/wp-content\/uploads\/2025\/02\/nuts-logo-white.svg","caption":"Northern Ultra Trail Service - NUTS oy"},"image":{"@id":"https:\/\/nuts.fi\/en\/#\/schema\/logo\/image\/"},"sameAs":["https:\/\/www.facebook.com\/nutstrailrunning","https:\/\/x.com\/nutsfi","https:\/\/www.instagram.com\/nutsfi\/"]}]}},"taxonomy_info":[],"featured_image_src_large":["https:\/\/nuts.fi\/wp-content\/uploads\/2023\/11\/nuts-yllas-pallas-iltarusko-1024x683.jpg",1024,683,true],"author_info":{"display_name":"nuts","author_link":"https:\/\/nuts.fi\/en\/author\/nuts\/"},"comment_info":0,"_links":{"self":[{"href":"https:\/\/nuts.fi\/en\/wp-json\/wp\/v2\/pages\/5041","targetHints":{"allow":["GET"]}}],"collection":[{"href":"https:\/\/nuts.fi\/en\/wp-json\/wp\/v2\/pages"}],"about":[{"href":"https:\/\/nuts.fi\/en\/wp-json\/wp\/v2\/types\/page"}],"author":[{"embeddable":true,"href":"https:\/\/nuts.fi\/en\/wp-json\/wp\/v2\/users\/1"}],"replies":[{"embeddable":true,"href":"https:\/\/nuts.fi\/en\/wp-json\/wp\/v2\/comments?post=5041"}],"version-history":[{"count":7,"href":"https:\/\/nuts.fi\/en\/wp-json\/wp\/v2\/pages\/5041\/revisions"}],"predecessor-version":[{"id":6519,"href":"https:\/\/nuts.fi\/en\/wp-json\/wp\/v2\/pages\/5041\/revisions\/6519"}],"up":[{"embeddable":true,"href":"https:\/\/nuts.fi\/en\/wp-json\/wp\/v2\/pages\/5050"}],"wp:featuredmedia":[{"embeddable":true,"href":"https:\/\/nuts.fi\/en\/wp-json\/wp\/v2\/media\/5190"}],"wp:attachment":[{"href":"https:\/\/nuts.fi\/en\/wp-json\/wp\/v2\/media?parent=5041"}],"curies":[{"name":"wp","href":"https:\/\/api.w.org\/{rel}","templated":true}]}}